{"id":5403,"date":"2021-07-19T06:21:30","date_gmt":"2021-07-19T10:21:30","guid":{"rendered":"https:\/\/www.downtownworcester.org\/coisas-a-fazer\/"},"modified":"2022-08-10T08:40:51","modified_gmt":"2022-08-10T12:40:51","slug":"coisas-a-fazer","status":"publish","type":"page","link":"https:\/\/www.downtownworcester.org\/pt-br\/coisas-a-fazer\/","title":{"rendered":"Atividades"},"content":{"rendered":"<div class=\"wpb-content-wrapper\"><p>[vc_row el_class=&#8221;inner-banner-section&#8221; css=&#8221;.vc_custom_1643790416996{background-image: url(https:\/\/www.downtownworcester.org\/wp-content\/uploads\/2021\/09\/banner.jpg?id=644) !important;background-position: center !important;background-repeat: no-repeat !important;background-size: cover !important;}&#8221;][vc_column][vc_row_inner type=&#8221;boxed&#8221; el_class=&#8221;inner-banner-row&#8221;][vc_column_inner][vc_column_text el_class=&#8221;banner-text content-text light-text&#8221;]<\/p>\n<h1 style=\"text-align: center;\">Atividades<\/h1>\n<p>[\/vc_column_text][vc_column_text el_class=&#8221;site-btn yellow-btn center-align fixed-btn&#8221;]<\/p>\n<p style=\"text-align: center;\"><a href=\"#explore\">Come\u00e7ar<\/a><\/p>\n<p>[\/vc_column_text][\/vc_column_inner][\/vc_row_inner][\/vc_column][\/vc_row][vc_row el_class=&#8221;page-section top-description-row&#8221; css=&#8221;.vc_custom_1643861360453{padding-top: 20px !important;padding-bottom: 0px !important;}&#8221;][vc_column][vc_column_text]<\/p>\n<h2 class=\"photo_credit\">Foto de Erb\/Dufault Photography<\/h2>\n<p>[\/vc_column_text][\/vc_column][\/vc_row][vc_row el_class=&#8221;page-section explore-section no-bottom-padding&#8221; el_id=&#8221;explore&#8221;][vc_column][vc_row_inner type=&#8221;boxed&#8221; content_placement=&#8221;middle&#8221; el_class=&#8221;page-row row-margin&#8221;][vc_column_inner width=&#8221;1\/3&#8243;][vc_column_text el_class=&#8221;content-text&#8221;]<\/p>\n<h1>Explorar o centro da cidade<\/h1>\n<p>[\/vc_column_text][\/vc_column_inner][vc_column_inner width=&#8221;2\/3&#8243;][vc_column_text el_class=&#8221;content-text green-link&#8221;]Quer voc\u00ea deseje ver um teatro de qualidade internacional, fazer compras em uma loja especializada ou jantar em um restaurante requintado, sempre h\u00e1 algo novo e emocionante para experimentar no centro de Worcester.[\/vc_column_text][\/vc_column_inner][\/vc_row_inner][vc_row_inner type=&#8221;boxed&#8221; content_placement=&#8221;top&#8221; el_class=&#8221;page-row downtown-row row-margin&#8221;][vc_column_inner width=&#8221;1\/6&#8243;][vc_single_image image=&#8221;11&#8243; img_size=&#8221;full&#8221; alignment=&#8221;center&#8221; onclick=&#8221;custom_link&#8221; el_class=&#8221;downtown-icon&#8221; link=&#8221;\/pt-br\/things-to-do\/explore\/&#8221;][vc_column_text el_class=&#8221;content-text green-text&#8221;]<\/p>\n<h6 style=\"text-align: center;\">Explore<\/h6>\n<p style=\"text-align: center;\">Pontos tur\u00edsticos e passeios.<\/p>\n<p>[\/vc_column_text][\/vc_column_inner][vc_column_inner width=&#8221;1\/6&#8243;][vc_single_image image=&#8221;10&#8243; img_size=&#8221;full&#8221; alignment=&#8221;center&#8221; onclick=&#8221;custom_link&#8221; el_class=&#8221;downtown-icon&#8221; link=&#8221;\/pt-br\/things-to-do\/experience\/&#8221;][vc_column_text el_class=&#8221;content-text yellow-text&#8221;]<\/p>\n<h6 style=\"text-align: center;\">Conhe\u00e7a<\/h6>\n<p style=\"text-align: center;\">Atra\u00e7\u00f5es e exposi\u00e7\u00f5es.<\/p>\n<p>[\/vc_column_text][\/vc_column_inner][vc_column_inner width=&#8221;1\/6&#8243;][vc_single_image image=&#8221;13&#8243; img_size=&#8221;full&#8221; alignment=&#8221;center&#8221; onclick=&#8221;custom_link&#8221; el_class=&#8221;downtown-icon&#8221; link=&#8221;\/pt-br\/things-to-do\/taste\/&#8221;][vc_column_text el_class=&#8221;content-text red-text&#8221;]<\/p>\n<h6 style=\"text-align: center;\">Prove<\/h6>\n<p style=\"text-align: center;\">Alimentos e bebidas.<\/p>\n<p>[\/vc_column_text][\/vc_column_inner][vc_column_inner width=&#8221;1\/6&#8243;][vc_single_image image=&#8221;12&#8243; img_size=&#8221;full&#8221; alignment=&#8221;center&#8221; onclick=&#8221;custom_link&#8221; el_class=&#8221;downtown-icon&#8221; link=&#8221;\/pt-br\/coisas-a-fazer\/compre\/&#8221;][vc_column_text el_class=&#8221;content-text blue-text&#8221;]<\/p>\n<h6 style=\"text-align: center;\">Compre<\/h6>\n<p style=\"text-align: center;\">Varejo e servi\u00e7os.<\/p>\n<p>[\/vc_column_text][\/vc_column_inner][vc_column_inner width=&#8221;1\/6&#8243;][vc_single_image image=&#8221;172&#8243; img_size=&#8221;full&#8221; alignment=&#8221;center&#8221; onclick=&#8221;custom_link&#8221; el_class=&#8221;downtown-icon&#8221; link=&#8221;\/pt-br\/plan-your-visit\/#itineraries&#8221;][vc_column_text el_class=&#8221;content-text purple-text&#8221;]<\/p>\n<h6 style=\"text-align: center;\">Itiner\u00e1rios<\/h6>\n<p style=\"text-align: center;\">Planeje sua visita.<\/p>\n<p>[\/vc_column_text][\/vc_column_inner][vc_column_inner width=&#8221;1\/6&#8243;][vc_single_image image=&#8221;171&#8243; img_size=&#8221;full&#8221; alignment=&#8221;center&#8221; onclick=&#8221;custom_link&#8221; el_class=&#8221;downtown-icon&#8221; link=&#8221;\/pt-br\/events\/&#8221;][vc_column_text el_class=&#8221;content-text pink-text&#8221;]<\/p>\n<h6 style=\"text-align: center;\">Eventos<\/h6>\n<p style=\"text-align: center;\">Eventos e m\u00fasica.<\/p>\n<p>[\/vc_column_text][\/vc_column_inner][\/vc_row_inner][\/vc_column][\/vc_row][vc_row el_class=&#8221;page-section no-top-padding .best-of-worcester-section&#8221;][vc_column][vc_row_inner type=&#8221;boxed&#8221; el_class=&#8221;page-row section-title-row&#8221;][vc_column_inner][vc_column_text el_class=&#8221;content-text section-title&#8221;]<\/p>\n<h1 style=\"text-align: center;\">Listagens em Destaque<\/h1>\n<p>[\/vc_column_text][\/vc_column_inner][\/vc_row_inner][vc_row_inner type=&#8221;boxed&#8221; el_class=&#8221;feature-listing-row&#8221;][vc_column_inner width=&#8221;1\/2&#8243;][vc_single_image image=&#8221;185&#8243; img_size=&#8221;full&#8221; alignment=&#8221;center&#8221; onclick=&#8221;custom_link&#8221; el_class=&#8221;feature-image&#8221; link=&#8221;\/pt-br\/things-to-do\/explore\/&#8221;][vc_column_text el_class=&#8221;content-text listing-tabs&#8221;]<\/p>\n<ul>\n<li><a class=\"green-btn\" href=\"https:\/\/www.downtownworcester.org\/pt-br\/coisas-a-fazer\/explore\/\">Explore<\/a><\/li>\n<\/ul>\n<p>[\/vc_column_text][\/vc_column_inner][vc_column_inner width=&#8221;1\/2&#8243;][vc_single_image image=&#8221;647&#8243; img_size=&#8221;full&#8221; alignment=&#8221;center&#8221; onclick=&#8221;custom_link&#8221; el_class=&#8221;feature-image&#8221; link=&#8221;\/pt-br\/things-to-do\/experience\/&#8221;][vc_column_text el_class=&#8221;content-text listing-tabs&#8221;]<\/p>\n<ul>\n<li><a class=\"yellow-btn\" href=\"https:\/\/www.downtownworcester.org\/pt-br\/coisas-a-fazer\/conheca\/\">Conhe\u00e7a<\/a><\/li>\n<\/ul>\n<p>[\/vc_column_text][\/vc_column_inner][\/vc_row_inner][vc_row_inner type=&#8221;boxed&#8221; el_class=&#8221;feature-listing-row&#8221;][vc_column_inner width=&#8221;1\/2&#8243;][vc_single_image image=&#8221;200&#8243; img_size=&#8221;528&#215;363&#8243; alignment=&#8221;center&#8221; onclick=&#8221;custom_link&#8221; el_class=&#8221;feature-image&#8221; link=&#8221;\/pt-br\/things-to-do\/taste\/&#8221;][vc_column_text el_class=&#8221;content-text listing-tabs&#8221;]<\/p>\n<ul>\n<li><a class=\"red-btn\" href=\"https:\/\/www.downtownworcester.org\/pt-br\/coisas-a-fazer\/prove\/\">Prove<\/a><\/li>\n<\/ul>\n<p>[\/vc_column_text][\/vc_column_inner][vc_column_inner width=&#8221;1\/2&#8243;][vc_single_image image=&#8221;1033&#8243; img_size=&#8221;528&#215;363&#8243; alignment=&#8221;center&#8221; onclick=&#8221;custom_link&#8221; el_class=&#8221;feature-image&#8221; link=&#8221;\/pt-br\/coisas-a-fazer\/compre\/&#8221;][vc_column_text el_class=&#8221;content-text listing-tabs&#8221;]<\/p>\n<ul>\n<li><a class=\"blue-btn\" href=\"\/pt-br\/coisas-a-fazer\/compre\/\">Compre<\/a><\/li>\n<\/ul>\n<p>[\/vc_column_text][\/vc_column_inner][\/vc_row_inner][vc_row_inner type=&#8221;boxed&#8221; el_class=&#8221;feature-listing-row&#8221;][vc_column_inner width=&#8221;1\/2&#8243;][vc_single_image image=&#8221;186&#8243; img_size=&#8221;full&#8221; alignment=&#8221;center&#8221; onclick=&#8221;custom_link&#8221; el_class=&#8221;feature-image&#8221; link=&#8221;\/pt-br\/planeje-sua-visita\/#Itiner\u00e1rios&#8221;][vc_column_text el_class=&#8221;content-text listing-tabs&#8221;]<\/p>\n<ul>\n<li><a class=\"purple-btn\" href=\"\/pt-br\/planeje-sua-visita\/#Itiner\u00e1rios\">Itiner\u00e1rios<\/a><\/li>\n<\/ul>\n<p>[\/vc_column_text][\/vc_column_inner][vc_column_inner width=&#8221;1\/2&#8243;][vc_single_image image=&#8221;646&#8243; img_size=&#8221;full&#8221; alignment=&#8221;center&#8221; onclick=&#8221;custom_link&#8221; el_class=&#8221;feature-image&#8221; link=&#8221;\/pt-br\/events\/&#8221;][vc_column_text el_class=&#8221;content-text listing-tabs&#8221;]<\/p>\n<ul>\n<li><a class=\"pink-btn\" href=\"\/pt-br\/events\/\">Eventos<\/a><\/li>\n<\/ul>\n<p>[\/vc_column_text][\/vc_column_inner][\/vc_row_inner][vc_row_inner type=&#8221;boxed&#8221; el_class=&#8221;more-btn-row where-to-stay-btn-row&#8221;][vc_column_inner][vc_column_text el_class=&#8221;more-btn-wrap&#8221;]<\/p>\n<div class=\"site-btn red-btn large-btn center-align\"><a href=\"mailto:info@downtownworcester.org\">Fale Conosco<\/a><\/div>\n<p>[\/vc_column_text][\/vc_column_inner][\/vc_row_inner][\/vc_column][\/vc_row]<\/p>\n<\/div>","protected":false},"excerpt":{"rendered":"<p>[vc_row el_class=&#8221;inner-banner-section&#8221; css=&#8221;.vc_custom_1643790416996{background-image: url(https:\/\/www.downtownworcester.org\/wp-content\/uploads\/2021\/09\/banner.jpg?id=644) !important;background-position: center !important;background-repeat: no-repeat !important;background-size: cover !important;}&#8221;][vc_column][vc_row_inner type=&#8221;boxed&#8221; el_class=&#8221;inner-banner-row&#8221;][vc_column_inner][vc_column_text el_class=&#8221;banner-text content-text light-text&#8221;] Atividades [\/vc_column_text][vc_column_text el_class=&#8221;site-btn yellow-btn center-align fixed-btn&#8221;] Come\u00e7ar [\/vc_column_text][\/vc_column_inner][\/vc_row_inner][\/vc_column][\/vc_row][vc_row el_class=&#8221;page-section top-description-row&#8221; css=&#8221;.vc_custom_1643861360453{padding-top: 20px !important;padding-bottom: 0px !important;}&#8221;][vc_column][vc_column_text] Foto de Erb\/Dufault Photography [\/vc_column_text][\/vc_column][\/vc_row][vc_row el_class=&#8221;page-section explore-section no-bottom-padding&#8221; el_id=&#8221;explore&#8221;][vc_column][vc_row_inner type=&#8221;boxed&#8221; content_placement=&#8221;middle&#8221; el_class=&#8221;page-row row-margin&#8221;][vc_column_inner width=&#8221;1\/3&#8243;][vc_column_text el_class=&#8221;content-text&#8221;] Explorar o centro da &hellip;<\/p>\n","protected":false},"author":1,"featured_media":0,"parent":0,"menu_order":0,"comment_status":"closed","ping_status":"closed","template":"templates\/page-full.php","meta":{"_acf_changed":false,"footnotes":""},"class_list":["post-5403","page","type-page","status-publish","hentry"],"acf":[],"yoast_head":"<!-- This site is optimized with the Yoast SEO plugin v23.1 - https:\/\/yoast.com\/wordpress\/plugins\/seo\/ -->\n<title>Atividades - Downtown Worcester<\/title>\n<meta name=\"robots\" content=\"index, follow, max-snippet:-1, max-image-preview:large, max-video-preview:-1\" \/>\n<link rel=\"canonical\" href=\"https:\/\/www.downtownworcester.org\/pt-br\/coisas-a-fazer\/\" \/>\n<meta property=\"og:locale\" content=\"pt_BR\" \/>\n<meta property=\"og:type\" content=\"article\" \/>\n<meta property=\"og:title\" content=\"Atividades - Downtown Worcester\" \/>\n<meta property=\"og:description\" content=\"[vc_row el_class=&#8221;inner-banner-section&#8221; css=&#8221;.vc_custom_1643790416996{background-image: url(https:\/\/www.downtownworcester.org\/wp-content\/uploads\/2021\/09\/banner.jpg?id=644) !important;background-position: center !important;background-repeat: no-repeat !important;background-size: cover !important;}&#8221;][vc_column][vc_row_inner type=&#8221;boxed&#8221; el_class=&#8221;inner-banner-row&#8221;][vc_column_inner][vc_column_text el_class=&#8221;banner-text content-text light-text&#8221;] Atividades [\/vc_column_text][vc_column_text el_class=&#8221;site-btn yellow-btn center-align fixed-btn&#8221;] Come\u00e7ar [\/vc_column_text][\/vc_column_inner][\/vc_row_inner][\/vc_column][\/vc_row][vc_row el_class=&#8221;page-section top-description-row&#8221; css=&#8221;.vc_custom_1643861360453{padding-top: 20px !important;padding-bottom: 0px !important;}&#8221;][vc_column][vc_column_text] Foto de Erb\/Dufault Photography [\/vc_column_text][\/vc_column][\/vc_row][vc_row el_class=&#8221;page-section explore-section no-bottom-padding&#8221; el_id=&#8221;explore&#8221;][vc_column][vc_row_inner type=&#8221;boxed&#8221; content_placement=&#8221;middle&#8221; el_class=&#8221;page-row row-margin&#8221;][vc_column_inner width=&#8221;1\/3&#8243;][vc_column_text el_class=&#8221;content-text&#8221;] Explorar o centro da &hellip;\" \/>\n<meta property=\"og:url\" content=\"https:\/\/www.downtownworcester.org\/pt-br\/coisas-a-fazer\/\" \/>\n<meta property=\"og:site_name\" content=\"Downtown Worcester\" \/>\n<meta property=\"article:publisher\" content=\"https:\/\/www.facebook.com\/DowntownWorcesterBID\" \/>\n<meta property=\"article:modified_time\" content=\"2022-08-10T12:40:51+00:00\" \/>\n<meta name=\"twitter:card\" content=\"summary_large_image\" \/>\n<meta name=\"twitter:label1\" content=\"Est. tempo de leitura\" \/>\n\t<meta name=\"twitter:data1\" content=\"2 minutos\" \/>\n<script type=\"application\/ld+json\" class=\"yoast-schema-graph\">{\"@context\":\"https:\/\/schema.org\",\"@graph\":[{\"@type\":\"WebPage\",\"@id\":\"https:\/\/www.downtownworcester.org\/pt-br\/coisas-a-fazer\/\",\"url\":\"https:\/\/www.downtownworcester.org\/pt-br\/coisas-a-fazer\/\",\"name\":\"Atividades - Downtown Worcester\",\"isPartOf\":{\"@id\":\"https:\/\/www.downtownworcester.org\/pt-br\/#website\"},\"datePublished\":\"2021-07-19T10:21:30+00:00\",\"dateModified\":\"2022-08-10T12:40:51+00:00\",\"breadcrumb\":{\"@id\":\"https:\/\/www.downtownworcester.org\/pt-br\/coisas-a-fazer\/#breadcrumb\"},\"inLanguage\":\"pt-BR\",\"potentialAction\":[{\"@type\":\"ReadAction\",\"target\":[\"https:\/\/www.downtownworcester.org\/pt-br\/coisas-a-fazer\/\"]}]},{\"@type\":\"BreadcrumbList\",\"@id\":\"https:\/\/www.downtownworcester.org\/pt-br\/coisas-a-fazer\/#breadcrumb\",\"itemListElement\":[{\"@type\":\"ListItem\",\"position\":1,\"name\":\"Home\",\"item\":\"https:\/\/www.downtownworcester.org\/pt-br\/\"},{\"@type\":\"ListItem\",\"position\":2,\"name\":\"Atividades\"}]},{\"@type\":\"WebSite\",\"@id\":\"https:\/\/www.downtownworcester.org\/pt-br\/#website\",\"url\":\"https:\/\/www.downtownworcester.org\/pt-br\/\",\"name\":\"Downtown Worcester\",\"description\":\"Downtown Worcester Business Improvement District | It&#039;s all here!\",\"publisher\":{\"@id\":\"https:\/\/www.downtownworcester.org\/pt-br\/#organization\"},\"potentialAction\":[{\"@type\":\"SearchAction\",\"target\":{\"@type\":\"EntryPoint\",\"urlTemplate\":\"https:\/\/www.downtownworcester.org\/pt-br\/?s={search_term_string}\"},\"query-input\":\"required name=search_term_string\"}],\"inLanguage\":\"pt-BR\"},{\"@type\":\"Organization\",\"@id\":\"https:\/\/www.downtownworcester.org\/pt-br\/#organization\",\"name\":\"Downtown Worcester\",\"url\":\"https:\/\/www.downtownworcester.org\/pt-br\/\",\"logo\":{\"@type\":\"ImageObject\",\"inLanguage\":\"pt-BR\",\"@id\":\"https:\/\/www.downtownworcester.org\/pt-br\/#\/schema\/logo\/image\/\",\"url\":\"https:\/\/www.downtownworcester.org\/wp-content\/uploads\/2023\/01\/WorcesterLogos-02.png\",\"contentUrl\":\"https:\/\/www.downtownworcester.org\/wp-content\/uploads\/2023\/01\/WorcesterLogos-02.png\",\"width\":3655,\"height\":877,\"caption\":\"Downtown Worcester\"},\"image\":{\"@id\":\"https:\/\/www.downtownworcester.org\/pt-br\/#\/schema\/logo\/image\/\"},\"sameAs\":[\"https:\/\/www.facebook.com\/DowntownWorcesterBID\",\"https:\/\/www.instagram.com\/downtownworcesterbid\/\",\"https:\/\/www.linkedin.com\/company\/downtown-worcester-business-improvement-district\/\"]}]}<\/script>\n<!-- \/ Yoast SEO plugin. -->","yoast_head_json":{"title":"Atividades - Downtown Worcester","robots":{"index":"index","follow":"follow","max-snippet":"max-snippet:-1","max-image-preview":"max-image-preview:large","max-video-preview":"max-video-preview:-1"},"canonical":"https:\/\/www.downtownworcester.org\/pt-br\/coisas-a-fazer\/","og_locale":"pt_BR","og_type":"article","og_title":"Atividades - Downtown Worcester","og_description":"[vc_row el_class=&#8221;inner-banner-section&#8221; css=&#8221;.vc_custom_1643790416996{background-image: url(https:\/\/www.downtownworcester.org\/wp-content\/uploads\/2021\/09\/banner.jpg?id=644) !important;background-position: center !important;background-repeat: no-repeat !important;background-size: cover !important;}&#8221;][vc_column][vc_row_inner type=&#8221;boxed&#8221; el_class=&#8221;inner-banner-row&#8221;][vc_column_inner][vc_column_text el_class=&#8221;banner-text content-text light-text&#8221;] Atividades [\/vc_column_text][vc_column_text el_class=&#8221;site-btn yellow-btn center-align fixed-btn&#8221;] Come\u00e7ar [\/vc_column_text][\/vc_column_inner][\/vc_row_inner][\/vc_column][\/vc_row][vc_row el_class=&#8221;page-section top-description-row&#8221; css=&#8221;.vc_custom_1643861360453{padding-top: 20px !important;padding-bottom: 0px !important;}&#8221;][vc_column][vc_column_text] Foto de Erb\/Dufault Photography [\/vc_column_text][\/vc_column][\/vc_row][vc_row el_class=&#8221;page-section explore-section no-bottom-padding&#8221; el_id=&#8221;explore&#8221;][vc_column][vc_row_inner type=&#8221;boxed&#8221; content_placement=&#8221;middle&#8221; el_class=&#8221;page-row row-margin&#8221;][vc_column_inner width=&#8221;1\/3&#8243;][vc_column_text el_class=&#8221;content-text&#8221;] Explorar o centro da &hellip;","og_url":"https:\/\/www.downtownworcester.org\/pt-br\/coisas-a-fazer\/","og_site_name":"Downtown Worcester","article_publisher":"https:\/\/www.facebook.com\/DowntownWorcesterBID","article_modified_time":"2022-08-10T12:40:51+00:00","twitter_card":"summary_large_image","twitter_misc":{"Est. tempo de leitura":"2 minutos"},"schema":{"@context":"https:\/\/schema.org","@graph":[{"@type":"WebPage","@id":"https:\/\/www.downtownworcester.org\/pt-br\/coisas-a-fazer\/","url":"https:\/\/www.downtownworcester.org\/pt-br\/coisas-a-fazer\/","name":"Atividades - Downtown Worcester","isPartOf":{"@id":"https:\/\/www.downtownworcester.org\/pt-br\/#website"},"datePublished":"2021-07-19T10:21:30+00:00","dateModified":"2022-08-10T12:40:51+00:00","breadcrumb":{"@id":"https:\/\/www.downtownworcester.org\/pt-br\/coisas-a-fazer\/#breadcrumb"},"inLanguage":"pt-BR","potentialAction":[{"@type":"ReadAction","target":["https:\/\/www.downtownworcester.org\/pt-br\/coisas-a-fazer\/"]}]},{"@type":"BreadcrumbList","@id":"https:\/\/www.downtownworcester.org\/pt-br\/coisas-a-fazer\/#breadcrumb","itemListElement":[{"@type":"ListItem","position":1,"name":"Home","item":"https:\/\/www.downtownworcester.org\/pt-br\/"},{"@type":"ListItem","position":2,"name":"Atividades"}]},{"@type":"WebSite","@id":"https:\/\/www.downtownworcester.org\/pt-br\/#website","url":"https:\/\/www.downtownworcester.org\/pt-br\/","name":"Downtown Worcester","description":"Downtown Worcester Business Improvement District | It&#039;s all here!","publisher":{"@id":"https:\/\/www.downtownworcester.org\/pt-br\/#organization"},"potentialAction":[{"@type":"SearchAction","target":{"@type":"EntryPoint","urlTemplate":"https:\/\/www.downtownworcester.org\/pt-br\/?s={search_term_string}"},"query-input":"required name=search_term_string"}],"inLanguage":"pt-BR"},{"@type":"Organization","@id":"https:\/\/www.downtownworcester.org\/pt-br\/#organization","name":"Downtown Worcester","url":"https:\/\/www.downtownworcester.org\/pt-br\/","logo":{"@type":"ImageObject","inLanguage":"pt-BR","@id":"https:\/\/www.downtownworcester.org\/pt-br\/#\/schema\/logo\/image\/","url":"https:\/\/www.downtownworcester.org\/wp-content\/uploads\/2023\/01\/WorcesterLogos-02.png","contentUrl":"https:\/\/www.downtownworcester.org\/wp-content\/uploads\/2023\/01\/WorcesterLogos-02.png","width":3655,"height":877,"caption":"Downtown Worcester"},"image":{"@id":"https:\/\/www.downtownworcester.org\/pt-br\/#\/schema\/logo\/image\/"},"sameAs":["https:\/\/www.facebook.com\/DowntownWorcesterBID","https:\/\/www.instagram.com\/downtownworcesterbid\/","https:\/\/www.linkedin.com\/company\/downtown-worcester-business-improvement-district\/"]}]}},"_links":{"self":[{"href":"https:\/\/www.downtownworcester.org\/pt-br\/wp-json\/wp\/v2\/pages\/5403","targetHints":{"allow":["GET"]}}],"collection":[{"href":"https:\/\/www.downtownworcester.org\/pt-br\/wp-json\/wp\/v2\/pages"}],"about":[{"href":"https:\/\/www.downtownworcester.org\/pt-br\/wp-json\/wp\/v2\/types\/page"}],"author":[{"embeddable":true,"href":"https:\/\/www.downtownworcester.org\/pt-br\/wp-json\/wp\/v2\/users\/1"}],"replies":[{"embeddable":true,"href":"https:\/\/www.downtownworcester.org\/pt-br\/wp-json\/wp\/v2\/comments?post=5403"}],"version-history":[{"count":10,"href":"https:\/\/www.downtownworcester.org\/pt-br\/wp-json\/wp\/v2\/pages\/5403\/revisions"}],"predecessor-version":[{"id":6405,"href":"https:\/\/www.downtownworcester.org\/pt-br\/wp-json\/wp\/v2\/pages\/5403\/revisions\/6405"}],"wp:attachment":[{"href":"https:\/\/www.downtownworcester.org\/pt-br\/wp-json\/wp\/v2\/media?parent=5403"}],"curies":[{"name":"wp","href":"https:\/\/api.w.org\/{rel}","templated":true}]}}