{"id":5398,"date":"2021-12-30T09:14:59","date_gmt":"2021-12-30T14:14:59","guid":{"rendered":"https:\/\/www.downtownworcester.org\/creditos\/"},"modified":"2023-11-29T11:22:31","modified_gmt":"2023-11-29T16:22:31","slug":"creditos","status":"publish","type":"page","link":"https:\/\/www.downtownworcester.org\/pt-br\/creditos\/","title":{"rendered":"Cr\u00e9ditos"},"content":{"rendered":"<div class=\"wpb-content-wrapper\"><p>[vc_row max_width=&#8221;880px&#8221; el_class=&#8221;page-section br_faq padding-bottom-0 why_worcester&#8221;][vc_column][vc_row_inner type=&#8221;boxed&#8221; el_class=&#8221;page-row row-margin-40&#8243;][vc_column_inner][vc_column_text el_class=&#8221;content-text section-title center-align&#8221;]<\/p>\n<h1 style=\"text-align: center;\">Cr\u00e9ditos<\/h1>\n<p>[\/vc_column_text][\/vc_column_inner][\/vc_row_inner][vc_row_inner type=&#8221;boxed&#8221; el_class=&#8221;faq_list&#8221; css=&#8221;.vc_custom_1640873816334{margin-bottom: 40px !important;}&#8221;][vc_column_inner][vc_column_text el_class=&#8221;post-text&#8221;]<\/p>\n<h2>Obrigado aos seguintes fot\u00f3grafos por sua ajuda na captura da vibra\u00e7\u00e3o do Centro de Worcester.<\/h2>\n<p>[\/vc_column_text][\/vc_column_inner][\/vc_row_inner][vc_row_inner type=&#8221;boxed&#8221; el_class=&#8221;faq_list&#8221; css=&#8221;.vc_custom_1640873822713{margin-bottom: 60px !important;}&#8221;][vc_column_inner][vc_column_text el_class=&#8221;post-text&#8221;]<\/p>\n<h3>Fotografia:<\/h3>\n<p><a href=\"http:\/\/www.erbphoto.com\/\" target=\"_blank\" rel=\"noopener\">Erb\/Dufault Photography<\/a><\/p>\n<p><a href=\"https:\/\/www.facebook.com\/nathanfiskephoto\" target=\"_blank\" rel=\"noopener\">Nathan Fiske<\/a><\/p>\n<p><a href=\"https:\/\/www.instagram.com\/bestudiosnow\/\" target=\"_blank\" rel=\"noopener\">Jaime Flores<\/a><\/p>\n<p><a href=\"https:\/\/www.instagram.com\/caiogutierre\/\" target=\"_blank\" rel=\"noopener\">Caio C\u00e9sar Gutierres<\/a><\/p>\n<p><a href=\"https:\/\/www.killtheball.com\/\">Joe Santa Maria<\/a><\/p>\n<p><a href=\"https:\/\/byjullian.smugmug.com\/\" target=\"_blank\" rel=\"noopener\">Jullian Valadares<\/a><\/p>\n<p><a href=\"https:\/\/www.kenrivardphotography.com\/\" target=\"_blank\" rel=\"noopener\">Ken Rivard<\/a><\/p>\n<p><a href=\"https:\/\/erikasidor.com\/\" target=\"_blank\" rel=\"noopener\">Erika Sidor<\/a><\/p>\n<p><a href=\"https:\/\/www.mattwrightphoto.com\/\" target=\"_blank\" rel=\"noopener\">Matt Wright Photography<\/a><\/p>\n<p><a href=\"https:\/\/www.unitymike.com\" target=\"_blank\" rel=\"noopener\">Mike Hendrickson, Unity Mike Photography [\/vc_column_text][\/vc_column_inner][\/vc_row_inner][\/vc_column][\/vc_row]<\/a><\/p>\n<\/div>","protected":false},"excerpt":{"rendered":"<p>[vc_row max_width=&#8221;880px&#8221; el_class=&#8221;page-section br_faq padding-bottom-0 why_worcester&#8221;][vc_column][vc_row_inner type=&#8221;boxed&#8221; el_class=&#8221;page-row row-margin-40&#8243;][vc_column_inner][vc_column_text el_class=&#8221;content-text section-title center-align&#8221;] Cr\u00e9ditos [\/vc_column_text][\/vc_column_inner][\/vc_row_inner][vc_row_inner type=&#8221;boxed&#8221; el_class=&#8221;faq_list&#8221; css=&#8221;.vc_custom_1640873816334{margin-bottom: 40px !important;}&#8221;][vc_column_inner][vc_column_text el_class=&#8221;post-text&#8221;] Obrigado aos seguintes fot\u00f3grafos por sua ajuda na captura da vibra\u00e7\u00e3o do Centro de Worcester. [\/vc_column_text][\/vc_column_inner][\/vc_row_inner][vc_row_inner type=&#8221;boxed&#8221; el_class=&#8221;faq_list&#8221; css=&#8221;.vc_custom_1640873822713{margin-bottom: 60px !important;}&#8221;][vc_column_inner][vc_column_text el_class=&#8221;post-text&#8221;] Fotografia: Erb\/Dufault Photography Nathan Fiske Jaime Flores Caio &hellip;<\/p>\n","protected":false},"author":1,"featured_media":0,"parent":0,"menu_order":0,"comment_status":"closed","ping_status":"closed","template":"templates\/page-full.php","meta":{"_acf_changed":false,"footnotes":""},"class_list":["post-5398","page","type-page","status-publish","hentry"],"acf":[],"yoast_head":"<!-- This site is optimized with the Yoast SEO plugin v23.1 - https:\/\/yoast.com\/wordpress\/plugins\/seo\/ -->\n<title>Cr\u00e9ditos - Downtown Worcester<\/title>\n<meta name=\"robots\" content=\"index, follow, max-snippet:-1, max-image-preview:large, max-video-preview:-1\" \/>\n<link rel=\"canonical\" href=\"https:\/\/www.downtownworcester.org\/pt-br\/creditos\/\" \/>\n<meta property=\"og:locale\" content=\"pt_BR\" \/>\n<meta property=\"og:type\" content=\"article\" \/>\n<meta property=\"og:title\" content=\"Cr\u00e9ditos - Downtown Worcester\" \/>\n<meta property=\"og:description\" content=\"[vc_row max_width=&#8221;880px&#8221; el_class=&#8221;page-section br_faq padding-bottom-0 why_worcester&#8221;][vc_column][vc_row_inner type=&#8221;boxed&#8221; el_class=&#8221;page-row row-margin-40&#8243;][vc_column_inner][vc_column_text el_class=&#8221;content-text section-title center-align&#8221;] Cr\u00e9ditos [\/vc_column_text][\/vc_column_inner][\/vc_row_inner][vc_row_inner type=&#8221;boxed&#8221; el_class=&#8221;faq_list&#8221; css=&#8221;.vc_custom_1640873816334{margin-bottom: 40px !important;}&#8221;][vc_column_inner][vc_column_text el_class=&#8221;post-text&#8221;] Obrigado aos seguintes fot\u00f3grafos por sua ajuda na captura da vibra\u00e7\u00e3o do Centro de Worcester. [\/vc_column_text][\/vc_column_inner][\/vc_row_inner][vc_row_inner type=&#8221;boxed&#8221; el_class=&#8221;faq_list&#8221; css=&#8221;.vc_custom_1640873822713{margin-bottom: 60px !important;}&#8221;][vc_column_inner][vc_column_text el_class=&#8221;post-text&#8221;] Fotografia: Erb\/Dufault Photography Nathan Fiske Jaime Flores Caio &hellip;\" \/>\n<meta property=\"og:url\" content=\"https:\/\/www.downtownworcester.org\/pt-br\/creditos\/\" \/>\n<meta property=\"og:site_name\" content=\"Downtown Worcester\" \/>\n<meta property=\"article:publisher\" content=\"https:\/\/www.facebook.com\/DowntownWorcesterBID\" \/>\n<meta property=\"article:modified_time\" content=\"2023-11-29T16:22:31+00:00\" \/>\n<meta name=\"twitter:card\" content=\"summary_large_image\" \/>\n<meta name=\"twitter:label1\" content=\"Est. tempo de leitura\" \/>\n\t<meta name=\"twitter:data1\" content=\"1 minuto\" \/>\n<script type=\"application\/ld+json\" class=\"yoast-schema-graph\">{\"@context\":\"https:\/\/schema.org\",\"@graph\":[{\"@type\":\"WebPage\",\"@id\":\"https:\/\/www.downtownworcester.org\/pt-br\/creditos\/\",\"url\":\"https:\/\/www.downtownworcester.org\/pt-br\/creditos\/\",\"name\":\"Cr\u00e9ditos - Downtown Worcester\",\"isPartOf\":{\"@id\":\"https:\/\/www.downtownworcester.org\/pt-br\/#website\"},\"datePublished\":\"2021-12-30T14:14:59+00:00\",\"dateModified\":\"2023-11-29T16:22:31+00:00\",\"breadcrumb\":{\"@id\":\"https:\/\/www.downtownworcester.org\/pt-br\/creditos\/#breadcrumb\"},\"inLanguage\":\"pt-BR\",\"potentialAction\":[{\"@type\":\"ReadAction\",\"target\":[\"https:\/\/www.downtownworcester.org\/pt-br\/creditos\/\"]}]},{\"@type\":\"BreadcrumbList\",\"@id\":\"https:\/\/www.downtownworcester.org\/pt-br\/creditos\/#breadcrumb\",\"itemListElement\":[{\"@type\":\"ListItem\",\"position\":1,\"name\":\"Home\",\"item\":\"https:\/\/www.downtownworcester.org\/pt-br\/\"},{\"@type\":\"ListItem\",\"position\":2,\"name\":\"Cr\u00e9ditos\"}]},{\"@type\":\"WebSite\",\"@id\":\"https:\/\/www.downtownworcester.org\/pt-br\/#website\",\"url\":\"https:\/\/www.downtownworcester.org\/pt-br\/\",\"name\":\"Downtown Worcester\",\"description\":\"Downtown Worcester Business Improvement District | It&#039;s all here!\",\"publisher\":{\"@id\":\"https:\/\/www.downtownworcester.org\/pt-br\/#organization\"},\"potentialAction\":[{\"@type\":\"SearchAction\",\"target\":{\"@type\":\"EntryPoint\",\"urlTemplate\":\"https:\/\/www.downtownworcester.org\/pt-br\/?s={search_term_string}\"},\"query-input\":\"required name=search_term_string\"}],\"inLanguage\":\"pt-BR\"},{\"@type\":\"Organization\",\"@id\":\"https:\/\/www.downtownworcester.org\/pt-br\/#organization\",\"name\":\"Downtown Worcester\",\"url\":\"https:\/\/www.downtownworcester.org\/pt-br\/\",\"logo\":{\"@type\":\"ImageObject\",\"inLanguage\":\"pt-BR\",\"@id\":\"https:\/\/www.downtownworcester.org\/pt-br\/#\/schema\/logo\/image\/\",\"url\":\"https:\/\/www.downtownworcester.org\/wp-content\/uploads\/2023\/01\/WorcesterLogos-02.png\",\"contentUrl\":\"https:\/\/www.downtownworcester.org\/wp-content\/uploads\/2023\/01\/WorcesterLogos-02.png\",\"width\":3655,\"height\":877,\"caption\":\"Downtown Worcester\"},\"image\":{\"@id\":\"https:\/\/www.downtownworcester.org\/pt-br\/#\/schema\/logo\/image\/\"},\"sameAs\":[\"https:\/\/www.facebook.com\/DowntownWorcesterBID\",\"https:\/\/www.instagram.com\/downtownworcesterbid\/\",\"https:\/\/www.linkedin.com\/company\/downtown-worcester-business-improvement-district\/\"]}]}<\/script>\n<!-- \/ Yoast SEO plugin. -->","yoast_head_json":{"title":"Cr\u00e9ditos - Downtown Worcester","robots":{"index":"index","follow":"follow","max-snippet":"max-snippet:-1","max-image-preview":"max-image-preview:large","max-video-preview":"max-video-preview:-1"},"canonical":"https:\/\/www.downtownworcester.org\/pt-br\/creditos\/","og_locale":"pt_BR","og_type":"article","og_title":"Cr\u00e9ditos - Downtown Worcester","og_description":"[vc_row max_width=&#8221;880px&#8221; el_class=&#8221;page-section br_faq padding-bottom-0 why_worcester&#8221;][vc_column][vc_row_inner type=&#8221;boxed&#8221; el_class=&#8221;page-row row-margin-40&#8243;][vc_column_inner][vc_column_text el_class=&#8221;content-text section-title center-align&#8221;] Cr\u00e9ditos [\/vc_column_text][\/vc_column_inner][\/vc_row_inner][vc_row_inner type=&#8221;boxed&#8221; el_class=&#8221;faq_list&#8221; css=&#8221;.vc_custom_1640873816334{margin-bottom: 40px !important;}&#8221;][vc_column_inner][vc_column_text el_class=&#8221;post-text&#8221;] Obrigado aos seguintes fot\u00f3grafos por sua ajuda na captura da vibra\u00e7\u00e3o do Centro de Worcester. [\/vc_column_text][\/vc_column_inner][\/vc_row_inner][vc_row_inner type=&#8221;boxed&#8221; el_class=&#8221;faq_list&#8221; css=&#8221;.vc_custom_1640873822713{margin-bottom: 60px !important;}&#8221;][vc_column_inner][vc_column_text el_class=&#8221;post-text&#8221;] Fotografia: Erb\/Dufault Photography Nathan Fiske Jaime Flores Caio &hellip;","og_url":"https:\/\/www.downtownworcester.org\/pt-br\/creditos\/","og_site_name":"Downtown Worcester","article_publisher":"https:\/\/www.facebook.com\/DowntownWorcesterBID","article_modified_time":"2023-11-29T16:22:31+00:00","twitter_card":"summary_large_image","twitter_misc":{"Est. tempo de leitura":"1 minuto"},"schema":{"@context":"https:\/\/schema.org","@graph":[{"@type":"WebPage","@id":"https:\/\/www.downtownworcester.org\/pt-br\/creditos\/","url":"https:\/\/www.downtownworcester.org\/pt-br\/creditos\/","name":"Cr\u00e9ditos - Downtown Worcester","isPartOf":{"@id":"https:\/\/www.downtownworcester.org\/pt-br\/#website"},"datePublished":"2021-12-30T14:14:59+00:00","dateModified":"2023-11-29T16:22:31+00:00","breadcrumb":{"@id":"https:\/\/www.downtownworcester.org\/pt-br\/creditos\/#breadcrumb"},"inLanguage":"pt-BR","potentialAction":[{"@type":"ReadAction","target":["https:\/\/www.downtownworcester.org\/pt-br\/creditos\/"]}]},{"@type":"BreadcrumbList","@id":"https:\/\/www.downtownworcester.org\/pt-br\/creditos\/#breadcrumb","itemListElement":[{"@type":"ListItem","position":1,"name":"Home","item":"https:\/\/www.downtownworcester.org\/pt-br\/"},{"@type":"ListItem","position":2,"name":"Cr\u00e9ditos"}]},{"@type":"WebSite","@id":"https:\/\/www.downtownworcester.org\/pt-br\/#website","url":"https:\/\/www.downtownworcester.org\/pt-br\/","name":"Downtown Worcester","description":"Downtown Worcester Business Improvement District | It&#039;s all here!","publisher":{"@id":"https:\/\/www.downtownworcester.org\/pt-br\/#organization"},"potentialAction":[{"@type":"SearchAction","target":{"@type":"EntryPoint","urlTemplate":"https:\/\/www.downtownworcester.org\/pt-br\/?s={search_term_string}"},"query-input":"required name=search_term_string"}],"inLanguage":"pt-BR"},{"@type":"Organization","@id":"https:\/\/www.downtownworcester.org\/pt-br\/#organization","name":"Downtown Worcester","url":"https:\/\/www.downtownworcester.org\/pt-br\/","logo":{"@type":"ImageObject","inLanguage":"pt-BR","@id":"https:\/\/www.downtownworcester.org\/pt-br\/#\/schema\/logo\/image\/","url":"https:\/\/www.downtownworcester.org\/wp-content\/uploads\/2023\/01\/WorcesterLogos-02.png","contentUrl":"https:\/\/www.downtownworcester.org\/wp-content\/uploads\/2023\/01\/WorcesterLogos-02.png","width":3655,"height":877,"caption":"Downtown Worcester"},"image":{"@id":"https:\/\/www.downtownworcester.org\/pt-br\/#\/schema\/logo\/image\/"},"sameAs":["https:\/\/www.facebook.com\/DowntownWorcesterBID","https:\/\/www.instagram.com\/downtownworcesterbid\/","https:\/\/www.linkedin.com\/company\/downtown-worcester-business-improvement-district\/"]}]}},"_links":{"self":[{"href":"https:\/\/www.downtownworcester.org\/pt-br\/wp-json\/wp\/v2\/pages\/5398","targetHints":{"allow":["GET"]}}],"collection":[{"href":"https:\/\/www.downtownworcester.org\/pt-br\/wp-json\/wp\/v2\/pages"}],"about":[{"href":"https:\/\/www.downtownworcester.org\/pt-br\/wp-json\/wp\/v2\/types\/page"}],"author":[{"embeddable":true,"href":"https:\/\/www.downtownworcester.org\/pt-br\/wp-json\/wp\/v2\/users\/1"}],"replies":[{"embeddable":true,"href":"https:\/\/www.downtownworcester.org\/pt-br\/wp-json\/wp\/v2\/comments?post=5398"}],"version-history":[{"count":5,"href":"https:\/\/www.downtownworcester.org\/pt-br\/wp-json\/wp\/v2\/pages\/5398\/revisions"}],"predecessor-version":[{"id":18485,"href":"https:\/\/www.downtownworcester.org\/pt-br\/wp-json\/wp\/v2\/pages\/5398\/revisions\/18485"}],"wp:attachment":[{"href":"https:\/\/www.downtownworcester.org\/pt-br\/wp-json\/wp\/v2\/media?parent=5398"}],"curies":[{"name":"wp","href":"https:\/\/api.w.org\/{rel}","templated":true}]}}