{"id":5382,"date":"2022-02-09T12:57:15","date_gmt":"2022-02-09T17:57:15","guid":{"rendered":"https:\/\/www.downtownworcester.org\/planeje-sua-visita\/loja-til-you-drop\/"},"modified":"2024-01-22T14:35:43","modified_gmt":"2024-01-22T19:35:43","slug":"loja-til-you-drop","status":"publish","type":"page","link":"https:\/\/www.downtownworcester.org\/pt-br\/planeje-sua-visita\/loja-til-you-drop\/","title":{"rendered":"Compre \u2018At\u00e9 Cair\u2019"},"content":{"rendered":"<div class=\"wpb-content-wrapper\"><p>[vc_row el_class=&#8221;inner-banner-section&#8221; css=&#8221;.vc_custom_1645156530087{background-image: url(https:\/\/www.downtownworcester.org\/wp-content\/uploads\/2022\/02\/couple-and-a-dog-walking.jpg?id=1206) !important;background-position: center !important;background-repeat: no-repeat !important;background-size: cover !important;}&#8221;][vc_column][vc_row_inner type=&#8221;boxed&#8221; el_class=&#8221;inner-banner-row&#8221;][vc_column_inner][vc_column_text el_class=&#8221;banner-text content-text light-text&#8221;]<\/p>\n<h1 style=\"text-align: center;\">Compre \u2018At\u00e9 Cair\u2019<\/h1>\n<p>[\/vc_column_text][\/vc_column_inner][\/vc_row_inner][\/vc_column][\/vc_row][vc_row max_width=&#8221;1080px&#8221; el_class=&#8221;br_top&#8221; css=&#8221;.vc_custom_1628273904931{margin-bottom: 60px !important;}&#8221;][vc_column][vc_row_inner type=&#8221;boxed&#8221; el_class=&#8221;plan_interior&#8221; css=&#8221;.vc_custom_1640636491405{margin-bottom: 30px !important;}&#8221;][vc_column_inner][vc_column_text el_class=&#8221;content-text section-title&#8221;]As ofertas especializadas e de varejo do centro de Worcester s\u00e3o uma grande parte do tecido cultural \u00fanico da regi\u00e3o. Passe uma tarde comprando itens exclusivos enquanto apoia a economia local para ver por si mesmo.[\/vc_column_text][\/vc_column_inner][\/vc_row_inner][vc_row_inner type=&#8221;boxed&#8221; el_class=&#8221;plan_interior&#8221; css=&#8221;.vc_custom_1645155023198{margin-bottom: 40px !important;}&#8221;][vc_column_inner width=&#8221;1\/2&#8243; css=&#8221;.vc_custom_1645154466167{margin-top: 40px !important;}&#8221;][vc_single_image image=&#8221;19176&#8243; img_size=&#8221;800&#215;535&#8243;][\/vc_column_inner][vc_column_inner width=&#8221;1\/2&#8243;][vc_column_text el_class=&#8221;content-text section-title&#8221;]<\/p>\n<h2 id=\"tw-target-text\" class=\"tw-data-text tw-text-large tw-ta\" dir=\"ltr\" data-placeholder=\"Translation\" data-ved=\"2ahUKEwj_vKXK3JaDAxXGhIkEHV5LBFIQ3ewLegQIDRAQ\"><span class=\"Y2IQFc\" lang=\"pt\">Economia e Vintage<\/span><\/h2>\n<p id=\"tw-target-text\" class=\"tw-data-text tw-text-large tw-ta\" dir=\"ltr\" data-placeholder=\"Translation\" data-ved=\"2ahUKEwj_vKXK3JaDAxXGhIkEHV5LBFIQ3ewLegQIDRAQ\"><span class=\"Y2IQFc\" lang=\"pt\">Esteja voc\u00ea procurando adicionar itens ao seu guarda-roupa ou comprar um presente que n\u00e3o encontrar\u00e1 em nenhum outro lugar, voc\u00ea vai querer parar na <a href=\"https:\/\/www.instagram.com\/concrete.collection\/?hl=en\" target=\"_blank\" rel=\"noopener\">Concrete Collection<\/a> no Midtown Mall. O hotspot local tem uma cole\u00e7\u00e3o com curadoria de roupas, acess\u00f3rios e muito mais, com foco em roupas masculinas (embora haja definitivamente algo para todos na loja). Voc\u00ea pode entrar no shopping pelas entradas da Front Street ou da Mechanic Street.<\/span><\/p>\n<p>[\/vc_column_text][\/vc_column_inner][\/vc_row_inner][vc_row_inner type=&#8221;boxed&#8221; el_class=&#8221;plan_interior&#8221; css=&#8221;.vc_custom_1645155031881{margin-bottom: 40px !important;}&#8221;][vc_column_inner width=&#8221;1\/2&#8243;][vc_column_text el_class=&#8221;content-text section-title&#8221;]<\/p>\n<h2>Joias Escondidas<\/h2>\n<p>Procurando por algo brilhante? O centro da cidade tem duas joalherias conhecidas por seu servi\u00e7o excepcional e artesanato de qualidade. Al\u00e9m de uma grande variedade de joias, a City Jewelry oferece servi\u00e7os convenientes como avalia\u00e7\u00f5es, limpezas e venda de ouro. Nas proximidades, voc\u00ea encontrar\u00e1 a <a href=\"https:\/\/www.facebook.com\/MarkosJewelers\/\" target=\"_blank\" rel=\"noopener\">Markos Jewelers<\/a>&#8211; parte da paisagem urbana desde 1981, quando a fam\u00edlia Markos trouxe suas habilidades de crava\u00e7\u00e3o de diamantes e artesanato da Turquia para Worcester. N\u00e3o perca seus designs originais e diamantes finos.[\/vc_column_text][\/vc_column_inner][vc_column_inner width=&#8221;1\/2&#8243; css=&#8221;.vc_custom_1645630639787{margin-top: 40px !important;}&#8221;][vc_single_image image=&#8221;4799&#8243; img_size=&#8221;800&#215;535&#8243; add_caption=&#8221;yes&#8221;][\/vc_column_inner][\/vc_row_inner][vc_row_inner type=&#8221;boxed&#8221; el_class=&#8221;plan_interior&#8221; css=&#8221;.vc_custom_1646081557195{margin-bottom: 40px !important;}&#8221;][vc_column_inner width=&#8221;1\/2&#8243; css=&#8221;.vc_custom_1646081547427{margin-top: 40px !important;}&#8221;][vc_single_image image=&#8221;4790&#8243; img_size=&#8221;800&#215;535&#8243; add_caption=&#8221;yes&#8221;][\/vc_column_inner][vc_column_inner width=&#8221;1\/2&#8243;][vc_column_text el_class=&#8221;content-text section-title&#8221;]<\/p>\n<h2>Vinis Novos e Vintage<\/h2>\n<p><a href=\"https:\/\/www.joesalbums.com\/\" target=\"_blank\" rel=\"noopener\">A Joe\u2019s Albums<\/a> oferece vinis novos e usados de alta qualidade abrangendo os g\u00eaneros e as d\u00e9cadas. A loja \u00e9 meticulosamente organizada e sempre bem abastecida. A equipe est\u00e1preparada para responder \u00e0s suas perguntas e fazer recomenda\u00e7\u00f5es de especialistas para ajud\u00e1-lo a encontrar exatamente o que est\u00e1 procurando.[\/vc_column_text][\/vc_column_inner][\/vc_row_inner][vc_row_inner type=&#8221;boxed&#8221; el_class=&#8221;plan_interior&#8221; css=&#8221;.vc_custom_1645155048205{margin-bottom: 40px !important;}&#8221;][vc_column_inner width=&#8221;1\/2&#8243;][vc_column_text el_class=&#8221;content-text section-title&#8221;]<\/p>\n<h2>Presentes Tem\u00e1ticos de Worcester<\/h2>\n<p><a href=\"https:\/\/www.worcesterwares.com\/\" target=\"_blank\" rel=\"noopener\">A Worcester Wares<\/a> oferece uma ampla variedade de itens de vestu\u00e1rio, decora\u00e7\u00e3o e obras de arte com o tema de Worcester para ajudar os clientes a exibir com orgulho sua lealdade \u00e0 nossa cidade. As cole\u00e7\u00f5es incluem uma homenagem aos nossos Seven Hills, Turtle Boy, espa\u00e7o azul, smiley face e muito mais.[\/vc_column_text][\/vc_column_inner][vc_column_inner width=&#8221;1\/2&#8243; css=&#8221;.vc_custom_1645154172158{margin-top: 40px !important;}&#8221;][vc_single_image image=&#8221;1190&#8243; img_size=&#8221;800&#215;535&#8243;][\/vc_column_inner][\/vc_row_inner][vc_row_inner type=&#8221;boxed&#8221; el_class=&#8221;plan_interior&#8221; css=&#8221;.vc_custom_1645155071551{margin-bottom: 40px !important;}&#8221;][vc_column_inner width=&#8221;1\/2&#8243; css=&#8221;.vc_custom_1645154525950{margin-top: 40px !important;}&#8221;][vc_single_image image=&#8221;4789&#8243; img_size=&#8221;800&#215;535&#8243; add_caption=&#8221;yes&#8221;][\/vc_column_inner][vc_column_inner width=&#8221;1\/2&#8243;][vc_column_text el_class=&#8221;content-text section-title&#8221;]<\/p>\n<h2>Bolsas e Sapatos de Grife<\/h2>\n<p>A apenas alguns quarteir\u00f5es ao norte do centro da cidade, voc\u00ea encontrar\u00e1 o principal fornecedor de design de alta qualidade da regi\u00e3o, <a href=\"https:\/\/www.instagram.com\/shopsweetjanes\/?hl=en\" target=\"_blank\" rel=\"noopener\">Sweet Jane\u2019s<\/a>. A loja na Main Street \u00e9 mais do que apenas um destino de varejo &#8211; \u00e9 um ponto de encontro popular para os criativos mais elegantes de Worcester. Se voc\u00ea quiser encontrar Chanel, Louis Vuitton e Prada em Worcester, a Sweet Jane&#8217;s deve ser sua primeira parada.[\/vc_column_text][\/vc_column_inner][\/vc_row_inner][\/vc_column][\/vc_row]<\/p>\n<\/div>","protected":false},"excerpt":{"rendered":"<p>[vc_row el_class=&#8221;inner-banner-section&#8221; css=&#8221;.vc_custom_1645156530087{background-image: url(https:\/\/www.downtownworcester.org\/wp-content\/uploads\/2022\/02\/couple-and-a-dog-walking.jpg?id=1206) !important;background-position: center !important;background-repeat: no-repeat !important;background-size: cover !important;}&#8221;][vc_column][vc_row_inner type=&#8221;boxed&#8221; el_class=&#8221;inner-banner-row&#8221;][vc_column_inner][vc_column_text el_class=&#8221;banner-text content-text light-text&#8221;] Compre \u2018At\u00e9 Cair\u2019 [\/vc_column_text][\/vc_column_inner][\/vc_row_inner][\/vc_column][\/vc_row][vc_row max_width=&#8221;1080px&#8221; el_class=&#8221;br_top&#8221; css=&#8221;.vc_custom_1628273904931{margin-bottom: 60px !important;}&#8221;][vc_column][vc_row_inner type=&#8221;boxed&#8221; el_class=&#8221;plan_interior&#8221; css=&#8221;.vc_custom_1640636491405{margin-bottom: 30px !important;}&#8221;][vc_column_inner][vc_column_text el_class=&#8221;content-text section-title&#8221;]As ofertas especializadas e de varejo do centro de Worcester s\u00e3o uma grande parte do tecido cultural \u00fanico da &hellip;<\/p>\n","protected":false},"author":1,"featured_media":0,"parent":5371,"menu_order":0,"comment_status":"closed","ping_status":"closed","template":"templates\/page-full.php","meta":{"_acf_changed":false,"footnotes":""},"class_list":["post-5382","page","type-page","status-publish","hentry"],"acf":[],"yoast_head":"<!-- This site is optimized with the Yoast SEO plugin v23.1 - https:\/\/yoast.com\/wordpress\/plugins\/seo\/ -->\n<title>Compre \u2018At\u00e9 Cair\u2019 - Downtown Worcester<\/title>\n<meta name=\"robots\" content=\"index, follow, max-snippet:-1, max-image-preview:large, max-video-preview:-1\" \/>\n<link rel=\"canonical\" href=\"https:\/\/www.downtownworcester.org\/pt-br\/planeje-sua-visita\/loja-til-you-drop\/\" \/>\n<meta property=\"og:locale\" content=\"pt_BR\" \/>\n<meta property=\"og:type\" content=\"article\" \/>\n<meta property=\"og:title\" content=\"Compre \u2018At\u00e9 Cair\u2019 - Downtown Worcester\" \/>\n<meta property=\"og:description\" content=\"[vc_row el_class=&#8221;inner-banner-section&#8221; css=&#8221;.vc_custom_1645156530087{background-image: url(https:\/\/www.downtownworcester.org\/wp-content\/uploads\/2022\/02\/couple-and-a-dog-walking.jpg?id=1206) !important;background-position: center !important;background-repeat: no-repeat !important;background-size: cover !important;}&#8221;][vc_column][vc_row_inner type=&#8221;boxed&#8221; el_class=&#8221;inner-banner-row&#8221;][vc_column_inner][vc_column_text el_class=&#8221;banner-text content-text light-text&#8221;] Compre \u2018At\u00e9 Cair\u2019 [\/vc_column_text][\/vc_column_inner][\/vc_row_inner][\/vc_column][\/vc_row][vc_row max_width=&#8221;1080px&#8221; el_class=&#8221;br_top&#8221; css=&#8221;.vc_custom_1628273904931{margin-bottom: 60px !important;}&#8221;][vc_column][vc_row_inner type=&#8221;boxed&#8221; el_class=&#8221;plan_interior&#8221; css=&#8221;.vc_custom_1640636491405{margin-bottom: 30px !important;}&#8221;][vc_column_inner][vc_column_text el_class=&#8221;content-text section-title&#8221;]As ofertas especializadas e de varejo do centro de Worcester s\u00e3o uma grande parte do tecido cultural \u00fanico da &hellip;\" \/>\n<meta property=\"og:url\" content=\"https:\/\/www.downtownworcester.org\/pt-br\/planeje-sua-visita\/loja-til-you-drop\/\" \/>\n<meta property=\"og:site_name\" content=\"Downtown Worcester\" \/>\n<meta property=\"article:publisher\" content=\"https:\/\/www.facebook.com\/DowntownWorcesterBID\" \/>\n<meta property=\"article:modified_time\" content=\"2024-01-22T19:35:43+00:00\" \/>\n<meta name=\"twitter:card\" content=\"summary_large_image\" \/>\n<meta name=\"twitter:label1\" content=\"Est. tempo de leitura\" \/>\n\t<meta name=\"twitter:data1\" content=\"3 minutos\" \/>\n<script type=\"application\/ld+json\" class=\"yoast-schema-graph\">{\"@context\":\"https:\/\/schema.org\",\"@graph\":[{\"@type\":\"WebPage\",\"@id\":\"https:\/\/www.downtownworcester.org\/pt-br\/planeje-sua-visita\/loja-til-you-drop\/\",\"url\":\"https:\/\/www.downtownworcester.org\/pt-br\/planeje-sua-visita\/loja-til-you-drop\/\",\"name\":\"Compre \u2018At\u00e9 Cair\u2019 - Downtown Worcester\",\"isPartOf\":{\"@id\":\"https:\/\/www.downtownworcester.org\/pt-br\/#website\"},\"datePublished\":\"2022-02-09T17:57:15+00:00\",\"dateModified\":\"2024-01-22T19:35:43+00:00\",\"breadcrumb\":{\"@id\":\"https:\/\/www.downtownworcester.org\/pt-br\/planeje-sua-visita\/loja-til-you-drop\/#breadcrumb\"},\"inLanguage\":\"pt-BR\",\"potentialAction\":[{\"@type\":\"ReadAction\",\"target\":[\"https:\/\/www.downtownworcester.org\/pt-br\/planeje-sua-visita\/loja-til-you-drop\/\"]}]},{\"@type\":\"BreadcrumbList\",\"@id\":\"https:\/\/www.downtownworcester.org\/pt-br\/planeje-sua-visita\/loja-til-you-drop\/#breadcrumb\",\"itemListElement\":[{\"@type\":\"ListItem\",\"position\":1,\"name\":\"Home\",\"item\":\"https:\/\/www.downtownworcester.org\/pt-br\/\"},{\"@type\":\"ListItem\",\"position\":2,\"name\":\"Planeje sua visita\",\"item\":\"https:\/\/www.downtownworcester.org\/pt-br\/planeje-sua-visita\/\"},{\"@type\":\"ListItem\",\"position\":3,\"name\":\"Compre \u2018At\u00e9 Cair\u2019\"}]},{\"@type\":\"WebSite\",\"@id\":\"https:\/\/www.downtownworcester.org\/pt-br\/#website\",\"url\":\"https:\/\/www.downtownworcester.org\/pt-br\/\",\"name\":\"Downtown Worcester\",\"description\":\"Downtown Worcester Business Improvement District | It&#039;s all here!\",\"publisher\":{\"@id\":\"https:\/\/www.downtownworcester.org\/pt-br\/#organization\"},\"potentialAction\":[{\"@type\":\"SearchAction\",\"target\":{\"@type\":\"EntryPoint\",\"urlTemplate\":\"https:\/\/www.downtownworcester.org\/pt-br\/?s={search_term_string}\"},\"query-input\":\"required name=search_term_string\"}],\"inLanguage\":\"pt-BR\"},{\"@type\":\"Organization\",\"@id\":\"https:\/\/www.downtownworcester.org\/pt-br\/#organization\",\"name\":\"Downtown Worcester\",\"url\":\"https:\/\/www.downtownworcester.org\/pt-br\/\",\"logo\":{\"@type\":\"ImageObject\",\"inLanguage\":\"pt-BR\",\"@id\":\"https:\/\/www.downtownworcester.org\/pt-br\/#\/schema\/logo\/image\/\",\"url\":\"https:\/\/www.downtownworcester.org\/wp-content\/uploads\/2023\/01\/WorcesterLogos-02.png\",\"contentUrl\":\"https:\/\/www.downtownworcester.org\/wp-content\/uploads\/2023\/01\/WorcesterLogos-02.png\",\"width\":3655,\"height\":877,\"caption\":\"Downtown Worcester\"},\"image\":{\"@id\":\"https:\/\/www.downtownworcester.org\/pt-br\/#\/schema\/logo\/image\/\"},\"sameAs\":[\"https:\/\/www.facebook.com\/DowntownWorcesterBID\",\"https:\/\/www.instagram.com\/downtownworcesterbid\/\",\"https:\/\/www.linkedin.com\/company\/downtown-worcester-business-improvement-district\/\"]}]}<\/script>\n<!-- \/ Yoast SEO plugin. -->","yoast_head_json":{"title":"Compre \u2018At\u00e9 Cair\u2019 - Downtown Worcester","robots":{"index":"index","follow":"follow","max-snippet":"max-snippet:-1","max-image-preview":"max-image-preview:large","max-video-preview":"max-video-preview:-1"},"canonical":"https:\/\/www.downtownworcester.org\/pt-br\/planeje-sua-visita\/loja-til-you-drop\/","og_locale":"pt_BR","og_type":"article","og_title":"Compre \u2018At\u00e9 Cair\u2019 - Downtown Worcester","og_description":"[vc_row el_class=&#8221;inner-banner-section&#8221; css=&#8221;.vc_custom_1645156530087{background-image: url(https:\/\/www.downtownworcester.org\/wp-content\/uploads\/2022\/02\/couple-and-a-dog-walking.jpg?id=1206) !important;background-position: center !important;background-repeat: no-repeat !important;background-size: cover !important;}&#8221;][vc_column][vc_row_inner type=&#8221;boxed&#8221; el_class=&#8221;inner-banner-row&#8221;][vc_column_inner][vc_column_text el_class=&#8221;banner-text content-text light-text&#8221;] Compre \u2018At\u00e9 Cair\u2019 [\/vc_column_text][\/vc_column_inner][\/vc_row_inner][\/vc_column][\/vc_row][vc_row max_width=&#8221;1080px&#8221; el_class=&#8221;br_top&#8221; css=&#8221;.vc_custom_1628273904931{margin-bottom: 60px !important;}&#8221;][vc_column][vc_row_inner type=&#8221;boxed&#8221; el_class=&#8221;plan_interior&#8221; css=&#8221;.vc_custom_1640636491405{margin-bottom: 30px !important;}&#8221;][vc_column_inner][vc_column_text el_class=&#8221;content-text section-title&#8221;]As ofertas especializadas e de varejo do centro de Worcester s\u00e3o uma grande parte do tecido cultural \u00fanico da &hellip;","og_url":"https:\/\/www.downtownworcester.org\/pt-br\/planeje-sua-visita\/loja-til-you-drop\/","og_site_name":"Downtown Worcester","article_publisher":"https:\/\/www.facebook.com\/DowntownWorcesterBID","article_modified_time":"2024-01-22T19:35:43+00:00","twitter_card":"summary_large_image","twitter_misc":{"Est. tempo de leitura":"3 minutos"},"schema":{"@context":"https:\/\/schema.org","@graph":[{"@type":"WebPage","@id":"https:\/\/www.downtownworcester.org\/pt-br\/planeje-sua-visita\/loja-til-you-drop\/","url":"https:\/\/www.downtownworcester.org\/pt-br\/planeje-sua-visita\/loja-til-you-drop\/","name":"Compre \u2018At\u00e9 Cair\u2019 - Downtown Worcester","isPartOf":{"@id":"https:\/\/www.downtownworcester.org\/pt-br\/#website"},"datePublished":"2022-02-09T17:57:15+00:00","dateModified":"2024-01-22T19:35:43+00:00","breadcrumb":{"@id":"https:\/\/www.downtownworcester.org\/pt-br\/planeje-sua-visita\/loja-til-you-drop\/#breadcrumb"},"inLanguage":"pt-BR","potentialAction":[{"@type":"ReadAction","target":["https:\/\/www.downtownworcester.org\/pt-br\/planeje-sua-visita\/loja-til-you-drop\/"]}]},{"@type":"BreadcrumbList","@id":"https:\/\/www.downtownworcester.org\/pt-br\/planeje-sua-visita\/loja-til-you-drop\/#breadcrumb","itemListElement":[{"@type":"ListItem","position":1,"name":"Home","item":"https:\/\/www.downtownworcester.org\/pt-br\/"},{"@type":"ListItem","position":2,"name":"Planeje sua visita","item":"https:\/\/www.downtownworcester.org\/pt-br\/planeje-sua-visita\/"},{"@type":"ListItem","position":3,"name":"Compre \u2018At\u00e9 Cair\u2019"}]},{"@type":"WebSite","@id":"https:\/\/www.downtownworcester.org\/pt-br\/#website","url":"https:\/\/www.downtownworcester.org\/pt-br\/","name":"Downtown Worcester","description":"Downtown Worcester Business Improvement District | It&#039;s all here!","publisher":{"@id":"https:\/\/www.downtownworcester.org\/pt-br\/#organization"},"potentialAction":[{"@type":"SearchAction","target":{"@type":"EntryPoint","urlTemplate":"https:\/\/www.downtownworcester.org\/pt-br\/?s={search_term_string}"},"query-input":"required name=search_term_string"}],"inLanguage":"pt-BR"},{"@type":"Organization","@id":"https:\/\/www.downtownworcester.org\/pt-br\/#organization","name":"Downtown Worcester","url":"https:\/\/www.downtownworcester.org\/pt-br\/","logo":{"@type":"ImageObject","inLanguage":"pt-BR","@id":"https:\/\/www.downtownworcester.org\/pt-br\/#\/schema\/logo\/image\/","url":"https:\/\/www.downtownworcester.org\/wp-content\/uploads\/2023\/01\/WorcesterLogos-02.png","contentUrl":"https:\/\/www.downtownworcester.org\/wp-content\/uploads\/2023\/01\/WorcesterLogos-02.png","width":3655,"height":877,"caption":"Downtown Worcester"},"image":{"@id":"https:\/\/www.downtownworcester.org\/pt-br\/#\/schema\/logo\/image\/"},"sameAs":["https:\/\/www.facebook.com\/DowntownWorcesterBID","https:\/\/www.instagram.com\/downtownworcesterbid\/","https:\/\/www.linkedin.com\/company\/downtown-worcester-business-improvement-district\/"]}]}},"_links":{"self":[{"href":"https:\/\/www.downtownworcester.org\/pt-br\/wp-json\/wp\/v2\/pages\/5382","targetHints":{"allow":["GET"]}}],"collection":[{"href":"https:\/\/www.downtownworcester.org\/pt-br\/wp-json\/wp\/v2\/pages"}],"about":[{"href":"https:\/\/www.downtownworcester.org\/pt-br\/wp-json\/wp\/v2\/types\/page"}],"author":[{"embeddable":true,"href":"https:\/\/www.downtownworcester.org\/pt-br\/wp-json\/wp\/v2\/users\/1"}],"replies":[{"embeddable":true,"href":"https:\/\/www.downtownworcester.org\/pt-br\/wp-json\/wp\/v2\/comments?post=5382"}],"version-history":[{"count":11,"href":"https:\/\/www.downtownworcester.org\/pt-br\/wp-json\/wp\/v2\/pages\/5382\/revisions"}],"predecessor-version":[{"id":19999,"href":"https:\/\/www.downtownworcester.org\/pt-br\/wp-json\/wp\/v2\/pages\/5382\/revisions\/19999"}],"up":[{"embeddable":true,"href":"https:\/\/www.downtownworcester.org\/pt-br\/wp-json\/wp\/v2\/pages\/5371"}],"wp:attachment":[{"href":"https:\/\/www.downtownworcester.org\/pt-br\/wp-json\/wp\/v2\/media?parent=5382"}],"curies":[{"name":"wp","href":"https:\/\/api.w.org\/{rel}","templated":true}]}}