{"id":5378,"date":"2021-12-27T16:26:29","date_gmt":"2021-12-27T21:26:29","guid":{"rendered":"https:\/\/www.downtownworcester.org\/planeje-sua-visita\/pausa-para-almoco-no-centro-da-cidade\/"},"modified":"2024-07-30T08:56:12","modified_gmt":"2024-07-30T12:56:12","slug":"pausa-para-almoco-no-centro-da-cidade","status":"publish","type":"page","link":"https:\/\/www.downtownworcester.org\/pt-br\/planeje-sua-visita\/pausa-para-almoco-no-centro-da-cidade\/","title":{"rendered":"Pausa para almo\u00e7o no centro da cidade"},"content":{"rendered":"<div class=\"wpb-content-wrapper\"><p>[vc_row el_class=&#8221;inner-banner-section&#8221; css=&#8221;.vc_custom_1646277072918{background-image: url(https:\/\/www.downtownworcester.org\/wp-content\/uploads\/2022\/03\/Couple-walking-down-street.jpg?id=1351) !important;background-position: center !important;background-repeat: no-repeat !important;background-size: cover !important;}&#8221;][vc_column][vc_row_inner type=&#8221;boxed&#8221; el_class=&#8221;inner-banner-row&#8221;][vc_column_inner][vc_column_text el_class=&#8221;banner-text content-text light-text&#8221;]<\/p>\n<h1 style=\"text-align: center;\">Pausa para almo\u00e7o no centro da cidade<\/h1>\n<p>[\/vc_column_text][\/vc_column_inner][\/vc_row_inner][\/vc_column][\/vc_row][vc_row max_width=&#8221;1080px&#8221; el_class=&#8221;br_top&#8221; css=&#8221;.vc_custom_1628273904931{margin-bottom: 60px !important;}&#8221;][vc_column][vc_row_inner type=&#8221;boxed&#8221; el_class=&#8221;plan_interior&#8221; css=&#8221;.vc_custom_1644004098622{margin-bottom: 40px !important;}&#8221;][vc_column_inner width=&#8221;1\/2&#8243;][vc_column_text el_class=&#8221;content-text section-title&#8221;]<\/p>\n<h2>Pegue Caf\u00e9 e Ch\u00e1 Frescos<\/h2>\n<p><span style=\"font-weight: 400;\">Trabalhando no centro da cidade e est\u00e1 precisando esticar as pernas? Comece com uma revigorante ida a uma das excelentes cafeterias do bairro. <\/span><a href=\"https:\/\/fuelamericacoffee.com\/\"><span style=\"font-weight: 400;\">OFuel America <\/span><\/a><span style=\"font-weight: 400;\">\u00e9 ideal para um caf\u00e9. O espa\u00e7o industrial moderno oferece muitas op\u00e7\u00f5es de lugares com uma excelente vista tanto da aut\u00eantica torrefa\u00e7\u00e3o quanto do Worcester Common. Para op\u00e7\u00f5es de levar para viagem, v\u00e1 at\u00e9 o <\/span><a href=\"http:\/\/www.brewonthegrid.com\/\"><span style=\"font-weight: 400;\">Brew on the Grid <\/span><\/a><span style=\"font-weight: 400;\">do lado oposto do Worcester Common. Escolha entre uma ampla sele\u00e7\u00e3o de assados, caf\u00e9s, smoothies e milkshakes. N\u00e3o gosta de caf\u00e9? Fique aquecido com uma x\u00edcara fumegante de ch\u00e1 borbulhante do <\/span><a href=\"https:\/\/www.gongchausa.com\/massachusetts-worcester\"><span style=\"font-weight: 400;\">Gong Cha<\/span><\/a><span style=\"font-weight: 400;\">. Pe\u00e7a um ch\u00e1 com leite com gengibre e a\u00e7\u00facar mascavo ou um latte earl gray com p\u00e9rolas de tapioca frescas. <\/span>[\/vc_column_text][\/vc_column_inner][vc_column_inner width=&#8221;1\/2&#8243; css=&#8221;.vc_custom_1644002919160{margin-top: 40px !important;}&#8221;][vc_single_image image=&#8221;1097&#8243; img_size=&#8221;800&#215;535&#8243; add_caption=&#8221;yes&#8221;][\/vc_column_inner][\/vc_row_inner][vc_row_inner type=&#8221;boxed&#8221; el_class=&#8221;plan_interior&#8221; css=&#8221;.vc_custom_1644004064641{margin-top: 40px !important;margin-bottom: 40px !important;}&#8221;][vc_column_inner width=&#8221;1\/2&#8243; css=&#8221;.vc_custom_1644002919160{margin-top: 40px !important;}&#8221;][vc_single_image image=&#8221;1099&#8243; img_size=&#8221;800&#215;535&#8243; add_caption=&#8221;yes&#8221;][vc_single_image image=&#8221;1420&#8243; img_size=&#8221;800&#215;535&#8243; el_class=&#8221;photo_padding&#8221;][\/vc_column_inner][vc_column_inner width=&#8221;1\/2&#8243;][vc_column_text el_class=&#8221;content-text section-title&#8221;]<\/p>\n<h2>Conhe\u00e7a a Hist\u00f3ria Local<\/h2>\n<p><span style=\"font-weight: 400;\">Quando estiver adequadamente cafeinado, considere o <\/span><a href=\"https:\/\/www.preservationworcester.org\/walkingtours\"><span style=\"font-weight: 400;\">passeio a p\u00e9 de 30 minutos pelo centro da cidade da Preservation Worcester<\/span><\/a><span style=\"font-weight: 400;\">, come\u00e7ando na Prefeitura de Worcester. Admire as l\u00e1pides dos primeiros colonos de Worcester, como Jonas Rice, o primeiro europeu a chamar Worcester de lar. Voc\u00ea sair\u00e1 com mais do que apenas uma li\u00e7\u00e3o de hist\u00f3ria; encante seus amigos com novos conhecimentos sobre o patrim\u00f4nio mais singular do centro de Worcester. Veja, por exemplo, a Fonte Burnside, mais conhecida como <\/span><a href=\"https:\/\/www.telegram.com\/story\/news\/2023\/07\/12\/turtle-boy-statue-in-worcester-what-does-it-mean-why-is-it-there\/70366293007\/\" target=\"_blank\" rel=\"noopener\"><span style=\"font-weight: 400;\">Turtle Boy<\/span><\/a><span style=\"font-weight: 400;\">. Esta est\u00e1tua memor\u00e1vel foi encomendada em 1905 como uma fonte do parque que fornecia \u00e1gua doce aos moradores da cidade, c\u00e3es e cavalos. Atualmente, a est\u00e1tua \u00e9 um dos s\u00edmbolos mais conhecidos do centro de Worcester, despertando a curiosidade de moradores e visitantes. <\/span><\/p>\n<p><span style=\"font-weight: 400;\">A uma curta caminhada at\u00e9 Chestnut Place, voc\u00ea encontrar\u00e1 o companheiro menos conhecido do Turtle Boy, <\/span><a href=\"https:\/\/gargoylesandgrotesques.wordpress.com\/tag\/boy-with-a-dolphin\/\"><span style=\"font-weight: 400;\">O Menino com o Golfinho.<\/span><\/a><span style=\"font-weight: 400;\">\u00a0Esta escultura foi encomendada em 1974 ao famoso escultor brit\u00e2nico David Wynne e aparentemente desafia a gravidade quando um menino pega uma carona em um simp\u00e1tico golfinho no ar. <\/span>[\/vc_column_text][\/vc_column_inner][\/vc_row_inner][vc_row_inner type=&#8221;boxed&#8221; el_class=&#8221;plan_interior&#8221; css=&#8221;.vc_custom_1644004071040{margin-top: 40px !important;border-bottom-width: 40px !important;}&#8221;][vc_column_inner][vc_column_text css=&#8221;&#8221; el_class=&#8221;content-text section-title&#8221;]<\/p>\n<h2>Explore Deliciosas Op\u00e7\u00f5es de Almo\u00e7o<\/h2>\n<p><span style=\"font-weight: 400;\"><img loading=\"lazy\" decoding=\"async\" class=\"alignright size-full wp-image-1105\" src=\"https:\/\/www.downtownworcester.org\/wp-content\/uploads\/2022\/02\/oishi-cropped.jpg\" alt=\"\" width=\"495\" height=\"331\" srcset=\"https:\/\/www.downtownworcester.org\/wp-content\/uploads\/2022\/02\/oishi-cropped.jpg 495w, https:\/\/www.downtownworcester.org\/wp-content\/uploads\/2022\/02\/oishi-cropped-300x201.jpg 300w\" sizes=\"auto, (max-width: 495px) 100vw, 495px\" \/>Ao final do seu passeio, voc\u00ea com certeza estar\u00e1 com bastante apetite. O centro da cidade oferece uma variedade de restaurantes onde voc\u00ea pode encontrar uma refei\u00e7\u00e3o r\u00e1pida. <\/span>O <a href=\"https:\/\/www.yummy-oishi.com\/\" target=\"_blank\" rel=\"noopener\"><span style=\"font-weight: 400;\">Oishi<\/span><\/a><span style=\"font-weight: 400;\"> \u00e9 um balc\u00e3o \u00fanico para culin\u00e1ria japonesa descomplicada que vai deixar voc\u00ea se sentindo rejuvenescido. De cinquenta diferentes tipos de maki e temaki a um favorito do local, o niguiri, eles t\u00eam op\u00e7\u00f5es para todos. V\u00e1 para o almo\u00e7o especial e receba uma bebida, sopa ou salada gr\u00e1tis, dependendo de sua prefer\u00eancia. Ao Norte da Prefeitura, voc\u00ea encontra <a href=\"https:\/\/www.instagram.com\/ila.verde\/\">Ila Verde<\/a><\/span><a href=\"http:\/\/www.woostapizza.com\/\"><span style=\"font-weight: 400;\">. <\/span><\/a><span style=\"font-weight: 400;\">Ao Sul da Prefeitura, voc\u00ea encontra excelente soul food no <\/span><a href=\"https:\/\/www.grubhub.com\/restaurant\/addie-lees-soul-food-596-main-st-worcester\/2510363\"><span style=\"font-weight: 400;\">Addie Lee\u2019s<\/span><\/a><span style=\"font-weight: 400;\">. Des\u00e7a a Franklin Street para outras op\u00e7\u00f5es deliciosas. <\/span><a href=\"http:\/\/theshawarmapalace.com\/\"><span style=\"font-weight: 400;\">Shawarma Palace<\/span><\/a><span style=\"font-weight: 400;\"> serve os melhores pratos do Oriente M\u00e9dio no centro da cidade. N\u00e3o ignore a baklava. N\u00e3o saltar a baklava. <\/span><\/p>\n<p><span style=\"font-weight: 400;\">Certifique-se de manter seu calend\u00e1rio aberto durante o almo\u00e7o \u00e0s quintas-feiras no ver\u00e3o para o <a href=\"http:\/\/www.worcesterma.gov\/worcester-common-oval\/out-to-lunch\" target=\"_blank\" rel=\"noopener\">Festival Out to Lunch e o Mercado de Produtos Agr\u00edcolas<\/a> no Worcester Common Oval.<br \/>\n<\/span>[\/vc_column_text][\/vc_column_inner][\/vc_row_inner][vc_row_inner type=&#8221;boxed&#8221; el_class=&#8221;plan_interior&#8221; css=&#8221;.vc_custom_1644004076887{margin-top: 40px !important;}&#8221;][vc_column_inner width=&#8221;1\/2&#8243; css=&#8221;.vc_custom_1644002919160{margin-top: 40px !important;}&#8221;][vc_single_image image=&#8221;1176&#8243; img_size=&#8221;800&#215;535&#8243; add_caption=&#8221;yes&#8221;][\/vc_column_inner][vc_column_inner width=&#8221;1\/2&#8243;][vc_column_text el_class=&#8221;content-text section-title&#8221;]<\/p>\n<h2>Visite a Biblioteca no Almo\u00e7o<\/h2>\n<p><span style=\"font-weight: 400;\">Complete sua hora de almo\u00e7o entrando na se\u00e7\u00e3o de peri\u00f3dicos <\/span><a href=\"https:\/\/www.mywpl.org\/\"><span style=\"font-weight: 400;\">da Biblioteca P\u00fablica de Worcester<\/span><\/a><span style=\"font-weight: 400;\"> onde voc\u00ea encontrar\u00e1 todas as edi\u00e7\u00f5es mais atuais de jornais e revistas populares, atualizadas diariamente. Quando voc\u00ea voltar ao escrit\u00f3rio, o ar fresco e o sustento far\u00e3o com que voc\u00ea se sinta renovado.<\/span>[\/vc_column_text][\/vc_column_inner][\/vc_row_inner][\/vc_column][\/vc_row][vc_row type=&#8221;boxed&#8221; disable_element=&#8221;yes&#8221; el_class=&#8221;itinerary_photos&#8221;][vc_column]<div id=\"ult-carousel-408869290569f33436eaa26\" class=\"ult-carousel-wrapper   ult_horizontal\" data-gutter=\"15\" data-rtl=\"false\" ><div class=\"ult-carousel-278553744969f33436ea821 \" >[vc_single_image image=&#8221;918&#8243; img_size=&#8221;400&#215;400&#8243; alignment=&#8221;center&#8221; onclick=&#8221;link_image&#8221;][vc_single_image image=&#8221;919&#8243; img_size=&#8221;400&#215;400&#8243; add_caption=&#8221;yes&#8221; alignment=&#8221;center&#8221; onclick=&#8221;link_image&#8221;][vc_single_image image=&#8221;920&#8243; img_size=&#8221;400&#215;400&#8243; alignment=&#8221;center&#8221; onclick=&#8221;link_image&#8221;][vc_single_image image=&#8221;922&#8243; img_size=&#8221;400&#215;400&#8243; alignment=&#8221;center&#8221; onclick=&#8221;link_image&#8221;]<\/div><\/div>\t\t\t<script type=\"text\/javascript\">\r\n\t\t\t\tjQuery(document).ready(function ($) {\r\n\t\t\t\t\tif( typeof jQuery('.ult-carousel-278553744969f33436ea821').slick == \"function\"){\r\n\t\t\t\t\t\t$('.ult-carousel-278553744969f33436ea821').slick({dots: true,autoplay: true,autoplaySpeed: 5000,speed: 300,infinite: true,arrows: true,nextArrow: '<button type=\"button\" role=\"button\" aria-label=\"Next\" style=\"color:#ffffff; font-size:47px;\" class=\"slick-next default\"><i class=\"ultsl-arrow-right4\"><\/i><\/button>',prevArrow: '<button type=\"button\" role=\"button\" aria-label=\"Previous\" style=\"color:#ffffff; font-size:47px;\" class=\"slick-prev default\"><i class=\"ultsl-arrow-left4\"><\/i><\/button>',slidesToScroll:3,slidesToShow:3,swipe: true,draggable: true,touchMove: true,pauseOnHover: true,pauseOnFocus: false,responsive: [\r\n\t\t\t\t\t\t\t{\r\n\t\t\t\t\t\t\t  breakpoint: 1026,\r\n\t\t\t\t\t\t\t  settings: {\r\n\t\t\t\t\t\t\t\tslidesToShow: 3,\r\n\t\t\t\t\t\t\t\tslidesToScroll: 3,  \r\n\t\t\t\t\t\t\t  }\r\n\t\t\t\t\t\t\t},\r\n\t\t\t\t\t\t\t{\r\n\t\t\t\t\t\t\t  breakpoint: 1025,\r\n\t\t\t\t\t\t\t  settings: {\r\n\t\t\t\t\t\t\t\tslidesToShow: 2,\r\n\t\t\t\t\t\t\t\tslidesToScroll: 2\r\n\t\t\t\t\t\t\t  }\r\n\t\t\t\t\t\t\t},\r\n\t\t\t\t\t\t\t{\r\n\t\t\t\t\t\t\t  breakpoint: 760,\r\n\t\t\t\t\t\t\t  settings: {\r\n\t\t\t\t\t\t\t\tslidesToShow: 1,\r\n\t\t\t\t\t\t\t\tslidesToScroll: 1\r\n\t\t\t\t\t\t\t  }\r\n\t\t\t\t\t\t\t}\r\n\t\t\t\t\t\t],pauseOnDotsHover: true,customPaging: function(slider, i) {\r\n                   return '<i type=\"button\" style= \"color:#333333;\" class=\"ultsl-record\" data-role=\"none\"><\/i>';\r\n                },});\r\n\t\t\t\t\t}\r\n\t\t\t\t});\r\n\t\t\t<\/script>\r\n\t\t\t[\/vc_column][\/vc_row]<\/p>\n<\/div>","protected":false},"excerpt":{"rendered":"<p>[vc_row el_class=&#8221;inner-banner-section&#8221; css=&#8221;.vc_custom_1646277072918{background-image: url(https:\/\/www.downtownworcester.org\/wp-content\/uploads\/2022\/03\/Couple-walking-down-street.jpg?id=1351) !important;background-position: center !important;background-repeat: no-repeat !important;background-size: cover !important;}&#8221;][vc_column][vc_row_inner type=&#8221;boxed&#8221; el_class=&#8221;inner-banner-row&#8221;][vc_column_inner][vc_column_text el_class=&#8221;banner-text content-text light-text&#8221;] Pausa para almo\u00e7o no centro da cidade [\/vc_column_text][\/vc_column_inner][\/vc_row_inner][\/vc_column][\/vc_row][vc_row max_width=&#8221;1080px&#8221; el_class=&#8221;br_top&#8221; css=&#8221;.vc_custom_1628273904931{margin-bottom: 60px !important;}&#8221;][vc_column][vc_row_inner type=&#8221;boxed&#8221; el_class=&#8221;plan_interior&#8221; css=&#8221;.vc_custom_1644004098622{margin-bottom: 40px !important;}&#8221;][vc_column_inner width=&#8221;1\/2&#8243;][vc_column_text el_class=&#8221;content-text section-title&#8221;] Pegue Caf\u00e9 e Ch\u00e1 Frescos Trabalhando no centro da cidade e est\u00e1 precisando &hellip;<\/p>\n","protected":false},"author":1,"featured_media":0,"parent":5371,"menu_order":0,"comment_status":"closed","ping_status":"closed","template":"templates\/page-full.php","meta":{"_acf_changed":false,"footnotes":""},"class_list":["post-5378","page","type-page","status-publish","hentry"],"acf":[],"yoast_head":"<!-- This site is optimized with the Yoast SEO plugin v23.1 - https:\/\/yoast.com\/wordpress\/plugins\/seo\/ -->\n<title>Pausa para almo\u00e7o no centro da cidade - Downtown Worcester<\/title>\n<meta name=\"robots\" content=\"index, follow, max-snippet:-1, max-image-preview:large, max-video-preview:-1\" \/>\n<link rel=\"canonical\" href=\"https:\/\/www.downtownworcester.org\/pt-br\/planeje-sua-visita\/pausa-para-almoco-no-centro-da-cidade\/\" \/>\n<meta property=\"og:locale\" content=\"pt_BR\" \/>\n<meta property=\"og:type\" content=\"article\" \/>\n<meta property=\"og:title\" content=\"Pausa para almo\u00e7o no centro da cidade - Downtown Worcester\" \/>\n<meta property=\"og:description\" content=\"[vc_row el_class=&#8221;inner-banner-section&#8221; css=&#8221;.vc_custom_1646277072918{background-image: url(https:\/\/www.downtownworcester.org\/wp-content\/uploads\/2022\/03\/Couple-walking-down-street.jpg?id=1351) !important;background-position: center !important;background-repeat: no-repeat !important;background-size: cover !important;}&#8221;][vc_column][vc_row_inner type=&#8221;boxed&#8221; el_class=&#8221;inner-banner-row&#8221;][vc_column_inner][vc_column_text el_class=&#8221;banner-text content-text light-text&#8221;] Pausa para almo\u00e7o no centro da cidade [\/vc_column_text][\/vc_column_inner][\/vc_row_inner][\/vc_column][\/vc_row][vc_row max_width=&#8221;1080px&#8221; el_class=&#8221;br_top&#8221; css=&#8221;.vc_custom_1628273904931{margin-bottom: 60px !important;}&#8221;][vc_column][vc_row_inner type=&#8221;boxed&#8221; el_class=&#8221;plan_interior&#8221; css=&#8221;.vc_custom_1644004098622{margin-bottom: 40px !important;}&#8221;][vc_column_inner width=&#8221;1\/2&#8243;][vc_column_text el_class=&#8221;content-text section-title&#8221;] Pegue Caf\u00e9 e Ch\u00e1 Frescos Trabalhando no centro da cidade e est\u00e1 precisando &hellip;\" \/>\n<meta property=\"og:url\" content=\"https:\/\/www.downtownworcester.org\/pt-br\/planeje-sua-visita\/pausa-para-almoco-no-centro-da-cidade\/\" \/>\n<meta property=\"og:site_name\" content=\"Downtown Worcester\" \/>\n<meta property=\"article:publisher\" content=\"https:\/\/www.facebook.com\/DowntownWorcesterBID\" \/>\n<meta property=\"article:modified_time\" content=\"2024-07-30T12:56:12+00:00\" \/>\n<meta property=\"og:image\" content=\"https:\/\/www.downtownworcester.org\/wp-content\/uploads\/2022\/02\/oishi-cropped.jpg\" \/>\n<meta name=\"twitter:card\" content=\"summary_large_image\" \/>\n<meta name=\"twitter:label1\" content=\"Est. tempo de leitura\" \/>\n\t<meta name=\"twitter:data1\" content=\"5 minutos\" \/>\n<script type=\"application\/ld+json\" class=\"yoast-schema-graph\">{\"@context\":\"https:\/\/schema.org\",\"@graph\":[{\"@type\":\"WebPage\",\"@id\":\"https:\/\/www.downtownworcester.org\/pt-br\/planeje-sua-visita\/pausa-para-almoco-no-centro-da-cidade\/\",\"url\":\"https:\/\/www.downtownworcester.org\/pt-br\/planeje-sua-visita\/pausa-para-almoco-no-centro-da-cidade\/\",\"name\":\"Pausa para almo\u00e7o no centro da cidade - Downtown Worcester\",\"isPartOf\":{\"@id\":\"https:\/\/www.downtownworcester.org\/pt-br\/#website\"},\"primaryImageOfPage\":{\"@id\":\"https:\/\/www.downtownworcester.org\/pt-br\/planeje-sua-visita\/pausa-para-almoco-no-centro-da-cidade\/#primaryimage\"},\"image\":{\"@id\":\"https:\/\/www.downtownworcester.org\/pt-br\/planeje-sua-visita\/pausa-para-almoco-no-centro-da-cidade\/#primaryimage\"},\"thumbnailUrl\":\"https:\/\/www.downtownworcester.org\/wp-content\/uploads\/2022\/02\/oishi-cropped.jpg\",\"datePublished\":\"2021-12-27T21:26:29+00:00\",\"dateModified\":\"2024-07-30T12:56:12+00:00\",\"breadcrumb\":{\"@id\":\"https:\/\/www.downtownworcester.org\/pt-br\/planeje-sua-visita\/pausa-para-almoco-no-centro-da-cidade\/#breadcrumb\"},\"inLanguage\":\"pt-BR\",\"potentialAction\":[{\"@type\":\"ReadAction\",\"target\":[\"https:\/\/www.downtownworcester.org\/pt-br\/planeje-sua-visita\/pausa-para-almoco-no-centro-da-cidade\/\"]}]},{\"@type\":\"ImageObject\",\"inLanguage\":\"pt-BR\",\"@id\":\"https:\/\/www.downtownworcester.org\/pt-br\/planeje-sua-visita\/pausa-para-almoco-no-centro-da-cidade\/#primaryimage\",\"url\":\"https:\/\/www.downtownworcester.org\/wp-content\/uploads\/2022\/02\/oishi-cropped.jpg\",\"contentUrl\":\"https:\/\/www.downtownworcester.org\/wp-content\/uploads\/2022\/02\/oishi-cropped.jpg\"},{\"@type\":\"BreadcrumbList\",\"@id\":\"https:\/\/www.downtownworcester.org\/pt-br\/planeje-sua-visita\/pausa-para-almoco-no-centro-da-cidade\/#breadcrumb\",\"itemListElement\":[{\"@type\":\"ListItem\",\"position\":1,\"name\":\"Home\",\"item\":\"https:\/\/www.downtownworcester.org\/pt-br\/\"},{\"@type\":\"ListItem\",\"position\":2,\"name\":\"Planeje sua visita\",\"item\":\"https:\/\/www.downtownworcester.org\/pt-br\/planeje-sua-visita\/\"},{\"@type\":\"ListItem\",\"position\":3,\"name\":\"Pausa para almo\u00e7o no centro da cidade\"}]},{\"@type\":\"WebSite\",\"@id\":\"https:\/\/www.downtownworcester.org\/pt-br\/#website\",\"url\":\"https:\/\/www.downtownworcester.org\/pt-br\/\",\"name\":\"Downtown Worcester\",\"description\":\"Downtown Worcester Business Improvement District | It&#039;s all here!\",\"publisher\":{\"@id\":\"https:\/\/www.downtownworcester.org\/pt-br\/#organization\"},\"potentialAction\":[{\"@type\":\"SearchAction\",\"target\":{\"@type\":\"EntryPoint\",\"urlTemplate\":\"https:\/\/www.downtownworcester.org\/pt-br\/?s={search_term_string}\"},\"query-input\":\"required name=search_term_string\"}],\"inLanguage\":\"pt-BR\"},{\"@type\":\"Organization\",\"@id\":\"https:\/\/www.downtownworcester.org\/pt-br\/#organization\",\"name\":\"Downtown Worcester\",\"url\":\"https:\/\/www.downtownworcester.org\/pt-br\/\",\"logo\":{\"@type\":\"ImageObject\",\"inLanguage\":\"pt-BR\",\"@id\":\"https:\/\/www.downtownworcester.org\/pt-br\/#\/schema\/logo\/image\/\",\"url\":\"https:\/\/www.downtownworcester.org\/wp-content\/uploads\/2023\/01\/WorcesterLogos-02.png\",\"contentUrl\":\"https:\/\/www.downtownworcester.org\/wp-content\/uploads\/2023\/01\/WorcesterLogos-02.png\",\"width\":3655,\"height\":877,\"caption\":\"Downtown Worcester\"},\"image\":{\"@id\":\"https:\/\/www.downtownworcester.org\/pt-br\/#\/schema\/logo\/image\/\"},\"sameAs\":[\"https:\/\/www.facebook.com\/DowntownWorcesterBID\",\"https:\/\/www.instagram.com\/downtownworcesterbid\/\",\"https:\/\/www.linkedin.com\/company\/downtown-worcester-business-improvement-district\/\"]}]}<\/script>\n<!-- \/ Yoast SEO plugin. -->","yoast_head_json":{"title":"Pausa para almo\u00e7o no centro da cidade - Downtown Worcester","robots":{"index":"index","follow":"follow","max-snippet":"max-snippet:-1","max-image-preview":"max-image-preview:large","max-video-preview":"max-video-preview:-1"},"canonical":"https:\/\/www.downtownworcester.org\/pt-br\/planeje-sua-visita\/pausa-para-almoco-no-centro-da-cidade\/","og_locale":"pt_BR","og_type":"article","og_title":"Pausa para almo\u00e7o no centro da cidade - Downtown Worcester","og_description":"[vc_row el_class=&#8221;inner-banner-section&#8221; css=&#8221;.vc_custom_1646277072918{background-image: url(https:\/\/www.downtownworcester.org\/wp-content\/uploads\/2022\/03\/Couple-walking-down-street.jpg?id=1351) !important;background-position: center !important;background-repeat: no-repeat !important;background-size: cover !important;}&#8221;][vc_column][vc_row_inner type=&#8221;boxed&#8221; el_class=&#8221;inner-banner-row&#8221;][vc_column_inner][vc_column_text el_class=&#8221;banner-text content-text light-text&#8221;] Pausa para almo\u00e7o no centro da cidade [\/vc_column_text][\/vc_column_inner][\/vc_row_inner][\/vc_column][\/vc_row][vc_row max_width=&#8221;1080px&#8221; el_class=&#8221;br_top&#8221; css=&#8221;.vc_custom_1628273904931{margin-bottom: 60px !important;}&#8221;][vc_column][vc_row_inner type=&#8221;boxed&#8221; el_class=&#8221;plan_interior&#8221; css=&#8221;.vc_custom_1644004098622{margin-bottom: 40px !important;}&#8221;][vc_column_inner width=&#8221;1\/2&#8243;][vc_column_text el_class=&#8221;content-text section-title&#8221;] Pegue Caf\u00e9 e Ch\u00e1 Frescos Trabalhando no centro da cidade e est\u00e1 precisando &hellip;","og_url":"https:\/\/www.downtownworcester.org\/pt-br\/planeje-sua-visita\/pausa-para-almoco-no-centro-da-cidade\/","og_site_name":"Downtown Worcester","article_publisher":"https:\/\/www.facebook.com\/DowntownWorcesterBID","article_modified_time":"2024-07-30T12:56:12+00:00","og_image":[{"url":"https:\/\/www.downtownworcester.org\/wp-content\/uploads\/2022\/02\/oishi-cropped.jpg"}],"twitter_card":"summary_large_image","twitter_misc":{"Est. tempo de leitura":"5 minutos"},"schema":{"@context":"https:\/\/schema.org","@graph":[{"@type":"WebPage","@id":"https:\/\/www.downtownworcester.org\/pt-br\/planeje-sua-visita\/pausa-para-almoco-no-centro-da-cidade\/","url":"https:\/\/www.downtownworcester.org\/pt-br\/planeje-sua-visita\/pausa-para-almoco-no-centro-da-cidade\/","name":"Pausa para almo\u00e7o no centro da cidade - Downtown Worcester","isPartOf":{"@id":"https:\/\/www.downtownworcester.org\/pt-br\/#website"},"primaryImageOfPage":{"@id":"https:\/\/www.downtownworcester.org\/pt-br\/planeje-sua-visita\/pausa-para-almoco-no-centro-da-cidade\/#primaryimage"},"image":{"@id":"https:\/\/www.downtownworcester.org\/pt-br\/planeje-sua-visita\/pausa-para-almoco-no-centro-da-cidade\/#primaryimage"},"thumbnailUrl":"https:\/\/www.downtownworcester.org\/wp-content\/uploads\/2022\/02\/oishi-cropped.jpg","datePublished":"2021-12-27T21:26:29+00:00","dateModified":"2024-07-30T12:56:12+00:00","breadcrumb":{"@id":"https:\/\/www.downtownworcester.org\/pt-br\/planeje-sua-visita\/pausa-para-almoco-no-centro-da-cidade\/#breadcrumb"},"inLanguage":"pt-BR","potentialAction":[{"@type":"ReadAction","target":["https:\/\/www.downtownworcester.org\/pt-br\/planeje-sua-visita\/pausa-para-almoco-no-centro-da-cidade\/"]}]},{"@type":"ImageObject","inLanguage":"pt-BR","@id":"https:\/\/www.downtownworcester.org\/pt-br\/planeje-sua-visita\/pausa-para-almoco-no-centro-da-cidade\/#primaryimage","url":"https:\/\/www.downtownworcester.org\/wp-content\/uploads\/2022\/02\/oishi-cropped.jpg","contentUrl":"https:\/\/www.downtownworcester.org\/wp-content\/uploads\/2022\/02\/oishi-cropped.jpg"},{"@type":"BreadcrumbList","@id":"https:\/\/www.downtownworcester.org\/pt-br\/planeje-sua-visita\/pausa-para-almoco-no-centro-da-cidade\/#breadcrumb","itemListElement":[{"@type":"ListItem","position":1,"name":"Home","item":"https:\/\/www.downtownworcester.org\/pt-br\/"},{"@type":"ListItem","position":2,"name":"Planeje sua visita","item":"https:\/\/www.downtownworcester.org\/pt-br\/planeje-sua-visita\/"},{"@type":"ListItem","position":3,"name":"Pausa para almo\u00e7o no centro da cidade"}]},{"@type":"WebSite","@id":"https:\/\/www.downtownworcester.org\/pt-br\/#website","url":"https:\/\/www.downtownworcester.org\/pt-br\/","name":"Downtown Worcester","description":"Downtown Worcester Business Improvement District | It&#039;s all here!","publisher":{"@id":"https:\/\/www.downtownworcester.org\/pt-br\/#organization"},"potentialAction":[{"@type":"SearchAction","target":{"@type":"EntryPoint","urlTemplate":"https:\/\/www.downtownworcester.org\/pt-br\/?s={search_term_string}"},"query-input":"required name=search_term_string"}],"inLanguage":"pt-BR"},{"@type":"Organization","@id":"https:\/\/www.downtownworcester.org\/pt-br\/#organization","name":"Downtown Worcester","url":"https:\/\/www.downtownworcester.org\/pt-br\/","logo":{"@type":"ImageObject","inLanguage":"pt-BR","@id":"https:\/\/www.downtownworcester.org\/pt-br\/#\/schema\/logo\/image\/","url":"https:\/\/www.downtownworcester.org\/wp-content\/uploads\/2023\/01\/WorcesterLogos-02.png","contentUrl":"https:\/\/www.downtownworcester.org\/wp-content\/uploads\/2023\/01\/WorcesterLogos-02.png","width":3655,"height":877,"caption":"Downtown Worcester"},"image":{"@id":"https:\/\/www.downtownworcester.org\/pt-br\/#\/schema\/logo\/image\/"},"sameAs":["https:\/\/www.facebook.com\/DowntownWorcesterBID","https:\/\/www.instagram.com\/downtownworcesterbid\/","https:\/\/www.linkedin.com\/company\/downtown-worcester-business-improvement-district\/"]}]}},"_links":{"self":[{"href":"https:\/\/www.downtownworcester.org\/pt-br\/wp-json\/wp\/v2\/pages\/5378","targetHints":{"allow":["GET"]}}],"collection":[{"href":"https:\/\/www.downtownworcester.org\/pt-br\/wp-json\/wp\/v2\/pages"}],"about":[{"href":"https:\/\/www.downtownworcester.org\/pt-br\/wp-json\/wp\/v2\/types\/page"}],"author":[{"embeddable":true,"href":"https:\/\/www.downtownworcester.org\/pt-br\/wp-json\/wp\/v2\/users\/1"}],"replies":[{"embeddable":true,"href":"https:\/\/www.downtownworcester.org\/pt-br\/wp-json\/wp\/v2\/comments?post=5378"}],"version-history":[{"count":8,"href":"https:\/\/www.downtownworcester.org\/pt-br\/wp-json\/wp\/v2\/pages\/5378\/revisions"}],"predecessor-version":[{"id":23289,"href":"https:\/\/www.downtownworcester.org\/pt-br\/wp-json\/wp\/v2\/pages\/5378\/revisions\/23289"}],"up":[{"embeddable":true,"href":"https:\/\/www.downtownworcester.org\/pt-br\/wp-json\/wp\/v2\/pages\/5371"}],"wp:attachment":[{"href":"https:\/\/www.downtownworcester.org\/pt-br\/wp-json\/wp\/v2\/media?parent=5378"}],"curies":[{"name":"wp","href":"https:\/\/api.w.org\/{rel}","templated":true}]}}