{"id":5374,"date":"2021-12-27T11:46:32","date_gmt":"2021-12-27T16:46:32","guid":{"rendered":"https:\/\/www.downtownworcester.org\/planeje-sua-visita\/descubra-o-sabor\/"},"modified":"2024-07-30T08:46:01","modified_gmt":"2024-07-30T12:46:01","slug":"descubra-o-sabor","status":"publish","type":"page","link":"https:\/\/www.downtownworcester.org\/pt-br\/planeje-sua-visita\/descubra-o-sabor\/","title":{"rendered":"Descubra o Sabor"},"content":{"rendered":"<div class=\"wpb-content-wrapper\"><p>[vc_row el_class=&#8221;inner-banner-section&#8221; css=&#8221;.vc_custom_1702739372563{background-image: url(https:\/\/www.downtownworcester.org\/wp-content\/uploads\/2023\/10\/Chashu_DiscoverFlavor.jpg?id=16742) !important;background-position: center !important;background-repeat: no-repeat !important;background-size: cover !important;}&#8221;][vc_column][vc_row_inner type=&#8221;boxed&#8221; el_class=&#8221;inner-banner-row&#8221;][vc_column_inner][vc_column_text el_class=&#8221;banner-text content-text light-text&#8221;]<\/p>\n<h1 style=\"text-align: center;\">Descubra o Sabor<\/h1>\n<p>[\/vc_column_text][\/vc_column_inner][\/vc_row_inner][\/vc_column][\/vc_row][vc_row max_width=&#8221;1080px&#8221; el_class=&#8221;br_top&#8221; css=&#8221;.vc_custom_1628273904931{margin-bottom: 60px !important;}&#8221;][vc_column][vc_row_inner type=&#8221;boxed&#8221; el_class=&#8221;plan_interior&#8221; css=&#8221;.vc_custom_1640636491405{margin-bottom: 30px !important;}&#8221;][vc_column_inner][vc_column_text el_class=&#8221;content-text section-title&#8221;]As op\u00e7\u00f5es gastron\u00f4micas do centro de Worcester refletem a diversidade cultural da cidade, a criatividade e o orgulho intenso da cidade natal. Nossos restaurantes do bairro podem transformar uma simples noite na cidade em uma mem\u00f3ria preciosa. O que lhe apetece? Experimente uma ampla variedade de op\u00e7\u00f5es &#8211; seu paladar e seguidores do Instagram agradecer\u00e3o mais tarde.[\/vc_column_text][\/vc_column_inner][\/vc_row_inner][vc_row_inner type=&#8221;boxed&#8221; el_class=&#8221;plan_interior&#8221; css=&#8221;.vc_custom_1645153428706{margin-bottom: 40px !important;}&#8221;][vc_column_inner width=&#8221;1\/2&#8243;][vc_column_text el_class=&#8221;content-text section-title&#8221;]<\/p>\n<h2><a href=\"https:\/\/www.110grill.com\/worcester-ma\">110 Grill<\/a><\/h2>\n<p>O 110 Grill em Worcester \u00e9 conhecido por sua cozinha moderna americana e por um movimentado cen\u00e1rio de bares. Este bar no centro da cidade est\u00e1 localizado ao lado do AC Hotel, tornando-o um ponto de encontro favorito entre os moradores e visitantes de fora da cidade. Com pratos que v\u00e3o desde um farto Macarr\u00e3o com Queijo e Porco Desfiado at\u00e9 um delicado Bacalhau Envolto em Presunto, o 110 Grill certamente ter\u00e1 algo gratificante para todos os visitantes. Desfrute de seus concorridos lugares no p\u00e1tio ao ar livre e braseiro flamejante se sua ideia de noite perfeita for tomar ar fresco e observar as pessoas.[\/vc_column_text][vc_column_text el_class=&#8221;history_learn_more&#8221;]<a href=\"https:\/\/www.110grill.com\/worcester-ma\">Saiba Mais<\/a>[\/vc_column_text][\/vc_column_inner][vc_column_inner width=&#8221;1\/2&#8243; css=&#8221;.vc_custom_1643798509494{margin-top: 40px !important;}&#8221;][vc_single_image image=&#8221;1460&#8243; img_size=&#8221;full&#8221;][\/vc_column_inner][\/vc_row_inner][vc_row_inner type=&#8221;boxed&#8221; el_class=&#8221;plan_interior&#8221; css=&#8221;.vc_custom_1645153421139{margin-bottom: 40px !important;}&#8221;][vc_column_inner width=&#8221;1\/2&#8243; css=&#8221;.vc_custom_1645153324739{margin-top: 40px !important;}&#8221;][vc_single_image image=&#8221;1183&#8243; img_size=&#8221;800&#215;535&#8243; add_caption=&#8221;yes&#8221;][\/vc_column_inner][vc_column_inner width=&#8221;1\/2&#8243;][vc_column_text el_class=&#8221;content-text section-title&#8221;]<\/p>\n<h2><a href=\"https:\/\/www.facebook.com\/addieleessoulfood\/\">Addie Lee\u2019s<\/a><\/h2>\n<p>O Addie Lee&#8217;s possui a melhor soul food (culin\u00e1ria do Sul dos Estados Unidos) do centro da cidade. Rob Evans, nativo de Worcester, e sua fam\u00edlia abriram o Addie Lee&#8217;s na Main Street em homenagem \u00e0 sua bisav\u00f3 que nasceu no Mississippi em 1909. Todas as receitas do restaurante foram transmitidas por sua hom\u00f4nima, Addie Lee. Evans recorda de sua av\u00f3 como uma mulher de neg\u00f3cios astuta com uma abordagem sem exageros.[\/vc_column_text][vc_column_text el_class=&#8221;history_learn_more&#8221;]<a href=\"https:\/\/www.facebook.com\/addieleessoulfood\/\">Saiba Mais<\/a>[\/vc_column_text][\/vc_column_inner][\/vc_row_inner][vc_row_inner type=&#8221;boxed&#8221; el_class=&#8221;plan_interior&#8221; css=&#8221;.vc_custom_1645153545184{margin-bottom: 40px !important;}&#8221;][vc_column_inner width=&#8221;1\/2&#8243;][vc_column_text el_class=&#8221;content-text section-title&#8221;]<\/p>\n<h2><a href=\"http:\/\/www.armsbyabbey.com\">Armsby Abbey<\/a><\/h2>\n<p>N\u00e3o se deixe intimidar pela fila de cinquenta pessoas esperando do lado de fora do Armsby Abbey todo fim de semana. Este brewpub local (bar que produz e vende sua pr\u00f3pria cerveja) com reputa\u00e7\u00e3o nacional atrai multid\u00f5es para o brunch, mas as reservas para o jantar s\u00e3o mais f\u00e1ceis de serem feitas se voc\u00ea planejar com anteced\u00eancia. O Armsby Abbey tamb\u00e9m \u00e9 o \u00fanico lugar no estado onde os nerds da cerveja podem colocar as m\u00e3os em um copo de Hill Farmstead, eleita a melhor cervejaria do mundo. O menu muda a cada semana para refletir a disponibilidade de ingredientes frescos da fazenda e os interesses ecl\u00e9ticos da equipe culin\u00e1ria do Armsby. Dica profissional: Os clientes do bar pulam a fila quando as portas se abrem, ent\u00e3o planeje de acordo.[\/vc_column_text][vc_column_text el_class=&#8221;history_learn_more&#8221;]<a href=\"http:\/\/www.armsbyabbey.com\">Saiba Mais<\/a>[\/vc_column_text][\/vc_column_inner][vc_column_inner width=&#8221;1\/2&#8243; css=&#8221;.vc_custom_1645153294835{margin-top: 40px !important;}&#8221;][vc_single_image image=&#8221;1182&#8243; img_size=&#8221;800&#215;535&#8243; add_caption=&#8221;yes&#8221;][\/vc_column_inner][\/vc_row_inner][vc_row_inner type=&#8221;boxed&#8221; el_class=&#8221;plan_interior&#8221; css=&#8221;.vc_custom_1645153551642{margin-bottom: 40px !important;}&#8221;][vc_column_inner width=&#8221;1\/2&#8243; css=&#8221;.vc_custom_1643797977113{margin-top: 40px !important;}&#8221;][vc_single_image image=&#8221;4718&#8243; img_size=&#8221;800&#215;535&#8243; add_caption=&#8221;yes&#8221;][\/vc_column_inner][vc_column_inner width=&#8221;1\/2&#8243;][vc_column_text el_class=&#8221;content-text section-title&#8221;]<\/p>\n<h2><a href=\"https:\/\/www.chashuramen.com\/\">Chashu Ramen<\/a><\/h2>\n<p>Nada supera uma tigela nutritiva de l\u00e1men fumegante em uma noite agitada no centro da cidade. O Chashu Ramen serve o melhor caldo da cidade, oferecendo uma fus\u00e3o de sabores e t\u00e9cnicas origin\u00e1rias de cinco regi\u00f5es orientais. Al\u00e9m do l\u00e1men, o Chashu Ramen tamb\u00e9m cria seu pr\u00f3prio izakaya, juntamente com pequenos pratos deliciosos, como o tofu cajun togashi grelhado e o frango frito bao bao. N\u00e3o ignore as costelas grelhadas no carv\u00e3o e os camar\u00f5es selvagens escaldantes. Traga amigos; o Chashu fica melhor como uma experi\u00eancia comunit\u00e1ria.[\/vc_column_text][vc_column_text el_class=&#8221;history_learn_more&#8221;]<a href=\"https:\/\/www.chashuramen.com\/\">Saiba Mais<\/a>[\/vc_column_text][\/vc_column_inner][\/vc_row_inner][vc_row_inner type=&#8221;boxed&#8221; el_class=&#8221;plan_interior&#8221; css=&#8221;.vc_custom_1645153556984{margin-bottom: 40px !important;}&#8221;][vc_column_inner width=&#8221;1\/2&#8243;][vc_column_text el_class=&#8221;content-text section-title&#8221;]<\/p>\n<h2><a href=\"http:\/\/www.deadhorsehill.com\">deadhorse hill<\/a><\/h2>\n<p>O deadhorse hill est\u00e1 localizado no antigo hotel &#8216;Bay State House&#8217;, um marco hist\u00f3rico do centro da cidade. O Chef Executivo Jared Forman, vindo da cidade de Nova York, evolui seu menu sazonal americano todas as noites para refletir os ingredientes mais frescos e as t\u00e9cnicas mais inovadoras em seu arsenal crescente. Os programas de vinhos naturais e coquet\u00e9is do deadhorse hill s\u00e3o realmente excepcionais. O curr\u00edculo de Forman inclui alguns dos restaurantes mais famosos do pa\u00eds, incluindo Per Se, Momofuku e Marea.[\/vc_column_text][vc_column_text el_class=&#8221;history_learn_more&#8221;]<a href=\"http:\/\/www.deadhorsehill.com\">Saiba Mais<\/a>[\/vc_column_text][\/vc_column_inner][vc_column_inner width=&#8221;1\/2&#8243; css=&#8221;.vc_custom_1645153206105{margin-top: 40px !important;}&#8221;][vc_single_image image=&#8221;1181&#8243; img_size=&#8221;800&#215;535&#8243; add_caption=&#8221;yes&#8221;][\/vc_column_inner][\/vc_row_inner][vc_row_inner type=&#8221;boxed&#8221; el_class=&#8221;plan_interior&#8221; css=&#8221;.vc_custom_1645153562199{margin-bottom: 40px !important;}&#8221;][vc_column_inner width=&#8221;1\/2&#8243; css=&#8221;.vc_custom_1644002518055{margin-top: 40px !important;}&#8221;][vc_single_image image=&#8221;1093&#8243; img_size=&#8221;800&#215;535&#8243; add_caption=&#8221;yes&#8221;][\/vc_column_inner][vc_column_inner width=&#8221;1\/2&#8243;][vc_column_text el_class=&#8221;content-text section-title&#8221;]<\/p>\n<h2><a href=\"http:\/\/www.theatre-cafe.net\">The Theatre Caf\u00e9<\/a><\/h2>\n<p>Antes de ir a um show no The Hanover Theatre ou depois de assistir a uma apresenta\u00e7\u00e3o no BrickBox Theatre, \u00e9 uma tradi\u00e7\u00e3o do centro da cidade jantar no The Theatre Caf\u00e9. Este bistr\u00f4 local leva \u201cjantar e show\u201d ao pr\u00f3ximo n\u00edvel com uma grande variedade de pratos gourmet. O menu est\u00e1 repleto de trocadilhos teatrais inteligentes, como uma se\u00e7\u00e3o de aperitivos apelidada de \u201cato de abertura\u201d e acompanhamentos apontados como \u201celenco de apoio\u201d. O Caf\u00e9 tamb\u00e9m \u00e9 o local perfeito para celebrar marcos como anivers\u00e1rios, ch\u00e1s de panela e eventos empresariais. As reservas se esgotam rapidamente nas noites de shows, portanto, garanta seu lugar.[\/vc_column_text][vc_column_text el_class=&#8221;history_learn_more&#8221;]<a href=\"http:\/\/www.theatre-cafe.net\">Saiba Mais<\/a>[\/vc_column_text][\/vc_column_inner][\/vc_row_inner][vc_row_inner type=&#8221;boxed&#8221; el_class=&#8221;plan_interior&#8221; css=&#8221;.vc_custom_1645153569658{margin-bottom: 40px !important;}&#8221;][vc_column_inner width=&#8221;1\/2&#8243;][vc_column_text el_class=&#8221;content-text section-title&#8221;]<\/p>\n<h2><a href=\"http:\/\/theshawarmapalace.com\/\">Shawarma Palace<\/a><\/h2>\n<p>Se o centro da cidade \u00e9 o campus de Worcester, ent\u00e3o o Shawarma Palace \u00e9 nosso refeit\u00f3rio. Voc\u00ea certamente encontrar\u00e1 seus pol\u00edticos, advogados e criativos locais favoritos comendo tigelas de h\u00famus rico em tahine e fatias quentes de p\u00e3o pita fresco. O menu \u00e9 recheado com uma rica variedade de pratos levantinos, mediterr\u00e2neos, do Oriente M\u00e9dio e libaneses. O Shawarma Palace garante a prepara\u00e7\u00e3o do velho mundo de ingredientes cultivados de forma respons\u00e1vel e eticamente elevada. Experimente o falafel, labneh e quibe &#8211; e ent\u00e3o termine com baklava.[\/vc_column_text][vc_column_text el_class=&#8221;history_learn_more&#8221;]<a href=\"http:\/\/theshawarmapalace.com\/\">Saiba Mais<\/a>[\/vc_column_text][\/vc_column_inner][vc_column_inner width=&#8221;1\/2&#8243; css=&#8221;.vc_custom_1643798208658{margin-top: 40px !important;}&#8221;][vc_single_image image=&#8221;1049&#8243; img_size=&#8221;800&#215;535&#8243; add_caption=&#8221;yes&#8221;][\/vc_column_inner][\/vc_row_inner][\/vc_column][\/vc_row][vc_row type=&#8221;boxed&#8221; el_class=&#8221;itinerary_photos&#8221;][vc_column][vc_empty_space height=&#8221;64px&#8221;][\/vc_column][\/vc_row]<\/p>\n<\/div>","protected":false},"excerpt":{"rendered":"<p>[vc_row el_class=&#8221;inner-banner-section&#8221; css=&#8221;.vc_custom_1702739372563{background-image: url(https:\/\/www.downtownworcester.org\/wp-content\/uploads\/2023\/10\/Chashu_DiscoverFlavor.jpg?id=16742) !important;background-position: center !important;background-repeat: no-repeat !important;background-size: cover !important;}&#8221;][vc_column][vc_row_inner type=&#8221;boxed&#8221; el_class=&#8221;inner-banner-row&#8221;][vc_column_inner][vc_column_text el_class=&#8221;banner-text content-text light-text&#8221;] Descubra o Sabor [\/vc_column_text][\/vc_column_inner][\/vc_row_inner][\/vc_column][\/vc_row][vc_row max_width=&#8221;1080px&#8221; el_class=&#8221;br_top&#8221; css=&#8221;.vc_custom_1628273904931{margin-bottom: 60px !important;}&#8221;][vc_column][vc_row_inner type=&#8221;boxed&#8221; el_class=&#8221;plan_interior&#8221; css=&#8221;.vc_custom_1640636491405{margin-bottom: 30px !important;}&#8221;][vc_column_inner][vc_column_text el_class=&#8221;content-text section-title&#8221;]As op\u00e7\u00f5es gastron\u00f4micas do centro de Worcester refletem a diversidade cultural da cidade, a criatividade e o orgulho intenso &hellip;<\/p>\n","protected":false},"author":1,"featured_media":0,"parent":5371,"menu_order":0,"comment_status":"closed","ping_status":"closed","template":"templates\/page-full.php","meta":{"_acf_changed":false,"footnotes":""},"class_list":["post-5374","page","type-page","status-publish","hentry"],"acf":[],"yoast_head":"<!-- This site is optimized with the Yoast SEO plugin v23.1 - https:\/\/yoast.com\/wordpress\/plugins\/seo\/ -->\n<title>Descubra o Sabor - Downtown Worcester<\/title>\n<meta name=\"robots\" content=\"index, follow, max-snippet:-1, max-image-preview:large, max-video-preview:-1\" \/>\n<link rel=\"canonical\" href=\"https:\/\/www.downtownworcester.org\/pt-br\/planeje-sua-visita\/descubra-o-sabor\/\" \/>\n<meta property=\"og:locale\" content=\"pt_BR\" \/>\n<meta property=\"og:type\" content=\"article\" \/>\n<meta property=\"og:title\" content=\"Descubra o Sabor - Downtown Worcester\" \/>\n<meta property=\"og:description\" content=\"[vc_row el_class=&#8221;inner-banner-section&#8221; css=&#8221;.vc_custom_1702739372563{background-image: url(https:\/\/www.downtownworcester.org\/wp-content\/uploads\/2023\/10\/Chashu_DiscoverFlavor.jpg?id=16742) !important;background-position: center !important;background-repeat: no-repeat !important;background-size: cover !important;}&#8221;][vc_column][vc_row_inner type=&#8221;boxed&#8221; el_class=&#8221;inner-banner-row&#8221;][vc_column_inner][vc_column_text el_class=&#8221;banner-text content-text light-text&#8221;] Descubra o Sabor [\/vc_column_text][\/vc_column_inner][\/vc_row_inner][\/vc_column][\/vc_row][vc_row max_width=&#8221;1080px&#8221; el_class=&#8221;br_top&#8221; css=&#8221;.vc_custom_1628273904931{margin-bottom: 60px !important;}&#8221;][vc_column][vc_row_inner type=&#8221;boxed&#8221; el_class=&#8221;plan_interior&#8221; css=&#8221;.vc_custom_1640636491405{margin-bottom: 30px !important;}&#8221;][vc_column_inner][vc_column_text el_class=&#8221;content-text section-title&#8221;]As op\u00e7\u00f5es gastron\u00f4micas do centro de Worcester refletem a diversidade cultural da cidade, a criatividade e o orgulho intenso &hellip;\" \/>\n<meta property=\"og:url\" content=\"https:\/\/www.downtownworcester.org\/pt-br\/planeje-sua-visita\/descubra-o-sabor\/\" \/>\n<meta property=\"og:site_name\" content=\"Downtown Worcester\" \/>\n<meta property=\"article:publisher\" content=\"https:\/\/www.facebook.com\/DowntownWorcesterBID\" \/>\n<meta property=\"article:modified_time\" content=\"2024-07-30T12:46:01+00:00\" \/>\n<meta name=\"twitter:card\" content=\"summary_large_image\" \/>\n<meta name=\"twitter:label1\" content=\"Est. tempo de leitura\" \/>\n\t<meta name=\"twitter:data1\" content=\"5 minutos\" \/>\n<script type=\"application\/ld+json\" class=\"yoast-schema-graph\">{\"@context\":\"https:\/\/schema.org\",\"@graph\":[{\"@type\":\"WebPage\",\"@id\":\"https:\/\/www.downtownworcester.org\/pt-br\/planeje-sua-visita\/descubra-o-sabor\/\",\"url\":\"https:\/\/www.downtownworcester.org\/pt-br\/planeje-sua-visita\/descubra-o-sabor\/\",\"name\":\"Descubra o Sabor - Downtown Worcester\",\"isPartOf\":{\"@id\":\"https:\/\/www.downtownworcester.org\/pt-br\/#website\"},\"datePublished\":\"2021-12-27T16:46:32+00:00\",\"dateModified\":\"2024-07-30T12:46:01+00:00\",\"breadcrumb\":{\"@id\":\"https:\/\/www.downtownworcester.org\/pt-br\/planeje-sua-visita\/descubra-o-sabor\/#breadcrumb\"},\"inLanguage\":\"pt-BR\",\"potentialAction\":[{\"@type\":\"ReadAction\",\"target\":[\"https:\/\/www.downtownworcester.org\/pt-br\/planeje-sua-visita\/descubra-o-sabor\/\"]}]},{\"@type\":\"BreadcrumbList\",\"@id\":\"https:\/\/www.downtownworcester.org\/pt-br\/planeje-sua-visita\/descubra-o-sabor\/#breadcrumb\",\"itemListElement\":[{\"@type\":\"ListItem\",\"position\":1,\"name\":\"Home\",\"item\":\"https:\/\/www.downtownworcester.org\/pt-br\/\"},{\"@type\":\"ListItem\",\"position\":2,\"name\":\"Planeje sua visita\",\"item\":\"https:\/\/www.downtownworcester.org\/pt-br\/planeje-sua-visita\/\"},{\"@type\":\"ListItem\",\"position\":3,\"name\":\"Descubra o Sabor\"}]},{\"@type\":\"WebSite\",\"@id\":\"https:\/\/www.downtownworcester.org\/pt-br\/#website\",\"url\":\"https:\/\/www.downtownworcester.org\/pt-br\/\",\"name\":\"Downtown Worcester\",\"description\":\"Downtown Worcester Business Improvement District | It&#039;s all here!\",\"publisher\":{\"@id\":\"https:\/\/www.downtownworcester.org\/pt-br\/#organization\"},\"potentialAction\":[{\"@type\":\"SearchAction\",\"target\":{\"@type\":\"EntryPoint\",\"urlTemplate\":\"https:\/\/www.downtownworcester.org\/pt-br\/?s={search_term_string}\"},\"query-input\":\"required name=search_term_string\"}],\"inLanguage\":\"pt-BR\"},{\"@type\":\"Organization\",\"@id\":\"https:\/\/www.downtownworcester.org\/pt-br\/#organization\",\"name\":\"Downtown Worcester\",\"url\":\"https:\/\/www.downtownworcester.org\/pt-br\/\",\"logo\":{\"@type\":\"ImageObject\",\"inLanguage\":\"pt-BR\",\"@id\":\"https:\/\/www.downtownworcester.org\/pt-br\/#\/schema\/logo\/image\/\",\"url\":\"https:\/\/www.downtownworcester.org\/wp-content\/uploads\/2023\/01\/WorcesterLogos-02.png\",\"contentUrl\":\"https:\/\/www.downtownworcester.org\/wp-content\/uploads\/2023\/01\/WorcesterLogos-02.png\",\"width\":3655,\"height\":877,\"caption\":\"Downtown Worcester\"},\"image\":{\"@id\":\"https:\/\/www.downtownworcester.org\/pt-br\/#\/schema\/logo\/image\/\"},\"sameAs\":[\"https:\/\/www.facebook.com\/DowntownWorcesterBID\",\"https:\/\/www.instagram.com\/downtownworcesterbid\/\",\"https:\/\/www.linkedin.com\/company\/downtown-worcester-business-improvement-district\/\"]}]}<\/script>\n<!-- \/ Yoast SEO plugin. -->","yoast_head_json":{"title":"Descubra o Sabor - Downtown Worcester","robots":{"index":"index","follow":"follow","max-snippet":"max-snippet:-1","max-image-preview":"max-image-preview:large","max-video-preview":"max-video-preview:-1"},"canonical":"https:\/\/www.downtownworcester.org\/pt-br\/planeje-sua-visita\/descubra-o-sabor\/","og_locale":"pt_BR","og_type":"article","og_title":"Descubra o Sabor - Downtown Worcester","og_description":"[vc_row el_class=&#8221;inner-banner-section&#8221; css=&#8221;.vc_custom_1702739372563{background-image: url(https:\/\/www.downtownworcester.org\/wp-content\/uploads\/2023\/10\/Chashu_DiscoverFlavor.jpg?id=16742) !important;background-position: center !important;background-repeat: no-repeat !important;background-size: cover !important;}&#8221;][vc_column][vc_row_inner type=&#8221;boxed&#8221; el_class=&#8221;inner-banner-row&#8221;][vc_column_inner][vc_column_text el_class=&#8221;banner-text content-text light-text&#8221;] Descubra o Sabor [\/vc_column_text][\/vc_column_inner][\/vc_row_inner][\/vc_column][\/vc_row][vc_row max_width=&#8221;1080px&#8221; el_class=&#8221;br_top&#8221; css=&#8221;.vc_custom_1628273904931{margin-bottom: 60px !important;}&#8221;][vc_column][vc_row_inner type=&#8221;boxed&#8221; el_class=&#8221;plan_interior&#8221; css=&#8221;.vc_custom_1640636491405{margin-bottom: 30px !important;}&#8221;][vc_column_inner][vc_column_text el_class=&#8221;content-text section-title&#8221;]As op\u00e7\u00f5es gastron\u00f4micas do centro de Worcester refletem a diversidade cultural da cidade, a criatividade e o orgulho intenso &hellip;","og_url":"https:\/\/www.downtownworcester.org\/pt-br\/planeje-sua-visita\/descubra-o-sabor\/","og_site_name":"Downtown Worcester","article_publisher":"https:\/\/www.facebook.com\/DowntownWorcesterBID","article_modified_time":"2024-07-30T12:46:01+00:00","twitter_card":"summary_large_image","twitter_misc":{"Est. tempo de leitura":"5 minutos"},"schema":{"@context":"https:\/\/schema.org","@graph":[{"@type":"WebPage","@id":"https:\/\/www.downtownworcester.org\/pt-br\/planeje-sua-visita\/descubra-o-sabor\/","url":"https:\/\/www.downtownworcester.org\/pt-br\/planeje-sua-visita\/descubra-o-sabor\/","name":"Descubra o Sabor - Downtown Worcester","isPartOf":{"@id":"https:\/\/www.downtownworcester.org\/pt-br\/#website"},"datePublished":"2021-12-27T16:46:32+00:00","dateModified":"2024-07-30T12:46:01+00:00","breadcrumb":{"@id":"https:\/\/www.downtownworcester.org\/pt-br\/planeje-sua-visita\/descubra-o-sabor\/#breadcrumb"},"inLanguage":"pt-BR","potentialAction":[{"@type":"ReadAction","target":["https:\/\/www.downtownworcester.org\/pt-br\/planeje-sua-visita\/descubra-o-sabor\/"]}]},{"@type":"BreadcrumbList","@id":"https:\/\/www.downtownworcester.org\/pt-br\/planeje-sua-visita\/descubra-o-sabor\/#breadcrumb","itemListElement":[{"@type":"ListItem","position":1,"name":"Home","item":"https:\/\/www.downtownworcester.org\/pt-br\/"},{"@type":"ListItem","position":2,"name":"Planeje sua visita","item":"https:\/\/www.downtownworcester.org\/pt-br\/planeje-sua-visita\/"},{"@type":"ListItem","position":3,"name":"Descubra o Sabor"}]},{"@type":"WebSite","@id":"https:\/\/www.downtownworcester.org\/pt-br\/#website","url":"https:\/\/www.downtownworcester.org\/pt-br\/","name":"Downtown Worcester","description":"Downtown Worcester Business Improvement District | It&#039;s all here!","publisher":{"@id":"https:\/\/www.downtownworcester.org\/pt-br\/#organization"},"potentialAction":[{"@type":"SearchAction","target":{"@type":"EntryPoint","urlTemplate":"https:\/\/www.downtownworcester.org\/pt-br\/?s={search_term_string}"},"query-input":"required name=search_term_string"}],"inLanguage":"pt-BR"},{"@type":"Organization","@id":"https:\/\/www.downtownworcester.org\/pt-br\/#organization","name":"Downtown Worcester","url":"https:\/\/www.downtownworcester.org\/pt-br\/","logo":{"@type":"ImageObject","inLanguage":"pt-BR","@id":"https:\/\/www.downtownworcester.org\/pt-br\/#\/schema\/logo\/image\/","url":"https:\/\/www.downtownworcester.org\/wp-content\/uploads\/2023\/01\/WorcesterLogos-02.png","contentUrl":"https:\/\/www.downtownworcester.org\/wp-content\/uploads\/2023\/01\/WorcesterLogos-02.png","width":3655,"height":877,"caption":"Downtown Worcester"},"image":{"@id":"https:\/\/www.downtownworcester.org\/pt-br\/#\/schema\/logo\/image\/"},"sameAs":["https:\/\/www.facebook.com\/DowntownWorcesterBID","https:\/\/www.instagram.com\/downtownworcesterbid\/","https:\/\/www.linkedin.com\/company\/downtown-worcester-business-improvement-district\/"]}]}},"_links":{"self":[{"href":"https:\/\/www.downtownworcester.org\/pt-br\/wp-json\/wp\/v2\/pages\/5374","targetHints":{"allow":["GET"]}}],"collection":[{"href":"https:\/\/www.downtownworcester.org\/pt-br\/wp-json\/wp\/v2\/pages"}],"about":[{"href":"https:\/\/www.downtownworcester.org\/pt-br\/wp-json\/wp\/v2\/types\/page"}],"author":[{"embeddable":true,"href":"https:\/\/www.downtownworcester.org\/pt-br\/wp-json\/wp\/v2\/users\/1"}],"replies":[{"embeddable":true,"href":"https:\/\/www.downtownworcester.org\/pt-br\/wp-json\/wp\/v2\/comments?post=5374"}],"version-history":[{"count":7,"href":"https:\/\/www.downtownworcester.org\/pt-br\/wp-json\/wp\/v2\/pages\/5374\/revisions"}],"predecessor-version":[{"id":23284,"href":"https:\/\/www.downtownworcester.org\/pt-br\/wp-json\/wp\/v2\/pages\/5374\/revisions\/23284"}],"up":[{"embeddable":true,"href":"https:\/\/www.downtownworcester.org\/pt-br\/wp-json\/wp\/v2\/pages\/5371"}],"wp:attachment":[{"href":"https:\/\/www.downtownworcester.org\/pt-br\/wp-json\/wp\/v2\/media?parent=5374"}],"curies":[{"name":"wp","href":"https:\/\/api.w.org\/{rel}","templated":true}]}}