{"id":5363,"date":"2021-08-06T18:04:18","date_gmt":"2021-08-06T22:04:18","guid":{"rendered":"https:\/\/www.downtownworcester.org\/buffs-de-historia-explore-as-imagens\/"},"modified":"2023-12-16T12:40:43","modified_gmt":"2023-12-16T17:40:43","slug":"buffs-de-historia-explore-as-imagens","status":"publish","type":"page","link":"https:\/\/www.downtownworcester.org\/pt-br\/planeje-sua-visita\/buffs-de-historia-explore-as-imagens\/","title":{"rendered":"Buffs de Hist\u00f3ria &#8211; Explore as Imagens"},"content":{"rendered":"<div class=\"wpb-content-wrapper\"><p>[vc_row el_class=&#8221;inner-banner-section&#8221; css=&#8221;.vc_custom_1646084300483{background-image: url(https:\/\/www.downtownworcester.org\/wp-content\/uploads\/2022\/02\/History_Bluffs_Hero-scaled-1-scaled.jpg?id=1311) !important;background-position: center !important;background-repeat: no-repeat !important;background-size: cover !important;}&#8221;][vc_column][vc_row_inner type=&#8221;boxed&#8221; el_class=&#8221;inner-banner-row&#8221;][vc_column_inner][vc_column_text el_class=&#8221;banner-text content-text light-text&#8221;]<\/p>\n<h1 style=\"text-align: center;\">Buffs de Hist\u00f3ria &#8211; Explore as Imagens<\/h1>\n<p>[\/vc_column_text][\/vc_column_inner][\/vc_row_inner][\/vc_column][\/vc_row][vc_row max_width=&#8221;1080px&#8221; css=&#8221;.vc_custom_1663365219405{margin-bottom: 60px !important;padding-top: 20px !important;}&#8221;][vc_column][vc_column_text]<\/p>\n<h2 class=\"photo_credit\">Foto de Joe Santa Maria<\/h2>\n<p>[\/vc_column_text][vc_row_inner type=&#8221;boxed&#8221; el_class=&#8221;plan_interior&#8221;][vc_column_inner width=&#8221;1\/2&#8243; css=&#8221;.vc_custom_1646084518290{margin-top: 40px !important;}&#8221;][vc_single_image image=&#8221;4845&#8243; img_size=&#8221;800&#215;535&#8243; add_caption=&#8221;yes&#8221;][\/vc_column_inner][vc_column_inner width=&#8221;1\/2&#8243;][vc_column_text el_class=&#8221;content-text section-title&#8221;]<\/p>\n<h2><a href=\"http:\/\/www.worcesterma.gov\/worcester-common-oval\">Centro de Worcester<\/a><\/h2>\n<p>\u00c9 um distrito repleto de hist\u00f3rias e personalidade. Os aficionados por hist\u00f3ria apreciar\u00e3o o significado dos diversos monumentos e est\u00e1tuas que adornam o centro da cidade. Por gera\u00e7\u00f5es, o Worcester Oval atr\u00e1s da Prefeitura tem sido um local para celebra\u00e7\u00f5es e reuni\u00f5es p\u00fablicas na cidade, mas \u00e9 mais conhecido pela pista p\u00fablica de patina\u00e7\u00e3o no gelo de aproximadamente 1.115 metros quadrados que \u00e9 montada todos os invernos. As luzes cintilantes nas f\u00e9rias e a multid\u00e3o de patinadores fazem do Oval um lugar m\u00e1gico para se estar durante o inverno. Recentemente, o Oval fez sua estreia na tela grande no filme da Lifetime, Christmas on Ice.[\/vc_column_text][vc_column_text el_class=&#8221;history_learn_more&#8221;]<a href=\"http:\/\/www.worcesterma.gov\/worcester-common-oval\">Saiba Mais<\/a>[\/vc_column_text][\/vc_column_inner][\/vc_row_inner][vc_row_inner type=&#8221;boxed&#8221; el_class=&#8221;plan_interior&#8221; css=&#8221;.vc_custom_1645739888828{margin-top: 40px !important;}&#8221;][vc_column_inner width=&#8221;1\/2&#8243;][vc_column_text el_class=&#8221;content-text section-title&#8221;]<\/p>\n<h2><a href=\"https:\/\/www.discovercentralma.org\/listing\/burnside-fountain\/405\/\" target=\"_blank\" rel=\"noopener\">Fonte Burnside<\/a><\/h2>\n<p>Ou Turtle Boy, como \u00e9 apelidado pelos habitantes locais, foi encomendada em 1905 como uma fonte do parque que fornecia \u00e1gua doce aos moradores da cidade, c\u00e3es e cavalos. Atualmente, a est\u00e1tua \u00e9 um dos s\u00edmbolos mais conhecidos do centro de Worcester.[\/vc_column_text][vc_column_text el_class=&#8221;history_learn_more&#8221;]<a href=\"https:\/\/www.discovercentralma.org\/listing\/burnside-fountain\/405\/\" target=\"_blank\" rel=\"noopener\">Saiba Mais<\/a>[\/vc_column_text][\/vc_column_inner][vc_column_inner width=&#8221;1\/2&#8243; css=&#8221;.vc_custom_1645739727885{margin-top: 40px !important;}&#8221;][vc_single_image image=&#8221;680&#8243; img_size=&#8221;800&#215;535&#8243; add_caption=&#8221;yes&#8221;][\/vc_column_inner][\/vc_row_inner][vc_row_inner type=&#8221;boxed&#8221; el_class=&#8221;plan_interior&#8221; css=&#8221;.vc_custom_1645739902375{margin-top: 40px !important;}&#8221;][vc_column_inner width=&#8221;1\/2&#8243; css=&#8221;.vc_custom_1646084541904{margin-top: 40px !important;}&#8221;][vc_single_image image=&#8221;1420&#8243; img_size=&#8221;800&#215;535&#8243; add_caption=&#8221;yes&#8221;][\/vc_column_inner][vc_column_inner width=&#8221;1\/2&#8243;][vc_column_text el_class=&#8221;content-text section-title&#8221;]<\/p>\n<h2><a href=\"https:\/\/gargoylesandgrotesques.wordpress.com\/tag\/boy-with-a-dolphin\/\">Est\u00e1tua Menino com o Golfinho<\/a><\/h2>\n<p>\u00c9 outra obra de arte p\u00fablica que vem definindo o centro da cidade h\u00e1 d\u00e9cadas. Encomendada em 1974 ao famoso escultor brit\u00e2nico David Wynne, esta escultura parece definir a gravidade quando um menino pega carona em um golfinho. Confira esta obra-prima no p\u00e1tio do Chestnut Place.[\/vc_column_text][vc_column_text el_class=&#8221;history_learn_more&#8221;]<a href=\"https:\/\/gargoylesandgrotesques.wordpress.com\/tag\/boy-with-a-dolphin\/\">Saiba Mais<\/a>[\/vc_column_text][\/vc_column_inner][\/vc_row_inner][vc_row_inner type=&#8221;boxed&#8221; el_class=&#8221;plan_interior&#8221; css=&#8221;.vc_custom_1646174087954{margin-top: 40px !important;}&#8221;][vc_column_inner width=&#8221;1\/2&#8243;][vc_column_text el_class=&#8221;content-text section-title&#8221;]<\/p>\n<h2><a href=\"http:\/\/www.worcesterma.gov\/city-parks\/city-hall-common\">Memoriais de Guerra<\/a><\/h2>\n<p>Al\u00e9m de incr\u00edveis esculturas tridimensionais, o centro da cidade tamb\u00e9m possui quatro memoriais de guerra que homenageiam a dedica\u00e7\u00e3o e sacrif\u00edcio dos moradores de Worcester. O Memorial do Soldado foi constru\u00eddo em 1874 e homenageia os 4.000 homens que representaram a Uni\u00e3o durante a Guerra Civil. O memorial da Segunda Guerra Mundial no centro da cidade tamb\u00e9m \u00e9 uma bela obra de arte p\u00fablica com 78 fontes de \u00e1gua que filtram atrav\u00e9s do granito gravado. Em 1993, o Memorial de Guerra do Sudoeste Asi\u00e1tico foi criado para homenagear aqueles que morreram no Conflito do Escudo do Deserto\/Tempestade no Deserto.[\/vc_column_text][vc_column_text el_class=&#8221;history_learn_more&#8221;]<a href=\"http:\/\/www.worcesterma.gov\/city-parks\/city-hall-common\">Saiba Mais<\/a>[\/vc_column_text][\/vc_column_inner][vc_column_inner width=&#8221;1\/2&#8243; css=&#8221;.vc_custom_1646174072395{margin-top: 40px !important;}&#8221;][vc_single_image image=&#8221;1346&#8243; img_size=&#8221;800&#215;535&#8243; add_caption=&#8221;yes&#8221;][\/vc_column_inner][\/vc_row_inner][vc_row_inner type=&#8221;boxed&#8221; el_class=&#8221;plan_interior&#8221; css=&#8221;.vc_custom_1646174083324{margin-top: 40px !important;}&#8221;][vc_column_inner][vc_column_text el_class=&#8221;content-text section-title&#8221;]<a href=\"http:\/\/www.worcesterma.gov\/city-parks\/korean-war-memorial\" target=\"_blank\" rel=\"noopener\">Memorial da Guerra da Coreia da Regi\u00e3o Central de Massachusetts<\/a> \u00e9\u00a0uma obra de arte impressionante e um memorial significativo. O memorial apresenta uma est\u00e1tua em tamanho real de um soldado americano, bem como uma crian\u00e7a coreana que representa as milhares de crian\u00e7as que ficaram \u00f3rf\u00e3s na Coreia e foram salvas por soldados americanos. Al\u00e9m das impressionantes est\u00e1tuas e da parede de granito negro com os nomes dos soldados da guerra da Coreia, h\u00e1 tamb\u00e9m uma passarela de tijolos gravados que permite aos frequentadores da cidade ver os nomes daqueles que perderam suas vidas no Afeganist\u00e3o, Golfo, Iraque e Paquist\u00e3o.[\/vc_column_text][vc_column_text el_class=&#8221;history_learn_more&#8221;]<a href=\"http:\/\/www.worcesterma.gov\/city-parks\/korean-war-memorial\">Saiba Mais<\/a>[\/vc_column_text][\/vc_column_inner][\/vc_row_inner][vc_row_inner type=&#8221;boxed&#8221; el_class=&#8221;plan_interior&#8221; css=&#8221;.vc_custom_1645473487572{margin-top: 30px !important;}&#8221;][vc_column_inner width=&#8221;1\/2&#8243; css=&#8221;.vc_custom_1645473347909{margin-top: 40px !important;}&#8221;][vc_single_image image=&#8221;4798&#8243; img_size=&#8221;800&#215;535&#8243; add_caption=&#8221;yes&#8221;][\/vc_column_inner][vc_column_inner width=&#8221;1\/2&#8243;][vc_column_text el_class=&#8221;content-text section-title&#8221;]<\/p>\n<h2><a href=\"http:\/\/www.worcesterma.gov\/union-station\">Union Station<\/a><\/h2>\n<p>N\u00e3o \u00e9 apenas uma maravilha arquitet\u00f4nica, \u00e9 o terminal de transporte para toda a cidade. Constru\u00edda em 1911, a esta\u00e7\u00e3o de trem foi projetada no estilo renascentista franc\u00eas. Este edif\u00edcio apresenta duas enormes torres de m\u00e1rmore, pisos de granito e detalhes de filigrana ornamentados. Digno de uma sess\u00e3o fotogr\u00e1fica ou set de filmagem, a Union Station preserva o passado enquanto atualiza os servi\u00e7os de transporte para o futuro crescente da cidade. Al\u00e9m do trem, os visitantes tamb\u00e9m podem pegar um t\u00e1xi ou \u00f4nibus na esta\u00e7\u00e3o.[\/vc_column_text][vc_column_text el_class=&#8221;history_learn_more&#8221;]<a href=\"http:\/\/www.worcesterma.gov\/union-station\">Saiba Mais<\/a>[\/vc_column_text][\/vc_column_inner][\/vc_row_inner][\/vc_column][\/vc_row][vc_row][vc_column][vc_empty_space height=&#8221;64px&#8221;][\/vc_column][\/vc_row]<\/p>\n<\/div>","protected":false},"excerpt":{"rendered":"<p>[vc_row el_class=&#8221;inner-banner-section&#8221; css=&#8221;.vc_custom_1646084300483{background-image: url(https:\/\/www.downtownworcester.org\/wp-content\/uploads\/2022\/02\/History_Bluffs_Hero-scaled-1-scaled.jpg?id=1311) !important;background-position: center !important;background-repeat: no-repeat !important;background-size: cover !important;}&#8221;][vc_column][vc_row_inner type=&#8221;boxed&#8221; el_class=&#8221;inner-banner-row&#8221;][vc_column_inner][vc_column_text el_class=&#8221;banner-text content-text light-text&#8221;] Buffs de Hist\u00f3ria &#8211; Explore as Imagens [\/vc_column_text][\/vc_column_inner][\/vc_row_inner][\/vc_column][\/vc_row][vc_row max_width=&#8221;1080px&#8221; css=&#8221;.vc_custom_1663365219405{margin-bottom: 60px !important;padding-top: 20px !important;}&#8221;][vc_column][vc_column_text] Foto de Joe Santa Maria [\/vc_column_text][vc_row_inner type=&#8221;boxed&#8221; el_class=&#8221;plan_interior&#8221;][vc_column_inner width=&#8221;1\/2&#8243; css=&#8221;.vc_custom_1646084518290{margin-top: 40px !important;}&#8221;][vc_single_image image=&#8221;4845&#8243; img_size=&#8221;800&#215;535&#8243; add_caption=&#8221;yes&#8221;][\/vc_column_inner][vc_column_inner width=&#8221;1\/2&#8243;][vc_column_text el_class=&#8221;content-text section-title&#8221;] Centro de &hellip;<\/p>\n","protected":false},"author":1,"featured_media":0,"parent":5371,"menu_order":0,"comment_status":"closed","ping_status":"closed","template":"templates\/page-full.php","meta":{"_acf_changed":false,"footnotes":""},"class_list":["post-5363","page","type-page","status-publish","hentry"],"acf":[],"yoast_head":"<!-- This site is optimized with the Yoast SEO plugin v23.1 - https:\/\/yoast.com\/wordpress\/plugins\/seo\/ -->\n<title>Buffs de Hist\u00f3ria - Explore as Imagens - Downtown Worcester<\/title>\n<meta name=\"robots\" content=\"index, follow, max-snippet:-1, max-image-preview:large, max-video-preview:-1\" \/>\n<link rel=\"canonical\" href=\"https:\/\/www.downtownworcester.org\/pt-br\/planeje-sua-visita\/buffs-de-historia-explore-as-imagens\/\" \/>\n<meta property=\"og:locale\" content=\"pt_BR\" \/>\n<meta property=\"og:type\" content=\"article\" \/>\n<meta property=\"og:title\" content=\"Buffs de Hist\u00f3ria - Explore as Imagens - Downtown Worcester\" \/>\n<meta property=\"og:description\" content=\"[vc_row el_class=&#8221;inner-banner-section&#8221; css=&#8221;.vc_custom_1646084300483{background-image: url(https:\/\/www.downtownworcester.org\/wp-content\/uploads\/2022\/02\/History_Bluffs_Hero-scaled-1-scaled.jpg?id=1311) !important;background-position: center !important;background-repeat: no-repeat !important;background-size: cover !important;}&#8221;][vc_column][vc_row_inner type=&#8221;boxed&#8221; el_class=&#8221;inner-banner-row&#8221;][vc_column_inner][vc_column_text el_class=&#8221;banner-text content-text light-text&#8221;] Buffs de Hist\u00f3ria &#8211; Explore as Imagens [\/vc_column_text][\/vc_column_inner][\/vc_row_inner][\/vc_column][\/vc_row][vc_row max_width=&#8221;1080px&#8221; css=&#8221;.vc_custom_1663365219405{margin-bottom: 60px !important;padding-top: 20px !important;}&#8221;][vc_column][vc_column_text] Foto de Joe Santa Maria [\/vc_column_text][vc_row_inner type=&#8221;boxed&#8221; el_class=&#8221;plan_interior&#8221;][vc_column_inner width=&#8221;1\/2&#8243; css=&#8221;.vc_custom_1646084518290{margin-top: 40px !important;}&#8221;][vc_single_image image=&#8221;4845&#8243; img_size=&#8221;800&#215;535&#8243; add_caption=&#8221;yes&#8221;][\/vc_column_inner][vc_column_inner width=&#8221;1\/2&#8243;][vc_column_text el_class=&#8221;content-text section-title&#8221;] Centro de &hellip;\" \/>\n<meta property=\"og:url\" content=\"https:\/\/www.downtownworcester.org\/pt-br\/planeje-sua-visita\/buffs-de-historia-explore-as-imagens\/\" \/>\n<meta property=\"og:site_name\" content=\"Downtown Worcester\" \/>\n<meta property=\"article:publisher\" content=\"https:\/\/www.facebook.com\/DowntownWorcesterBID\" \/>\n<meta property=\"article:modified_time\" content=\"2023-12-16T17:40:43+00:00\" \/>\n<meta name=\"twitter:card\" content=\"summary_large_image\" \/>\n<meta name=\"twitter:label1\" content=\"Est. tempo de leitura\" \/>\n\t<meta name=\"twitter:data1\" content=\"3 minutos\" \/>\n<script type=\"application\/ld+json\" class=\"yoast-schema-graph\">{\"@context\":\"https:\/\/schema.org\",\"@graph\":[{\"@type\":\"WebPage\",\"@id\":\"https:\/\/www.downtownworcester.org\/pt-br\/planeje-sua-visita\/buffs-de-historia-explore-as-imagens\/\",\"url\":\"https:\/\/www.downtownworcester.org\/pt-br\/planeje-sua-visita\/buffs-de-historia-explore-as-imagens\/\",\"name\":\"Buffs de Hist\u00f3ria - Explore as Imagens - Downtown Worcester\",\"isPartOf\":{\"@id\":\"https:\/\/www.downtownworcester.org\/pt-br\/#website\"},\"datePublished\":\"2021-08-06T22:04:18+00:00\",\"dateModified\":\"2023-12-16T17:40:43+00:00\",\"breadcrumb\":{\"@id\":\"https:\/\/www.downtownworcester.org\/pt-br\/planeje-sua-visita\/buffs-de-historia-explore-as-imagens\/#breadcrumb\"},\"inLanguage\":\"pt-BR\",\"potentialAction\":[{\"@type\":\"ReadAction\",\"target\":[\"https:\/\/www.downtownworcester.org\/pt-br\/planeje-sua-visita\/buffs-de-historia-explore-as-imagens\/\"]}]},{\"@type\":\"BreadcrumbList\",\"@id\":\"https:\/\/www.downtownworcester.org\/pt-br\/planeje-sua-visita\/buffs-de-historia-explore-as-imagens\/#breadcrumb\",\"itemListElement\":[{\"@type\":\"ListItem\",\"position\":1,\"name\":\"Home\",\"item\":\"https:\/\/www.downtownworcester.org\/pt-br\/\"},{\"@type\":\"ListItem\",\"position\":2,\"name\":\"Planeje sua visita\",\"item\":\"https:\/\/www.downtownworcester.org\/pt-br\/planeje-sua-visita\/\"},{\"@type\":\"ListItem\",\"position\":3,\"name\":\"Buffs de Hist\u00f3ria &#8211; Explore as Imagens\"}]},{\"@type\":\"WebSite\",\"@id\":\"https:\/\/www.downtownworcester.org\/pt-br\/#website\",\"url\":\"https:\/\/www.downtownworcester.org\/pt-br\/\",\"name\":\"Downtown Worcester\",\"description\":\"Downtown Worcester Business Improvement District | It&#039;s all here!\",\"publisher\":{\"@id\":\"https:\/\/www.downtownworcester.org\/pt-br\/#organization\"},\"potentialAction\":[{\"@type\":\"SearchAction\",\"target\":{\"@type\":\"EntryPoint\",\"urlTemplate\":\"https:\/\/www.downtownworcester.org\/pt-br\/?s={search_term_string}\"},\"query-input\":\"required name=search_term_string\"}],\"inLanguage\":\"pt-BR\"},{\"@type\":\"Organization\",\"@id\":\"https:\/\/www.downtownworcester.org\/pt-br\/#organization\",\"name\":\"Downtown Worcester\",\"url\":\"https:\/\/www.downtownworcester.org\/pt-br\/\",\"logo\":{\"@type\":\"ImageObject\",\"inLanguage\":\"pt-BR\",\"@id\":\"https:\/\/www.downtownworcester.org\/pt-br\/#\/schema\/logo\/image\/\",\"url\":\"https:\/\/www.downtownworcester.org\/wp-content\/uploads\/2023\/01\/WorcesterLogos-02.png\",\"contentUrl\":\"https:\/\/www.downtownworcester.org\/wp-content\/uploads\/2023\/01\/WorcesterLogos-02.png\",\"width\":3655,\"height\":877,\"caption\":\"Downtown Worcester\"},\"image\":{\"@id\":\"https:\/\/www.downtownworcester.org\/pt-br\/#\/schema\/logo\/image\/\"},\"sameAs\":[\"https:\/\/www.facebook.com\/DowntownWorcesterBID\",\"https:\/\/www.instagram.com\/downtownworcesterbid\/\",\"https:\/\/www.linkedin.com\/company\/downtown-worcester-business-improvement-district\/\"]}]}<\/script>\n<!-- \/ Yoast SEO plugin. -->","yoast_head_json":{"title":"Buffs de Hist\u00f3ria - Explore as Imagens - Downtown Worcester","robots":{"index":"index","follow":"follow","max-snippet":"max-snippet:-1","max-image-preview":"max-image-preview:large","max-video-preview":"max-video-preview:-1"},"canonical":"https:\/\/www.downtownworcester.org\/pt-br\/planeje-sua-visita\/buffs-de-historia-explore-as-imagens\/","og_locale":"pt_BR","og_type":"article","og_title":"Buffs de Hist\u00f3ria - Explore as Imagens - Downtown Worcester","og_description":"[vc_row el_class=&#8221;inner-banner-section&#8221; css=&#8221;.vc_custom_1646084300483{background-image: url(https:\/\/www.downtownworcester.org\/wp-content\/uploads\/2022\/02\/History_Bluffs_Hero-scaled-1-scaled.jpg?id=1311) !important;background-position: center !important;background-repeat: no-repeat !important;background-size: cover !important;}&#8221;][vc_column][vc_row_inner type=&#8221;boxed&#8221; el_class=&#8221;inner-banner-row&#8221;][vc_column_inner][vc_column_text el_class=&#8221;banner-text content-text light-text&#8221;] Buffs de Hist\u00f3ria &#8211; Explore as Imagens [\/vc_column_text][\/vc_column_inner][\/vc_row_inner][\/vc_column][\/vc_row][vc_row max_width=&#8221;1080px&#8221; css=&#8221;.vc_custom_1663365219405{margin-bottom: 60px !important;padding-top: 20px !important;}&#8221;][vc_column][vc_column_text] Foto de Joe Santa Maria [\/vc_column_text][vc_row_inner type=&#8221;boxed&#8221; el_class=&#8221;plan_interior&#8221;][vc_column_inner width=&#8221;1\/2&#8243; css=&#8221;.vc_custom_1646084518290{margin-top: 40px !important;}&#8221;][vc_single_image image=&#8221;4845&#8243; img_size=&#8221;800&#215;535&#8243; add_caption=&#8221;yes&#8221;][\/vc_column_inner][vc_column_inner width=&#8221;1\/2&#8243;][vc_column_text el_class=&#8221;content-text section-title&#8221;] Centro de &hellip;","og_url":"https:\/\/www.downtownworcester.org\/pt-br\/planeje-sua-visita\/buffs-de-historia-explore-as-imagens\/","og_site_name":"Downtown Worcester","article_publisher":"https:\/\/www.facebook.com\/DowntownWorcesterBID","article_modified_time":"2023-12-16T17:40:43+00:00","twitter_card":"summary_large_image","twitter_misc":{"Est. tempo de leitura":"3 minutos"},"schema":{"@context":"https:\/\/schema.org","@graph":[{"@type":"WebPage","@id":"https:\/\/www.downtownworcester.org\/pt-br\/planeje-sua-visita\/buffs-de-historia-explore-as-imagens\/","url":"https:\/\/www.downtownworcester.org\/pt-br\/planeje-sua-visita\/buffs-de-historia-explore-as-imagens\/","name":"Buffs de Hist\u00f3ria - Explore as Imagens - Downtown Worcester","isPartOf":{"@id":"https:\/\/www.downtownworcester.org\/pt-br\/#website"},"datePublished":"2021-08-06T22:04:18+00:00","dateModified":"2023-12-16T17:40:43+00:00","breadcrumb":{"@id":"https:\/\/www.downtownworcester.org\/pt-br\/planeje-sua-visita\/buffs-de-historia-explore-as-imagens\/#breadcrumb"},"inLanguage":"pt-BR","potentialAction":[{"@type":"ReadAction","target":["https:\/\/www.downtownworcester.org\/pt-br\/planeje-sua-visita\/buffs-de-historia-explore-as-imagens\/"]}]},{"@type":"BreadcrumbList","@id":"https:\/\/www.downtownworcester.org\/pt-br\/planeje-sua-visita\/buffs-de-historia-explore-as-imagens\/#breadcrumb","itemListElement":[{"@type":"ListItem","position":1,"name":"Home","item":"https:\/\/www.downtownworcester.org\/pt-br\/"},{"@type":"ListItem","position":2,"name":"Planeje sua visita","item":"https:\/\/www.downtownworcester.org\/pt-br\/planeje-sua-visita\/"},{"@type":"ListItem","position":3,"name":"Buffs de Hist\u00f3ria &#8211; Explore as Imagens"}]},{"@type":"WebSite","@id":"https:\/\/www.downtownworcester.org\/pt-br\/#website","url":"https:\/\/www.downtownworcester.org\/pt-br\/","name":"Downtown Worcester","description":"Downtown Worcester Business Improvement District | It&#039;s all here!","publisher":{"@id":"https:\/\/www.downtownworcester.org\/pt-br\/#organization"},"potentialAction":[{"@type":"SearchAction","target":{"@type":"EntryPoint","urlTemplate":"https:\/\/www.downtownworcester.org\/pt-br\/?s={search_term_string}"},"query-input":"required name=search_term_string"}],"inLanguage":"pt-BR"},{"@type":"Organization","@id":"https:\/\/www.downtownworcester.org\/pt-br\/#organization","name":"Downtown Worcester","url":"https:\/\/www.downtownworcester.org\/pt-br\/","logo":{"@type":"ImageObject","inLanguage":"pt-BR","@id":"https:\/\/www.downtownworcester.org\/pt-br\/#\/schema\/logo\/image\/","url":"https:\/\/www.downtownworcester.org\/wp-content\/uploads\/2023\/01\/WorcesterLogos-02.png","contentUrl":"https:\/\/www.downtownworcester.org\/wp-content\/uploads\/2023\/01\/WorcesterLogos-02.png","width":3655,"height":877,"caption":"Downtown Worcester"},"image":{"@id":"https:\/\/www.downtownworcester.org\/pt-br\/#\/schema\/logo\/image\/"},"sameAs":["https:\/\/www.facebook.com\/DowntownWorcesterBID","https:\/\/www.instagram.com\/downtownworcesterbid\/","https:\/\/www.linkedin.com\/company\/downtown-worcester-business-improvement-district\/"]}]}},"_links":{"self":[{"href":"https:\/\/www.downtownworcester.org\/pt-br\/wp-json\/wp\/v2\/pages\/5363","targetHints":{"allow":["GET"]}}],"collection":[{"href":"https:\/\/www.downtownworcester.org\/pt-br\/wp-json\/wp\/v2\/pages"}],"about":[{"href":"https:\/\/www.downtownworcester.org\/pt-br\/wp-json\/wp\/v2\/types\/page"}],"author":[{"embeddable":true,"href":"https:\/\/www.downtownworcester.org\/pt-br\/wp-json\/wp\/v2\/users\/1"}],"replies":[{"embeddable":true,"href":"https:\/\/www.downtownworcester.org\/pt-br\/wp-json\/wp\/v2\/comments?post=5363"}],"version-history":[{"count":7,"href":"https:\/\/www.downtownworcester.org\/pt-br\/wp-json\/wp\/v2\/pages\/5363\/revisions"}],"predecessor-version":[{"id":19127,"href":"https:\/\/www.downtownworcester.org\/pt-br\/wp-json\/wp\/v2\/pages\/5363\/revisions\/19127"}],"up":[{"embeddable":true,"href":"https:\/\/www.downtownworcester.org\/pt-br\/wp-json\/wp\/v2\/pages\/5371"}],"wp:attachment":[{"href":"https:\/\/www.downtownworcester.org\/pt-br\/wp-json\/wp\/v2\/media?parent=5363"}],"curies":[{"name":"wp","href":"https:\/\/api.w.org\/{rel}","templated":true}]}}