{"id":5298,"date":"2021-08-10T20:02:04","date_gmt":"2021-08-11T00:02:04","guid":{"rendered":"https:\/\/www.downtownworcester.org\/compre\/"},"modified":"2022-08-10T08:44:19","modified_gmt":"2022-08-10T12:44:19","slug":"compre","status":"publish","type":"page","link":"https:\/\/www.downtownworcester.org\/pt-br\/coisas-a-fazer\/compre\/","title":{"rendered":"Compre"},"content":{"rendered":"<div class=\"wpb-content-wrapper\"><p>[vc_row el_class=&#8221;inner-banner-section&#8221; css=&#8221;.vc_custom_1643785397582{background-image: url(https:\/\/www.downtownworcester.org\/wp-content\/uploads\/2022\/02\/Spend-Hero-Jaime-Flores-scaled.jpg?id=1033) !important;background-position: center !important;background-repeat: no-repeat !important;background-size: cover !important;}&#8221;][vc_column][vc_row_inner type=&#8221;boxed&#8221; el_class=&#8221;inner-banner-row&#8221;][vc_column_inner][vc_column_text el_class=&#8221;banner-text content-text light-text&#8221;]<\/p>\n<h1 style=\"text-align: center;\">Compre<\/h1>\n<p>[\/vc_column_text][\/vc_column_inner][\/vc_row_inner][\/vc_column][\/vc_row][vc_row max_width=&#8221;1080px&#8221; el_class=&#8221;br_top things_intro&#8221; css=&#8221;.vc_custom_1628625567377{margin-bottom: 60px !important;}&#8221;][vc_column][vc_row_inner type=&#8221;boxed&#8221; el_class=&#8221;plan_interior&#8221;][vc_column_inner][vc_column_text el_class=&#8221;content-text section-title&#8221;]<\/p>\n<h2 style=\"text-align: center;\">Apoie as empresas que d\u00e3o personalidade ao centro de Worcester. Desde a compra de um lindo buqu\u00ea e de produtos de origem local at\u00e9 a compra de um presente de diamantes para aquela pessoa especial, voc\u00ea encontrar\u00e1 tantos itens b\u00e1sicos quanto exclusivos aqui.<\/h2>\n<h2 style=\"text-align: center;\"><\/h2>\n<p>[\/vc_column_text][\/vc_column_inner][\/vc_row_inner][\/vc_column][\/vc_row][vc_row el_class=&#8221;things_map&#8221; css=&#8221;.vc_custom_1643856696624{padding-bottom: 30px !important;}&#8221;][vc_column][vc_raw_html]PGlmcmFtZSBzcmM9Imh0dHBzOi8vd3d3Lmdvb2dsZS5jb20vbWFwcy9kL2VtYmVkP21pZD0xMlBjeVBodXMwemVtRVdHLWRsWlVBb3AzYWliSzFUOHomYW1wO2VoYmM9MkUzMTJGIiB3aWR0aD0iNjQwIiBoZWlnaHQ9IjQ4MCI+PC9pZnJhbWU+[\/vc_raw_html][vc_column_text el_class=&#8221;things_links&#8221;]Boost Mobile, 418 Main Street<\/p>\n<p><a href=\"https:\/\/www.boostmobile.com\/\" target=\"_blank\" rel=\"noopener\">Saiba Mais<\/a><\/p>\n<p>City Jewel, 507 Main Street<\/p>\n<p><a href=\"https:\/\/www.facebook.com\/City-Jewelry-103089673092104\/\" target=\"_blank\" rel=\"noopener\">Saiba Mais<\/a><\/p>\n<p>CVS, 110 Front Street, Suite 102<\/p>\n<p><a href=\"https:\/\/www.cvs.com\/\" target=\"_blank\" rel=\"noopener\">Saiba Mais<\/a><\/p>\n<p style=\"margin-bottom: 15px;\">Hair and Beauty Supply Store, 38 Front Street<\/p>\n<p style=\"margin-bottom: 15px;\">Kim\u2019s Jewelry &amp; Gifts, 22 Front Street<\/p>\n<p>La Jolie Fleur, 24 Southbridge Street<\/p>\n<p><a href=\"http:\/\/www.lajoliefleur.com\/\" target=\"_blank\" rel=\"noopener\">Saiba Mais<\/a><\/p>\n<p style=\"margin-bottom: 15px;\">Main Beauty Supply, 10 Front Street<\/p>\n<p>Marko\u2019s Jewelers, 371 Main Street<\/p>\n<p><a href=\"https:\/\/www.facebook.com\/MarkosJewelers\/\" target=\"_blank\" rel=\"noopener\">Saiba Mais<\/a><\/p>\n<p>Metro PCS, 507 Main Street<\/p>\n<p><a href=\"https:\/\/www.metrobyt-mobile.com\/\" target=\"_blank\" rel=\"noopener\">Saiba Mais<\/a><\/p>\n<p style=\"margin-bottom: 15px;\">Modelo, 535 Main Street<\/p>\n<p>Owl Shop, 416 Main Street<\/p>\n<p><a href=\"http:\/\/owlshop.com\/\" target=\"_blank\" rel=\"noopener\">Saiba Mais<\/a><\/p>\n<p style=\"margin-bottom: 15px;\">The Newsroom, 14 Front Street, Unit 140<\/p>\n<h5>Services<\/h5>\n<p>Alpha Travel, 525 Main Street, Suite 101<\/p>\n<p><a href=\"http:\/\/alphatravelagency.com\/\" target=\"_blank\" rel=\"noopener\">Saiba Mais<\/a><\/p>\n<p>Bay State Savings Bank, 28 Franklin Street<\/p>\n<p><a href=\"https:\/\/www.baystatesavingsbank.com\/\" target=\"_blank\" rel=\"noopener\">Saiba Mais<\/a><\/p>\n<p>Central Shoe Repair, 37 Mechanic Street<\/p>\n<p><a href=\"https:\/\/www.yelp.com\/biz\/central-shoe-service-worcester\" target=\"_blank\" rel=\"noopener\">Saiba Mais<\/a><\/p>\n<p>Elizabeth Grady, 245 Front Street<\/p>\n<p><a href=\"https:\/\/www.elizabethgrady.com\/\" target=\"_blank\" rel=\"noopener\">Saiba Mais<\/a><\/p>\n<p style=\"margin-bottom: 15px;\">Family Auto School, 24 Portland Street<\/p>\n<p>Fidelity Bank, 153 Front Street<\/p>\n<p><a href=\"https:\/\/www.fidelitybankonline.com\/\" target=\"_blank\" rel=\"noopener\">Saiba Mais<\/a><\/p>\n<p>Goral Community Opticians, 38 Southbridge Street<\/p>\n<p><a href=\"https:\/\/www.goralcommunityoptician.com\/\" target=\"_blank\" rel=\"noopener\">Saiba Mais<\/a><\/p>\n<p>KuteKellz Glitter Box, 14 Portland Street<\/p>\n<p><a href=\"https:\/\/www.instagram.com\/kute_kellz\/?hl=en\" target=\"_blank\" rel=\"noopener\">Saiba Mais<\/a><\/p>\n<p>Lush Studio, 32 Southbridge Street<\/p>\n<p><a href=\"https:\/\/www.vagaro.com\/lushstudiollc\/\" target=\"_blank\" rel=\"noopener\">Saiba Mais<\/a><\/p>\n<p>My Dentist, 44 Front Street<\/p>\n<p><a href=\"https:\/\/mydentistma.com\/\" target=\"_blank\" rel=\"noopener\">Saiba Mais<\/a><\/p>\n<p>People\u2019s United Bank, 120 Front Street<\/p>\n<p><a href=\"https:\/\/www.peoples.com\/\" target=\"_blank\" rel=\"noopener\">Saiba Mais<\/a><\/p>\n<p>Perfect Fit Tailoring, 37 Mechanic Street<\/p>\n<p><a href=\"https:\/\/www.facebook.com\/Perfect-Fit-Tailoring-159552580731358\/\" target=\"_blank\" rel=\"noopener\">Saiba Mais<\/a><\/p>\n<p>Sierra\u2019s Barber Shop and Salon, 509 Main Street<\/p>\n<p><a href=\"https:\/\/www.facebook.com\/pages\/category\/Barber-Shop\/Sierras-Salon-Barbershop-471241086266940\/\" target=\"_blank\" rel=\"noopener\">Saiba Mais<\/a><\/p>\n<p>State Opticians, 383 Main Street<\/p>\n<p><a href=\"https:\/\/www.stateopticians.com\/\" target=\"_blank\" rel=\"noopener\">Saiba Mais<\/a><\/p>\n<p>TD Bank, 370 Main Street<\/p>\n<p><a href=\"https:\/\/www.td.com\/us\/en\/personal-banking\/\" target=\"_blank\" rel=\"noopener\">Saiba Mais<\/a><\/p>\n<p>Webster Five, 100 Front Street, Suite 150<\/p>\n<p><a href=\"https:\/\/www.web5.com\/\" target=\"_blank\" rel=\"noopener\">Saiba Mais<\/a><\/p>\n<p>WooRides, 22 Portland Street<\/p>\n<p><a href=\"http:\/\/www.woorides.com\/\" target=\"_blank\" rel=\"noopener\">Saiba Mais<\/a><\/p>\n<p>Worcester Family Eyecare, 409 Main Street<\/p>\n<p><a href=\"https:\/\/www.westborougheyecare.org\/\" target=\"_blank\" rel=\"noopener\">Saiba Mais<\/a>[\/vc_column_text][\/vc_column][\/vc_row][vc_row type=&#8221;boxed&#8221; max_width=&#8221;1010&#8243; disable_element=&#8221;yes&#8221; css=&#8221;.vc_custom_1643856678030{margin-bottom: 70px !important;}&#8221;][vc_column][vc_single_image image=&#8221;186&#8243; img_size=&#8221;full&#8221; alignment=&#8221;center&#8221;][\/vc_column][\/vc_row]<\/p>\n<\/div>","protected":false},"excerpt":{"rendered":"<p>[vc_row el_class=&#8221;inner-banner-section&#8221; css=&#8221;.vc_custom_1643785397582{background-image: url(https:\/\/www.downtownworcester.org\/wp-content\/uploads\/2022\/02\/Spend-Hero-Jaime-Flores-scaled.jpg?id=1033) !important;background-position: center !important;background-repeat: no-repeat !important;background-size: cover !important;}&#8221;][vc_column][vc_row_inner type=&#8221;boxed&#8221; el_class=&#8221;inner-banner-row&#8221;][vc_column_inner][vc_column_text el_class=&#8221;banner-text content-text light-text&#8221;] Compre [\/vc_column_text][\/vc_column_inner][\/vc_row_inner][\/vc_column][\/vc_row][vc_row max_width=&#8221;1080px&#8221; el_class=&#8221;br_top things_intro&#8221; css=&#8221;.vc_custom_1628625567377{margin-bottom: 60px !important;}&#8221;][vc_column][vc_row_inner type=&#8221;boxed&#8221; el_class=&#8221;plan_interior&#8221;][vc_column_inner][vc_column_text el_class=&#8221;content-text section-title&#8221;] Apoie as empresas que d\u00e3o personalidade ao centro de Worcester. Desde a compra de um lindo buqu\u00ea e de produtos de origem &hellip;<\/p>\n","protected":false},"author":1,"featured_media":0,"parent":5403,"menu_order":0,"comment_status":"closed","ping_status":"closed","template":"templates\/page-full.php","meta":{"_acf_changed":false,"footnotes":""},"class_list":["post-5298","page","type-page","status-publish","hentry"],"acf":[],"yoast_head":"<!-- This site is optimized with the Yoast SEO plugin v23.1 - https:\/\/yoast.com\/wordpress\/plugins\/seo\/ -->\n<title>Compre - Downtown Worcester<\/title>\n<meta name=\"robots\" content=\"index, follow, max-snippet:-1, max-image-preview:large, max-video-preview:-1\" \/>\n<link rel=\"canonical\" href=\"https:\/\/www.downtownworcester.org\/pt-br\/coisas-a-fazer\/compre\/\" \/>\n<meta property=\"og:locale\" content=\"pt_BR\" \/>\n<meta property=\"og:type\" content=\"article\" \/>\n<meta property=\"og:title\" content=\"Compre - Downtown Worcester\" \/>\n<meta property=\"og:description\" content=\"[vc_row el_class=&#8221;inner-banner-section&#8221; css=&#8221;.vc_custom_1643785397582{background-image: url(https:\/\/www.downtownworcester.org\/wp-content\/uploads\/2022\/02\/Spend-Hero-Jaime-Flores-scaled.jpg?id=1033) !important;background-position: center !important;background-repeat: no-repeat !important;background-size: cover !important;}&#8221;][vc_column][vc_row_inner type=&#8221;boxed&#8221; el_class=&#8221;inner-banner-row&#8221;][vc_column_inner][vc_column_text el_class=&#8221;banner-text content-text light-text&#8221;] Compre [\/vc_column_text][\/vc_column_inner][\/vc_row_inner][\/vc_column][\/vc_row][vc_row max_width=&#8221;1080px&#8221; el_class=&#8221;br_top things_intro&#8221; css=&#8221;.vc_custom_1628625567377{margin-bottom: 60px !important;}&#8221;][vc_column][vc_row_inner type=&#8221;boxed&#8221; el_class=&#8221;plan_interior&#8221;][vc_column_inner][vc_column_text el_class=&#8221;content-text section-title&#8221;] Apoie as empresas que d\u00e3o personalidade ao centro de Worcester. Desde a compra de um lindo buqu\u00ea e de produtos de origem &hellip;\" \/>\n<meta property=\"og:url\" content=\"https:\/\/www.downtownworcester.org\/pt-br\/coisas-a-fazer\/compre\/\" \/>\n<meta property=\"og:site_name\" content=\"Downtown Worcester\" \/>\n<meta property=\"article:publisher\" content=\"https:\/\/www.facebook.com\/DowntownWorcesterBID\" \/>\n<meta property=\"article:modified_time\" content=\"2022-08-10T12:44:19+00:00\" \/>\n<meta name=\"twitter:card\" content=\"summary_large_image\" \/>\n<meta name=\"twitter:label1\" content=\"Est. tempo de leitura\" \/>\n\t<meta name=\"twitter:data1\" content=\"2 minutos\" \/>\n<script type=\"application\/ld+json\" class=\"yoast-schema-graph\">{\"@context\":\"https:\/\/schema.org\",\"@graph\":[{\"@type\":\"WebPage\",\"@id\":\"https:\/\/www.downtownworcester.org\/pt-br\/coisas-a-fazer\/compre\/\",\"url\":\"https:\/\/www.downtownworcester.org\/pt-br\/coisas-a-fazer\/compre\/\",\"name\":\"Compre - Downtown Worcester\",\"isPartOf\":{\"@id\":\"https:\/\/www.downtownworcester.org\/pt-br\/#website\"},\"datePublished\":\"2021-08-11T00:02:04+00:00\",\"dateModified\":\"2022-08-10T12:44:19+00:00\",\"breadcrumb\":{\"@id\":\"https:\/\/www.downtownworcester.org\/pt-br\/coisas-a-fazer\/compre\/#breadcrumb\"},\"inLanguage\":\"pt-BR\",\"potentialAction\":[{\"@type\":\"ReadAction\",\"target\":[\"https:\/\/www.downtownworcester.org\/pt-br\/coisas-a-fazer\/compre\/\"]}]},{\"@type\":\"BreadcrumbList\",\"@id\":\"https:\/\/www.downtownworcester.org\/pt-br\/coisas-a-fazer\/compre\/#breadcrumb\",\"itemListElement\":[{\"@type\":\"ListItem\",\"position\":1,\"name\":\"Home\",\"item\":\"https:\/\/www.downtownworcester.org\/pt-br\/\"},{\"@type\":\"ListItem\",\"position\":2,\"name\":\"Atividades\",\"item\":\"https:\/\/www.downtownworcester.org\/pt-br\/coisas-a-fazer\/\"},{\"@type\":\"ListItem\",\"position\":3,\"name\":\"Compre\"}]},{\"@type\":\"WebSite\",\"@id\":\"https:\/\/www.downtownworcester.org\/pt-br\/#website\",\"url\":\"https:\/\/www.downtownworcester.org\/pt-br\/\",\"name\":\"Downtown Worcester\",\"description\":\"Downtown Worcester Business Improvement District | It&#039;s all here!\",\"publisher\":{\"@id\":\"https:\/\/www.downtownworcester.org\/pt-br\/#organization\"},\"potentialAction\":[{\"@type\":\"SearchAction\",\"target\":{\"@type\":\"EntryPoint\",\"urlTemplate\":\"https:\/\/www.downtownworcester.org\/pt-br\/?s={search_term_string}\"},\"query-input\":\"required name=search_term_string\"}],\"inLanguage\":\"pt-BR\"},{\"@type\":\"Organization\",\"@id\":\"https:\/\/www.downtownworcester.org\/pt-br\/#organization\",\"name\":\"Downtown Worcester\",\"url\":\"https:\/\/www.downtownworcester.org\/pt-br\/\",\"logo\":{\"@type\":\"ImageObject\",\"inLanguage\":\"pt-BR\",\"@id\":\"https:\/\/www.downtownworcester.org\/pt-br\/#\/schema\/logo\/image\/\",\"url\":\"https:\/\/www.downtownworcester.org\/wp-content\/uploads\/2023\/01\/WorcesterLogos-02.png\",\"contentUrl\":\"https:\/\/www.downtownworcester.org\/wp-content\/uploads\/2023\/01\/WorcesterLogos-02.png\",\"width\":3655,\"height\":877,\"caption\":\"Downtown Worcester\"},\"image\":{\"@id\":\"https:\/\/www.downtownworcester.org\/pt-br\/#\/schema\/logo\/image\/\"},\"sameAs\":[\"https:\/\/www.facebook.com\/DowntownWorcesterBID\",\"https:\/\/www.instagram.com\/downtownworcesterbid\/\",\"https:\/\/www.linkedin.com\/company\/downtown-worcester-business-improvement-district\/\"]}]}<\/script>\n<!-- \/ Yoast SEO plugin. -->","yoast_head_json":{"title":"Compre - Downtown Worcester","robots":{"index":"index","follow":"follow","max-snippet":"max-snippet:-1","max-image-preview":"max-image-preview:large","max-video-preview":"max-video-preview:-1"},"canonical":"https:\/\/www.downtownworcester.org\/pt-br\/coisas-a-fazer\/compre\/","og_locale":"pt_BR","og_type":"article","og_title":"Compre - Downtown Worcester","og_description":"[vc_row el_class=&#8221;inner-banner-section&#8221; css=&#8221;.vc_custom_1643785397582{background-image: url(https:\/\/www.downtownworcester.org\/wp-content\/uploads\/2022\/02\/Spend-Hero-Jaime-Flores-scaled.jpg?id=1033) !important;background-position: center !important;background-repeat: no-repeat !important;background-size: cover !important;}&#8221;][vc_column][vc_row_inner type=&#8221;boxed&#8221; el_class=&#8221;inner-banner-row&#8221;][vc_column_inner][vc_column_text el_class=&#8221;banner-text content-text light-text&#8221;] Compre [\/vc_column_text][\/vc_column_inner][\/vc_row_inner][\/vc_column][\/vc_row][vc_row max_width=&#8221;1080px&#8221; el_class=&#8221;br_top things_intro&#8221; css=&#8221;.vc_custom_1628625567377{margin-bottom: 60px !important;}&#8221;][vc_column][vc_row_inner type=&#8221;boxed&#8221; el_class=&#8221;plan_interior&#8221;][vc_column_inner][vc_column_text el_class=&#8221;content-text section-title&#8221;] Apoie as empresas que d\u00e3o personalidade ao centro de Worcester. Desde a compra de um lindo buqu\u00ea e de produtos de origem &hellip;","og_url":"https:\/\/www.downtownworcester.org\/pt-br\/coisas-a-fazer\/compre\/","og_site_name":"Downtown Worcester","article_publisher":"https:\/\/www.facebook.com\/DowntownWorcesterBID","article_modified_time":"2022-08-10T12:44:19+00:00","twitter_card":"summary_large_image","twitter_misc":{"Est. tempo de leitura":"2 minutos"},"schema":{"@context":"https:\/\/schema.org","@graph":[{"@type":"WebPage","@id":"https:\/\/www.downtownworcester.org\/pt-br\/coisas-a-fazer\/compre\/","url":"https:\/\/www.downtownworcester.org\/pt-br\/coisas-a-fazer\/compre\/","name":"Compre - Downtown Worcester","isPartOf":{"@id":"https:\/\/www.downtownworcester.org\/pt-br\/#website"},"datePublished":"2021-08-11T00:02:04+00:00","dateModified":"2022-08-10T12:44:19+00:00","breadcrumb":{"@id":"https:\/\/www.downtownworcester.org\/pt-br\/coisas-a-fazer\/compre\/#breadcrumb"},"inLanguage":"pt-BR","potentialAction":[{"@type":"ReadAction","target":["https:\/\/www.downtownworcester.org\/pt-br\/coisas-a-fazer\/compre\/"]}]},{"@type":"BreadcrumbList","@id":"https:\/\/www.downtownworcester.org\/pt-br\/coisas-a-fazer\/compre\/#breadcrumb","itemListElement":[{"@type":"ListItem","position":1,"name":"Home","item":"https:\/\/www.downtownworcester.org\/pt-br\/"},{"@type":"ListItem","position":2,"name":"Atividades","item":"https:\/\/www.downtownworcester.org\/pt-br\/coisas-a-fazer\/"},{"@type":"ListItem","position":3,"name":"Compre"}]},{"@type":"WebSite","@id":"https:\/\/www.downtownworcester.org\/pt-br\/#website","url":"https:\/\/www.downtownworcester.org\/pt-br\/","name":"Downtown Worcester","description":"Downtown Worcester Business Improvement District | It&#039;s all here!","publisher":{"@id":"https:\/\/www.downtownworcester.org\/pt-br\/#organization"},"potentialAction":[{"@type":"SearchAction","target":{"@type":"EntryPoint","urlTemplate":"https:\/\/www.downtownworcester.org\/pt-br\/?s={search_term_string}"},"query-input":"required name=search_term_string"}],"inLanguage":"pt-BR"},{"@type":"Organization","@id":"https:\/\/www.downtownworcester.org\/pt-br\/#organization","name":"Downtown Worcester","url":"https:\/\/www.downtownworcester.org\/pt-br\/","logo":{"@type":"ImageObject","inLanguage":"pt-BR","@id":"https:\/\/www.downtownworcester.org\/pt-br\/#\/schema\/logo\/image\/","url":"https:\/\/www.downtownworcester.org\/wp-content\/uploads\/2023\/01\/WorcesterLogos-02.png","contentUrl":"https:\/\/www.downtownworcester.org\/wp-content\/uploads\/2023\/01\/WorcesterLogos-02.png","width":3655,"height":877,"caption":"Downtown Worcester"},"image":{"@id":"https:\/\/www.downtownworcester.org\/pt-br\/#\/schema\/logo\/image\/"},"sameAs":["https:\/\/www.facebook.com\/DowntownWorcesterBID","https:\/\/www.instagram.com\/downtownworcesterbid\/","https:\/\/www.linkedin.com\/company\/downtown-worcester-business-improvement-district\/"]}]}},"_links":{"self":[{"href":"https:\/\/www.downtownworcester.org\/pt-br\/wp-json\/wp\/v2\/pages\/5298","targetHints":{"allow":["GET"]}}],"collection":[{"href":"https:\/\/www.downtownworcester.org\/pt-br\/wp-json\/wp\/v2\/pages"}],"about":[{"href":"https:\/\/www.downtownworcester.org\/pt-br\/wp-json\/wp\/v2\/types\/page"}],"author":[{"embeddable":true,"href":"https:\/\/www.downtownworcester.org\/pt-br\/wp-json\/wp\/v2\/users\/1"}],"replies":[{"embeddable":true,"href":"https:\/\/www.downtownworcester.org\/pt-br\/wp-json\/wp\/v2\/comments?post=5298"}],"version-history":[{"count":2,"href":"https:\/\/www.downtownworcester.org\/pt-br\/wp-json\/wp\/v2\/pages\/5298\/revisions"}],"predecessor-version":[{"id":5300,"href":"https:\/\/www.downtownworcester.org\/pt-br\/wp-json\/wp\/v2\/pages\/5298\/revisions\/5300"}],"up":[{"embeddable":true,"href":"https:\/\/www.downtownworcester.org\/pt-br\/wp-json\/wp\/v2\/pages\/5403"}],"wp:attachment":[{"href":"https:\/\/www.downtownworcester.org\/pt-br\/wp-json\/wp\/v2\/media?parent=5298"}],"curies":[{"name":"wp","href":"https:\/\/api.w.org\/{rel}","templated":true}]}}