{"id":5249,"date":"2021-08-10T19:47:57","date_gmt":"2021-08-10T23:47:57","guid":{"rendered":"https:\/\/www.downtownworcester.org\/explore\/"},"modified":"2022-08-10T08:43:05","modified_gmt":"2022-08-10T12:43:05","slug":"explore","status":"publish","type":"page","link":"https:\/\/www.downtownworcester.org\/pt-br\/coisas-a-fazer\/explore\/","title":{"rendered":"Explore"},"content":{"rendered":"<div class=\"wpb-content-wrapper\"><p>[vc_row el_class=&#8221;inner-banner-section&#8221; css=&#8221;.vc_custom_1645472502341{background-image: url(https:\/\/www.downtownworcester.org\/wp-content\/uploads\/2022\/02\/mural.jpg?id=1211) !important;background-position: center !important;background-repeat: no-repeat !important;background-size: cover !important;}&#8221;][vc_column][vc_row_inner type=&#8221;boxed&#8221; el_class=&#8221;inner-banner-row&#8221;][vc_column_inner][vc_column_text el_class=&#8221;banner-text content-text light-text&#8221;]<\/p>\n<h1 style=\"text-align: center;\">Explore<\/h1>\n<p>[\/vc_column_text][\/vc_column_inner][\/vc_row_inner][\/vc_column][\/vc_row][vc_row max_width=&#8221;1080px&#8221; el_class=&#8221;br_top things_intro top-explore-section&#8221; css=&#8221;.vc_custom_1628658293430{margin-bottom: 60px !important;}&#8221;][vc_column][vc_row_inner type=&#8221;boxed&#8221; el_class=&#8221;plan_interior&#8221;][vc_column_inner][vc_column_text el_class=&#8221;content-text section-title&#8221;]<\/p>\n<h2 style=\"text-align: center;\">D\u00ea um passeio e explore os locais hist\u00f3ricos do centro de Worcester, a arte p\u00fablica e monumentos \u00fanicos.<\/h2>\n<p>[\/vc_column_text][\/vc_column_inner][\/vc_row_inner][\/vc_column][\/vc_row][vc_row max_width=&#8221;1020&#8243; el_class=&#8221;things_map&#8221; css=&#8221;.vc_custom_1646316144161{padding-bottom: 30px !important;}&#8221;][vc_column][vc_column_text el_class=&#8221;map_note&#8221;]Clique no \u00edcone para expandir o mapa e obter mais detalhes.[\/vc_column_text][vc_raw_html]PGlmcmFtZSBzcmM9Imh0dHBzOi8vd3d3Lmdvb2dsZS5jb20vbWFwcy9kL2VtYmVkP21pZD0xLWpvQjVRLVVZRHJOaGtPRlpDaFhvcGZSZ1hVJmFtcDtlaGJjPTJFMzEyRiZhbXA7ej0xNCIgd2lkdGg9IjY0MCIgaGVpZ2h0PSI0ODAiPjwvaWZyYW1lPg==[\/vc_raw_html][vc_column_text el_class=&#8221;things_links&#8221;]Boy with a Dolphin<\/p>\n<p><a href=\"https:\/\/gargoylesandgrotesques.wordpress.com\/tag\/boy-with-a-dolphin\/\" target=\"_blank\" rel=\"noopener\">Learn More<\/a><\/p>\n<p>Burnside Fountain<\/p>\n<p><a href=\"https:\/\/www.worcesterturtleboy.com\/\" target=\"_blank\" rel=\"noopener\">Learn More<\/a><\/p>\n<p>Southwest Asia War Memorial<\/p>\n<p><a href=\"https:\/\/www.tripadvisor.com\/Attraction_Review-g41952-d8420977-Reviews-Southwest_Asia_War_Memorial-Worcester_Massachusetts.html\" target=\"_blank\" rel=\"noopener\">Learn More<\/a><\/p>\n<p>The Central Massachusetts Korean War Memorial<\/p>\n<p><a href=\"http:\/\/www.worcesterma.gov\/city-parks\/korean-war-memorial\" target=\"_blank\" rel=\"noopener\">Learn More<\/a><\/p>\n<p>The Soldiers&#8217; Memorial (Civil War)<\/p>\n<p><a href=\"http:\/\/www.worcesterma.gov\/city-parks\/city-hall-common\" target=\"_blank\" rel=\"noopener\">Learn More<\/a><\/p>\n<p>Union Station, 2 Washington Square<\/p>\n<p><a href=\"http:\/\/www.worcesterma.gov\/union-station\" target=\"_blank\" rel=\"noopener\">Learn More<\/a><\/p>\n<p>Worcester Common<\/p>\n<p><a href=\"http:\/\/www.worcesterma.gov\/worcester-common-oval\" target=\"_blank\" rel=\"noopener\">Learn More<\/a><\/p>\n<p>Worcester Market Building<\/p>\n<p><a href=\"https:\/\/en.wikipedia.org\/wiki\/Worcester_Market_Building\" target=\"_blank\" rel=\"noopener\">Learn More<\/a><\/p>\n<p>World War II Memorial<\/p>\n<p><a href=\"http:\/\/www.worcesterma.gov\/parks\/memorials-landmarks\/war-memorials\" target=\"_blank\" rel=\"noopener\">Learn More<\/a>[\/vc_column_text][vc_column_text el_class=&#8221;content-text post-text&#8221; css=&#8221;.vc_custom_1646316151595{margin-top: 40px !important;}&#8221;]Este Mapa de Arte P\u00fablica \u00e9 um recurso criado e utilizado com permiss\u00e3o da Divis\u00e3o de Desenvolvimento Cultural da Cidade de Worcester. Para obter o mapa completo e recursos adicionais de arte p\u00fablica, visite <a href=\"http:\/\/www.worcesterma.gov\/cultural-development\/cultural-projects\/public-art\" target=\"_blank\" rel=\"noopener\" data-link-card=\"true\">WorcesterMA.gov\/PublicArt<\/a>[\/vc_column_text][\/vc_column][\/vc_row][vc_row type=&#8221;boxed&#8221; max_width=&#8221;1300&#8243; disable_element=&#8221;yes&#8221; css=&#8221;.vc_custom_1643856290105{margin-bottom: 70px !important;}&#8221;][vc_column width=&#8221;1\/4&#8243;][vc_single_image image=&#8221;677&#8243; img_size=&#8221;full&#8221; alignment=&#8221;center&#8221;][\/vc_column][vc_column width=&#8221;1\/4&#8243;][vc_single_image image=&#8221;186&#8243; img_size=&#8221;full&#8221; alignment=&#8221;center&#8221;][\/vc_column][vc_column width=&#8221;1\/4&#8243;][vc_single_image image=&#8221;186&#8243; img_size=&#8221;full&#8221; alignment=&#8221;center&#8221;][\/vc_column][vc_column width=&#8221;1\/4&#8243;][vc_single_image image=&#8221;186&#8243; img_size=&#8221;full&#8221; alignment=&#8221;center&#8221;][\/vc_column][\/vc_row]<\/p>\n<\/div>","protected":false},"excerpt":{"rendered":"<p>[vc_row el_class=&#8221;inner-banner-section&#8221; css=&#8221;.vc_custom_1645472502341{background-image: url(https:\/\/www.downtownworcester.org\/wp-content\/uploads\/2022\/02\/mural.jpg?id=1211) !important;background-position: center !important;background-repeat: no-repeat !important;background-size: cover !important;}&#8221;][vc_column][vc_row_inner type=&#8221;boxed&#8221; el_class=&#8221;inner-banner-row&#8221;][vc_column_inner][vc_column_text el_class=&#8221;banner-text content-text light-text&#8221;] Explore [\/vc_column_text][\/vc_column_inner][\/vc_row_inner][\/vc_column][\/vc_row][vc_row max_width=&#8221;1080px&#8221; el_class=&#8221;br_top things_intro top-explore-section&#8221; css=&#8221;.vc_custom_1628658293430{margin-bottom: 60px !important;}&#8221;][vc_column][vc_row_inner type=&#8221;boxed&#8221; el_class=&#8221;plan_interior&#8221;][vc_column_inner][vc_column_text el_class=&#8221;content-text section-title&#8221;] D\u00ea um passeio e explore os locais hist\u00f3ricos do centro de Worcester, a arte p\u00fablica e monumentos \u00fanicos. [\/vc_column_text][\/vc_column_inner][\/vc_row_inner][\/vc_column][\/vc_row][vc_row max_width=&#8221;1020&#8243; el_class=&#8221;things_map&#8221; &hellip;<\/p>\n","protected":false},"author":1,"featured_media":0,"parent":5403,"menu_order":0,"comment_status":"closed","ping_status":"closed","template":"templates\/page-full.php","meta":{"_acf_changed":false,"footnotes":""},"class_list":["post-5249","page","type-page","status-publish","hentry"],"acf":[],"yoast_head":"<!-- This site is optimized with the Yoast SEO plugin v23.1 - https:\/\/yoast.com\/wordpress\/plugins\/seo\/ -->\n<title>Explore - Downtown Worcester<\/title>\n<meta name=\"robots\" content=\"index, follow, max-snippet:-1, max-image-preview:large, max-video-preview:-1\" \/>\n<link rel=\"canonical\" href=\"https:\/\/www.downtownworcester.org\/pt-br\/coisas-a-fazer\/explore\/\" \/>\n<meta property=\"og:locale\" content=\"pt_BR\" \/>\n<meta property=\"og:type\" content=\"article\" \/>\n<meta property=\"og:title\" content=\"Explore - Downtown Worcester\" \/>\n<meta property=\"og:description\" content=\"[vc_row el_class=&#8221;inner-banner-section&#8221; css=&#8221;.vc_custom_1645472502341{background-image: url(https:\/\/www.downtownworcester.org\/wp-content\/uploads\/2022\/02\/mural.jpg?id=1211) !important;background-position: center !important;background-repeat: no-repeat !important;background-size: cover !important;}&#8221;][vc_column][vc_row_inner type=&#8221;boxed&#8221; el_class=&#8221;inner-banner-row&#8221;][vc_column_inner][vc_column_text el_class=&#8221;banner-text content-text light-text&#8221;] Explore [\/vc_column_text][\/vc_column_inner][\/vc_row_inner][\/vc_column][\/vc_row][vc_row max_width=&#8221;1080px&#8221; el_class=&#8221;br_top things_intro top-explore-section&#8221; css=&#8221;.vc_custom_1628658293430{margin-bottom: 60px !important;}&#8221;][vc_column][vc_row_inner type=&#8221;boxed&#8221; el_class=&#8221;plan_interior&#8221;][vc_column_inner][vc_column_text el_class=&#8221;content-text section-title&#8221;] D\u00ea um passeio e explore os locais hist\u00f3ricos do centro de Worcester, a arte p\u00fablica e monumentos \u00fanicos. [\/vc_column_text][\/vc_column_inner][\/vc_row_inner][\/vc_column][\/vc_row][vc_row max_width=&#8221;1020&#8243; el_class=&#8221;things_map&#8221; &hellip;\" \/>\n<meta property=\"og:url\" content=\"https:\/\/www.downtownworcester.org\/pt-br\/coisas-a-fazer\/explore\/\" \/>\n<meta property=\"og:site_name\" content=\"Downtown Worcester\" \/>\n<meta property=\"article:publisher\" content=\"https:\/\/www.facebook.com\/DowntownWorcesterBID\" \/>\n<meta property=\"article:modified_time\" content=\"2022-08-10T12:43:05+00:00\" \/>\n<meta name=\"twitter:card\" content=\"summary_large_image\" \/>\n<meta name=\"twitter:label1\" content=\"Est. tempo de leitura\" \/>\n\t<meta name=\"twitter:data1\" content=\"2 minutos\" \/>\n<script type=\"application\/ld+json\" class=\"yoast-schema-graph\">{\"@context\":\"https:\/\/schema.org\",\"@graph\":[{\"@type\":\"WebPage\",\"@id\":\"https:\/\/www.downtownworcester.org\/pt-br\/coisas-a-fazer\/explore\/\",\"url\":\"https:\/\/www.downtownworcester.org\/pt-br\/coisas-a-fazer\/explore\/\",\"name\":\"Explore - Downtown Worcester\",\"isPartOf\":{\"@id\":\"https:\/\/www.downtownworcester.org\/pt-br\/#website\"},\"datePublished\":\"2021-08-10T23:47:57+00:00\",\"dateModified\":\"2022-08-10T12:43:05+00:00\",\"breadcrumb\":{\"@id\":\"https:\/\/www.downtownworcester.org\/pt-br\/coisas-a-fazer\/explore\/#breadcrumb\"},\"inLanguage\":\"pt-BR\",\"potentialAction\":[{\"@type\":\"ReadAction\",\"target\":[\"https:\/\/www.downtownworcester.org\/pt-br\/coisas-a-fazer\/explore\/\"]}]},{\"@type\":\"BreadcrumbList\",\"@id\":\"https:\/\/www.downtownworcester.org\/pt-br\/coisas-a-fazer\/explore\/#breadcrumb\",\"itemListElement\":[{\"@type\":\"ListItem\",\"position\":1,\"name\":\"Home\",\"item\":\"https:\/\/www.downtownworcester.org\/pt-br\/\"},{\"@type\":\"ListItem\",\"position\":2,\"name\":\"Atividades\",\"item\":\"https:\/\/www.downtownworcester.org\/pt-br\/coisas-a-fazer\/\"},{\"@type\":\"ListItem\",\"position\":3,\"name\":\"Explore\"}]},{\"@type\":\"WebSite\",\"@id\":\"https:\/\/www.downtownworcester.org\/pt-br\/#website\",\"url\":\"https:\/\/www.downtownworcester.org\/pt-br\/\",\"name\":\"Downtown Worcester\",\"description\":\"Downtown Worcester Business Improvement District | It&#039;s all here!\",\"publisher\":{\"@id\":\"https:\/\/www.downtownworcester.org\/pt-br\/#organization\"},\"potentialAction\":[{\"@type\":\"SearchAction\",\"target\":{\"@type\":\"EntryPoint\",\"urlTemplate\":\"https:\/\/www.downtownworcester.org\/pt-br\/?s={search_term_string}\"},\"query-input\":\"required name=search_term_string\"}],\"inLanguage\":\"pt-BR\"},{\"@type\":\"Organization\",\"@id\":\"https:\/\/www.downtownworcester.org\/pt-br\/#organization\",\"name\":\"Downtown Worcester\",\"url\":\"https:\/\/www.downtownworcester.org\/pt-br\/\",\"logo\":{\"@type\":\"ImageObject\",\"inLanguage\":\"pt-BR\",\"@id\":\"https:\/\/www.downtownworcester.org\/pt-br\/#\/schema\/logo\/image\/\",\"url\":\"https:\/\/www.downtownworcester.org\/wp-content\/uploads\/2023\/01\/WorcesterLogos-02.png\",\"contentUrl\":\"https:\/\/www.downtownworcester.org\/wp-content\/uploads\/2023\/01\/WorcesterLogos-02.png\",\"width\":3655,\"height\":877,\"caption\":\"Downtown Worcester\"},\"image\":{\"@id\":\"https:\/\/www.downtownworcester.org\/pt-br\/#\/schema\/logo\/image\/\"},\"sameAs\":[\"https:\/\/www.facebook.com\/DowntownWorcesterBID\",\"https:\/\/www.instagram.com\/downtownworcesterbid\/\",\"https:\/\/www.linkedin.com\/company\/downtown-worcester-business-improvement-district\/\"]}]}<\/script>\n<!-- \/ Yoast SEO plugin. -->","yoast_head_json":{"title":"Explore - Downtown Worcester","robots":{"index":"index","follow":"follow","max-snippet":"max-snippet:-1","max-image-preview":"max-image-preview:large","max-video-preview":"max-video-preview:-1"},"canonical":"https:\/\/www.downtownworcester.org\/pt-br\/coisas-a-fazer\/explore\/","og_locale":"pt_BR","og_type":"article","og_title":"Explore - Downtown Worcester","og_description":"[vc_row el_class=&#8221;inner-banner-section&#8221; css=&#8221;.vc_custom_1645472502341{background-image: url(https:\/\/www.downtownworcester.org\/wp-content\/uploads\/2022\/02\/mural.jpg?id=1211) !important;background-position: center !important;background-repeat: no-repeat !important;background-size: cover !important;}&#8221;][vc_column][vc_row_inner type=&#8221;boxed&#8221; el_class=&#8221;inner-banner-row&#8221;][vc_column_inner][vc_column_text el_class=&#8221;banner-text content-text light-text&#8221;] Explore [\/vc_column_text][\/vc_column_inner][\/vc_row_inner][\/vc_column][\/vc_row][vc_row max_width=&#8221;1080px&#8221; el_class=&#8221;br_top things_intro top-explore-section&#8221; css=&#8221;.vc_custom_1628658293430{margin-bottom: 60px !important;}&#8221;][vc_column][vc_row_inner type=&#8221;boxed&#8221; el_class=&#8221;plan_interior&#8221;][vc_column_inner][vc_column_text el_class=&#8221;content-text section-title&#8221;] D\u00ea um passeio e explore os locais hist\u00f3ricos do centro de Worcester, a arte p\u00fablica e monumentos \u00fanicos. [\/vc_column_text][\/vc_column_inner][\/vc_row_inner][\/vc_column][\/vc_row][vc_row max_width=&#8221;1020&#8243; el_class=&#8221;things_map&#8221; &hellip;","og_url":"https:\/\/www.downtownworcester.org\/pt-br\/coisas-a-fazer\/explore\/","og_site_name":"Downtown Worcester","article_publisher":"https:\/\/www.facebook.com\/DowntownWorcesterBID","article_modified_time":"2022-08-10T12:43:05+00:00","twitter_card":"summary_large_image","twitter_misc":{"Est. tempo de leitura":"2 minutos"},"schema":{"@context":"https:\/\/schema.org","@graph":[{"@type":"WebPage","@id":"https:\/\/www.downtownworcester.org\/pt-br\/coisas-a-fazer\/explore\/","url":"https:\/\/www.downtownworcester.org\/pt-br\/coisas-a-fazer\/explore\/","name":"Explore - Downtown Worcester","isPartOf":{"@id":"https:\/\/www.downtownworcester.org\/pt-br\/#website"},"datePublished":"2021-08-10T23:47:57+00:00","dateModified":"2022-08-10T12:43:05+00:00","breadcrumb":{"@id":"https:\/\/www.downtownworcester.org\/pt-br\/coisas-a-fazer\/explore\/#breadcrumb"},"inLanguage":"pt-BR","potentialAction":[{"@type":"ReadAction","target":["https:\/\/www.downtownworcester.org\/pt-br\/coisas-a-fazer\/explore\/"]}]},{"@type":"BreadcrumbList","@id":"https:\/\/www.downtownworcester.org\/pt-br\/coisas-a-fazer\/explore\/#breadcrumb","itemListElement":[{"@type":"ListItem","position":1,"name":"Home","item":"https:\/\/www.downtownworcester.org\/pt-br\/"},{"@type":"ListItem","position":2,"name":"Atividades","item":"https:\/\/www.downtownworcester.org\/pt-br\/coisas-a-fazer\/"},{"@type":"ListItem","position":3,"name":"Explore"}]},{"@type":"WebSite","@id":"https:\/\/www.downtownworcester.org\/pt-br\/#website","url":"https:\/\/www.downtownworcester.org\/pt-br\/","name":"Downtown Worcester","description":"Downtown Worcester Business Improvement District | It&#039;s all here!","publisher":{"@id":"https:\/\/www.downtownworcester.org\/pt-br\/#organization"},"potentialAction":[{"@type":"SearchAction","target":{"@type":"EntryPoint","urlTemplate":"https:\/\/www.downtownworcester.org\/pt-br\/?s={search_term_string}"},"query-input":"required name=search_term_string"}],"inLanguage":"pt-BR"},{"@type":"Organization","@id":"https:\/\/www.downtownworcester.org\/pt-br\/#organization","name":"Downtown Worcester","url":"https:\/\/www.downtownworcester.org\/pt-br\/","logo":{"@type":"ImageObject","inLanguage":"pt-BR","@id":"https:\/\/www.downtownworcester.org\/pt-br\/#\/schema\/logo\/image\/","url":"https:\/\/www.downtownworcester.org\/wp-content\/uploads\/2023\/01\/WorcesterLogos-02.png","contentUrl":"https:\/\/www.downtownworcester.org\/wp-content\/uploads\/2023\/01\/WorcesterLogos-02.png","width":3655,"height":877,"caption":"Downtown Worcester"},"image":{"@id":"https:\/\/www.downtownworcester.org\/pt-br\/#\/schema\/logo\/image\/"},"sameAs":["https:\/\/www.facebook.com\/DowntownWorcesterBID","https:\/\/www.instagram.com\/downtownworcesterbid\/","https:\/\/www.linkedin.com\/company\/downtown-worcester-business-improvement-district\/"]}]}},"_links":{"self":[{"href":"https:\/\/www.downtownworcester.org\/pt-br\/wp-json\/wp\/v2\/pages\/5249","targetHints":{"allow":["GET"]}}],"collection":[{"href":"https:\/\/www.downtownworcester.org\/pt-br\/wp-json\/wp\/v2\/pages"}],"about":[{"href":"https:\/\/www.downtownworcester.org\/pt-br\/wp-json\/wp\/v2\/types\/page"}],"author":[{"embeddable":true,"href":"https:\/\/www.downtownworcester.org\/pt-br\/wp-json\/wp\/v2\/users\/1"}],"replies":[{"embeddable":true,"href":"https:\/\/www.downtownworcester.org\/pt-br\/wp-json\/wp\/v2\/comments?post=5249"}],"version-history":[{"count":2,"href":"https:\/\/www.downtownworcester.org\/pt-br\/wp-json\/wp\/v2\/pages\/5249\/revisions"}],"predecessor-version":[{"id":6483,"href":"https:\/\/www.downtownworcester.org\/pt-br\/wp-json\/wp\/v2\/pages\/5249\/revisions\/6483"}],"up":[{"embeddable":true,"href":"https:\/\/www.downtownworcester.org\/pt-br\/wp-json\/wp\/v2\/pages\/5403"}],"wp:attachment":[{"href":"https:\/\/www.downtownworcester.org\/pt-br\/wp-json\/wp\/v2\/media?parent=5249"}],"curies":[{"name":"wp","href":"https:\/\/api.w.org\/{rel}","templated":true}]}}