{"id":5223,"date":"2021-12-27T16:34:12","date_gmt":"2021-12-27T21:34:12","guid":{"rendered":"https:\/\/www.downtownworcester.org\/noite-da-data-no-centro-da-cidade\/"},"modified":"2022-08-10T09:51:56","modified_gmt":"2022-08-10T13:51:56","slug":"noite-da-data-no-centro-da-cidade","status":"publish","type":"page","link":"https:\/\/www.downtownworcester.org\/pt-br\/planeje-sua-visita\/noite-da-data-no-centro-da-cidade\/","title":{"rendered":"Noite da Data no centro da cidade"},"content":{"rendered":"<div class=\"wpb-content-wrapper\"><p>[vc_row el_class=&#8221;inner-banner-section&#8221; css=&#8221;.vc_custom_1644548694720{background-image: url(https:\/\/www.downtownworcester.org\/wp-content\/uploads\/2022\/02\/blurred-people-at-restaurant.jpg?id=1141) !important;background-position: center !important;background-repeat: no-repeat !important;background-size: cover !important;}&#8221;][vc_column][vc_row_inner type=&#8221;boxed&#8221; el_class=&#8221;inner-banner-row&#8221;][vc_column_inner][vc_column_text el_class=&#8221;banner-text content-text light-text&#8221;]<\/p>\n<h1 style=\"text-align: center;\">Noite da Data no centro da cidade<\/h1>\n<p>[\/vc_column_text][\/vc_column_inner][\/vc_row_inner][\/vc_column][\/vc_row][vc_row max_width=&#8221;1080px&#8221; el_class=&#8221;br_top&#8221; css=&#8221;.vc_custom_1628273904931{margin-bottom: 60px !important;}&#8221;][vc_column][vc_row_inner type=&#8221;boxed&#8221; el_class=&#8221;plan_interior&#8221; css=&#8221;.vc_custom_1640636491405{margin-bottom: 30px !important;}&#8221;][vc_column_inner][vc_column_text el_class=&#8221;content-text section-title&#8221;]<span style=\"font-weight: 400;\">Voc\u00ea est\u00e1 procurando pelo destino perfeito para um encontro \u00e0 noite? N\u00e3o procure al\u00e9m do centro de Worcester. Desde teatros ao vivo at\u00e9 galerias de arte e restaurantes de alta gastronomia, temos tudo o que voc\u00ea precisa para planejar uma noite inesquec\u00edvel para aquela pessoa especial.<\/span>[\/vc_column_text][\/vc_column_inner][\/vc_row_inner][vc_row_inner type=&#8221;boxed&#8221; el_class=&#8221;plan_interior&#8221; css=&#8221;.vc_custom_1644004071040{margin-top: 40px !important;border-bottom-width: 40px !important;}&#8221;][vc_column_inner width=&#8221;1\/2&#8243;][vc_column_text el_class=&#8221;content-text section-title&#8221;]<\/p>\n<h2>Fa\u00e7a um Passeio Rom\u00e2ntico<\/h2>\n<p><span style=\"font-weight: 400;\">Comece seu passeio rom\u00e2ntico pelo <a href=\"http:\/\/www.worcesterma.gov\/worcester-common-oval\" target=\"_blank\" rel=\"noopener\">Worcester Common Oval<\/a>. Este belo espa\u00e7o p\u00fablico \u00e9 perfeito para um piquenique em uma tarde quente. O espa\u00e7o \u00e9 decorado com luzes durante a temporada de f\u00e9rias e transformado em um rom\u00e2ntico inverno no pa\u00eds das maravilhas que serviu como set de filmagens de um filme de Natal da Lifetime em anos anteriores. Ajude seu par a amarrar um par de patins e dar uma volta ao redor da pista de gelo, de bra\u00e7os dados.<\/span>[\/vc_column_text][\/vc_column_inner][vc_column_inner width=&#8221;1\/2&#8243; css=&#8221;.vc_custom_1644002919160{margin-top: 40px !important;}&#8221;][vc_single_image image=&#8221;1110&#8243; img_size=&#8221;800&#215;535&#8243; add_caption=&#8221;yes&#8221;][\/vc_column_inner][\/vc_row_inner][vc_row_inner type=&#8221;boxed&#8221; el_class=&#8221;plan_interior&#8221; css=&#8221;.vc_custom_1644004071040{margin-top: 40px !important;border-bottom-width: 40px !important;}&#8221;][vc_column_inner width=&#8221;1\/2&#8243; css=&#8221;.vc_custom_1644002919160{margin-top: 40px !important;}&#8221;][vc_single_image image=&#8221;1111&#8243; img_size=&#8221;800&#215;535&#8243; add_caption=&#8221;yes&#8221;][\/vc_column_inner][vc_column_inner width=&#8221;1\/2&#8243;][vc_column_text el_class=&#8221;content-text section-title&#8221;]<\/p>\n<h2>Admire Murais e Galerias<\/h2>\n<p><span style=\"font-weight: 400;\">Passeie pelas ruas do centro e admire dezenas de instala\u00e7\u00f5es de arte p\u00fablicas, incluindo o \u201cBanco Esther Howland\u201d em frente \u00e0 Prefeitura, projetado por Gianna Steward em homenagem a Esther Howland, a M\u00e3e do Dia dos Namorados. V\u00e1 ao Printers Building, na esquina da Portland e Myrtle Street, e veja a mais recente exposi\u00e7\u00e3o nas galerias da <a href=\"https:\/\/artsworcester.org\/\" target=\"_blank\" rel=\"noopener\">ArtsWorcester<\/a>. Se estiver aberto, suba at\u00e9 o terceiro andar para conferir o espa\u00e7o intimista da <a href=\"https:\/\/www.davisartgallery.com\/\" target=\"_blank\" rel=\"noopener\">Davis Art Gallery<\/a>. Desde murais at\u00e9 galerias e projetos de arte interativos, o centro de Worcester certamente despertar\u00e1 sua imagina\u00e7\u00e3o e criatividade.<\/span>[\/vc_column_text][\/vc_column_inner][\/vc_row_inner][vc_row_inner type=&#8221;boxed&#8221; el_class=&#8221;plan_interior&#8221; css=&#8221;.vc_custom_1644004071040{margin-top: 40px !important;border-bottom-width: 40px !important;}&#8221;][vc_column_inner width=&#8221;1\/2&#8243;][vc_column_text el_class=&#8221;content-text section-title&#8221;]<\/p>\n<h2>Divers\u00e3o Noturna Sem Igual<\/h2>\n<p><span style=\"font-weight: 400;\">Ansioso para uma atividade? Atividades de arremesso de machado, arremesso de facas e arco e flecha podem ser feitas dentro do <a href=\"https:\/\/www.farshot.net\/axe-throwing-worcester\/\" target=\"_blank\" rel=\"noopener\">Far Shot Worcester<\/a> na Front Street. Os casais tamb\u00e9m podem aproveitar a variedade de aulas divertidas e educativas oferecidas no Worcester PopUp no <a href=\"https:\/\/www.jmacworcester.org\/\" target=\"_blank\" rel=\"noopener\">JMAC<\/a> na Franklin Street. As aulas de arte, sess\u00f5es de ioga e eventos de culin\u00e1ria do PopUp s\u00e3o perfeitos para casais aventureiros que adoram experimentar novidades. O BrickBox Theater do JMAC tamb\u00e9m possui uma \u00f3tima atmosfera se a sua ideia de uma noite de encontro inclui jantar e show. Bal\u00e9s, com\u00e9dias, musicais, bandas e eventos de celebridades famosas podem ser encontrados no BrickBox e no <a href=\"https:\/\/thehanovertheatre.org\/\" target=\"_blank\" rel=\"noopener\">The Hanover Theatre<\/a>. <\/span>[\/vc_column_text][\/vc_column_inner][vc_column_inner width=&#8221;1\/2&#8243; css=&#8221;.vc_custom_1644002919160{margin-top: 40px !important;}&#8221;][vc_single_image image=&#8221;1112&#8243; img_size=&#8221;800&#215;535&#8243; add_caption=&#8221;yes&#8221;][\/vc_column_inner][\/vc_row_inner][vc_row_inner css=&#8221;.vc_custom_1644006785150{margin-top: 40px !important;}&#8221;][vc_column_inner width=&#8221;1\/2&#8243; css=&#8221;.vc_custom_1644006711468{margin-top: 40px !important;}&#8221;][vc_single_image image=&#8221;1133&#8243; img_size=&#8221;800&#215;535&#8243; add_caption=&#8221;yes&#8221;][\/vc_column_inner][vc_column_inner width=&#8221;1\/2&#8243;][vc_column_text el_class=&#8221;content-text section-title&#8221;]<\/p>\n<h2>Lugares Rom\u00e2nticos e Deliciosos<\/h2>\n<p><span style=\"font-weight: 400;\">Ap\u00f3s o show, reserve seus lugares no <a href=\"http:\/\/www.theatre-cafe.net\/\" target=\"_blank\" rel=\"noopener\">Theatre Cafe<\/a> e aproveite o melhor bistr\u00f4 gourmet do bairro. Ou pe\u00e7a uma tigela nutritiva de l\u00e1men fumegante do <a href=\"https:\/\/www.chashuramen.com\/\" target=\"_blank\" rel=\"noopener\">Chashu Ramen<\/a> e um suntuoso frango frito bao bao. Desfrute do bar e restaurante no terra\u00e7o do <a href=\"https:\/\/www.themercantileworcester.com\/\">The Mercantile<\/a>, um restaurante de dois andares com 500 lugares. Procurando algo para beber depois do jantar? Passeie pela Main Street at\u00e9 <a href=\"https:\/\/www.deadhorsehill.com\/\" target=\"_blank\" rel=\"noopener\">deadhorse hill<\/a> e confira seu inovador programa de coquet\u00e9is. <\/span><\/p>\n<p><span style=\"font-weight: 400;\">O centro de Worcester possui tudo que voc\u00ea precisa para sua noite valer a pena do in\u00edcio ao fim! <\/span>[\/vc_column_text][\/vc_column_inner][\/vc_row_inner][\/vc_column][\/vc_row][vc_row type=&#8221;boxed&#8221; disable_element=&#8221;yes&#8221; el_class=&#8221;itinerary_photos&#8221;][vc_column]<div id=\"ult-carousel-210239782969f8f65050fed\" class=\"ult-carousel-wrapper   ult_horizontal\" data-gutter=\"15\" data-rtl=\"false\" ><div class=\"ult-carousel-187279154769f8f65050e8d \" >[vc_single_image image=&#8221;918&#8243; img_size=&#8221;400&#215;400&#8243; alignment=&#8221;center&#8221; onclick=&#8221;link_image&#8221;][vc_single_image image=&#8221;919&#8243; img_size=&#8221;400&#215;400&#8243; add_caption=&#8221;yes&#8221; alignment=&#8221;center&#8221; onclick=&#8221;link_image&#8221;][vc_single_image image=&#8221;920&#8243; img_size=&#8221;400&#215;400&#8243; alignment=&#8221;center&#8221; onclick=&#8221;link_image&#8221;][vc_single_image image=&#8221;922&#8243; img_size=&#8221;400&#215;400&#8243; alignment=&#8221;center&#8221; onclick=&#8221;link_image&#8221;]<\/div><\/div>\t\t\t<script type=\"text\/javascript\">\r\n\t\t\t\tjQuery(document).ready(function ($) {\r\n\t\t\t\t\tif( typeof jQuery('.ult-carousel-187279154769f8f65050e8d').slick == \"function\"){\r\n\t\t\t\t\t\t$('.ult-carousel-187279154769f8f65050e8d').slick({dots: true,autoplay: true,autoplaySpeed: 5000,speed: 300,infinite: true,arrows: true,nextArrow: '<button type=\"button\" role=\"button\" aria-label=\"Next\" style=\"color:#ffffff; font-size:47px;\" class=\"slick-next default\"><i class=\"ultsl-arrow-right4\"><\/i><\/button>',prevArrow: '<button type=\"button\" role=\"button\" aria-label=\"Previous\" style=\"color:#ffffff; font-size:47px;\" class=\"slick-prev default\"><i class=\"ultsl-arrow-left4\"><\/i><\/button>',slidesToScroll:3,slidesToShow:3,swipe: true,draggable: true,touchMove: true,pauseOnHover: true,pauseOnFocus: false,responsive: [\r\n\t\t\t\t\t\t\t{\r\n\t\t\t\t\t\t\t  breakpoint: 1026,\r\n\t\t\t\t\t\t\t  settings: {\r\n\t\t\t\t\t\t\t\tslidesToShow: 3,\r\n\t\t\t\t\t\t\t\tslidesToScroll: 3,  \r\n\t\t\t\t\t\t\t  }\r\n\t\t\t\t\t\t\t},\r\n\t\t\t\t\t\t\t{\r\n\t\t\t\t\t\t\t  breakpoint: 1025,\r\n\t\t\t\t\t\t\t  settings: {\r\n\t\t\t\t\t\t\t\tslidesToShow: 2,\r\n\t\t\t\t\t\t\t\tslidesToScroll: 2\r\n\t\t\t\t\t\t\t  }\r\n\t\t\t\t\t\t\t},\r\n\t\t\t\t\t\t\t{\r\n\t\t\t\t\t\t\t  breakpoint: 760,\r\n\t\t\t\t\t\t\t  settings: {\r\n\t\t\t\t\t\t\t\tslidesToShow: 1,\r\n\t\t\t\t\t\t\t\tslidesToScroll: 1\r\n\t\t\t\t\t\t\t  }\r\n\t\t\t\t\t\t\t}\r\n\t\t\t\t\t\t],pauseOnDotsHover: true,customPaging: function(slider, i) {\r\n                   return '<i type=\"button\" style= \"color:#333333;\" class=\"ultsl-record\" data-role=\"none\"><\/i>';\r\n                },});\r\n\t\t\t\t\t}\r\n\t\t\t\t});\r\n\t\t\t<\/script>\r\n\t\t\t[\/vc_column][\/vc_row]<\/p>\n<\/div>","protected":false},"excerpt":{"rendered":"<p>[vc_row el_class=&#8221;inner-banner-section&#8221; css=&#8221;.vc_custom_1644548694720{background-image: url(https:\/\/www.downtownworcester.org\/wp-content\/uploads\/2022\/02\/blurred-people-at-restaurant.jpg?id=1141) !important;background-position: center !important;background-repeat: no-repeat !important;background-size: cover !important;}&#8221;][vc_column][vc_row_inner type=&#8221;boxed&#8221; el_class=&#8221;inner-banner-row&#8221;][vc_column_inner][vc_column_text el_class=&#8221;banner-text content-text light-text&#8221;] Noite da Data no centro da cidade [\/vc_column_text][\/vc_column_inner][\/vc_row_inner][\/vc_column][\/vc_row][vc_row max_width=&#8221;1080px&#8221; el_class=&#8221;br_top&#8221; css=&#8221;.vc_custom_1628273904931{margin-bottom: 60px !important;}&#8221;][vc_column][vc_row_inner type=&#8221;boxed&#8221; el_class=&#8221;plan_interior&#8221; css=&#8221;.vc_custom_1640636491405{margin-bottom: 30px !important;}&#8221;][vc_column_inner][vc_column_text el_class=&#8221;content-text section-title&#8221;]Voc\u00ea est\u00e1 procurando pelo destino perfeito para um encontro \u00e0 noite? N\u00e3o procure al\u00e9m do &hellip;<\/p>\n","protected":false},"author":1,"featured_media":0,"parent":5371,"menu_order":0,"comment_status":"closed","ping_status":"closed","template":"templates\/page-full.php","meta":{"_acf_changed":false,"footnotes":""},"class_list":["post-5223","page","type-page","status-publish","hentry"],"acf":[],"yoast_head":"<!-- This site is optimized with the Yoast SEO plugin v23.1 - https:\/\/yoast.com\/wordpress\/plugins\/seo\/ -->\n<title>Noite da Data no centro da cidade - Downtown Worcester<\/title>\n<meta name=\"robots\" content=\"index, follow, max-snippet:-1, max-image-preview:large, max-video-preview:-1\" \/>\n<link rel=\"canonical\" href=\"https:\/\/www.downtownworcester.org\/pt-br\/planeje-sua-visita\/noite-da-data-no-centro-da-cidade\/\" \/>\n<meta property=\"og:locale\" content=\"pt_BR\" \/>\n<meta property=\"og:type\" content=\"article\" \/>\n<meta property=\"og:title\" content=\"Noite da Data no centro da cidade - Downtown Worcester\" \/>\n<meta property=\"og:description\" content=\"[vc_row el_class=&#8221;inner-banner-section&#8221; css=&#8221;.vc_custom_1644548694720{background-image: url(https:\/\/www.downtownworcester.org\/wp-content\/uploads\/2022\/02\/blurred-people-at-restaurant.jpg?id=1141) !important;background-position: center !important;background-repeat: no-repeat !important;background-size: cover !important;}&#8221;][vc_column][vc_row_inner type=&#8221;boxed&#8221; el_class=&#8221;inner-banner-row&#8221;][vc_column_inner][vc_column_text el_class=&#8221;banner-text content-text light-text&#8221;] Noite da Data no centro da cidade [\/vc_column_text][\/vc_column_inner][\/vc_row_inner][\/vc_column][\/vc_row][vc_row max_width=&#8221;1080px&#8221; el_class=&#8221;br_top&#8221; css=&#8221;.vc_custom_1628273904931{margin-bottom: 60px !important;}&#8221;][vc_column][vc_row_inner type=&#8221;boxed&#8221; el_class=&#8221;plan_interior&#8221; css=&#8221;.vc_custom_1640636491405{margin-bottom: 30px !important;}&#8221;][vc_column_inner][vc_column_text el_class=&#8221;content-text section-title&#8221;]Voc\u00ea est\u00e1 procurando pelo destino perfeito para um encontro \u00e0 noite? N\u00e3o procure al\u00e9m do &hellip;\" \/>\n<meta property=\"og:url\" content=\"https:\/\/www.downtownworcester.org\/pt-br\/planeje-sua-visita\/noite-da-data-no-centro-da-cidade\/\" \/>\n<meta property=\"og:site_name\" content=\"Downtown Worcester\" \/>\n<meta property=\"article:publisher\" content=\"https:\/\/www.facebook.com\/DowntownWorcesterBID\" \/>\n<meta property=\"article:modified_time\" content=\"2022-08-10T13:51:56+00:00\" \/>\n<meta name=\"twitter:card\" content=\"summary_large_image\" \/>\n<meta name=\"twitter:label1\" content=\"Est. tempo de leitura\" \/>\n\t<meta name=\"twitter:data1\" content=\"5 minutos\" \/>\n<script type=\"application\/ld+json\" class=\"yoast-schema-graph\">{\"@context\":\"https:\/\/schema.org\",\"@graph\":[{\"@type\":\"WebPage\",\"@id\":\"https:\/\/www.downtownworcester.org\/pt-br\/planeje-sua-visita\/noite-da-data-no-centro-da-cidade\/\",\"url\":\"https:\/\/www.downtownworcester.org\/pt-br\/planeje-sua-visita\/noite-da-data-no-centro-da-cidade\/\",\"name\":\"Noite da Data no centro da cidade - Downtown Worcester\",\"isPartOf\":{\"@id\":\"https:\/\/www.downtownworcester.org\/pt-br\/#website\"},\"datePublished\":\"2021-12-27T21:34:12+00:00\",\"dateModified\":\"2022-08-10T13:51:56+00:00\",\"breadcrumb\":{\"@id\":\"https:\/\/www.downtownworcester.org\/pt-br\/planeje-sua-visita\/noite-da-data-no-centro-da-cidade\/#breadcrumb\"},\"inLanguage\":\"pt-BR\",\"potentialAction\":[{\"@type\":\"ReadAction\",\"target\":[\"https:\/\/www.downtownworcester.org\/pt-br\/planeje-sua-visita\/noite-da-data-no-centro-da-cidade\/\"]}]},{\"@type\":\"BreadcrumbList\",\"@id\":\"https:\/\/www.downtownworcester.org\/pt-br\/planeje-sua-visita\/noite-da-data-no-centro-da-cidade\/#breadcrumb\",\"itemListElement\":[{\"@type\":\"ListItem\",\"position\":1,\"name\":\"Home\",\"item\":\"https:\/\/www.downtownworcester.org\/pt-br\/\"},{\"@type\":\"ListItem\",\"position\":2,\"name\":\"Planeje sua visita\",\"item\":\"https:\/\/www.downtownworcester.org\/pt-br\/planeje-sua-visita\/\"},{\"@type\":\"ListItem\",\"position\":3,\"name\":\"Noite da Data no centro da cidade\"}]},{\"@type\":\"WebSite\",\"@id\":\"https:\/\/www.downtownworcester.org\/pt-br\/#website\",\"url\":\"https:\/\/www.downtownworcester.org\/pt-br\/\",\"name\":\"Downtown Worcester\",\"description\":\"Downtown Worcester Business Improvement District | It&#039;s all here!\",\"publisher\":{\"@id\":\"https:\/\/www.downtownworcester.org\/pt-br\/#organization\"},\"potentialAction\":[{\"@type\":\"SearchAction\",\"target\":{\"@type\":\"EntryPoint\",\"urlTemplate\":\"https:\/\/www.downtownworcester.org\/pt-br\/?s={search_term_string}\"},\"query-input\":\"required name=search_term_string\"}],\"inLanguage\":\"pt-BR\"},{\"@type\":\"Organization\",\"@id\":\"https:\/\/www.downtownworcester.org\/pt-br\/#organization\",\"name\":\"Downtown Worcester\",\"url\":\"https:\/\/www.downtownworcester.org\/pt-br\/\",\"logo\":{\"@type\":\"ImageObject\",\"inLanguage\":\"pt-BR\",\"@id\":\"https:\/\/www.downtownworcester.org\/pt-br\/#\/schema\/logo\/image\/\",\"url\":\"https:\/\/www.downtownworcester.org\/wp-content\/uploads\/2023\/01\/WorcesterLogos-02.png\",\"contentUrl\":\"https:\/\/www.downtownworcester.org\/wp-content\/uploads\/2023\/01\/WorcesterLogos-02.png\",\"width\":3655,\"height\":877,\"caption\":\"Downtown Worcester\"},\"image\":{\"@id\":\"https:\/\/www.downtownworcester.org\/pt-br\/#\/schema\/logo\/image\/\"},\"sameAs\":[\"https:\/\/www.facebook.com\/DowntownWorcesterBID\",\"https:\/\/www.instagram.com\/downtownworcesterbid\/\",\"https:\/\/www.linkedin.com\/company\/downtown-worcester-business-improvement-district\/\"]}]}<\/script>\n<!-- \/ Yoast SEO plugin. -->","yoast_head_json":{"title":"Noite da Data no centro da cidade - Downtown Worcester","robots":{"index":"index","follow":"follow","max-snippet":"max-snippet:-1","max-image-preview":"max-image-preview:large","max-video-preview":"max-video-preview:-1"},"canonical":"https:\/\/www.downtownworcester.org\/pt-br\/planeje-sua-visita\/noite-da-data-no-centro-da-cidade\/","og_locale":"pt_BR","og_type":"article","og_title":"Noite da Data no centro da cidade - Downtown Worcester","og_description":"[vc_row el_class=&#8221;inner-banner-section&#8221; css=&#8221;.vc_custom_1644548694720{background-image: url(https:\/\/www.downtownworcester.org\/wp-content\/uploads\/2022\/02\/blurred-people-at-restaurant.jpg?id=1141) !important;background-position: center !important;background-repeat: no-repeat !important;background-size: cover !important;}&#8221;][vc_column][vc_row_inner type=&#8221;boxed&#8221; el_class=&#8221;inner-banner-row&#8221;][vc_column_inner][vc_column_text el_class=&#8221;banner-text content-text light-text&#8221;] Noite da Data no centro da cidade [\/vc_column_text][\/vc_column_inner][\/vc_row_inner][\/vc_column][\/vc_row][vc_row max_width=&#8221;1080px&#8221; el_class=&#8221;br_top&#8221; css=&#8221;.vc_custom_1628273904931{margin-bottom: 60px !important;}&#8221;][vc_column][vc_row_inner type=&#8221;boxed&#8221; el_class=&#8221;plan_interior&#8221; css=&#8221;.vc_custom_1640636491405{margin-bottom: 30px !important;}&#8221;][vc_column_inner][vc_column_text el_class=&#8221;content-text section-title&#8221;]Voc\u00ea est\u00e1 procurando pelo destino perfeito para um encontro \u00e0 noite? N\u00e3o procure al\u00e9m do &hellip;","og_url":"https:\/\/www.downtownworcester.org\/pt-br\/planeje-sua-visita\/noite-da-data-no-centro-da-cidade\/","og_site_name":"Downtown Worcester","article_publisher":"https:\/\/www.facebook.com\/DowntownWorcesterBID","article_modified_time":"2022-08-10T13:51:56+00:00","twitter_card":"summary_large_image","twitter_misc":{"Est. tempo de leitura":"5 minutos"},"schema":{"@context":"https:\/\/schema.org","@graph":[{"@type":"WebPage","@id":"https:\/\/www.downtownworcester.org\/pt-br\/planeje-sua-visita\/noite-da-data-no-centro-da-cidade\/","url":"https:\/\/www.downtownworcester.org\/pt-br\/planeje-sua-visita\/noite-da-data-no-centro-da-cidade\/","name":"Noite da Data no centro da cidade - Downtown Worcester","isPartOf":{"@id":"https:\/\/www.downtownworcester.org\/pt-br\/#website"},"datePublished":"2021-12-27T21:34:12+00:00","dateModified":"2022-08-10T13:51:56+00:00","breadcrumb":{"@id":"https:\/\/www.downtownworcester.org\/pt-br\/planeje-sua-visita\/noite-da-data-no-centro-da-cidade\/#breadcrumb"},"inLanguage":"pt-BR","potentialAction":[{"@type":"ReadAction","target":["https:\/\/www.downtownworcester.org\/pt-br\/planeje-sua-visita\/noite-da-data-no-centro-da-cidade\/"]}]},{"@type":"BreadcrumbList","@id":"https:\/\/www.downtownworcester.org\/pt-br\/planeje-sua-visita\/noite-da-data-no-centro-da-cidade\/#breadcrumb","itemListElement":[{"@type":"ListItem","position":1,"name":"Home","item":"https:\/\/www.downtownworcester.org\/pt-br\/"},{"@type":"ListItem","position":2,"name":"Planeje sua visita","item":"https:\/\/www.downtownworcester.org\/pt-br\/planeje-sua-visita\/"},{"@type":"ListItem","position":3,"name":"Noite da Data no centro da cidade"}]},{"@type":"WebSite","@id":"https:\/\/www.downtownworcester.org\/pt-br\/#website","url":"https:\/\/www.downtownworcester.org\/pt-br\/","name":"Downtown Worcester","description":"Downtown Worcester Business Improvement District | It&#039;s all here!","publisher":{"@id":"https:\/\/www.downtownworcester.org\/pt-br\/#organization"},"potentialAction":[{"@type":"SearchAction","target":{"@type":"EntryPoint","urlTemplate":"https:\/\/www.downtownworcester.org\/pt-br\/?s={search_term_string}"},"query-input":"required name=search_term_string"}],"inLanguage":"pt-BR"},{"@type":"Organization","@id":"https:\/\/www.downtownworcester.org\/pt-br\/#organization","name":"Downtown Worcester","url":"https:\/\/www.downtownworcester.org\/pt-br\/","logo":{"@type":"ImageObject","inLanguage":"pt-BR","@id":"https:\/\/www.downtownworcester.org\/pt-br\/#\/schema\/logo\/image\/","url":"https:\/\/www.downtownworcester.org\/wp-content\/uploads\/2023\/01\/WorcesterLogos-02.png","contentUrl":"https:\/\/www.downtownworcester.org\/wp-content\/uploads\/2023\/01\/WorcesterLogos-02.png","width":3655,"height":877,"caption":"Downtown Worcester"},"image":{"@id":"https:\/\/www.downtownworcester.org\/pt-br\/#\/schema\/logo\/image\/"},"sameAs":["https:\/\/www.facebook.com\/DowntownWorcesterBID","https:\/\/www.instagram.com\/downtownworcesterbid\/","https:\/\/www.linkedin.com\/company\/downtown-worcester-business-improvement-district\/"]}]}},"_links":{"self":[{"href":"https:\/\/www.downtownworcester.org\/pt-br\/wp-json\/wp\/v2\/pages\/5223","targetHints":{"allow":["GET"]}}],"collection":[{"href":"https:\/\/www.downtownworcester.org\/pt-br\/wp-json\/wp\/v2\/pages"}],"about":[{"href":"https:\/\/www.downtownworcester.org\/pt-br\/wp-json\/wp\/v2\/types\/page"}],"author":[{"embeddable":true,"href":"https:\/\/www.downtownworcester.org\/pt-br\/wp-json\/wp\/v2\/users\/1"}],"replies":[{"embeddable":true,"href":"https:\/\/www.downtownworcester.org\/pt-br\/wp-json\/wp\/v2\/comments?post=5223"}],"version-history":[{"count":2,"href":"https:\/\/www.downtownworcester.org\/pt-br\/wp-json\/wp\/v2\/pages\/5223\/revisions"}],"predecessor-version":[{"id":5225,"href":"https:\/\/www.downtownworcester.org\/pt-br\/wp-json\/wp\/v2\/pages\/5223\/revisions\/5225"}],"up":[{"embeddable":true,"href":"https:\/\/www.downtownworcester.org\/pt-br\/wp-json\/wp\/v2\/pages\/5371"}],"wp:attachment":[{"href":"https:\/\/www.downtownworcester.org\/pt-br\/wp-json\/wp\/v2\/media?parent=5223"}],"curies":[{"name":"wp","href":"https:\/\/api.w.org\/{rel}","templated":true}]}}