{"id":5196,"date":"2022-02-17T21:50:52","date_gmt":"2022-02-18T02:50:52","guid":{"rendered":"https:\/\/www.downtownworcester.org\/capturar-belas-vistas-do-centro-da-cidade\/"},"modified":"2023-12-16T10:55:40","modified_gmt":"2023-12-16T15:55:40","slug":"capturar-belas-vistas-do-centro-da-cidade","status":"publish","type":"page","link":"https:\/\/www.downtownworcester.org\/pt-br\/planeje-sua-visita\/capturar-belas-vistas-do-centro-da-cidade\/","title":{"rendered":"Capturar belas vistas do centro da cidade"},"content":{"rendered":"<div class=\"wpb-content-wrapper\"><p>[vc_row el_class=&#8221;inner-banner-section&#8221; css=&#8221;.vc_custom_1645151987361{background-image: url(https:\/\/www.downtownworcester.org\/wp-content\/uploads\/2022\/02\/6570da13649b29ab1e6657c9672e8afa-xxlarge.jpg?id=1166) !important;background-position: center !important;background-repeat: no-repeat !important;background-size: cover !important;}&#8221;][vc_column][vc_row_inner type=&#8221;boxed&#8221; el_class=&#8221;inner-banner-row&#8221;][vc_column_inner][vc_column_text el_class=&#8221;banner-text content-text light-text&#8221;]<\/p>\n<h1 style=\"text-align: center;\">Capturar belas vistas do centro da cidade<\/h1>\n<p>[\/vc_column_text][\/vc_column_inner][\/vc_row_inner][\/vc_column][\/vc_row][vc_row el_class=&#8221;top-description-row&#8221; css=&#8221;.vc_custom_1650379552096{padding-top: 20px !important;}&#8221;][vc_column][vc_column_text]<\/p>\n<h2 class=\"photo_credit\">Foto de Joe Santa Maria<\/h2>\n<p>[\/vc_column_text][\/vc_column][\/vc_row][vc_row max_width=&#8221;1080px&#8221; el_class=&#8221;br_top&#8221; css=&#8221;.vc_custom_1628273904931{margin-bottom: 60px !important;}&#8221;][vc_column][vc_row_inner type=&#8221;boxed&#8221; el_class=&#8221;plan_interior&#8221; css=&#8221;.vc_custom_1640636491405{margin-bottom: 30px !important;}&#8221;][vc_column_inner][vc_column_text el_class=&#8221;content-text section-title&#8221;]O centro de Worcester est\u00e1 cheio de vistas de tirar o f\u00f4lego e destinos Instagram\u00e1veis. Explore os pontos tur\u00edsticos \u00fanicos com um telefone ou c\u00e2mera na m\u00e3o e veja por si mesmo o que torna o bairro uma comunidade t\u00e3o pitoresca.[\/vc_column_text][\/vc_column_inner][\/vc_row_inner][vc_row_inner type=&#8221;boxed&#8221; el_class=&#8221;plan_interior&#8221; css=&#8221;.vc_custom_1644004071040{margin-top: 40px !important;border-bottom-width: 40px !important;}&#8221;][vc_column_inner width=&#8221;1\/2&#8243;][vc_column_text el_class=&#8221;content-text section-title&#8221;]<\/p>\n<h2>Visite o Common Digno de Cart\u00e3o Postal<\/h2>\n<p>O <a href=\"http:\/\/www.worcesterma.gov\/worcester-common-oval\" target=\"_blank\" rel=\"noopener\">Worcester Common Oval<\/a> est\u00e1 repleto de atividades durante todas as horas do dia. Relaxe nos bancos, aproveite a s\u00e9rie de concertos \u201cOut to Lunch\u201d e o Mercado de Produtos Agr\u00edcolas ou encontre os amigos para patinar no gelo nos meses de inverno. Com algo reservado para cada esta\u00e7\u00e3o, o Oval continua sendo um cen\u00e1rio animado para criar novas mem\u00f3rias durante todo o ano. Durante as f\u00e9rias, o Oval \u00e9 transformado por luzes brilhantes penduradas sobre as \u00e1rvores e nos arredores do parque. \u00c0 noite, as luzes contribuem para criar uma cena digna de cart\u00e3o postal da Nova Inglaterra.[\/vc_column_text][\/vc_column_inner][vc_column_inner width=&#8221;1\/2&#8243; css=&#8221;.vc_custom_1644002919160{margin-top: 40px !important;}&#8221;][vc_single_image image=&#8221;1167&#8243; img_size=&#8221;800&#215;535&#8243; add_caption=&#8221;yes&#8221;][\/vc_column_inner][\/vc_row_inner][vc_row_inner type=&#8221;boxed&#8221; el_class=&#8221;plan_interior&#8221; css=&#8221;.vc_custom_1644004071040{margin-top: 40px !important;border-bottom-width: 40px !important;}&#8221;][vc_column_inner width=&#8221;1\/2&#8243; css=&#8221;.vc_custom_1644002919160{margin-top: 40px !important;}&#8221;][vc_single_image image=&#8221;4774&#8243; img_size=&#8221;800&#215;535&#8243; add_caption=&#8221;yes&#8221;][\/vc_column_inner][vc_column_inner width=&#8221;1\/2&#8243;][vc_column_text el_class=&#8221;content-text section-title&#8221;]<\/p>\n<h2>Suba as Grandes Escadarias da Prefeitura<\/h2>\n<p><span style=\"font-weight: 400;\">Elevando-se sobre o Worcester Common Oval est\u00e1 a <a href=\"https:\/\/www.discovercentralma.org\/profile\/worcester-city-hall-\/\" target=\"_blank\" rel=\"noopener\">Prefeitura de Worcester<\/a> &#8211; uma joia arquitet\u00f4nica, por dentro e por fora. Inaugurado em 1898, o pr\u00e9dio da Prefeitura exemplifica a arquitetura Renascentista com grandes colunas, tetos altos e desenhos intrincados. A Prefeitura tornou-se um dos marcos cinematogr\u00e1ficos quintessenciais de Worcester, uma vez que aparece cada vez mais como pano de fundo para diversos longas-metragens.<\/span>[\/vc_column_text][\/vc_column_inner][\/vc_row_inner][vc_row_inner type=&#8221;boxed&#8221; el_class=&#8221;plan_interior&#8221; css=&#8221;.vc_custom_1644004071040{margin-top: 40px !important;border-bottom-width: 40px !important;}&#8221;][vc_column_inner width=&#8221;1\/2&#8243;][vc_column_text el_class=&#8221;content-text section-title&#8221;]<\/p>\n<h2>Cen\u00e1rios Modernos e Paisagens Extensas<\/h2>\n<p>O <a href=\"https:\/\/www.mercantileworcester.com\/\" target=\"_blank\" rel=\"noopener\">Mercantile Center<\/a>, localizado na 100 e 120 Front Street, \u00e9 uma propriedade de uso misto no centro da cidade. A pra\u00e7a elegante e estilosa \u00e9 um popular ponto de encontro central para a for\u00e7a de trabalho do centro durante o hor\u00e1rio de almo\u00e7o. Enquanto a arquitetura chique e moderna \u00e9 perfeita para uma selfie, as vistas reais podem ser encontradas no 19\u00ba andar do edif\u00edcio. Neste n\u00edvel, voc\u00ea pode apreciar as vistas deslumbrantes do centro de Worcester. Este excelente ponto privilegiado permitir\u00e1 que voc\u00ea explore a paisagem urbana de uma maneira que n\u00e3o se compara a nenhuma outra.[\/vc_column_text][\/vc_column_inner][vc_column_inner width=&#8221;1\/2&#8243; css=&#8221;.vc_custom_1644002919160{margin-top: 40px !important;}&#8221;][vc_single_image image=&#8221;1169&#8243; img_size=&#8221;800&#215;535&#8243; add_caption=&#8221;yes&#8221;][\/vc_column_inner][\/vc_row_inner][vc_row_inner css=&#8221;.vc_custom_1644006785150{margin-top: 40px !important;}&#8221;][vc_column_inner width=&#8221;1\/2&#8243; css=&#8221;.vc_custom_1644006711468{margin-top: 40px !important;}&#8221;][vc_single_image image=&#8221;1413&#8243; img_size=&#8221;800&#215;535&#8243;][\/vc_column_inner][vc_column_inner width=&#8221;1\/2&#8243;][vc_column_text el_class=&#8221;content-text section-title&#8221;]<\/p>\n<h2>Mantenha o Cl\u00e1ssico<\/h2>\n<p>A <a href=\"https:\/\/www.worcestermag.com\/story\/lifestyle\/2021\/03\/10\/true-beauty-seeing-union-station-fresh-eyes\/4512100001\/\" target=\"_blank\" rel=\"noopener\">Union Station de Worcester<\/a> expressa a classe e o estilo do Velho Mundo. Constru\u00edda no estilo Neocl\u00e1ssico Beaux-Arts, a Union Station continua sendo uma pe\u00e7a impressionante da hist\u00f3ria local e a localiza\u00e7\u00e3o perfeita para eventos especiais, reuni\u00f5es elaboradas ou fotos de noivado \u00fanicas. Fa\u00e7a sua pr\u00f3pria sess\u00e3o de fotos a qualquer hora do dia e descubra o motivo pelo qual esse marco hist\u00f3rico continua a impressionar moradores e visitantes.[\/vc_column_text][\/vc_column_inner][\/vc_row_inner][vc_row_inner type=&#8221;boxed&#8221; el_class=&#8221;plan_interior&#8221; css=&#8221;.vc_custom_1644004071040{margin-top: 40px !important;border-bottom-width: 40px !important;}&#8221;][vc_column_inner width=&#8221;1\/2&#8243;][vc_column_text el_class=&#8221;content-text section-title&#8221;]<\/p>\n<h2>Interaja com a Arte P\u00fablica<\/h2>\n<p>O centro de Worcester est\u00e1 rapidamente se tornando um foco de arte p\u00fablica tridimensional. Fa\u00e7a uma pose com seu ente querido no Banco Esther Howland em frente \u00e0 Prefeitura, projetado por Gianna Steward, em homenagem \u00e0 m\u00e3e do Dia dos Namorados. Ou acompanhe seus filhos at\u00e9 o quarto andar da <a href=\"https:\/\/www.mywpl.org\/\" target=\"_blank\" rel=\"noopener\">Biblioteca P\u00fablica de Worcester<\/a>, onde eles encontrar\u00e3o um foguete monumental com recantos de leitura para explorar. A escultura interativa faz jus ao pr\u00f3prio Robert Goddard, de Worcester, conhecido mundialmente como o pai dos foguetes modernos.[\/vc_column_text][\/vc_column_inner][vc_column_inner width=&#8221;1\/2&#8243; css=&#8221;.vc_custom_1644002919160{margin-top: 40px !important;}&#8221;][vc_single_image image=&#8221;1173&#8243; img_size=&#8221;800&#215;535&#8243; add_caption=&#8221;yes&#8221;][\/vc_column_inner][\/vc_row_inner][vc_row_inner css=&#8221;.vc_custom_1644006785150{margin-top: 40px !important;}&#8221;][vc_column_inner width=&#8221;1\/2&#8243; css=&#8221;.vc_custom_1644006711468{margin-top: 40px !important;}&#8221;][vc_single_image image=&#8221;4855&#8243; img_size=&#8221;800&#215;535&#8243; add_caption=&#8221;yes&#8221;][\/vc_column_inner][vc_column_inner width=&#8221;1\/2&#8243;][vc_column_text el_class=&#8221;content-text section-title&#8221;]<\/p>\n<h2>Folhagem, Fogos de Artif\u00edcio e Mais<\/h2>\n<p><span style=\"font-weight: 400;\">Durante os meses de outono, os carros estacionam nas vagas da \u00e1rea mais alta do centro para apreciar a folhagem. No ver\u00e3o, fogos de artif\u00edcio e v\u00edvidos pores do sol tamb\u00e9m ganham vida do alto dessas enormes estruturas, proporcionando novas perspectivas do cen\u00e1rio da cidade a partir de v\u00e1rios \u00e2ngulos desobstru\u00eddos. Permita-se dez minutos extras em sua pr\u00f3xima viagem ao centro da cidade e aproveite para mergulhar na beleza de Worcester. Confira nosso <\/span><a href=\"https:\/\/www.google.com\/maps\/d\/u\/0\/edit?mid=1r5WX_hJyS2DfvVxkHVrm427P-EzBJ4ht&amp;ll=42.26739803092734%2C-71.80183536943872&amp;z=16\"><span style=\"font-weight: 400;\">mapa de estacionamento do centro<\/span><\/a><span style=\"font-weight: 400;\"> para mais detalhes.<\/span>[\/vc_column_text][\/vc_column_inner][\/vc_row_inner][\/vc_column][\/vc_row][vc_row type=&#8221;boxed&#8221; disable_element=&#8221;yes&#8221; el_class=&#8221;itinerary_photos&#8221;][vc_column]<div id=\"ult-carousel-39989553769f8bed18ab31\" class=\"ult-carousel-wrapper   ult_horizontal\" data-gutter=\"15\" data-rtl=\"false\" ><div class=\"ult-carousel-193397893869f8bed18a910 \" >[vc_single_image image=&#8221;918&#8243; img_size=&#8221;400&#215;400&#8243; alignment=&#8221;center&#8221; onclick=&#8221;link_image&#8221;][vc_single_image image=&#8221;919&#8243; img_size=&#8221;400&#215;400&#8243; add_caption=&#8221;yes&#8221; alignment=&#8221;center&#8221; onclick=&#8221;link_image&#8221;][vc_single_image image=&#8221;920&#8243; img_size=&#8221;400&#215;400&#8243; alignment=&#8221;center&#8221; onclick=&#8221;link_image&#8221;][vc_single_image image=&#8221;922&#8243; img_size=&#8221;400&#215;400&#8243; alignment=&#8221;center&#8221; onclick=&#8221;link_image&#8221;]<\/div><\/div>\t\t\t<script type=\"text\/javascript\">\r\n\t\t\t\tjQuery(document).ready(function ($) {\r\n\t\t\t\t\tif( typeof jQuery('.ult-carousel-193397893869f8bed18a910').slick == \"function\"){\r\n\t\t\t\t\t\t$('.ult-carousel-193397893869f8bed18a910').slick({dots: true,autoplay: true,autoplaySpeed: 5000,speed: 300,infinite: true,arrows: true,nextArrow: '<button type=\"button\" role=\"button\" aria-label=\"Next\" style=\"color:#ffffff; font-size:47px;\" class=\"slick-next default\"><i class=\"ultsl-arrow-right4\"><\/i><\/button>',prevArrow: '<button type=\"button\" role=\"button\" aria-label=\"Previous\" style=\"color:#ffffff; font-size:47px;\" class=\"slick-prev default\"><i class=\"ultsl-arrow-left4\"><\/i><\/button>',slidesToScroll:3,slidesToShow:3,swipe: true,draggable: true,touchMove: true,pauseOnHover: true,pauseOnFocus: false,responsive: [\r\n\t\t\t\t\t\t\t{\r\n\t\t\t\t\t\t\t  breakpoint: 1026,\r\n\t\t\t\t\t\t\t  settings: {\r\n\t\t\t\t\t\t\t\tslidesToShow: 3,\r\n\t\t\t\t\t\t\t\tslidesToScroll: 3,  \r\n\t\t\t\t\t\t\t  }\r\n\t\t\t\t\t\t\t},\r\n\t\t\t\t\t\t\t{\r\n\t\t\t\t\t\t\t  breakpoint: 1025,\r\n\t\t\t\t\t\t\t  settings: {\r\n\t\t\t\t\t\t\t\tslidesToShow: 2,\r\n\t\t\t\t\t\t\t\tslidesToScroll: 2\r\n\t\t\t\t\t\t\t  }\r\n\t\t\t\t\t\t\t},\r\n\t\t\t\t\t\t\t{\r\n\t\t\t\t\t\t\t  breakpoint: 760,\r\n\t\t\t\t\t\t\t  settings: {\r\n\t\t\t\t\t\t\t\tslidesToShow: 1,\r\n\t\t\t\t\t\t\t\tslidesToScroll: 1\r\n\t\t\t\t\t\t\t  }\r\n\t\t\t\t\t\t\t}\r\n\t\t\t\t\t\t],pauseOnDotsHover: true,customPaging: function(slider, i) {\r\n                   return '<i type=\"button\" style= \"color:#333333;\" class=\"ultsl-record\" data-role=\"none\"><\/i>';\r\n                },});\r\n\t\t\t\t\t}\r\n\t\t\t\t});\r\n\t\t\t<\/script>\r\n\t\t\t[\/vc_column][\/vc_row]<\/p>\n<\/div>","protected":false},"excerpt":{"rendered":"<p>[vc_row el_class=&#8221;inner-banner-section&#8221; css=&#8221;.vc_custom_1645151987361{background-image: url(https:\/\/www.downtownworcester.org\/wp-content\/uploads\/2022\/02\/6570da13649b29ab1e6657c9672e8afa-xxlarge.jpg?id=1166) !important;background-position: center !important;background-repeat: no-repeat !important;background-size: cover !important;}&#8221;][vc_column][vc_row_inner type=&#8221;boxed&#8221; el_class=&#8221;inner-banner-row&#8221;][vc_column_inner][vc_column_text el_class=&#8221;banner-text content-text light-text&#8221;] Capturar belas vistas do centro da cidade [\/vc_column_text][\/vc_column_inner][\/vc_row_inner][\/vc_column][\/vc_row][vc_row el_class=&#8221;top-description-row&#8221; css=&#8221;.vc_custom_1650379552096{padding-top: 20px !important;}&#8221;][vc_column][vc_column_text] Foto de Joe Santa Maria [\/vc_column_text][\/vc_column][\/vc_row][vc_row max_width=&#8221;1080px&#8221; el_class=&#8221;br_top&#8221; css=&#8221;.vc_custom_1628273904931{margin-bottom: 60px !important;}&#8221;][vc_column][vc_row_inner type=&#8221;boxed&#8221; el_class=&#8221;plan_interior&#8221; css=&#8221;.vc_custom_1640636491405{margin-bottom: 30px !important;}&#8221;][vc_column_inner][vc_column_text el_class=&#8221;content-text section-title&#8221;]O centro de Worcester est\u00e1 &hellip;<\/p>\n","protected":false},"author":1,"featured_media":0,"parent":5371,"menu_order":0,"comment_status":"closed","ping_status":"closed","template":"templates\/page-full.php","meta":{"_acf_changed":false,"footnotes":""},"class_list":["post-5196","page","type-page","status-publish","hentry"],"acf":[],"yoast_head":"<!-- This site is optimized with the Yoast SEO plugin v23.1 - https:\/\/yoast.com\/wordpress\/plugins\/seo\/ -->\n<title>Capturar belas vistas do centro da cidade - Downtown Worcester<\/title>\n<meta name=\"robots\" content=\"index, follow, max-snippet:-1, max-image-preview:large, max-video-preview:-1\" \/>\n<link rel=\"canonical\" href=\"https:\/\/www.downtownworcester.org\/pt-br\/planeje-sua-visita\/capturar-belas-vistas-do-centro-da-cidade\/\" \/>\n<meta property=\"og:locale\" content=\"pt_BR\" \/>\n<meta property=\"og:type\" content=\"article\" \/>\n<meta property=\"og:title\" content=\"Capturar belas vistas do centro da cidade - Downtown Worcester\" \/>\n<meta property=\"og:description\" content=\"[vc_row el_class=&#8221;inner-banner-section&#8221; css=&#8221;.vc_custom_1645151987361{background-image: url(https:\/\/www.downtownworcester.org\/wp-content\/uploads\/2022\/02\/6570da13649b29ab1e6657c9672e8afa-xxlarge.jpg?id=1166) !important;background-position: center !important;background-repeat: no-repeat !important;background-size: cover !important;}&#8221;][vc_column][vc_row_inner type=&#8221;boxed&#8221; el_class=&#8221;inner-banner-row&#8221;][vc_column_inner][vc_column_text el_class=&#8221;banner-text content-text light-text&#8221;] Capturar belas vistas do centro da cidade [\/vc_column_text][\/vc_column_inner][\/vc_row_inner][\/vc_column][\/vc_row][vc_row el_class=&#8221;top-description-row&#8221; css=&#8221;.vc_custom_1650379552096{padding-top: 20px !important;}&#8221;][vc_column][vc_column_text] Foto de Joe Santa Maria [\/vc_column_text][\/vc_column][\/vc_row][vc_row max_width=&#8221;1080px&#8221; el_class=&#8221;br_top&#8221; css=&#8221;.vc_custom_1628273904931{margin-bottom: 60px !important;}&#8221;][vc_column][vc_row_inner type=&#8221;boxed&#8221; el_class=&#8221;plan_interior&#8221; css=&#8221;.vc_custom_1640636491405{margin-bottom: 30px !important;}&#8221;][vc_column_inner][vc_column_text el_class=&#8221;content-text section-title&#8221;]O centro de Worcester est\u00e1 &hellip;\" \/>\n<meta property=\"og:url\" content=\"https:\/\/www.downtownworcester.org\/pt-br\/planeje-sua-visita\/capturar-belas-vistas-do-centro-da-cidade\/\" \/>\n<meta property=\"og:site_name\" content=\"Downtown Worcester\" \/>\n<meta property=\"article:publisher\" content=\"https:\/\/www.facebook.com\/DowntownWorcesterBID\" \/>\n<meta property=\"article:modified_time\" content=\"2023-12-16T15:55:40+00:00\" \/>\n<meta name=\"twitter:card\" content=\"summary_large_image\" \/>\n<meta name=\"twitter:label1\" content=\"Est. tempo de leitura\" \/>\n\t<meta name=\"twitter:data1\" content=\"4 minutos\" \/>\n<script type=\"application\/ld+json\" class=\"yoast-schema-graph\">{\"@context\":\"https:\/\/schema.org\",\"@graph\":[{\"@type\":\"WebPage\",\"@id\":\"https:\/\/www.downtownworcester.org\/pt-br\/planeje-sua-visita\/capturar-belas-vistas-do-centro-da-cidade\/\",\"url\":\"https:\/\/www.downtownworcester.org\/pt-br\/planeje-sua-visita\/capturar-belas-vistas-do-centro-da-cidade\/\",\"name\":\"Capturar belas vistas do centro da cidade - Downtown Worcester\",\"isPartOf\":{\"@id\":\"https:\/\/www.downtownworcester.org\/pt-br\/#website\"},\"datePublished\":\"2022-02-18T02:50:52+00:00\",\"dateModified\":\"2023-12-16T15:55:40+00:00\",\"breadcrumb\":{\"@id\":\"https:\/\/www.downtownworcester.org\/pt-br\/planeje-sua-visita\/capturar-belas-vistas-do-centro-da-cidade\/#breadcrumb\"},\"inLanguage\":\"pt-BR\",\"potentialAction\":[{\"@type\":\"ReadAction\",\"target\":[\"https:\/\/www.downtownworcester.org\/pt-br\/planeje-sua-visita\/capturar-belas-vistas-do-centro-da-cidade\/\"]}]},{\"@type\":\"BreadcrumbList\",\"@id\":\"https:\/\/www.downtownworcester.org\/pt-br\/planeje-sua-visita\/capturar-belas-vistas-do-centro-da-cidade\/#breadcrumb\",\"itemListElement\":[{\"@type\":\"ListItem\",\"position\":1,\"name\":\"Home\",\"item\":\"https:\/\/www.downtownworcester.org\/pt-br\/\"},{\"@type\":\"ListItem\",\"position\":2,\"name\":\"Planeje sua visita\",\"item\":\"https:\/\/www.downtownworcester.org\/pt-br\/planeje-sua-visita\/\"},{\"@type\":\"ListItem\",\"position\":3,\"name\":\"Capturar belas vistas do centro da cidade\"}]},{\"@type\":\"WebSite\",\"@id\":\"https:\/\/www.downtownworcester.org\/pt-br\/#website\",\"url\":\"https:\/\/www.downtownworcester.org\/pt-br\/\",\"name\":\"Downtown Worcester\",\"description\":\"Downtown Worcester Business Improvement District | It&#039;s all here!\",\"publisher\":{\"@id\":\"https:\/\/www.downtownworcester.org\/pt-br\/#organization\"},\"potentialAction\":[{\"@type\":\"SearchAction\",\"target\":{\"@type\":\"EntryPoint\",\"urlTemplate\":\"https:\/\/www.downtownworcester.org\/pt-br\/?s={search_term_string}\"},\"query-input\":\"required name=search_term_string\"}],\"inLanguage\":\"pt-BR\"},{\"@type\":\"Organization\",\"@id\":\"https:\/\/www.downtownworcester.org\/pt-br\/#organization\",\"name\":\"Downtown Worcester\",\"url\":\"https:\/\/www.downtownworcester.org\/pt-br\/\",\"logo\":{\"@type\":\"ImageObject\",\"inLanguage\":\"pt-BR\",\"@id\":\"https:\/\/www.downtownworcester.org\/pt-br\/#\/schema\/logo\/image\/\",\"url\":\"https:\/\/www.downtownworcester.org\/wp-content\/uploads\/2023\/01\/WorcesterLogos-02.png\",\"contentUrl\":\"https:\/\/www.downtownworcester.org\/wp-content\/uploads\/2023\/01\/WorcesterLogos-02.png\",\"width\":3655,\"height\":877,\"caption\":\"Downtown Worcester\"},\"image\":{\"@id\":\"https:\/\/www.downtownworcester.org\/pt-br\/#\/schema\/logo\/image\/\"},\"sameAs\":[\"https:\/\/www.facebook.com\/DowntownWorcesterBID\",\"https:\/\/www.instagram.com\/downtownworcesterbid\/\",\"https:\/\/www.linkedin.com\/company\/downtown-worcester-business-improvement-district\/\"]}]}<\/script>\n<!-- \/ Yoast SEO plugin. -->","yoast_head_json":{"title":"Capturar belas vistas do centro da cidade - Downtown Worcester","robots":{"index":"index","follow":"follow","max-snippet":"max-snippet:-1","max-image-preview":"max-image-preview:large","max-video-preview":"max-video-preview:-1"},"canonical":"https:\/\/www.downtownworcester.org\/pt-br\/planeje-sua-visita\/capturar-belas-vistas-do-centro-da-cidade\/","og_locale":"pt_BR","og_type":"article","og_title":"Capturar belas vistas do centro da cidade - Downtown Worcester","og_description":"[vc_row el_class=&#8221;inner-banner-section&#8221; css=&#8221;.vc_custom_1645151987361{background-image: url(https:\/\/www.downtownworcester.org\/wp-content\/uploads\/2022\/02\/6570da13649b29ab1e6657c9672e8afa-xxlarge.jpg?id=1166) !important;background-position: center !important;background-repeat: no-repeat !important;background-size: cover !important;}&#8221;][vc_column][vc_row_inner type=&#8221;boxed&#8221; el_class=&#8221;inner-banner-row&#8221;][vc_column_inner][vc_column_text el_class=&#8221;banner-text content-text light-text&#8221;] Capturar belas vistas do centro da cidade [\/vc_column_text][\/vc_column_inner][\/vc_row_inner][\/vc_column][\/vc_row][vc_row el_class=&#8221;top-description-row&#8221; css=&#8221;.vc_custom_1650379552096{padding-top: 20px !important;}&#8221;][vc_column][vc_column_text] Foto de Joe Santa Maria [\/vc_column_text][\/vc_column][\/vc_row][vc_row max_width=&#8221;1080px&#8221; el_class=&#8221;br_top&#8221; css=&#8221;.vc_custom_1628273904931{margin-bottom: 60px !important;}&#8221;][vc_column][vc_row_inner type=&#8221;boxed&#8221; el_class=&#8221;plan_interior&#8221; css=&#8221;.vc_custom_1640636491405{margin-bottom: 30px !important;}&#8221;][vc_column_inner][vc_column_text el_class=&#8221;content-text section-title&#8221;]O centro de Worcester est\u00e1 &hellip;","og_url":"https:\/\/www.downtownworcester.org\/pt-br\/planeje-sua-visita\/capturar-belas-vistas-do-centro-da-cidade\/","og_site_name":"Downtown Worcester","article_publisher":"https:\/\/www.facebook.com\/DowntownWorcesterBID","article_modified_time":"2023-12-16T15:55:40+00:00","twitter_card":"summary_large_image","twitter_misc":{"Est. tempo de leitura":"4 minutos"},"schema":{"@context":"https:\/\/schema.org","@graph":[{"@type":"WebPage","@id":"https:\/\/www.downtownworcester.org\/pt-br\/planeje-sua-visita\/capturar-belas-vistas-do-centro-da-cidade\/","url":"https:\/\/www.downtownworcester.org\/pt-br\/planeje-sua-visita\/capturar-belas-vistas-do-centro-da-cidade\/","name":"Capturar belas vistas do centro da cidade - Downtown Worcester","isPartOf":{"@id":"https:\/\/www.downtownworcester.org\/pt-br\/#website"},"datePublished":"2022-02-18T02:50:52+00:00","dateModified":"2023-12-16T15:55:40+00:00","breadcrumb":{"@id":"https:\/\/www.downtownworcester.org\/pt-br\/planeje-sua-visita\/capturar-belas-vistas-do-centro-da-cidade\/#breadcrumb"},"inLanguage":"pt-BR","potentialAction":[{"@type":"ReadAction","target":["https:\/\/www.downtownworcester.org\/pt-br\/planeje-sua-visita\/capturar-belas-vistas-do-centro-da-cidade\/"]}]},{"@type":"BreadcrumbList","@id":"https:\/\/www.downtownworcester.org\/pt-br\/planeje-sua-visita\/capturar-belas-vistas-do-centro-da-cidade\/#breadcrumb","itemListElement":[{"@type":"ListItem","position":1,"name":"Home","item":"https:\/\/www.downtownworcester.org\/pt-br\/"},{"@type":"ListItem","position":2,"name":"Planeje sua visita","item":"https:\/\/www.downtownworcester.org\/pt-br\/planeje-sua-visita\/"},{"@type":"ListItem","position":3,"name":"Capturar belas vistas do centro da cidade"}]},{"@type":"WebSite","@id":"https:\/\/www.downtownworcester.org\/pt-br\/#website","url":"https:\/\/www.downtownworcester.org\/pt-br\/","name":"Downtown Worcester","description":"Downtown Worcester Business Improvement District | It&#039;s all here!","publisher":{"@id":"https:\/\/www.downtownworcester.org\/pt-br\/#organization"},"potentialAction":[{"@type":"SearchAction","target":{"@type":"EntryPoint","urlTemplate":"https:\/\/www.downtownworcester.org\/pt-br\/?s={search_term_string}"},"query-input":"required name=search_term_string"}],"inLanguage":"pt-BR"},{"@type":"Organization","@id":"https:\/\/www.downtownworcester.org\/pt-br\/#organization","name":"Downtown Worcester","url":"https:\/\/www.downtownworcester.org\/pt-br\/","logo":{"@type":"ImageObject","inLanguage":"pt-BR","@id":"https:\/\/www.downtownworcester.org\/pt-br\/#\/schema\/logo\/image\/","url":"https:\/\/www.downtownworcester.org\/wp-content\/uploads\/2023\/01\/WorcesterLogos-02.png","contentUrl":"https:\/\/www.downtownworcester.org\/wp-content\/uploads\/2023\/01\/WorcesterLogos-02.png","width":3655,"height":877,"caption":"Downtown Worcester"},"image":{"@id":"https:\/\/www.downtownworcester.org\/pt-br\/#\/schema\/logo\/image\/"},"sameAs":["https:\/\/www.facebook.com\/DowntownWorcesterBID","https:\/\/www.instagram.com\/downtownworcesterbid\/","https:\/\/www.linkedin.com\/company\/downtown-worcester-business-improvement-district\/"]}]}},"_links":{"self":[{"href":"https:\/\/www.downtownworcester.org\/pt-br\/wp-json\/wp\/v2\/pages\/5196","targetHints":{"allow":["GET"]}}],"collection":[{"href":"https:\/\/www.downtownworcester.org\/pt-br\/wp-json\/wp\/v2\/pages"}],"about":[{"href":"https:\/\/www.downtownworcester.org\/pt-br\/wp-json\/wp\/v2\/types\/page"}],"author":[{"embeddable":true,"href":"https:\/\/www.downtownworcester.org\/pt-br\/wp-json\/wp\/v2\/users\/1"}],"replies":[{"embeddable":true,"href":"https:\/\/www.downtownworcester.org\/pt-br\/wp-json\/wp\/v2\/comments?post=5196"}],"version-history":[{"count":7,"href":"https:\/\/www.downtownworcester.org\/pt-br\/wp-json\/wp\/v2\/pages\/5196\/revisions"}],"predecessor-version":[{"id":19119,"href":"https:\/\/www.downtownworcester.org\/pt-br\/wp-json\/wp\/v2\/pages\/5196\/revisions\/19119"}],"up":[{"embeddable":true,"href":"https:\/\/www.downtownworcester.org\/pt-br\/wp-json\/wp\/v2\/pages\/5371"}],"wp:attachment":[{"href":"https:\/\/www.downtownworcester.org\/pt-br\/wp-json\/wp\/v2\/media?parent=5196"}],"curies":[{"name":"wp","href":"https:\/\/api.w.org\/{rel}","templated":true}]}}