{"id":4758,"date":"2021-07-19T06:22:10","date_gmt":"2021-07-19T10:22:10","guid":{"rendered":"https:\/\/www.downtownworcester.org\/inicio\/"},"modified":"2023-12-17T11:15:12","modified_gmt":"2023-12-17T16:15:12","slug":"inicio","status":"publish","type":"page","link":"https:\/\/www.downtownworcester.org\/pt-br\/","title":{"rendered":"In\u00edcio"},"content":{"rendered":"<div class=\"wpb-content-wrapper\"><p>[vc_row el_class=&#8221;inner-banner-section home-banner-section&#8221; css=&#8221;.vc_custom_1653419679070{background-image: url(https:\/\/www.downtownworcester.org\/wp-content\/uploads\/2022\/05\/Worcester_home_hero_web_2.jpg?id=1894) !important;background-position: center !important;background-repeat: no-repeat !important;background-size: cover !important;}&#8221;][vc_column][vc_row_inner type=&#8221;boxed&#8221; el_class=&#8221;inner-banner-row home-banner-row&#8221;][vc_column_inner][\/vc_column_inner][\/vc_row_inner][\/vc_column][\/vc_row][vc_row el_class=&#8221;page-section top-description-row&#8221; css=&#8221;.vc_custom_1640873419319{padding-top: 20px !important;}&#8221;][vc_column][vc_column_text]<\/p>\n<h2 class=\"photo_credit\">Foto de Caio C\u00e9sar Gutierres<\/h2>\n<p>[\/vc_column_text][vc_row_inner type=&#8221;boxed&#8221; el_class=&#8221;page-row row-margin-40&#8243;][vc_column_inner][vc_column_text el_class=&#8221;content-text green-title&#8221;]<\/p>\n<h1 style=\"text-align: center;\">Bem-vindo ao Downtown Worcester<\/h1>\n<p>[\/vc_column_text][\/vc_column_inner][\/vc_row_inner][vc_row_inner type=&#8221;boxed&#8221; el_class=&#8221;page-row top-des-row&#8221;][vc_column_inner][vc_column_text el_class=&#8221;content-text green-title&#8221;]O centro da cidade \u00e9 um centro de neg\u00f3cios e cultura movimentado para a cidade de Worcester. O Hanover Theatre &amp; Conservatory for the Performing Arts, DCU Center, Jean McDonough Arts Center (JMAC), o Mercantile Center e o Worcester Common s\u00e3o algumas das atra\u00e7\u00f5es que atraem as pessoas a experimentarem tudo o que Worcester tem a oferecer.<\/p>\n<p>Explore a diversidade cultural e a criatividade da \u00e1rea. Galerias de arte, lojas especializadas, marcos hist\u00f3ricos, arquitetura incr\u00edvel e uma grande variedade de culin\u00e1ria est\u00e3o esperando por voc\u00ea no centro de Worcester. N\u00e3o deixe de conferir nossa p\u00e1gina <a href=\"\/pt-br\/events\/\">de eventos para<\/a> ver os acontecimentos atuais no centro de Worcester.[\/vc_column_text][\/vc_column_inner][\/vc_row_inner][\/vc_column][\/vc_row][vc_row el_class=&#8221;page-section directory-section&#8221; css=&#8221;.vc_custom_1626689909450{background-color: #fbfbfb !important;}&#8221;][vc_column][vc_row_inner type=&#8221;boxed&#8221; el_class=&#8221;page-row top-des-row row-margin-40&#8243;][vc_column_inner][vc_column_text el_class=&#8221;content-text red-title&#8221;]<\/p>\n<h1 style=\"text-align: center;\">Diret\u00f3rio<\/h1>\n<p>[\/vc_column_text][\/vc_column_inner][\/vc_row_inner][vc_row_inner type=&#8221;boxed&#8221; el_class=&#8221;page-row directory-row row-margin&#8221;][vc_column_inner width=&#8221;1\/2&#8243;][vc_single_image image=&#8221;638&#8243; img_size=&#8221;570&#215;350&#8243; alignment=&#8221;center&#8221; onclick=&#8221;custom_link&#8221; el_class=&#8221;directory-post&#8221; link=&#8221;\/pt-br\/plan-your-visit\/&#8221;][vc_column_text el_class=&#8221;post-text&#8221;]<\/p>\n<h4><a href=\"\/pt-br\/plan-your-visit\/\">Planeje sua visita<\/a><\/h4>\n<p>Nossa p\u00e1gina Plan Your Visit lhe dar\u00e1 as melhores dicas de viagem para navegar no centro de Worcester. Desde dire\u00e7\u00f5es e op\u00e7\u00f5es de transporte at\u00e9 recomenda\u00e7\u00f5es de hot\u00e9is locais, esta p\u00e1gina garantir\u00e1 que voc\u00ea tenha todas as informa\u00e7\u00f5es necess\u00e1rias para sua visita. Confira a se\u00e7\u00e3o Itiner\u00e1rios e descubra toda a divers\u00e3o, pedras preciosas locais que o Centro da cidade tem a oferecer.[\/vc_column_text][\/vc_column_inner][vc_column_inner width=&#8221;1\/2&#8243;][vc_single_image image=&#8221;640&#8243; img_size=&#8221;570&#215;350&#8243; alignment=&#8221;center&#8221; onclick=&#8221;custom_link&#8221; el_class=&#8221;directory-post&#8221; link=&#8221;\/pt-br\/things-to-do\/&#8221;][vc_column_text el_class=&#8221;post-text&#8221;]<\/p>\n<h4><a href=\"\/pt-br\/things-to-do\/\">Coisas a fazer<\/a><\/h4>\n<p>Use nosso mapa interativo para planejar sua pr\u00f3xima visita ao centro da cidade! Voc\u00ea tamb\u00e9m encontrar\u00e1 uma lista de empresas locais, servi\u00e7os, lojas especializadas e restaurantes. Estas ferramentas \u00fateis simplificar\u00e3o seu planejamento enquanto voc\u00ea explora o melhor que o Downtown Worcester tem a oferecer.[\/vc_column_text][\/vc_column_inner][\/vc_row_inner][vc_row_inner type=&#8221;boxed&#8221; el_class=&#8221;page-row directory-row&#8221;][vc_column_inner width=&#8221;1\/2&#8243;][vc_single_image image=&#8221;1454&#8243; img_size=&#8221;570&#215;350&#8243; alignment=&#8221;center&#8221; onclick=&#8221;custom_link&#8221; el_class=&#8221;directory-post&#8221; link=&#8221;\/pt-br\/about\/&#8221;][vc_column_text el_class=&#8221;post-text&#8221;]<\/p>\n<h4><a href=\"\/pt-br\/about\/\">Sobre<\/a><\/h4>\n<p>Interessado em saber mais sobre o Downtown Worcester BID, a organiza\u00e7\u00e3o que trabalha diariamente para melhorar e promover nosso bairro, ou quer se juntar \u00e0 nossa equipe dedicada? Confira nossa p\u00e1gina Sobre! Veja como nossa miss\u00e3o, iniciativas e projetos atuais beneficiam as pessoas e as empresas locais do Centro de Worcester.[\/vc_column_text][\/vc_column_inner][vc_column_inner width=&#8221;1\/2&#8243;][vc_single_image image=&#8221;642&#8243; img_size=&#8221;570&#215;350&#8243; alignment=&#8221;center&#8221; onclick=&#8221;custom_link&#8221; el_class=&#8221;directory-post&#8221; link=&#8221;\/pt-br\/business-resources\/&#8221;][vc_column_text el_class=&#8221;post-text&#8221;]<\/p>\n<h4><a href=\"\/pt-br\/business-resources\/\">Recursos comerciais<\/a><\/h4>\n<p>Procurando um local para seu neg\u00f3cio? Nossa p\u00e1gina de Recursos Empresariais fornece informa\u00e7\u00f5es importantes para empresas existentes e futuras que queiram contribuir para o sucesso e prosperidade de nossa vibrante vizinhan\u00e7a. Atrav\u00e9s desta p\u00e1gina, as empresas tamb\u00e9m podem aprender mais sobre nosso Programa de Embaixadores, solicitar servi\u00e7os suplementares e acessar recursos importantes.[\/vc_column_text][\/vc_column_inner][\/vc_row_inner][\/vc_column][\/vc_row][vc_row el_class=&#8221;page-section directory-section&#8221;][vc_column][vc_row_inner type=&#8221;boxed&#8221; el_class=&#8221;page-row top-des-row row-margin-40&#8243;][vc_column_inner][vc_column_text el_class=&#8221;content-text red-title&#8221;]<\/p>\n<h1 style=\"text-align: center;\">Blog<\/h1>\n<p>[\/vc_column_text][\/vc_column_inner][\/vc_row_inner][vc_row_inner type=&#8221;boxed&#8221; el_class=&#8221;page-row blog-post-row&#8221;][vc_column_inner][vc_column_text]        <div class=\"nm-posts nm-blog-grid\">\r\n            <ul class=\"xsmall-block-grid-1 small-block-grid-1 medium-block-grid-2 large-block-grid-3\">\r\n                            <li class=\"post-233 post type-post status-publish format-standard has-post-thumbnail hentry category-artist\">\r\n                                        <div class=\"nm-post-thumbnail\">\r\n                        <a href=\"https:\/\/www.downtownworcester.org\/pt-br\/meet-the-artist-victor-marka27-quinonez\/\">\r\n                            <div class=\"nm-post-image\" style=\"background-image:url(https:\/\/www.downtownworcester.org\/wp-content\/uploads\/2021\/07\/blog-feature-image-1.jpg);\"><\/div>                            <div class=\"nm-image-overlay\"><\/div>\r\n                        <\/a>\r\n                    <\/div>\r\n                                        \r\n                    <div class=\"nm-post-meta\">\r\n                        <span>julho 9, 2021<\/span>\r\n                    <\/div>\r\n                    \r\n                    <h2 class=\"nm-post-title\"><a href=\"https:\/\/www.downtownworcester.org\/pt-br\/meet-the-artist-victor-marka27-quinonez\/\">Meet the Artist: Victor &#8220;Marka27&#8221; Qui\u00f1onez<\/a><\/h2>\r\n                    \r\n                                        <div class=\"nm-post-content\">\r\n                        <div class=\"nm-post-excerpt\">\r\n                            <p>Victor &#8220;Marka27&#8221; Qui\u00f1onez is an international street artist whose colorful works blend the worlds of street and pop culture with Mexican and indigenous influences. The artist has coined his signature style \u201cNeo Indigenous.\u201d Marka27 honed his skills and developed his trademark style long before \u201cstreet art\u201d was a term.\u00a0Marka27 partners with major brands and downtown districts to create paintings, murals, drawings, mixed-media pieces, and more.\u00a0\u00a0Read our latest blog to learn more about how Marka27 has contributed to Downtown Worcester\u2019s art scene.<\/p>\n                            <a href=\"https:\/\/www.downtownworcester.org\/pt-br\/meet-the-artist-victor-marka27-quinonez\/\" class=\"nm-post-read-more\">\r\n                                <span>More<\/span><i class=\"nm-font nm-font-angle-thin-right\"><\/i>\r\n                            <\/a>\r\n                        <\/div>\r\n                    <\/div>\r\n                                    <\/li>\r\n                            <li class=\"post-232 post type-post status-publish format-standard has-post-thumbnail hentry category-artist\">\r\n                                        <div class=\"nm-post-thumbnail\">\r\n                        <a href=\"https:\/\/www.downtownworcester.org\/pt-br\/meet-the-artist-sharinna-travieso\/\">\r\n                            <div class=\"nm-post-image\" style=\"background-image:url(https:\/\/www.downtownworcester.org\/wp-content\/uploads\/2021\/06\/Sharinna-Travieso.jpg);\"><\/div>                            <div class=\"nm-image-overlay\"><\/div>\r\n                        <\/a>\r\n                    <\/div>\r\n                                        \r\n                    <div class=\"nm-post-meta\">\r\n                        <span>junho 11, 2021<\/span>\r\n                    <\/div>\r\n                    \r\n                    <h2 class=\"nm-post-title\"><a href=\"https:\/\/www.downtownworcester.org\/pt-br\/meet-the-artist-sharinna-travieso\/\">Take a Behind-the-Scenes Look at the Worcester BLM Mural and One of the Artists Behind It<\/a><\/h2>\r\n                    \r\n                                        <div class=\"nm-post-content\">\r\n                        <div class=\"nm-post-excerpt\">\r\n                            <p>Within the past year, murals started to appear throughout the country, in a sign of solidarity for the Black Lives Matter (BLM) movement. As a community committed to social justice and human rights, a group of over 500 volunteers helped to create a street mural along Worcester\u2019s Major Taylor Boulevard. This all-inclusive street mural, completed by 18 local artists with the support of the City administration and other local organizations, is reflective of the great work that happens when a community comes together for a common cause. Read our latest blog to learn more. <\/p>\n                            <a href=\"https:\/\/www.downtownworcester.org\/pt-br\/meet-the-artist-sharinna-travieso\/\" class=\"nm-post-read-more\">\r\n                                <span>More<\/span><i class=\"nm-font nm-font-angle-thin-right\"><\/i>\r\n                            <\/a>\r\n                        <\/div>\r\n                    <\/div>\r\n                                    <\/li>\r\n                            <li class=\"post-231 post type-post status-publish format-standard has-post-thumbnail hentry category-artist\">\r\n                                        <div class=\"nm-post-thumbnail\">\r\n                        <a href=\"https:\/\/www.downtownworcester.org\/pt-br\/meet-the-artist-caleb-neelon\/\">\r\n                            <div class=\"nm-post-image\" style=\"background-image:url(https:\/\/www.downtownworcester.org\/wp-content\/uploads\/2021\/06\/caleb-featured.jpg);\"><\/div>                            <div class=\"nm-image-overlay\"><\/div>\r\n                        <\/a>\r\n                    <\/div>\r\n                                        \r\n                    <div class=\"nm-post-meta\">\r\n                        <span>junho 6, 2021<\/span>\r\n                    <\/div>\r\n                    \r\n                    <h2 class=\"nm-post-title\"><a href=\"https:\/\/www.downtownworcester.org\/pt-br\/meet-the-artist-caleb-neelon\/\">Meet the Artist: Caleb Neelon<\/a><\/h2>\r\n                    \r\n                                        <div class=\"nm-post-content\">\r\n                        <div class=\"nm-post-excerpt\">\r\n                            <p>Caleb Neelon\u2019s Massachusetts roots have spread to the Worcester street art scene and helped blossom a new enclave of creativity in the community. In 2014, Caleb\u2019s 4-story mural on Worcester\u2019s Denholm building was the city\u2019s first step in embracing public art, paving the way for the artists and works that would come after. Due, in part, to skilled muralists such as Neelon, Worcester\u2019s walls have become a rich canvas, welcoming artists from around the world to experience Worcester. Read our latest blog to learn more. <\/p>\n                            <a href=\"https:\/\/www.downtownworcester.org\/pt-br\/meet-the-artist-caleb-neelon\/\" class=\"nm-post-read-more\">\r\n                                <span>More<\/span><i class=\"nm-font nm-font-angle-thin-right\"><\/i>\r\n                            <\/a>\r\n                        <\/div>\r\n                    <\/div>\r\n                                    <\/li>\r\n                        <\/ul>\r\n        <\/div>\r\n        [\/vc_column_text][\/vc_column_inner][\/vc_row_inner][\/vc_column][\/vc_row][vc_row el_class=&#8221;page-section directory-section&#8221; css=&#8221;.vc_custom_1626689909450{background-color: #fbfbfb !important;}&#8221;][vc_column][vc_row_inner type=&#8221;boxed&#8221; el_class=&#8221;page-row row-margin-40&#8243;][vc_column_inner][vc_column_text el_class=&#8221;content-text section-title green-title&#8221;]<\/p>\n<h5 style=\"text-align: center;\">Conecte-se a n\u00f3s<\/h5>\n<h1 style=\"text-align: center;\">M\u00eddias Sociais<\/h1>\n<p>[\/vc_column_text][\/vc_column_inner][\/vc_row_inner][vc_row_inner][vc_column_inner][vc_raw_js]JTNDc2NyaXB0JTIwc3JjJTNEJTIyaHR0cHMlM0ElMkYlMkZhc3NldHMuanVpY2VyLmlvJTJGZW1iZWQuanMlMjIlMjB0eXBlJTNEJTIydGV4dCUyRmphdmFzY3JpcHQlMjIlM0UlM0MlMkZzY3JpcHQlM0UlMEElM0NsaW5rJTIwaHJlZiUzRCUyMmh0dHBzJTNBJTJGJTJGYXNzZXRzLmp1aWNlci5pbyUyRmVtYmVkLmNzcyUyMiUyMG1lZGlhJTNEJTIyYWxsJTIyJTIwcmVsJTNEJTIyc3R5bGVzaGVldCUyMiUyMHR5cGUlM0QlMjJ0ZXh0JTJGY3NzJTIyJTIwJTJGJTNFJTBBJTNDdWwlMjBjbGFzcyUzRCUyMmp1aWNlci1mZWVkJTIyJTIwZGF0YS1mZWVkLWlkJTNEJTIyZG93bnRvd24td29yY2VzdGVyLWJ1c2luZXNzLWltcHJvdmVtZW50LWRpc3RyaWN0JTIyJTIwZGF0YS1wZXIlM0QlMjI4JTIyJTIwZGF0YS10cnVuY2F0ZSUzRCUyMjc1JTIyJTNFJTNDJTJGdWwlM0U=[\/vc_raw_js][\/vc_column_inner][\/vc_row_inner][vc_row_inner type=&#8221;boxed&#8221; el_class=&#8221;more-btn-row where-to-stay-btn-row&#8221;][vc_column_inner][vc_column_text el_class=&#8221;more-btn-wrap&#8221;]<\/p>\n<div class=\"site-btn red-btn large-btn center-align\" style=\"text-align: center;\"><a href=\"mailto:info@downtownworcester.org\">Contate-nos<\/a><\/div>\n<p>[\/vc_column_text][\/vc_column_inner][\/vc_row_inner][\/vc_column][\/vc_row]<\/p>\n<\/div>","protected":false},"excerpt":{"rendered":"<p>[vc_row el_class=&#8221;inner-banner-section home-banner-section&#8221; css=&#8221;.vc_custom_1653419679070{background-image: url(https:\/\/www.downtownworcester.org\/wp-content\/uploads\/2022\/05\/Worcester_home_hero_web_2.jpg?id=1894) !important;background-position: center !important;background-repeat: no-repeat !important;background-size: cover !important;}&#8221;][vc_column][vc_row_inner type=&#8221;boxed&#8221; el_class=&#8221;inner-banner-row home-banner-row&#8221;][vc_column_inner][\/vc_column_inner][\/vc_row_inner][\/vc_column][\/vc_row][vc_row el_class=&#8221;page-section top-description-row&#8221; css=&#8221;.vc_custom_1640873419319{padding-top: 20px !important;}&#8221;][vc_column][vc_column_text] Foto de Caio C\u00e9sar Gutierres [\/vc_column_text][vc_row_inner type=&#8221;boxed&#8221; el_class=&#8221;page-row row-margin-40&#8243;][vc_column_inner][vc_column_text el_class=&#8221;content-text green-title&#8221;] Bem-vindo ao Downtown Worcester [\/vc_column_text][\/vc_column_inner][\/vc_row_inner][vc_row_inner type=&#8221;boxed&#8221; el_class=&#8221;page-row top-des-row&#8221;][vc_column_inner][vc_column_text el_class=&#8221;content-text green-title&#8221;]O centro da cidade \u00e9 um centro de neg\u00f3cios e &hellip;<\/p>\n","protected":false},"author":1,"featured_media":0,"parent":0,"menu_order":0,"comment_status":"closed","ping_status":"closed","template":"templates\/page-full.php","meta":{"_acf_changed":false,"footnotes":""},"class_list":["post-4758","page","type-page","status-publish","hentry"],"acf":[],"yoast_head":"<!-- This site is optimized with the Yoast SEO plugin v23.1 - https:\/\/yoast.com\/wordpress\/plugins\/seo\/ -->\n<title>In\u00edcio - Downtown Worcester<\/title>\n<meta name=\"robots\" content=\"index, follow, max-snippet:-1, max-image-preview:large, max-video-preview:-1\" \/>\n<link rel=\"canonical\" href=\"https:\/\/www.downtownworcester.org\/pt-br\/\" \/>\n<meta property=\"og:locale\" content=\"pt_BR\" \/>\n<meta property=\"og:type\" content=\"article\" \/>\n<meta property=\"og:title\" content=\"In\u00edcio - Downtown Worcester\" \/>\n<meta property=\"og:description\" content=\"[vc_row el_class=&#8221;inner-banner-section home-banner-section&#8221; css=&#8221;.vc_custom_1653419679070{background-image: url(https:\/\/www.downtownworcester.org\/wp-content\/uploads\/2022\/05\/Worcester_home_hero_web_2.jpg?id=1894) !important;background-position: center !important;background-repeat: no-repeat !important;background-size: cover !important;}&#8221;][vc_column][vc_row_inner type=&#8221;boxed&#8221; el_class=&#8221;inner-banner-row home-banner-row&#8221;][vc_column_inner][\/vc_column_inner][\/vc_row_inner][\/vc_column][\/vc_row][vc_row el_class=&#8221;page-section top-description-row&#8221; css=&#8221;.vc_custom_1640873419319{padding-top: 20px !important;}&#8221;][vc_column][vc_column_text] Foto de Caio C\u00e9sar Gutierres [\/vc_column_text][vc_row_inner type=&#8221;boxed&#8221; el_class=&#8221;page-row row-margin-40&#8243;][vc_column_inner][vc_column_text el_class=&#8221;content-text green-title&#8221;] Bem-vindo ao Downtown Worcester [\/vc_column_text][\/vc_column_inner][\/vc_row_inner][vc_row_inner type=&#8221;boxed&#8221; el_class=&#8221;page-row top-des-row&#8221;][vc_column_inner][vc_column_text el_class=&#8221;content-text green-title&#8221;]O centro da cidade \u00e9 um centro de neg\u00f3cios e &hellip;\" \/>\n<meta property=\"og:url\" content=\"https:\/\/www.downtownworcester.org\/pt-br\/\" \/>\n<meta property=\"og:site_name\" content=\"Downtown Worcester\" \/>\n<meta property=\"article:publisher\" content=\"https:\/\/www.facebook.com\/DowntownWorcesterBID\" \/>\n<meta property=\"article:modified_time\" content=\"2023-12-17T16:15:12+00:00\" \/>\n<meta name=\"twitter:card\" content=\"summary_large_image\" \/>\n<meta name=\"twitter:label1\" content=\"Est. tempo de leitura\" \/>\n\t<meta name=\"twitter:data1\" content=\"3 minutos\" \/>\n<script type=\"application\/ld+json\" class=\"yoast-schema-graph\">{\"@context\":\"https:\/\/schema.org\",\"@graph\":[{\"@type\":\"WebPage\",\"@id\":\"https:\/\/www.downtownworcester.org\/pt-br\/\",\"url\":\"https:\/\/www.downtownworcester.org\/pt-br\/\",\"name\":\"In\u00edcio - Downtown Worcester\",\"isPartOf\":{\"@id\":\"https:\/\/www.downtownworcester.org\/pt-br\/#website\"},\"datePublished\":\"2021-07-19T10:22:10+00:00\",\"dateModified\":\"2023-12-17T16:15:12+00:00\",\"breadcrumb\":{\"@id\":\"https:\/\/www.downtownworcester.org\/pt-br\/#breadcrumb\"},\"inLanguage\":\"pt-BR\",\"potentialAction\":[{\"@type\":\"ReadAction\",\"target\":[\"https:\/\/www.downtownworcester.org\/pt-br\/\"]}]},{\"@type\":\"BreadcrumbList\",\"@id\":\"https:\/\/www.downtownworcester.org\/pt-br\/#breadcrumb\",\"itemListElement\":[{\"@type\":\"ListItem\",\"position\":1,\"name\":\"Home\",\"item\":\"https:\/\/www.downtownworcester.org\/pt-br\/\"},{\"@type\":\"ListItem\",\"position\":2,\"name\":\"In\u00edcio\"}]},{\"@type\":\"WebSite\",\"@id\":\"https:\/\/www.downtownworcester.org\/pt-br\/#website\",\"url\":\"https:\/\/www.downtownworcester.org\/pt-br\/\",\"name\":\"Downtown Worcester\",\"description\":\"Downtown Worcester Business Improvement District | It&#039;s all here!\",\"publisher\":{\"@id\":\"https:\/\/www.downtownworcester.org\/pt-br\/#organization\"},\"potentialAction\":[{\"@type\":\"SearchAction\",\"target\":{\"@type\":\"EntryPoint\",\"urlTemplate\":\"https:\/\/www.downtownworcester.org\/pt-br\/?s={search_term_string}\"},\"query-input\":\"required name=search_term_string\"}],\"inLanguage\":\"pt-BR\"},{\"@type\":\"Organization\",\"@id\":\"https:\/\/www.downtownworcester.org\/pt-br\/#organization\",\"name\":\"Downtown Worcester\",\"url\":\"https:\/\/www.downtownworcester.org\/pt-br\/\",\"logo\":{\"@type\":\"ImageObject\",\"inLanguage\":\"pt-BR\",\"@id\":\"https:\/\/www.downtownworcester.org\/pt-br\/#\/schema\/logo\/image\/\",\"url\":\"https:\/\/www.downtownworcester.org\/wp-content\/uploads\/2023\/01\/WorcesterLogos-02.png\",\"contentUrl\":\"https:\/\/www.downtownworcester.org\/wp-content\/uploads\/2023\/01\/WorcesterLogos-02.png\",\"width\":3655,\"height\":877,\"caption\":\"Downtown Worcester\"},\"image\":{\"@id\":\"https:\/\/www.downtownworcester.org\/pt-br\/#\/schema\/logo\/image\/\"},\"sameAs\":[\"https:\/\/www.facebook.com\/DowntownWorcesterBID\",\"https:\/\/www.instagram.com\/downtownworcesterbid\/\",\"https:\/\/www.linkedin.com\/company\/downtown-worcester-business-improvement-district\/\"]}]}<\/script>\n<!-- \/ Yoast SEO plugin. -->","yoast_head_json":{"title":"In\u00edcio - Downtown Worcester","robots":{"index":"index","follow":"follow","max-snippet":"max-snippet:-1","max-image-preview":"max-image-preview:large","max-video-preview":"max-video-preview:-1"},"canonical":"https:\/\/www.downtownworcester.org\/pt-br\/","og_locale":"pt_BR","og_type":"article","og_title":"In\u00edcio - Downtown Worcester","og_description":"[vc_row el_class=&#8221;inner-banner-section home-banner-section&#8221; css=&#8221;.vc_custom_1653419679070{background-image: url(https:\/\/www.downtownworcester.org\/wp-content\/uploads\/2022\/05\/Worcester_home_hero_web_2.jpg?id=1894) !important;background-position: center !important;background-repeat: no-repeat !important;background-size: cover !important;}&#8221;][vc_column][vc_row_inner type=&#8221;boxed&#8221; el_class=&#8221;inner-banner-row home-banner-row&#8221;][vc_column_inner][\/vc_column_inner][\/vc_row_inner][\/vc_column][\/vc_row][vc_row el_class=&#8221;page-section top-description-row&#8221; css=&#8221;.vc_custom_1640873419319{padding-top: 20px !important;}&#8221;][vc_column][vc_column_text] Foto de Caio C\u00e9sar Gutierres [\/vc_column_text][vc_row_inner type=&#8221;boxed&#8221; el_class=&#8221;page-row row-margin-40&#8243;][vc_column_inner][vc_column_text el_class=&#8221;content-text green-title&#8221;] Bem-vindo ao Downtown Worcester [\/vc_column_text][\/vc_column_inner][\/vc_row_inner][vc_row_inner type=&#8221;boxed&#8221; el_class=&#8221;page-row top-des-row&#8221;][vc_column_inner][vc_column_text el_class=&#8221;content-text green-title&#8221;]O centro da cidade \u00e9 um centro de neg\u00f3cios e &hellip;","og_url":"https:\/\/www.downtownworcester.org\/pt-br\/","og_site_name":"Downtown Worcester","article_publisher":"https:\/\/www.facebook.com\/DowntownWorcesterBID","article_modified_time":"2023-12-17T16:15:12+00:00","twitter_card":"summary_large_image","twitter_misc":{"Est. tempo de leitura":"3 minutos"},"schema":{"@context":"https:\/\/schema.org","@graph":[{"@type":"WebPage","@id":"https:\/\/www.downtownworcester.org\/pt-br\/","url":"https:\/\/www.downtownworcester.org\/pt-br\/","name":"In\u00edcio - Downtown Worcester","isPartOf":{"@id":"https:\/\/www.downtownworcester.org\/pt-br\/#website"},"datePublished":"2021-07-19T10:22:10+00:00","dateModified":"2023-12-17T16:15:12+00:00","breadcrumb":{"@id":"https:\/\/www.downtownworcester.org\/pt-br\/#breadcrumb"},"inLanguage":"pt-BR","potentialAction":[{"@type":"ReadAction","target":["https:\/\/www.downtownworcester.org\/pt-br\/"]}]},{"@type":"BreadcrumbList","@id":"https:\/\/www.downtownworcester.org\/pt-br\/#breadcrumb","itemListElement":[{"@type":"ListItem","position":1,"name":"Home","item":"https:\/\/www.downtownworcester.org\/pt-br\/"},{"@type":"ListItem","position":2,"name":"In\u00edcio"}]},{"@type":"WebSite","@id":"https:\/\/www.downtownworcester.org\/pt-br\/#website","url":"https:\/\/www.downtownworcester.org\/pt-br\/","name":"Downtown Worcester","description":"Downtown Worcester Business Improvement District | It&#039;s all here!","publisher":{"@id":"https:\/\/www.downtownworcester.org\/pt-br\/#organization"},"potentialAction":[{"@type":"SearchAction","target":{"@type":"EntryPoint","urlTemplate":"https:\/\/www.downtownworcester.org\/pt-br\/?s={search_term_string}"},"query-input":"required name=search_term_string"}],"inLanguage":"pt-BR"},{"@type":"Organization","@id":"https:\/\/www.downtownworcester.org\/pt-br\/#organization","name":"Downtown Worcester","url":"https:\/\/www.downtownworcester.org\/pt-br\/","logo":{"@type":"ImageObject","inLanguage":"pt-BR","@id":"https:\/\/www.downtownworcester.org\/pt-br\/#\/schema\/logo\/image\/","url":"https:\/\/www.downtownworcester.org\/wp-content\/uploads\/2023\/01\/WorcesterLogos-02.png","contentUrl":"https:\/\/www.downtownworcester.org\/wp-content\/uploads\/2023\/01\/WorcesterLogos-02.png","width":3655,"height":877,"caption":"Downtown Worcester"},"image":{"@id":"https:\/\/www.downtownworcester.org\/pt-br\/#\/schema\/logo\/image\/"},"sameAs":["https:\/\/www.facebook.com\/DowntownWorcesterBID","https:\/\/www.instagram.com\/downtownworcesterbid\/","https:\/\/www.linkedin.com\/company\/downtown-worcester-business-improvement-district\/"]}]}},"_links":{"self":[{"href":"https:\/\/www.downtownworcester.org\/pt-br\/wp-json\/wp\/v2\/pages\/4758","targetHints":{"allow":["GET"]}}],"collection":[{"href":"https:\/\/www.downtownworcester.org\/pt-br\/wp-json\/wp\/v2\/pages"}],"about":[{"href":"https:\/\/www.downtownworcester.org\/pt-br\/wp-json\/wp\/v2\/types\/page"}],"author":[{"embeddable":true,"href":"https:\/\/www.downtownworcester.org\/pt-br\/wp-json\/wp\/v2\/users\/1"}],"replies":[{"embeddable":true,"href":"https:\/\/www.downtownworcester.org\/pt-br\/wp-json\/wp\/v2\/comments?post=4758"}],"version-history":[{"count":11,"href":"https:\/\/www.downtownworcester.org\/pt-br\/wp-json\/wp\/v2\/pages\/4758\/revisions"}],"predecessor-version":[{"id":19200,"href":"https:\/\/www.downtownworcester.org\/pt-br\/wp-json\/wp\/v2\/pages\/4758\/revisions\/19200"}],"wp:attachment":[{"href":"https:\/\/www.downtownworcester.org\/pt-br\/wp-json\/wp\/v2\/media?parent=4758"}],"curies":[{"name":"wp","href":"https:\/\/api.w.org\/{rel}","templated":true}]}}