{"id":4430,"date":"2021-08-10T20:02:04","date_gmt":"2021-08-11T00:02:04","guid":{"rendered":"https:\/\/www.downtownworcester.org\/compre\/"},"modified":"2022-08-10T08:57:07","modified_gmt":"2022-08-10T12:57:07","slug":"compre","status":"publish","type":"page","link":"https:\/\/www.downtownworcester.org\/es\/cosas-para-hacer\/compre\/","title":{"rendered":"Compre"},"content":{"rendered":"<div class=\"wpb-content-wrapper\"><p>[vc_row el_class=\u00bbinner-banner-section\u00bb css=\u00bb.vc_custom_1643785397582{background-image: url(https:\/\/www.downtownworcester.org\/wp-content\/uploads\/2022\/02\/Spend-Hero-Jaime-Flores-scaled.jpg?id=1033) !important;background-position: center !important;background-repeat: no-repeat !important;background-size: cover !important;}\u00bb][vc_column][vc_row_inner type=\u00bbboxed\u00bb el_class=\u00bbinner-banner-row\u00bb][vc_column_inner][vc_column_text el_class=\u00bbbanner-text content-text light-text\u00bb]<\/p>\n<h1 style=\"text-align: center;\">Compre<\/h1>\n<p>[\/vc_column_text][\/vc_column_inner][\/vc_row_inner][\/vc_column][\/vc_row][vc_row max_width=\u00bb1080px\u00bb el_class=\u00bbbr_top things_intro\u00bb css=\u00bb.vc_custom_1628625567377{margin-bottom: 60px !important;}\u00bb][vc_column][vc_row_inner type=\u00bbboxed\u00bb el_class=\u00bbplan_interior\u00bb][vc_column_inner][vc_column_text el_class=\u00bbcontent-text section-title\u00bb]<\/p>\n<h2 style=\"text-align: center;\">Apoye los negocios que dan car\u00e1cter al centro de Worcester. Desde conseguir un hermoso ramo de flores o comprar comestibles de origen local hasta comprar un regalo de diamantes para esa persona especial, aqu\u00ed encontrar\u00e1 tanto art\u00edculos b\u00e1sicos como \u00fanicos.<\/h2>\n<h2 style=\"text-align: center;\"><\/h2>\n<p>[\/vc_column_text][\/vc_column_inner][\/vc_row_inner][\/vc_column][\/vc_row][vc_row el_class=\u00bbthings_map\u00bb css=\u00bb.vc_custom_1643856696624{padding-bottom: 30px !important;}\u00bb][vc_column][vc_raw_html]PGlmcmFtZSBzcmM9Imh0dHBzOi8vd3d3Lmdvb2dsZS5jb20vbWFwcy9kL2VtYmVkP21pZD0xMlBjeVBodXMwemVtRVdHLWRsWlVBb3AzYWliSzFUOHomYW1wO2VoYmM9MkUzMTJGIiB3aWR0aD0iNjQwIiBoZWlnaHQ9IjQ4MCI+PC9pZnJhbWU+[\/vc_raw_html][vc_column_text el_class=\u00bbthings_links\u00bb]Boost Mobile, 418 Main Street<\/p>\n<p><a href=\"https:\/\/www.boostmobile.com\/\" target=\"_blank\" rel=\"noopener\">M\u00e1s informaci\u00f3n<\/a><\/p>\n<p>City Jewel, 507 Main Street<\/p>\n<p><a href=\"https:\/\/www.facebook.com\/City-Jewelry-103089673092104\/\" target=\"_blank\" rel=\"noopener\">M\u00e1s informaci\u00f3n<\/a><\/p>\n<p>CVS, 110 Front Street, Suite 102<\/p>\n<p><a href=\"https:\/\/www.cvs.com\/\" target=\"_blank\" rel=\"noopener\">M\u00e1s informaci\u00f3n<\/a><\/p>\n<p style=\"margin-bottom: 15px;\">Hair and Beauty Supply Store, 38 Front Street<\/p>\n<p style=\"margin-bottom: 15px;\">Kim\u2019s Jewelry &amp; Gifts, 22 Front Street<\/p>\n<p>La Jolie Fleur, 24 Southbridge Street<\/p>\n<p><a href=\"http:\/\/www.lajoliefleur.com\/\" target=\"_blank\" rel=\"noopener\">M\u00e1s informaci\u00f3n<\/a><\/p>\n<p style=\"margin-bottom: 15px;\">Main Beauty Supply, 10 Front Street<\/p>\n<p>Marko\u2019s Jewelers, 371 Main Street<\/p>\n<p><a href=\"https:\/\/www.facebook.com\/MarkosJewelers\/\" target=\"_blank\" rel=\"noopener\">M\u00e1s informaci\u00f3n<\/a><\/p>\n<p>Metro PCS, 507 Main Street<\/p>\n<p><a href=\"https:\/\/www.metrobyt-mobile.com\/\" target=\"_blank\" rel=\"noopener\">M\u00e1s informaci\u00f3n<\/a><\/p>\n<p style=\"margin-bottom: 15px;\">Modelo, 535 Main Street<\/p>\n<p>Owl Shop, 416 Main Street<\/p>\n<p><a href=\"http:\/\/owlshop.com\/\" target=\"_blank\" rel=\"noopener\">M\u00e1s informaci\u00f3n<\/a><\/p>\n<p style=\"margin-bottom: 15px;\">The Newsroom, 14 Front Street, Unit 140<\/p>\n<h5>Services<\/h5>\n<p>Alpha Travel, 525 Main Street, Suite 101<\/p>\n<p><a href=\"http:\/\/alphatravelagency.com\/\" target=\"_blank\" rel=\"noopener\">M\u00e1s informaci\u00f3n<\/a><\/p>\n<p>Bay State Savings Bank, 28 Franklin Street<\/p>\n<p><a href=\"https:\/\/www.baystatesavingsbank.com\/\" target=\"_blank\" rel=\"noopener\">M\u00e1s informaci\u00f3n<\/a><\/p>\n<p>Central Shoe Repair, 37 Mechanic Street<\/p>\n<p><a href=\"https:\/\/www.yelp.com\/biz\/central-shoe-service-worcester\" target=\"_blank\" rel=\"noopener\">M\u00e1s informaci\u00f3n<\/a><\/p>\n<p>Elizabeth Grady, 245 Front Street<\/p>\n<p><a href=\"https:\/\/www.elizabethgrady.com\/\" target=\"_blank\" rel=\"noopener\">M\u00e1s informaci\u00f3n<\/a><\/p>\n<p style=\"margin-bottom: 15px;\">Family Auto School, 24 Portland Street<\/p>\n<p>Fidelity Bank, 153 Front Street<\/p>\n<p><a href=\"https:\/\/www.fidelitybankonline.com\/\" target=\"_blank\" rel=\"noopener\">M\u00e1s informaci\u00f3n<\/a><\/p>\n<p>Goral Community Opticians, 38 Southbridge Street<\/p>\n<p><a href=\"https:\/\/www.goralcommunityoptician.com\/\" target=\"_blank\" rel=\"noopener\">M\u00e1s informaci\u00f3n<\/a><\/p>\n<p>KuteKellz Glitter Box, 14 Portland Street<\/p>\n<p><a href=\"https:\/\/www.instagram.com\/kute_kellz\/?hl=en\" target=\"_blank\" rel=\"noopener\">M\u00e1s informaci\u00f3n<\/a><\/p>\n<p>Lush Studio, 32 Southbridge Street<\/p>\n<p><a href=\"https:\/\/www.vagaro.com\/lushstudiollc\/\" target=\"_blank\" rel=\"noopener\">M\u00e1s informaci\u00f3n<\/a><\/p>\n<p>My Dentist, 44 Front Street<\/p>\n<p><a href=\"https:\/\/mydentistma.com\/\" target=\"_blank\" rel=\"noopener\">M\u00e1s informaci\u00f3n<\/a><\/p>\n<p>People\u2019s United Bank, 120 Front Street<\/p>\n<p><a href=\"https:\/\/www.peoples.com\/\" target=\"_blank\" rel=\"noopener\">M\u00e1s informaci\u00f3n<\/a><\/p>\n<p>Perfect Fit Tailoring, 37 Mechanic Street<\/p>\n<p><a href=\"https:\/\/www.facebook.com\/Perfect-Fit-Tailoring-159552580731358\/\" target=\"_blank\" rel=\"noopener\">M\u00e1s informaci\u00f3n<\/a><\/p>\n<p>Sierra\u2019s Barber Shop and Salon, 509 Main Street<\/p>\n<p><a href=\"https:\/\/www.facebook.com\/pages\/category\/Barber-Shop\/Sierras-Salon-Barbershop-471241086266940\/\" target=\"_blank\" rel=\"noopener\">M\u00e1s informaci\u00f3n<\/a><\/p>\n<p>State Opticians, 383 Main Street<\/p>\n<p><a href=\"https:\/\/www.stateopticians.com\/\" target=\"_blank\" rel=\"noopener\">M\u00e1s informaci\u00f3n<\/a><\/p>\n<p>TD Bank, 370 Main Street<\/p>\n<p><a href=\"https:\/\/www.td.com\/us\/en\/personal-banking\/\" target=\"_blank\" rel=\"noopener\">M\u00e1s informaci\u00f3n<\/a><\/p>\n<p>Webster Five, 100 Front Street, Suite 150<\/p>\n<p><a href=\"https:\/\/www.web5.com\/\" target=\"_blank\" rel=\"noopener\">M\u00e1s informaci\u00f3n<\/a><\/p>\n<p>WooRides, 22 Portland Street<\/p>\n<p><a href=\"http:\/\/www.woorides.com\/\" target=\"_blank\" rel=\"noopener\">M\u00e1s informaci\u00f3n<\/a><\/p>\n<p>Worcester Family Eyecare, 409 Main Street<\/p>\n<p><a href=\"https:\/\/www.westborougheyecare.org\/\" target=\"_blank\" rel=\"noopener\">M\u00e1s informaci\u00f3n<\/a>[\/vc_column_text][\/vc_column][\/vc_row][vc_row type=\u00bbboxed\u00bb max_width=\u00bb1010&#8243; disable_element=\u00bbyes\u00bb css=\u00bb.vc_custom_1643856678030{margin-bottom: 70px !important;}\u00bb][vc_column][vc_single_image image=\u00bb186&#8243; img_size=\u00bbfull\u00bb alignment=\u00bbcenter\u00bb][\/vc_column][\/vc_row]<\/p>\n<\/div>","protected":false},"excerpt":{"rendered":"<p>[vc_row el_class=\u00bbinner-banner-section\u00bb css=\u00bb.vc_custom_1643785397582{background-image: url(https:\/\/www.downtownworcester.org\/wp-content\/uploads\/2022\/02\/Spend-Hero-Jaime-Flores-scaled.jpg?id=1033) !important;background-position: center !important;background-repeat: no-repeat !important;background-size: cover !important;}\u00bb][vc_column][vc_row_inner type=\u00bbboxed\u00bb el_class=\u00bbinner-banner-row\u00bb][vc_column_inner][vc_column_text el_class=\u00bbbanner-text content-text light-text\u00bb] Compre [\/vc_column_text][\/vc_column_inner][\/vc_row_inner][\/vc_column][\/vc_row][vc_row max_width=\u00bb1080px\u00bb el_class=\u00bbbr_top things_intro\u00bb css=\u00bb.vc_custom_1628625567377{margin-bottom: 60px !important;}\u00bb][vc_column][vc_row_inner type=\u00bbboxed\u00bb el_class=\u00bbplan_interior\u00bb][vc_column_inner][vc_column_text el_class=\u00bbcontent-text section-title\u00bb] Apoye los negocios que dan car\u00e1cter al centro de Worcester. Desde conseguir un hermoso ramo de flores o comprar comestibles de origen &hellip;<\/p>\n","protected":false},"author":1,"featured_media":0,"parent":4480,"menu_order":0,"comment_status":"closed","ping_status":"closed","template":"templates\/page-full.php","meta":{"_acf_changed":false,"footnotes":""},"class_list":["post-4430","page","type-page","status-publish","hentry"],"acf":[],"yoast_head":"<!-- This site is optimized with the Yoast SEO plugin v23.1 - https:\/\/yoast.com\/wordpress\/plugins\/seo\/ -->\n<title>Compre - Downtown Worcester<\/title>\n<meta name=\"robots\" content=\"index, follow, max-snippet:-1, max-image-preview:large, max-video-preview:-1\" \/>\n<link rel=\"canonical\" href=\"https:\/\/www.downtownworcester.org\/es\/cosas-para-hacer\/compre\/\" \/>\n<meta property=\"og:locale\" content=\"es_ES\" \/>\n<meta property=\"og:type\" content=\"article\" \/>\n<meta property=\"og:title\" content=\"Compre - Downtown Worcester\" \/>\n<meta property=\"og:description\" content=\"[vc_row el_class=\u00bbinner-banner-section\u00bb css=\u00bb.vc_custom_1643785397582{background-image: url(https:\/\/www.downtownworcester.org\/wp-content\/uploads\/2022\/02\/Spend-Hero-Jaime-Flores-scaled.jpg?id=1033) !important;background-position: center !important;background-repeat: no-repeat !important;background-size: cover !important;}\u00bb][vc_column][vc_row_inner type=\u00bbboxed\u00bb el_class=\u00bbinner-banner-row\u00bb][vc_column_inner][vc_column_text el_class=\u00bbbanner-text content-text light-text\u00bb] Compre [\/vc_column_text][\/vc_column_inner][\/vc_row_inner][\/vc_column][\/vc_row][vc_row max_width=\u00bb1080px\u00bb el_class=\u00bbbr_top things_intro\u00bb css=\u00bb.vc_custom_1628625567377{margin-bottom: 60px !important;}\u00bb][vc_column][vc_row_inner type=\u00bbboxed\u00bb el_class=\u00bbplan_interior\u00bb][vc_column_inner][vc_column_text el_class=\u00bbcontent-text section-title\u00bb] Apoye los negocios que dan car\u00e1cter al centro de Worcester. Desde conseguir un hermoso ramo de flores o comprar comestibles de origen &hellip;\" \/>\n<meta property=\"og:url\" content=\"https:\/\/www.downtownworcester.org\/es\/cosas-para-hacer\/compre\/\" \/>\n<meta property=\"og:site_name\" content=\"Downtown Worcester\" \/>\n<meta property=\"article:publisher\" content=\"https:\/\/www.facebook.com\/DowntownWorcesterBID\" \/>\n<meta property=\"article:modified_time\" content=\"2022-08-10T12:57:07+00:00\" \/>\n<meta name=\"twitter:card\" content=\"summary_large_image\" \/>\n<meta name=\"twitter:label1\" content=\"Tiempo de lectura\" \/>\n\t<meta name=\"twitter:data1\" content=\"2 minutos\" \/>\n<script type=\"application\/ld+json\" class=\"yoast-schema-graph\">{\"@context\":\"https:\/\/schema.org\",\"@graph\":[{\"@type\":\"WebPage\",\"@id\":\"https:\/\/www.downtownworcester.org\/es\/cosas-para-hacer\/compre\/\",\"url\":\"https:\/\/www.downtownworcester.org\/es\/cosas-para-hacer\/compre\/\",\"name\":\"Compre - Downtown Worcester\",\"isPartOf\":{\"@id\":\"https:\/\/www.downtownworcester.org\/es\/#website\"},\"datePublished\":\"2021-08-11T00:02:04+00:00\",\"dateModified\":\"2022-08-10T12:57:07+00:00\",\"breadcrumb\":{\"@id\":\"https:\/\/www.downtownworcester.org\/es\/cosas-para-hacer\/compre\/#breadcrumb\"},\"inLanguage\":\"es\",\"potentialAction\":[{\"@type\":\"ReadAction\",\"target\":[\"https:\/\/www.downtownworcester.org\/es\/cosas-para-hacer\/compre\/\"]}]},{\"@type\":\"BreadcrumbList\",\"@id\":\"https:\/\/www.downtownworcester.org\/es\/cosas-para-hacer\/compre\/#breadcrumb\",\"itemListElement\":[{\"@type\":\"ListItem\",\"position\":1,\"name\":\"Home\",\"item\":\"https:\/\/www.downtownworcester.org\/es\/\"},{\"@type\":\"ListItem\",\"position\":2,\"name\":\"Cosas para hacer\",\"item\":\"https:\/\/www.downtownworcester.org\/es\/things-to-do\/\"},{\"@type\":\"ListItem\",\"position\":3,\"name\":\"Compre\"}]},{\"@type\":\"WebSite\",\"@id\":\"https:\/\/www.downtownworcester.org\/es\/#website\",\"url\":\"https:\/\/www.downtownworcester.org\/es\/\",\"name\":\"Downtown Worcester\",\"description\":\"Downtown Worcester Business Improvement District | It&#039;s all here!\",\"publisher\":{\"@id\":\"https:\/\/www.downtownworcester.org\/es\/#organization\"},\"potentialAction\":[{\"@type\":\"SearchAction\",\"target\":{\"@type\":\"EntryPoint\",\"urlTemplate\":\"https:\/\/www.downtownworcester.org\/es\/?s={search_term_string}\"},\"query-input\":\"required name=search_term_string\"}],\"inLanguage\":\"es\"},{\"@type\":\"Organization\",\"@id\":\"https:\/\/www.downtownworcester.org\/es\/#organization\",\"name\":\"Downtown Worcester\",\"url\":\"https:\/\/www.downtownworcester.org\/es\/\",\"logo\":{\"@type\":\"ImageObject\",\"inLanguage\":\"es\",\"@id\":\"https:\/\/www.downtownworcester.org\/es\/#\/schema\/logo\/image\/\",\"url\":\"https:\/\/www.downtownworcester.org\/wp-content\/uploads\/2023\/01\/WorcesterLogos-02.png\",\"contentUrl\":\"https:\/\/www.downtownworcester.org\/wp-content\/uploads\/2023\/01\/WorcesterLogos-02.png\",\"width\":3655,\"height\":877,\"caption\":\"Downtown Worcester\"},\"image\":{\"@id\":\"https:\/\/www.downtownworcester.org\/es\/#\/schema\/logo\/image\/\"},\"sameAs\":[\"https:\/\/www.facebook.com\/DowntownWorcesterBID\",\"https:\/\/www.instagram.com\/downtownworcesterbid\/\",\"https:\/\/www.linkedin.com\/company\/downtown-worcester-business-improvement-district\/\"]}]}<\/script>\n<!-- \/ Yoast SEO plugin. -->","yoast_head_json":{"title":"Compre - Downtown Worcester","robots":{"index":"index","follow":"follow","max-snippet":"max-snippet:-1","max-image-preview":"max-image-preview:large","max-video-preview":"max-video-preview:-1"},"canonical":"https:\/\/www.downtownworcester.org\/es\/cosas-para-hacer\/compre\/","og_locale":"es_ES","og_type":"article","og_title":"Compre - Downtown Worcester","og_description":"[vc_row el_class=\u00bbinner-banner-section\u00bb css=\u00bb.vc_custom_1643785397582{background-image: url(https:\/\/www.downtownworcester.org\/wp-content\/uploads\/2022\/02\/Spend-Hero-Jaime-Flores-scaled.jpg?id=1033) !important;background-position: center !important;background-repeat: no-repeat !important;background-size: cover !important;}\u00bb][vc_column][vc_row_inner type=\u00bbboxed\u00bb el_class=\u00bbinner-banner-row\u00bb][vc_column_inner][vc_column_text el_class=\u00bbbanner-text content-text light-text\u00bb] Compre [\/vc_column_text][\/vc_column_inner][\/vc_row_inner][\/vc_column][\/vc_row][vc_row max_width=\u00bb1080px\u00bb el_class=\u00bbbr_top things_intro\u00bb css=\u00bb.vc_custom_1628625567377{margin-bottom: 60px !important;}\u00bb][vc_column][vc_row_inner type=\u00bbboxed\u00bb el_class=\u00bbplan_interior\u00bb][vc_column_inner][vc_column_text el_class=\u00bbcontent-text section-title\u00bb] Apoye los negocios que dan car\u00e1cter al centro de Worcester. Desde conseguir un hermoso ramo de flores o comprar comestibles de origen &hellip;","og_url":"https:\/\/www.downtownworcester.org\/es\/cosas-para-hacer\/compre\/","og_site_name":"Downtown Worcester","article_publisher":"https:\/\/www.facebook.com\/DowntownWorcesterBID","article_modified_time":"2022-08-10T12:57:07+00:00","twitter_card":"summary_large_image","twitter_misc":{"Tiempo de lectura":"2 minutos"},"schema":{"@context":"https:\/\/schema.org","@graph":[{"@type":"WebPage","@id":"https:\/\/www.downtownworcester.org\/es\/cosas-para-hacer\/compre\/","url":"https:\/\/www.downtownworcester.org\/es\/cosas-para-hacer\/compre\/","name":"Compre - Downtown Worcester","isPartOf":{"@id":"https:\/\/www.downtownworcester.org\/es\/#website"},"datePublished":"2021-08-11T00:02:04+00:00","dateModified":"2022-08-10T12:57:07+00:00","breadcrumb":{"@id":"https:\/\/www.downtownworcester.org\/es\/cosas-para-hacer\/compre\/#breadcrumb"},"inLanguage":"es","potentialAction":[{"@type":"ReadAction","target":["https:\/\/www.downtownworcester.org\/es\/cosas-para-hacer\/compre\/"]}]},{"@type":"BreadcrumbList","@id":"https:\/\/www.downtownworcester.org\/es\/cosas-para-hacer\/compre\/#breadcrumb","itemListElement":[{"@type":"ListItem","position":1,"name":"Home","item":"https:\/\/www.downtownworcester.org\/es\/"},{"@type":"ListItem","position":2,"name":"Cosas para hacer","item":"https:\/\/www.downtownworcester.org\/es\/things-to-do\/"},{"@type":"ListItem","position":3,"name":"Compre"}]},{"@type":"WebSite","@id":"https:\/\/www.downtownworcester.org\/es\/#website","url":"https:\/\/www.downtownworcester.org\/es\/","name":"Downtown Worcester","description":"Downtown Worcester Business Improvement District | It&#039;s all here!","publisher":{"@id":"https:\/\/www.downtownworcester.org\/es\/#organization"},"potentialAction":[{"@type":"SearchAction","target":{"@type":"EntryPoint","urlTemplate":"https:\/\/www.downtownworcester.org\/es\/?s={search_term_string}"},"query-input":"required name=search_term_string"}],"inLanguage":"es"},{"@type":"Organization","@id":"https:\/\/www.downtownworcester.org\/es\/#organization","name":"Downtown Worcester","url":"https:\/\/www.downtownworcester.org\/es\/","logo":{"@type":"ImageObject","inLanguage":"es","@id":"https:\/\/www.downtownworcester.org\/es\/#\/schema\/logo\/image\/","url":"https:\/\/www.downtownworcester.org\/wp-content\/uploads\/2023\/01\/WorcesterLogos-02.png","contentUrl":"https:\/\/www.downtownworcester.org\/wp-content\/uploads\/2023\/01\/WorcesterLogos-02.png","width":3655,"height":877,"caption":"Downtown Worcester"},"image":{"@id":"https:\/\/www.downtownworcester.org\/es\/#\/schema\/logo\/image\/"},"sameAs":["https:\/\/www.facebook.com\/DowntownWorcesterBID","https:\/\/www.instagram.com\/downtownworcesterbid\/","https:\/\/www.linkedin.com\/company\/downtown-worcester-business-improvement-district\/"]}]}},"_links":{"self":[{"href":"https:\/\/www.downtownworcester.org\/es\/wp-json\/wp\/v2\/pages\/4430","targetHints":{"allow":["GET"]}}],"collection":[{"href":"https:\/\/www.downtownworcester.org\/es\/wp-json\/wp\/v2\/pages"}],"about":[{"href":"https:\/\/www.downtownworcester.org\/es\/wp-json\/wp\/v2\/types\/page"}],"author":[{"embeddable":true,"href":"https:\/\/www.downtownworcester.org\/es\/wp-json\/wp\/v2\/users\/1"}],"replies":[{"embeddable":true,"href":"https:\/\/www.downtownworcester.org\/es\/wp-json\/wp\/v2\/comments?post=4430"}],"version-history":[{"count":5,"href":"https:\/\/www.downtownworcester.org\/es\/wp-json\/wp\/v2\/pages\/4430\/revisions"}],"predecessor-version":[{"id":5821,"href":"https:\/\/www.downtownworcester.org\/es\/wp-json\/wp\/v2\/pages\/4430\/revisions\/5821"}],"up":[{"embeddable":true,"href":"https:\/\/www.downtownworcester.org\/es\/wp-json\/wp\/v2\/pages\/4480"}],"wp:attachment":[{"href":"https:\/\/www.downtownworcester.org\/es\/wp-json\/wp\/v2\/media?parent=4430"}],"curies":[{"name":"wp","href":"https:\/\/api.w.org\/{rel}","templated":true}]}}