{"id":4421,"date":"2021-12-27T16:26:29","date_gmt":"2021-12-27T21:26:29","guid":{"rendered":"https:\/\/www.downtownworcester.org\/planifique-su-visita\/pausa-para-el-almuerzo-en-el-centro-de-la-ciudad\/"},"modified":"2024-07-30T08:57:03","modified_gmt":"2024-07-30T12:57:03","slug":"pausa-para-el-almuerzo-en-el-centro-de-la-ciudad","status":"publish","type":"page","link":"https:\/\/www.downtownworcester.org\/es\/planifique-su-visita\/pausa-para-el-almuerzo-en-el-centro-de-la-ciudad\/","title":{"rendered":"Pausa para el almuerzo en el centro de la ciudad"},"content":{"rendered":"<div class=\"wpb-content-wrapper\"><p>[vc_row el_class=\u00bbinner-banner-section\u00bb css=\u00bb.vc_custom_1646277072918{background-image: url(https:\/\/www.downtownworcester.org\/wp-content\/uploads\/2022\/03\/Couple-walking-down-street.jpg?id=1351) !important;background-position: center !important;background-repeat: no-repeat !important;background-size: cover !important;}\u00bb][vc_column][vc_row_inner type=\u00bbboxed\u00bb el_class=\u00bbinner-banner-row\u00bb][vc_column_inner][vc_column_text el_class=\u00bbbanner-text content-text light-text\u00bb]<\/p>\n<h1 style=\"text-align: center; -webkit-text-stroke: 2px #000;\">Pausa para el almuerzo en el centro de la ciudad<\/h1>\n<p>[\/vc_column_text][\/vc_column_inner][\/vc_row_inner][\/vc_column][\/vc_row][vc_row max_width=\u00bb1080px\u00bb el_class=\u00bbbr_top\u00bb css=\u00bb.vc_custom_1628273904931{margin-bottom: 60px !important;}\u00bb][vc_column][vc_row_inner type=\u00bbboxed\u00bb el_class=\u00bbplan_interior\u00bb css=\u00bb.vc_custom_1644004098622{margin-bottom: 40px !important;}\u00bb][vc_column_inner width=\u00bb1\/2&#8243;][vc_column_text el_class=\u00bbcontent-text section-title\u00bb]<\/p>\n<h2>Tome caf\u00e9 y t\u00e9 frescos<\/h2>\n<p><span style=\"font-weight: 400;\">Est\u00e1 trabajando en el centro y necesita estirar las piernas? Empieza con un caf\u00e9 en una de las excelentes cafeter\u00edas del barrio. <\/span><a href=\"https:\/\/fuelamericacoffee.com\/\"><span style=\"font-weight: 400;\">Fuel America <\/span><\/a><span style=\"font-weight: 400;\">es ideal para una cita de caf\u00e9. El espacio industrial y moderno ofrece muchas opciones de asiento con una gran vista tanto de la aut\u00e9ntica tostadur\u00eda como del Worcester Common. Si quiere comer para llevar, <\/span>p\u00e1sese por <a href=\"http:\/\/www.brewonthegrid.com\/\"><span style=\"font-weight: 400;\">Brew on the Grid <\/span><\/a><span style=\"font-weight: 400;\">que se encuentra en el lado opuesto del Worcester Common. Elija entre una amplia selecci\u00f3n de tuestes, bebidas de caf\u00e9 expreso, batidos y licuados. No bebe caf\u00e9? Entre en calor con una humeante taza de t\u00e9 de burbujas caliente de <\/span><a href=\"https:\/\/www.gongchausa.com\/massachusetts-worcester\"><span style=\"font-weight: 400;\">Gong Cha<\/span><\/a><span style=\"font-weight: 400;\">. Pida un t\u00e9 de leche con jengibre y az\u00facar moreno o un earl gray latte con perlas de tapioca frescas. <\/span>[\/vc_column_text][\/vc_column_inner][vc_column_inner width=\u00bb1\/2&#8243; css=\u00bb.vc_custom_1644002919160{margin-top: 40px !important;}\u00bb][vc_single_image image=\u00bb1097&#8243; img_size=\u00bb800&#215;535&#8243; add_caption=\u00bbyes\u00bb][\/vc_column_inner][\/vc_row_inner][vc_row_inner type=\u00bbboxed\u00bb el_class=\u00bbplan_interior\u00bb css=\u00bb.vc_custom_1644004064641{margin-top: 40px !important;margin-bottom: 40px !important;}\u00bb][vc_column_inner width=\u00bb1\/2&#8243; css=\u00bb.vc_custom_1644002919160{margin-top: 40px !important;}\u00bb][vc_single_image image=\u00bb1099&#8243; img_size=\u00bb800&#215;535&#8243; add_caption=\u00bbyes\u00bb][vc_single_image image=\u00bb1420&#8243; img_size=\u00bb800&#215;535&#8243; el_class=\u00bbphoto_padding\u00bb][\/vc_column_inner][vc_column_inner width=\u00bb1\/2&#8243;][vc_column_text el_class=\u00bbcontent-text section-title\u00bb]<\/p>\n<h2>Conozca la historia local<\/h2>\n<p><span style=\"font-weight: 400;\">Una vez que haya tomado una cantidad adecuada de cafe\u00edna, considere <\/span><a href=\"https:\/\/www.preservationworcester.org\/walkingtours\"><span style=\"font-weight: 400;\">el recorrido a pie de 30 minutos de Preservation Worcester por el centro de la ciudad<\/span><\/a> <span style=\"font-weight: 400;\">que comienza en el Ayuntamiento de Worcester. Admire las l\u00e1pidas de los primeros colonos de Worcester, como Jonas Rice, el primer europeo que llam\u00f3 a Worcester su hogar. Saldr\u00e1 con algo m\u00e1s que una clase de historia; deleite a sus amigos con un nuevo conocimiento de los activos m\u00e1s singulares del centro de Worcester. Por ejemplo, la fuente Burnside Fountain, m\u00e1s conocida como <\/span><a href=\"https:\/\/www.telegram.com\/story\/news\/2023\/07\/12\/turtle-boy-statue-in-worcester-what-does-it-mean-why-is-it-there\/70366293007\/\" target=\"_blank\" rel=\"noopener\"><span style=\"font-weight: 400;\">Turtle Boy<\/span><\/a><span style=\"font-weight: 400;\">. Esta memorable estatua fue encargada en 1905 como fuente del parque que proporcionaba agua dulce a los residentes, los perros y los caballos de la ciudad. Hoy, la estatua es uno de los s\u00edmbolos m\u00e1s conocidos del centro de Worcester y despierta la curiosidad de lugare\u00f1os y visitantes. <\/span><\/p>\n<p><span style=\"font-weight: 400;\">A poca distancia de Chestnut Place, se encuentra el compa\u00f1ero menos conocido de Turtle Boy <\/span><a href=\"https:\/\/gargoylesandgrotesques.wordpress.com\/tag\/boy-with-a-dolphin\/\"><span style=\"font-weight: 400;\">The Boy with a Dolphin<\/span><\/a><span style=\"font-weight: 400;\">. Esta escultura fue encargada en 1974 por el afamado escultor brit\u00e1nico David Wynne y aparentemente desaf\u00eda la gravedad ya que un ni\u00f1o se monta en un simp\u00e1tico delf\u00edn a\u00e9reo. <\/span>[\/vc_column_text][\/vc_column_inner][\/vc_row_inner][vc_row_inner type=\u00bbboxed\u00bb el_class=\u00bbplan_interior\u00bb css=\u00bb.vc_custom_1644004071040{margin-top: 40px !important;border-bottom-width: 40px !important;}\u00bb][vc_column_inner][vc_column_text css=\u00bb\u00bb el_class=\u00bbcontent-text section-title\u00bb]<\/p>\n<h2>Explore las deliciosas opciones de almuerzo<\/h2>\n<p><span style=\"font-weight: 400;\"><img loading=\"lazy\" decoding=\"async\" class=\"alignright size-full wp-image-1105\" src=\"https:\/\/www.downtownworcester.org\/wp-content\/uploads\/2022\/02\/oishi-cropped.jpg\" alt=\"\" width=\"495\" height=\"331\" srcset=\"https:\/\/www.downtownworcester.org\/wp-content\/uploads\/2022\/02\/oishi-cropped.jpg 495w, https:\/\/www.downtownworcester.org\/wp-content\/uploads\/2022\/02\/oishi-cropped-300x201.jpg 300w\" sizes=\"auto, (max-width: 495px) 100vw, 495px\" \/>Al final de su paseo, seguro que tendr\u00e1 apetito. El centro de la ciudad ofrece una gran variedad de restaurantes en los que se puede comer algo r\u00e1pido. <\/span><a href=\"https:\/\/www.yummy-oishi.com\/\" target=\"_blank\" rel=\"noopener\"><span style=\"font-weight: 400;\">Oishi<\/span><\/a><span style=\"font-weight: 400;\"> es un lugar en el que se puede degustar cocina japonesa sin complicaciones que le har\u00e1 sentirse rejuvenecido. Tiene opciones para todos los gustos, desde cincuenta diferentes makis y temakis hasta el favorito local, el nigiri sushi. Si opta por el plato especial para el almuerzo, recibir\u00e1 una bebida, sopa o ensalada gratis, seg\u00fan su preferencia. Al norte del Ayuntamiento, puede encontrar <a href=\"https:\/\/www.instagram.com\/ila.verde\/\">Ila Verde<\/a><\/span><a href=\"http:\/\/www.woostapizza.com\/\"><span style=\"font-weight: 400;\">. <\/span><\/a><span style=\"font-weight: 400;\">Al sur del Ayuntamiento, puede conseguir una excelente soul food en <\/span><a href=\"https:\/\/www.grubhub.com\/restaurant\/addie-lees-soul-food-596-main-st-worcester\/2510363\"><span style=\"font-weight: 400;\">Addie Lee\u2019s<\/span><\/a><span style=\"font-weight: 400;\">. Dir\u00edjase a Franklin Street para encontrar otras opciones deliciosas. <\/span><a href=\"http:\/\/theshawarmapalace.com\/\"><span style=\"font-weight: 400;\">Shawarma Palace<\/span><\/a><span style=\"font-weight: 400;\"> sirve la mejor comida de Oriente Medio en el centro de la ciudad. No se pierda el baklava. No se pierda el baklava. <\/span><\/p>\n<p><span style=\"font-weight: 400;\">Aseg\u00farese de mantener su calendario abierto durante la hora del almuerzo los jueves en el verano para el <a href=\"http:\/\/www.worcesterma.gov\/worcester-common-oval\/out-to-lunch\" target=\"_blank\" rel=\"noopener\">Out to Lunch Festival y Farmers\u2019 Market<\/a> en el Worcester Common Oval.<br \/>\n<\/span>[\/vc_column_text][\/vc_column_inner][\/vc_row_inner][vc_row_inner type=\u00bbboxed\u00bb el_class=\u00bbplan_interior\u00bb css=\u00bb.vc_custom_1644004076887{margin-top: 40px !important;}\u00bb][vc_column_inner width=\u00bb1\/2&#8243; css=\u00bb.vc_custom_1644002919160{margin-top: 40px !important;}\u00bb][vc_single_image image=\u00bb1176&#8243; img_size=\u00bb800&#215;535&#8243; add_caption=\u00bbyes\u00bb][\/vc_column_inner][vc_column_inner width=\u00bb1\/2&#8243;][vc_column_text el_class=\u00bbcontent-text section-title\u00bb]<\/p>\n<h2>Visite la biblioteca a la hora del almuerzo<\/h2>\n<p><span style=\"font-weight: 400;\">Complete su hora de almuerzo pasando por la secci\u00f3n de <\/span>publicaciones peri\u00f3dicas de la <a href=\"https:\/\/www.mywpl.org\/\"><span style=\"font-weight: 400;\">Worcester Public Library<\/span><\/a><span style=\"font-weight: 400;\">, donde encontrar\u00e1 todos los n\u00fameros m\u00e1s actuales de los peri\u00f3dicos y revistas m\u00e1s populares, actualizados diariamente. Para cuando vuelva a la oficina, el aire fresco y la comida lo har\u00e1n sentir como nuevo.<\/span>[\/vc_column_text][\/vc_column_inner][\/vc_row_inner][\/vc_column][\/vc_row][vc_row type=\u00bbboxed\u00bb disable_element=\u00bbyes\u00bb el_class=\u00bbitinerary_photos\u00bb][vc_column]<div id=\"ult-carousel-217177086169f9d5aab73af\" class=\"ult-carousel-wrapper   ult_horizontal\" data-gutter=\"15\" data-rtl=\"false\" ><div class=\"ult-carousel-88630357169f9d5aab7120 \" >[vc_single_image image=\u00bb918&#8243; img_size=\u00bb400&#215;400&#8243; alignment=\u00bbcenter\u00bb onclick=\u00bblink_image\u00bb][vc_single_image image=\u00bb919&#8243; img_size=\u00bb400&#215;400&#8243; add_caption=\u00bbyes\u00bb alignment=\u00bbcenter\u00bb onclick=\u00bblink_image\u00bb][vc_single_image image=\u00bb920&#8243; img_size=\u00bb400&#215;400&#8243; alignment=\u00bbcenter\u00bb onclick=\u00bblink_image\u00bb][vc_single_image image=\u00bb922&#8243; img_size=\u00bb400&#215;400&#8243; alignment=\u00bbcenter\u00bb onclick=\u00bblink_image\u00bb]<\/div><\/div>\t\t\t<script type=\"text\/javascript\">\r\n\t\t\t\tjQuery(document).ready(function ($) {\r\n\t\t\t\t\tif( typeof jQuery('.ult-carousel-88630357169f9d5aab7120').slick == \"function\"){\r\n\t\t\t\t\t\t$('.ult-carousel-88630357169f9d5aab7120').slick({dots: true,autoplay: true,autoplaySpeed: 5000,speed: 300,infinite: true,arrows: true,nextArrow: '<button type=\"button\" role=\"button\" aria-label=\"Next\" style=\"color:#ffffff; font-size:47px;\" class=\"slick-next default\"><i class=\"ultsl-arrow-right4\"><\/i><\/button>',prevArrow: '<button type=\"button\" role=\"button\" aria-label=\"Previous\" style=\"color:#ffffff; font-size:47px;\" class=\"slick-prev default\"><i class=\"ultsl-arrow-left4\"><\/i><\/button>',slidesToScroll:3,slidesToShow:3,swipe: true,draggable: true,touchMove: true,pauseOnHover: true,pauseOnFocus: false,responsive: [\r\n\t\t\t\t\t\t\t{\r\n\t\t\t\t\t\t\t  breakpoint: 1026,\r\n\t\t\t\t\t\t\t  settings: {\r\n\t\t\t\t\t\t\t\tslidesToShow: 3,\r\n\t\t\t\t\t\t\t\tslidesToScroll: 3,  \r\n\t\t\t\t\t\t\t  }\r\n\t\t\t\t\t\t\t},\r\n\t\t\t\t\t\t\t{\r\n\t\t\t\t\t\t\t  breakpoint: 1025,\r\n\t\t\t\t\t\t\t  settings: {\r\n\t\t\t\t\t\t\t\tslidesToShow: 2,\r\n\t\t\t\t\t\t\t\tslidesToScroll: 2\r\n\t\t\t\t\t\t\t  }\r\n\t\t\t\t\t\t\t},\r\n\t\t\t\t\t\t\t{\r\n\t\t\t\t\t\t\t  breakpoint: 760,\r\n\t\t\t\t\t\t\t  settings: {\r\n\t\t\t\t\t\t\t\tslidesToShow: 1,\r\n\t\t\t\t\t\t\t\tslidesToScroll: 1\r\n\t\t\t\t\t\t\t  }\r\n\t\t\t\t\t\t\t}\r\n\t\t\t\t\t\t],pauseOnDotsHover: true,customPaging: function(slider, i) {\r\n                   return '<i type=\"button\" style= \"color:#333333;\" class=\"ultsl-record\" data-role=\"none\"><\/i>';\r\n                },});\r\n\t\t\t\t\t}\r\n\t\t\t\t});\r\n\t\t\t<\/script>\r\n\t\t\t[\/vc_column][\/vc_row]<\/p>\n<\/div>","protected":false},"excerpt":{"rendered":"<p>[vc_row el_class=\u00bbinner-banner-section\u00bb css=\u00bb.vc_custom_1646277072918{background-image: url(https:\/\/www.downtownworcester.org\/wp-content\/uploads\/2022\/03\/Couple-walking-down-street.jpg?id=1351) !important;background-position: center !important;background-repeat: no-repeat !important;background-size: cover !important;}\u00bb][vc_column][vc_row_inner type=\u00bbboxed\u00bb el_class=\u00bbinner-banner-row\u00bb][vc_column_inner][vc_column_text el_class=\u00bbbanner-text content-text light-text\u00bb] Pausa para el almuerzo en el centro de la ciudad [\/vc_column_text][\/vc_column_inner][\/vc_row_inner][\/vc_column][\/vc_row][vc_row max_width=\u00bb1080px\u00bb el_class=\u00bbbr_top\u00bb css=\u00bb.vc_custom_1628273904931{margin-bottom: 60px !important;}\u00bb][vc_column][vc_row_inner type=\u00bbboxed\u00bb el_class=\u00bbplan_interior\u00bb css=\u00bb.vc_custom_1644004098622{margin-bottom: 40px !important;}\u00bb][vc_column_inner width=\u00bb1\/2&#8243;][vc_column_text el_class=\u00bbcontent-text section-title\u00bb] Tome caf\u00e9 y t\u00e9 frescos Est\u00e1 trabajando en el centro &hellip;<\/p>\n","protected":false},"author":1,"featured_media":0,"parent":4361,"menu_order":0,"comment_status":"closed","ping_status":"closed","template":"templates\/page-full.php","meta":{"_acf_changed":false,"footnotes":""},"class_list":["post-4421","page","type-page","status-publish","hentry"],"acf":[],"yoast_head":"<!-- This site is optimized with the Yoast SEO plugin v23.1 - https:\/\/yoast.com\/wordpress\/plugins\/seo\/ -->\n<title>Pausa para el almuerzo en el centro de la ciudad - Downtown Worcester<\/title>\n<meta name=\"robots\" content=\"index, follow, max-snippet:-1, max-image-preview:large, max-video-preview:-1\" \/>\n<link rel=\"canonical\" href=\"https:\/\/www.downtownworcester.org\/es\/planifique-su-visita\/pausa-para-el-almuerzo-en-el-centro-de-la-ciudad\/\" \/>\n<meta property=\"og:locale\" content=\"es_ES\" \/>\n<meta property=\"og:type\" content=\"article\" \/>\n<meta property=\"og:title\" content=\"Pausa para el almuerzo en el centro de la ciudad - Downtown Worcester\" \/>\n<meta property=\"og:description\" content=\"[vc_row el_class=\u00bbinner-banner-section\u00bb css=\u00bb.vc_custom_1646277072918{background-image: url(https:\/\/www.downtownworcester.org\/wp-content\/uploads\/2022\/03\/Couple-walking-down-street.jpg?id=1351) !important;background-position: center !important;background-repeat: no-repeat !important;background-size: cover !important;}\u00bb][vc_column][vc_row_inner type=\u00bbboxed\u00bb el_class=\u00bbinner-banner-row\u00bb][vc_column_inner][vc_column_text el_class=\u00bbbanner-text content-text light-text\u00bb] Pausa para el almuerzo en el centro de la ciudad [\/vc_column_text][\/vc_column_inner][\/vc_row_inner][\/vc_column][\/vc_row][vc_row max_width=\u00bb1080px\u00bb el_class=\u00bbbr_top\u00bb css=\u00bb.vc_custom_1628273904931{margin-bottom: 60px !important;}\u00bb][vc_column][vc_row_inner type=\u00bbboxed\u00bb el_class=\u00bbplan_interior\u00bb css=\u00bb.vc_custom_1644004098622{margin-bottom: 40px !important;}\u00bb][vc_column_inner width=\u00bb1\/2&#8243;][vc_column_text el_class=\u00bbcontent-text section-title\u00bb] Tome caf\u00e9 y t\u00e9 frescos Est\u00e1 trabajando en el centro &hellip;\" \/>\n<meta property=\"og:url\" content=\"https:\/\/www.downtownworcester.org\/es\/planifique-su-visita\/pausa-para-el-almuerzo-en-el-centro-de-la-ciudad\/\" \/>\n<meta property=\"og:site_name\" content=\"Downtown Worcester\" \/>\n<meta property=\"article:publisher\" content=\"https:\/\/www.facebook.com\/DowntownWorcesterBID\" \/>\n<meta property=\"article:modified_time\" content=\"2024-07-30T12:57:03+00:00\" \/>\n<meta property=\"og:image\" content=\"https:\/\/www.downtownworcester.org\/wp-content\/uploads\/2022\/02\/oishi-cropped.jpg\" \/>\n<meta name=\"twitter:card\" content=\"summary_large_image\" \/>\n<meta name=\"twitter:label1\" content=\"Tiempo de lectura\" \/>\n\t<meta name=\"twitter:data1\" content=\"5 minutos\" \/>\n<script type=\"application\/ld+json\" class=\"yoast-schema-graph\">{\"@context\":\"https:\/\/schema.org\",\"@graph\":[{\"@type\":\"WebPage\",\"@id\":\"https:\/\/www.downtownworcester.org\/es\/planifique-su-visita\/pausa-para-el-almuerzo-en-el-centro-de-la-ciudad\/\",\"url\":\"https:\/\/www.downtownworcester.org\/es\/planifique-su-visita\/pausa-para-el-almuerzo-en-el-centro-de-la-ciudad\/\",\"name\":\"Pausa para el almuerzo en el centro de la ciudad - Downtown Worcester\",\"isPartOf\":{\"@id\":\"https:\/\/www.downtownworcester.org\/es\/#website\"},\"primaryImageOfPage\":{\"@id\":\"https:\/\/www.downtownworcester.org\/es\/planifique-su-visita\/pausa-para-el-almuerzo-en-el-centro-de-la-ciudad\/#primaryimage\"},\"image\":{\"@id\":\"https:\/\/www.downtownworcester.org\/es\/planifique-su-visita\/pausa-para-el-almuerzo-en-el-centro-de-la-ciudad\/#primaryimage\"},\"thumbnailUrl\":\"https:\/\/www.downtownworcester.org\/wp-content\/uploads\/2022\/02\/oishi-cropped.jpg\",\"datePublished\":\"2021-12-27T21:26:29+00:00\",\"dateModified\":\"2024-07-30T12:57:03+00:00\",\"breadcrumb\":{\"@id\":\"https:\/\/www.downtownworcester.org\/es\/planifique-su-visita\/pausa-para-el-almuerzo-en-el-centro-de-la-ciudad\/#breadcrumb\"},\"inLanguage\":\"es\",\"potentialAction\":[{\"@type\":\"ReadAction\",\"target\":[\"https:\/\/www.downtownworcester.org\/es\/planifique-su-visita\/pausa-para-el-almuerzo-en-el-centro-de-la-ciudad\/\"]}]},{\"@type\":\"ImageObject\",\"inLanguage\":\"es\",\"@id\":\"https:\/\/www.downtownworcester.org\/es\/planifique-su-visita\/pausa-para-el-almuerzo-en-el-centro-de-la-ciudad\/#primaryimage\",\"url\":\"https:\/\/www.downtownworcester.org\/wp-content\/uploads\/2022\/02\/oishi-cropped.jpg\",\"contentUrl\":\"https:\/\/www.downtownworcester.org\/wp-content\/uploads\/2022\/02\/oishi-cropped.jpg\"},{\"@type\":\"BreadcrumbList\",\"@id\":\"https:\/\/www.downtownworcester.org\/es\/planifique-su-visita\/pausa-para-el-almuerzo-en-el-centro-de-la-ciudad\/#breadcrumb\",\"itemListElement\":[{\"@type\":\"ListItem\",\"position\":1,\"name\":\"Home\",\"item\":\"https:\/\/www.downtownworcester.org\/es\/\"},{\"@type\":\"ListItem\",\"position\":2,\"name\":\"Planifique su visita\",\"item\":\"https:\/\/www.downtownworcester.org\/es\/planifique-su-visita\/\"},{\"@type\":\"ListItem\",\"position\":3,\"name\":\"Pausa para el almuerzo en el centro de la ciudad\"}]},{\"@type\":\"WebSite\",\"@id\":\"https:\/\/www.downtownworcester.org\/es\/#website\",\"url\":\"https:\/\/www.downtownworcester.org\/es\/\",\"name\":\"Downtown Worcester\",\"description\":\"Downtown Worcester Business Improvement District | It&#039;s all here!\",\"publisher\":{\"@id\":\"https:\/\/www.downtownworcester.org\/es\/#organization\"},\"potentialAction\":[{\"@type\":\"SearchAction\",\"target\":{\"@type\":\"EntryPoint\",\"urlTemplate\":\"https:\/\/www.downtownworcester.org\/es\/?s={search_term_string}\"},\"query-input\":\"required name=search_term_string\"}],\"inLanguage\":\"es\"},{\"@type\":\"Organization\",\"@id\":\"https:\/\/www.downtownworcester.org\/es\/#organization\",\"name\":\"Downtown Worcester\",\"url\":\"https:\/\/www.downtownworcester.org\/es\/\",\"logo\":{\"@type\":\"ImageObject\",\"inLanguage\":\"es\",\"@id\":\"https:\/\/www.downtownworcester.org\/es\/#\/schema\/logo\/image\/\",\"url\":\"https:\/\/www.downtownworcester.org\/wp-content\/uploads\/2023\/01\/WorcesterLogos-02.png\",\"contentUrl\":\"https:\/\/www.downtownworcester.org\/wp-content\/uploads\/2023\/01\/WorcesterLogos-02.png\",\"width\":3655,\"height\":877,\"caption\":\"Downtown Worcester\"},\"image\":{\"@id\":\"https:\/\/www.downtownworcester.org\/es\/#\/schema\/logo\/image\/\"},\"sameAs\":[\"https:\/\/www.facebook.com\/DowntownWorcesterBID\",\"https:\/\/www.instagram.com\/downtownworcesterbid\/\",\"https:\/\/www.linkedin.com\/company\/downtown-worcester-business-improvement-district\/\"]}]}<\/script>\n<!-- \/ Yoast SEO plugin. -->","yoast_head_json":{"title":"Pausa para el almuerzo en el centro de la ciudad - Downtown Worcester","robots":{"index":"index","follow":"follow","max-snippet":"max-snippet:-1","max-image-preview":"max-image-preview:large","max-video-preview":"max-video-preview:-1"},"canonical":"https:\/\/www.downtownworcester.org\/es\/planifique-su-visita\/pausa-para-el-almuerzo-en-el-centro-de-la-ciudad\/","og_locale":"es_ES","og_type":"article","og_title":"Pausa para el almuerzo en el centro de la ciudad - Downtown Worcester","og_description":"[vc_row el_class=\u00bbinner-banner-section\u00bb css=\u00bb.vc_custom_1646277072918{background-image: url(https:\/\/www.downtownworcester.org\/wp-content\/uploads\/2022\/03\/Couple-walking-down-street.jpg?id=1351) !important;background-position: center !important;background-repeat: no-repeat !important;background-size: cover !important;}\u00bb][vc_column][vc_row_inner type=\u00bbboxed\u00bb el_class=\u00bbinner-banner-row\u00bb][vc_column_inner][vc_column_text el_class=\u00bbbanner-text content-text light-text\u00bb] Pausa para el almuerzo en el centro de la ciudad [\/vc_column_text][\/vc_column_inner][\/vc_row_inner][\/vc_column][\/vc_row][vc_row max_width=\u00bb1080px\u00bb el_class=\u00bbbr_top\u00bb css=\u00bb.vc_custom_1628273904931{margin-bottom: 60px !important;}\u00bb][vc_column][vc_row_inner type=\u00bbboxed\u00bb el_class=\u00bbplan_interior\u00bb css=\u00bb.vc_custom_1644004098622{margin-bottom: 40px !important;}\u00bb][vc_column_inner width=\u00bb1\/2&#8243;][vc_column_text el_class=\u00bbcontent-text section-title\u00bb] Tome caf\u00e9 y t\u00e9 frescos Est\u00e1 trabajando en el centro &hellip;","og_url":"https:\/\/www.downtownworcester.org\/es\/planifique-su-visita\/pausa-para-el-almuerzo-en-el-centro-de-la-ciudad\/","og_site_name":"Downtown Worcester","article_publisher":"https:\/\/www.facebook.com\/DowntownWorcesterBID","article_modified_time":"2024-07-30T12:57:03+00:00","og_image":[{"url":"https:\/\/www.downtownworcester.org\/wp-content\/uploads\/2022\/02\/oishi-cropped.jpg"}],"twitter_card":"summary_large_image","twitter_misc":{"Tiempo de lectura":"5 minutos"},"schema":{"@context":"https:\/\/schema.org","@graph":[{"@type":"WebPage","@id":"https:\/\/www.downtownworcester.org\/es\/planifique-su-visita\/pausa-para-el-almuerzo-en-el-centro-de-la-ciudad\/","url":"https:\/\/www.downtownworcester.org\/es\/planifique-su-visita\/pausa-para-el-almuerzo-en-el-centro-de-la-ciudad\/","name":"Pausa para el almuerzo en el centro de la ciudad - Downtown Worcester","isPartOf":{"@id":"https:\/\/www.downtownworcester.org\/es\/#website"},"primaryImageOfPage":{"@id":"https:\/\/www.downtownworcester.org\/es\/planifique-su-visita\/pausa-para-el-almuerzo-en-el-centro-de-la-ciudad\/#primaryimage"},"image":{"@id":"https:\/\/www.downtownworcester.org\/es\/planifique-su-visita\/pausa-para-el-almuerzo-en-el-centro-de-la-ciudad\/#primaryimage"},"thumbnailUrl":"https:\/\/www.downtownworcester.org\/wp-content\/uploads\/2022\/02\/oishi-cropped.jpg","datePublished":"2021-12-27T21:26:29+00:00","dateModified":"2024-07-30T12:57:03+00:00","breadcrumb":{"@id":"https:\/\/www.downtownworcester.org\/es\/planifique-su-visita\/pausa-para-el-almuerzo-en-el-centro-de-la-ciudad\/#breadcrumb"},"inLanguage":"es","potentialAction":[{"@type":"ReadAction","target":["https:\/\/www.downtownworcester.org\/es\/planifique-su-visita\/pausa-para-el-almuerzo-en-el-centro-de-la-ciudad\/"]}]},{"@type":"ImageObject","inLanguage":"es","@id":"https:\/\/www.downtownworcester.org\/es\/planifique-su-visita\/pausa-para-el-almuerzo-en-el-centro-de-la-ciudad\/#primaryimage","url":"https:\/\/www.downtownworcester.org\/wp-content\/uploads\/2022\/02\/oishi-cropped.jpg","contentUrl":"https:\/\/www.downtownworcester.org\/wp-content\/uploads\/2022\/02\/oishi-cropped.jpg"},{"@type":"BreadcrumbList","@id":"https:\/\/www.downtownworcester.org\/es\/planifique-su-visita\/pausa-para-el-almuerzo-en-el-centro-de-la-ciudad\/#breadcrumb","itemListElement":[{"@type":"ListItem","position":1,"name":"Home","item":"https:\/\/www.downtownworcester.org\/es\/"},{"@type":"ListItem","position":2,"name":"Planifique su visita","item":"https:\/\/www.downtownworcester.org\/es\/planifique-su-visita\/"},{"@type":"ListItem","position":3,"name":"Pausa para el almuerzo en el centro de la ciudad"}]},{"@type":"WebSite","@id":"https:\/\/www.downtownworcester.org\/es\/#website","url":"https:\/\/www.downtownworcester.org\/es\/","name":"Downtown Worcester","description":"Downtown Worcester Business Improvement District | It&#039;s all here!","publisher":{"@id":"https:\/\/www.downtownworcester.org\/es\/#organization"},"potentialAction":[{"@type":"SearchAction","target":{"@type":"EntryPoint","urlTemplate":"https:\/\/www.downtownworcester.org\/es\/?s={search_term_string}"},"query-input":"required name=search_term_string"}],"inLanguage":"es"},{"@type":"Organization","@id":"https:\/\/www.downtownworcester.org\/es\/#organization","name":"Downtown Worcester","url":"https:\/\/www.downtownworcester.org\/es\/","logo":{"@type":"ImageObject","inLanguage":"es","@id":"https:\/\/www.downtownworcester.org\/es\/#\/schema\/logo\/image\/","url":"https:\/\/www.downtownworcester.org\/wp-content\/uploads\/2023\/01\/WorcesterLogos-02.png","contentUrl":"https:\/\/www.downtownworcester.org\/wp-content\/uploads\/2023\/01\/WorcesterLogos-02.png","width":3655,"height":877,"caption":"Downtown Worcester"},"image":{"@id":"https:\/\/www.downtownworcester.org\/es\/#\/schema\/logo\/image\/"},"sameAs":["https:\/\/www.facebook.com\/DowntownWorcesterBID","https:\/\/www.instagram.com\/downtownworcesterbid\/","https:\/\/www.linkedin.com\/company\/downtown-worcester-business-improvement-district\/"]}]}},"_links":{"self":[{"href":"https:\/\/www.downtownworcester.org\/es\/wp-json\/wp\/v2\/pages\/4421","targetHints":{"allow":["GET"]}}],"collection":[{"href":"https:\/\/www.downtownworcester.org\/es\/wp-json\/wp\/v2\/pages"}],"about":[{"href":"https:\/\/www.downtownworcester.org\/es\/wp-json\/wp\/v2\/types\/page"}],"author":[{"embeddable":true,"href":"https:\/\/www.downtownworcester.org\/es\/wp-json\/wp\/v2\/users\/1"}],"replies":[{"embeddable":true,"href":"https:\/\/www.downtownworcester.org\/es\/wp-json\/wp\/v2\/comments?post=4421"}],"version-history":[{"count":12,"href":"https:\/\/www.downtownworcester.org\/es\/wp-json\/wp\/v2\/pages\/4421\/revisions"}],"predecessor-version":[{"id":23290,"href":"https:\/\/www.downtownworcester.org\/es\/wp-json\/wp\/v2\/pages\/4421\/revisions\/23290"}],"up":[{"embeddable":true,"href":"https:\/\/www.downtownworcester.org\/es\/wp-json\/wp\/v2\/pages\/4361"}],"wp:attachment":[{"href":"https:\/\/www.downtownworcester.org\/es\/wp-json\/wp\/v2\/media?parent=4421"}],"curies":[{"name":"wp","href":"https:\/\/api.w.org\/{rel}","templated":true}]}}