{"id":4413,"date":"2021-08-06T18:04:18","date_gmt":"2021-08-06T22:04:18","guid":{"rendered":"https:\/\/www.downtownworcester.org\/planifique-su-visita\/aficionados-a-la-historia-exploren-los-lugares-de-interes\/"},"modified":"2023-12-16T12:44:14","modified_gmt":"2023-12-16T17:44:14","slug":"aficionados-a-la-historia-exploren-los-lugares-de-interes","status":"publish","type":"page","link":"https:\/\/www.downtownworcester.org\/es\/planifique-su-visita\/aficionados-a-la-historia-exploren-los-lugares-de-interes\/","title":{"rendered":"Aficionados a la historia: exploren los lugares de inter\u00e9s"},"content":{"rendered":"<div class=\"wpb-content-wrapper\"><p>[vc_row el_class=\u00bbinner-banner-section\u00bb css=\u00bb.vc_custom_1646084300483{background-image: url(https:\/\/www.downtownworcester.org\/wp-content\/uploads\/2022\/02\/History_Bluffs_Hero-scaled-1-scaled.jpg?id=1311) !important;background-position: center !important;background-repeat: no-repeat !important;background-size: cover !important;}\u00bb][vc_column][vc_row_inner type=\u00bbboxed\u00bb el_class=\u00bbinner-banner-row\u00bb][vc_column_inner][vc_column_text el_class=\u00bbbanner-text content-text light-text\u00bb]<\/p>\n<h1 style=\"text-align: center; -webkit-text-stroke: 2px #000;\">Aficionados a la historia: exploren los lugares de inter\u00e9s<\/h1>\n<p>[\/vc_column_text][\/vc_column_inner][\/vc_row_inner][\/vc_column][\/vc_row][vc_row max_width=\u00bb1080px\u00bb css=\u00bb.vc_custom_1647012798933{margin-bottom: 60px !important;padding-top: 20px !important;}\u00bb el_class=\u00bbbr_top\u00bb][vc_column][vc_column_text]<\/p>\n<h2 class=\"photo_credit\">Foto de Joe Santa Maria<\/h2>\n<p>[\/vc_column_text][vc_row_inner type=\u00bbboxed\u00bb el_class=\u00bbplan_interior\u00bb][vc_column_inner width=\u00bb1\/2&#8243; css=\u00bb.vc_custom_1646084518290{margin-top: 40px !important;}\u00bb][vc_single_image image=\u00bb4010&#8243; img_size=\u00bb800&#215;535&#8243; add_caption=\u00bbyes\u00bb][\/vc_column_inner][vc_column_inner width=\u00bb1\/2&#8243;][vc_column_text el_class=\u00bbcontent-text section-title\u00bb]<\/p>\n<h2><a href=\"http:\/\/www.worcesterma.gov\/worcester-common-oval\">Centro de Worcester<\/a><\/h2>\n<p>Es un distrito lleno de historia y car\u00e1cter. Los aficionados a la historia apreciar\u00e1n la importancia de los numerosos monumentos y estatuas que adornan el centro. Durante generaciones, el Worcester Oval, que se encuentra detr\u00e1s del Ayuntamiento, ha sido un lugar para las celebraciones de la ciudad y las reuniones p\u00fablicas, pero es m\u00e1s conocido por la pista de patinaje p\u00fablica de 12,000 pies cuadrados que se instala cada invierno. Las luces centelleantes de las fiestas y la multitud de patinadores hacen del Oval un lugar m\u00e1gico durante el invierno. Recientemente, el Oval hizo su debut en la pantalla grande en la pel\u00edcula de Lifetime, Navidad sobre Hielo.[\/vc_column_text][vc_column_text el_class=\u00bbhistory_learn_more\u00bb]<a href=\"http:\/\/www.worcesterma.gov\/worcester-common-oval\">M\u00e1s informaci\u00f3n<\/a>[\/vc_column_text][\/vc_column_inner][\/vc_row_inner][vc_row_inner type=\u00bbboxed\u00bb el_class=\u00bbplan_interior\u00bb css=\u00bb.vc_custom_1645739888828{margin-top: 40px !important;}\u00bb][vc_column_inner width=\u00bb1\/2&#8243;][vc_column_text el_class=\u00bbcontent-text section-title\u00bb]<\/p>\n<h2><a href=\"https:\/\/www.discovercentralma.org\/listing\/burnside-fountain\/405\/\" target=\"_blank\" rel=\"noopener\">Burnside Fountain<\/a><\/h2>\n<p>O Turtle Boy, como la apodan los lugare\u00f1os, se encarg\u00f3 en 1905 como fuente del parque que proporcionaba agua dulce a los residentes, los perros y los caballos de la ciudad. Hoy, la estatua es uno de los s\u00edmbolos m\u00e1s conocidos del centro de Worcester.[\/vc_column_text][vc_column_text el_class=\u00bbhistory_learn_more\u00bb]<a href=\"https:\/\/www.discovercentralma.org\/listing\/burnside-fountain\/405\/\" target=\"_blank\" rel=\"noopener\">M\u00e1s informaci\u00f3n<\/a>[\/vc_column_text][\/vc_column_inner][vc_column_inner width=\u00bb1\/2&#8243; css=\u00bb.vc_custom_1645739727885{margin-top: 40px !important;}\u00bb][vc_single_image image=\u00bb680&#8243; img_size=\u00bb800&#215;535&#8243; add_caption=\u00bbyes\u00bb][\/vc_column_inner][\/vc_row_inner][vc_row_inner type=\u00bbboxed\u00bb el_class=\u00bbplan_interior\u00bb css=\u00bb.vc_custom_1645739902375{margin-top: 40px !important;}\u00bb][vc_column_inner width=\u00bb1\/2&#8243; css=\u00bb.vc_custom_1646084541904{margin-top: 40px !important;}\u00bb][vc_single_image image=\u00bb1420&#8243; img_size=\u00bb800&#215;535&#8243; add_caption=\u00bbyes\u00bb][\/vc_column_inner][vc_column_inner width=\u00bb1\/2&#8243;][vc_column_text el_class=\u00bbcontent-text section-title\u00bb]<\/p>\n<h2><a href=\"https:\/\/gargoylesandgrotesques.wordpress.com\/tag\/boy-with-a-dolphin\/\">Boy with a Dolphin<\/a><\/h2>\n<p>Es otra obra de arte p\u00fablico que ha definido el centro de la ciudad durante d\u00e9cadas. Encargada en 1974 por el afamado escultor brit\u00e1nico David Wynne, esta escultura aparece definiendo la gravedad mientras un joven se monta en un delf\u00edn. . Vea esta obra maestra en el patio de Chestnut Place.[\/vc_column_text][vc_column_text el_class=\u00bbhistory_learn_more\u00bb]<a href=\"https:\/\/gargoylesandgrotesques.wordpress.com\/tag\/boy-with-a-dolphin\/\">M\u00e1s informaci\u00f3n<\/a>[\/vc_column_text][\/vc_column_inner][\/vc_row_inner][vc_row_inner type=\u00bbboxed\u00bb el_class=\u00bbplan_interior\u00bb css=\u00bb.vc_custom_1646174087954{margin-top: 40px !important;}\u00bb][vc_column_inner width=\u00bb1\/2&#8243;][vc_column_text el_class=\u00bbcontent-text section-title\u00bb]<\/p>\n<h2><a href=\"http:\/\/www.worcesterma.gov\/city-parks\/city-hall-common\">Monumentos de guerra<\/a><\/h2>\n<p>Adem\u00e1s de las incre\u00edbles esculturas redondas, el centro de la ciudad cuenta con cuatro monumentos de guerra que rinden homenaje a la dedicaci\u00f3n y el sacrificio de los residentes de Worcester. El Monumento al Soldado fue construido en 1874 y honra a los 4,000 hombres que representaron a la Uni\u00f3n durante la Guerra Civil. El monumento a la Segunda Guerra Mundial en el centro de la ciudad tambi\u00e9n es una hermosa obra de arte p\u00fablico con 78 elementos de agua que se filtran a trav\u00e9s del granito grabado. En 1993 se cre\u00f3 el Monumento a la Guerra del Suroeste de Asia para rendir homenaje a los que perecieron en el conflicto Escudo del Desierto\/Tormenta del Desierto.[\/vc_column_text][vc_column_text el_class=\u00bbhistory_learn_more\u00bb]<a href=\"http:\/\/www.worcesterma.gov\/city-parks\/city-hall-common\">M\u00e1s informaci\u00f3n<\/a>[\/vc_column_text][\/vc_column_inner][vc_column_inner width=\u00bb1\/2&#8243; css=\u00bb.vc_custom_1646174072395{margin-top: 40px !important;}\u00bb][vc_single_image image=\u00bb1346&#8243; img_size=\u00bb800&#215;535&#8243; add_caption=\u00bbyes\u00bb][\/vc_column_inner][\/vc_row_inner][vc_row_inner type=\u00bbboxed\u00bb el_class=\u00bbplan_interior\u00bb css=\u00bb.vc_custom_1646174083324{margin-top: 40px !important;}\u00bb][vc_column_inner][vc_column_text el_class=\u00bbcontent-text section-title\u00bb]<a href=\"http:\/\/www.worcesterma.gov\/city-parks\/korean-war-memorial\">Monumento a la Guerra de Corea en el centro de Massachusetts <\/a>es una impresionante obra de arte y un significativo monumento conmemorativo. El monumento cuenta con una estatua de tama\u00f1o natural de un soldado estadounidense y un ni\u00f1o coreano que representa a los miles de ni\u00f1os que quedaron hu\u00e9rfanos en Corea y fueron salvados por soldados estadounidenses. Adem\u00e1s de las llamativas estatuas y el muro de granito negro con los nombres de los soldados de la guerra de Corea, tambi\u00e9n hay una pasarela de ladrillos grabados que permite a los visitantes de la ciudad ver los nombres de los que perdieron la vida en Afganist\u00e1n, el Golfo, Irak y Pakist\u00e1n.[\/vc_column_text][vc_column_text el_class=\u00bbhistory_learn_more\u00bb]<a href=\"http:\/\/www.worcesterma.gov\/city-parks\/korean-war-memorial\">M\u00e1s informaci\u00f3n<\/a>[\/vc_column_text][\/vc_column_inner][\/vc_row_inner][vc_row_inner type=\u00bbboxed\u00bb el_class=\u00bbplan_interior\u00bb css=\u00bb.vc_custom_1645473487572{margin-top: 30px !important;}\u00bb][vc_column_inner width=\u00bb1\/2&#8243; css=\u00bb.vc_custom_1645473347909{margin-top: 40px !important;}\u00bb][vc_single_image image=\u00bb3965&#8243; img_size=\u00bb800&#215;535&#8243; add_caption=\u00bbyes\u00bb][\/vc_column_inner][vc_column_inner width=\u00bb1\/2&#8243;][vc_column_text el_class=\u00bbcontent-text section-title\u00bb]<\/p>\n<h2><a href=\"http:\/\/www.worcesterma.gov\/union-station\">Union Station<\/a><\/h2>\n<p>No solo es una maravilla arquitect\u00f3nica, sino que es el centro de transporte de toda la ciudad. Construida en 1911, la estaci\u00f3n de tren fue dise\u00f1ada en estilo renacentista franc\u00e9s. Este edificio cuenta con dos enormes torres de m\u00e1rmol, suelos de granito y detalles de filigrana ornamentados. Digna de una sesi\u00f3n de fotos o de un escenario de cine, Union Station conserva el pasado a la vez que actualiza los servicios de transporte para el creciente futuro de la ciudad. Adem\u00e1s del tren, los visitantes pueden coger un taxi o un autob\u00fas desde la estaci\u00f3n.[\/vc_column_text][vc_column_text el_class=\u00bbhistory_learn_more\u00bb]<a href=\"http:\/\/www.worcesterma.gov\/union-station\">M\u00e1s informaci\u00f3n<\/a>[\/vc_column_text][\/vc_column_inner][\/vc_row_inner][\/vc_column][\/vc_row][vc_row][vc_column][vc_empty_space height=\u00bb64px\u00bb][\/vc_column][\/vc_row]<\/p>\n<\/div>","protected":false},"excerpt":{"rendered":"<p>[vc_row el_class=\u00bbinner-banner-section\u00bb css=\u00bb.vc_custom_1646084300483{background-image: url(https:\/\/www.downtownworcester.org\/wp-content\/uploads\/2022\/02\/History_Bluffs_Hero-scaled-1-scaled.jpg?id=1311) !important;background-position: center !important;background-repeat: no-repeat !important;background-size: cover !important;}\u00bb][vc_column][vc_row_inner type=\u00bbboxed\u00bb el_class=\u00bbinner-banner-row\u00bb][vc_column_inner][vc_column_text el_class=\u00bbbanner-text content-text light-text\u00bb] Aficionados a la historia: exploren los lugares de inter\u00e9s [\/vc_column_text][\/vc_column_inner][\/vc_row_inner][\/vc_column][\/vc_row][vc_row max_width=\u00bb1080px\u00bb css=\u00bb.vc_custom_1647012798933{margin-bottom: 60px !important;padding-top: 20px !important;}\u00bb el_class=\u00bbbr_top\u00bb][vc_column][vc_column_text] Foto de Joe Santa Maria [\/vc_column_text][vc_row_inner type=\u00bbboxed\u00bb el_class=\u00bbplan_interior\u00bb][vc_column_inner width=\u00bb1\/2&#8243; css=\u00bb.vc_custom_1646084518290{margin-top: 40px !important;}\u00bb][vc_single_image image=\u00bb4010&#8243; img_size=\u00bb800&#215;535&#8243; add_caption=\u00bbyes\u00bb][\/vc_column_inner][vc_column_inner width=\u00bb1\/2&#8243;][vc_column_text el_class=\u00bbcontent-text &hellip;<\/p>\n","protected":false},"author":1,"featured_media":0,"parent":4361,"menu_order":0,"comment_status":"closed","ping_status":"closed","template":"templates\/page-full.php","meta":{"_acf_changed":false,"footnotes":""},"class_list":["post-4413","page","type-page","status-publish","hentry"],"acf":[],"yoast_head":"<!-- This site is optimized with the Yoast SEO plugin v23.1 - https:\/\/yoast.com\/wordpress\/plugins\/seo\/ -->\n<title>Aficionados a la historia: exploren los lugares de inter\u00e9s - Downtown Worcester<\/title>\n<meta name=\"robots\" content=\"index, follow, max-snippet:-1, max-image-preview:large, max-video-preview:-1\" \/>\n<link rel=\"canonical\" href=\"https:\/\/www.downtownworcester.org\/es\/planifique-su-visita\/aficionados-a-la-historia-exploren-los-lugares-de-interes\/\" \/>\n<meta property=\"og:locale\" content=\"es_ES\" \/>\n<meta property=\"og:type\" content=\"article\" \/>\n<meta property=\"og:title\" content=\"Aficionados a la historia: exploren los lugares de inter\u00e9s - Downtown Worcester\" \/>\n<meta property=\"og:description\" content=\"[vc_row el_class=\u00bbinner-banner-section\u00bb css=\u00bb.vc_custom_1646084300483{background-image: url(https:\/\/www.downtownworcester.org\/wp-content\/uploads\/2022\/02\/History_Bluffs_Hero-scaled-1-scaled.jpg?id=1311) !important;background-position: center !important;background-repeat: no-repeat !important;background-size: cover !important;}\u00bb][vc_column][vc_row_inner type=\u00bbboxed\u00bb el_class=\u00bbinner-banner-row\u00bb][vc_column_inner][vc_column_text el_class=\u00bbbanner-text content-text light-text\u00bb] Aficionados a la historia: exploren los lugares de inter\u00e9s [\/vc_column_text][\/vc_column_inner][\/vc_row_inner][\/vc_column][\/vc_row][vc_row max_width=\u00bb1080px\u00bb css=\u00bb.vc_custom_1647012798933{margin-bottom: 60px !important;padding-top: 20px !important;}\u00bb el_class=\u00bbbr_top\u00bb][vc_column][vc_column_text] Foto de Joe Santa Maria [\/vc_column_text][vc_row_inner type=\u00bbboxed\u00bb el_class=\u00bbplan_interior\u00bb][vc_column_inner width=\u00bb1\/2&#8243; css=\u00bb.vc_custom_1646084518290{margin-top: 40px !important;}\u00bb][vc_single_image image=\u00bb4010&#8243; img_size=\u00bb800&#215;535&#8243; add_caption=\u00bbyes\u00bb][\/vc_column_inner][vc_column_inner width=\u00bb1\/2&#8243;][vc_column_text el_class=\u00bbcontent-text &hellip;\" \/>\n<meta property=\"og:url\" content=\"https:\/\/www.downtownworcester.org\/es\/planifique-su-visita\/aficionados-a-la-historia-exploren-los-lugares-de-interes\/\" \/>\n<meta property=\"og:site_name\" content=\"Downtown Worcester\" \/>\n<meta property=\"article:publisher\" content=\"https:\/\/www.facebook.com\/DowntownWorcesterBID\" \/>\n<meta property=\"article:modified_time\" content=\"2023-12-16T17:44:14+00:00\" \/>\n<meta name=\"twitter:card\" content=\"summary_large_image\" \/>\n<meta name=\"twitter:label1\" content=\"Tiempo de lectura\" \/>\n\t<meta name=\"twitter:data1\" content=\"3 minutos\" \/>\n<script type=\"application\/ld+json\" class=\"yoast-schema-graph\">{\"@context\":\"https:\/\/schema.org\",\"@graph\":[{\"@type\":\"WebPage\",\"@id\":\"https:\/\/www.downtownworcester.org\/es\/planifique-su-visita\/aficionados-a-la-historia-exploren-los-lugares-de-interes\/\",\"url\":\"https:\/\/www.downtownworcester.org\/es\/planifique-su-visita\/aficionados-a-la-historia-exploren-los-lugares-de-interes\/\",\"name\":\"Aficionados a la historia: exploren los lugares de inter\u00e9s - Downtown Worcester\",\"isPartOf\":{\"@id\":\"https:\/\/www.downtownworcester.org\/es\/#website\"},\"datePublished\":\"2021-08-06T22:04:18+00:00\",\"dateModified\":\"2023-12-16T17:44:14+00:00\",\"breadcrumb\":{\"@id\":\"https:\/\/www.downtownworcester.org\/es\/planifique-su-visita\/aficionados-a-la-historia-exploren-los-lugares-de-interes\/#breadcrumb\"},\"inLanguage\":\"es\",\"potentialAction\":[{\"@type\":\"ReadAction\",\"target\":[\"https:\/\/www.downtownworcester.org\/es\/planifique-su-visita\/aficionados-a-la-historia-exploren-los-lugares-de-interes\/\"]}]},{\"@type\":\"BreadcrumbList\",\"@id\":\"https:\/\/www.downtownworcester.org\/es\/planifique-su-visita\/aficionados-a-la-historia-exploren-los-lugares-de-interes\/#breadcrumb\",\"itemListElement\":[{\"@type\":\"ListItem\",\"position\":1,\"name\":\"Home\",\"item\":\"https:\/\/www.downtownworcester.org\/es\/\"},{\"@type\":\"ListItem\",\"position\":2,\"name\":\"Planifique su visita\",\"item\":\"https:\/\/www.downtownworcester.org\/es\/planifique-su-visita\/\"},{\"@type\":\"ListItem\",\"position\":3,\"name\":\"Aficionados a la historia: exploren los lugares de inter\u00e9s\"}]},{\"@type\":\"WebSite\",\"@id\":\"https:\/\/www.downtownworcester.org\/es\/#website\",\"url\":\"https:\/\/www.downtownworcester.org\/es\/\",\"name\":\"Downtown Worcester\",\"description\":\"Downtown Worcester Business Improvement District | It&#039;s all here!\",\"publisher\":{\"@id\":\"https:\/\/www.downtownworcester.org\/es\/#organization\"},\"potentialAction\":[{\"@type\":\"SearchAction\",\"target\":{\"@type\":\"EntryPoint\",\"urlTemplate\":\"https:\/\/www.downtownworcester.org\/es\/?s={search_term_string}\"},\"query-input\":\"required name=search_term_string\"}],\"inLanguage\":\"es\"},{\"@type\":\"Organization\",\"@id\":\"https:\/\/www.downtownworcester.org\/es\/#organization\",\"name\":\"Downtown Worcester\",\"url\":\"https:\/\/www.downtownworcester.org\/es\/\",\"logo\":{\"@type\":\"ImageObject\",\"inLanguage\":\"es\",\"@id\":\"https:\/\/www.downtownworcester.org\/es\/#\/schema\/logo\/image\/\",\"url\":\"https:\/\/www.downtownworcester.org\/wp-content\/uploads\/2023\/01\/WorcesterLogos-02.png\",\"contentUrl\":\"https:\/\/www.downtownworcester.org\/wp-content\/uploads\/2023\/01\/WorcesterLogos-02.png\",\"width\":3655,\"height\":877,\"caption\":\"Downtown Worcester\"},\"image\":{\"@id\":\"https:\/\/www.downtownworcester.org\/es\/#\/schema\/logo\/image\/\"},\"sameAs\":[\"https:\/\/www.facebook.com\/DowntownWorcesterBID\",\"https:\/\/www.instagram.com\/downtownworcesterbid\/\",\"https:\/\/www.linkedin.com\/company\/downtown-worcester-business-improvement-district\/\"]}]}<\/script>\n<!-- \/ Yoast SEO plugin. -->","yoast_head_json":{"title":"Aficionados a la historia: exploren los lugares de inter\u00e9s - Downtown Worcester","robots":{"index":"index","follow":"follow","max-snippet":"max-snippet:-1","max-image-preview":"max-image-preview:large","max-video-preview":"max-video-preview:-1"},"canonical":"https:\/\/www.downtownworcester.org\/es\/planifique-su-visita\/aficionados-a-la-historia-exploren-los-lugares-de-interes\/","og_locale":"es_ES","og_type":"article","og_title":"Aficionados a la historia: exploren los lugares de inter\u00e9s - Downtown Worcester","og_description":"[vc_row el_class=\u00bbinner-banner-section\u00bb css=\u00bb.vc_custom_1646084300483{background-image: url(https:\/\/www.downtownworcester.org\/wp-content\/uploads\/2022\/02\/History_Bluffs_Hero-scaled-1-scaled.jpg?id=1311) !important;background-position: center !important;background-repeat: no-repeat !important;background-size: cover !important;}\u00bb][vc_column][vc_row_inner type=\u00bbboxed\u00bb el_class=\u00bbinner-banner-row\u00bb][vc_column_inner][vc_column_text el_class=\u00bbbanner-text content-text light-text\u00bb] Aficionados a la historia: exploren los lugares de inter\u00e9s [\/vc_column_text][\/vc_column_inner][\/vc_row_inner][\/vc_column][\/vc_row][vc_row max_width=\u00bb1080px\u00bb css=\u00bb.vc_custom_1647012798933{margin-bottom: 60px !important;padding-top: 20px !important;}\u00bb el_class=\u00bbbr_top\u00bb][vc_column][vc_column_text] Foto de Joe Santa Maria [\/vc_column_text][vc_row_inner type=\u00bbboxed\u00bb el_class=\u00bbplan_interior\u00bb][vc_column_inner width=\u00bb1\/2&#8243; css=\u00bb.vc_custom_1646084518290{margin-top: 40px !important;}\u00bb][vc_single_image image=\u00bb4010&#8243; img_size=\u00bb800&#215;535&#8243; add_caption=\u00bbyes\u00bb][\/vc_column_inner][vc_column_inner width=\u00bb1\/2&#8243;][vc_column_text el_class=\u00bbcontent-text &hellip;","og_url":"https:\/\/www.downtownworcester.org\/es\/planifique-su-visita\/aficionados-a-la-historia-exploren-los-lugares-de-interes\/","og_site_name":"Downtown Worcester","article_publisher":"https:\/\/www.facebook.com\/DowntownWorcesterBID","article_modified_time":"2023-12-16T17:44:14+00:00","twitter_card":"summary_large_image","twitter_misc":{"Tiempo de lectura":"3 minutos"},"schema":{"@context":"https:\/\/schema.org","@graph":[{"@type":"WebPage","@id":"https:\/\/www.downtownworcester.org\/es\/planifique-su-visita\/aficionados-a-la-historia-exploren-los-lugares-de-interes\/","url":"https:\/\/www.downtownworcester.org\/es\/planifique-su-visita\/aficionados-a-la-historia-exploren-los-lugares-de-interes\/","name":"Aficionados a la historia: exploren los lugares de inter\u00e9s - Downtown Worcester","isPartOf":{"@id":"https:\/\/www.downtownworcester.org\/es\/#website"},"datePublished":"2021-08-06T22:04:18+00:00","dateModified":"2023-12-16T17:44:14+00:00","breadcrumb":{"@id":"https:\/\/www.downtownworcester.org\/es\/planifique-su-visita\/aficionados-a-la-historia-exploren-los-lugares-de-interes\/#breadcrumb"},"inLanguage":"es","potentialAction":[{"@type":"ReadAction","target":["https:\/\/www.downtownworcester.org\/es\/planifique-su-visita\/aficionados-a-la-historia-exploren-los-lugares-de-interes\/"]}]},{"@type":"BreadcrumbList","@id":"https:\/\/www.downtownworcester.org\/es\/planifique-su-visita\/aficionados-a-la-historia-exploren-los-lugares-de-interes\/#breadcrumb","itemListElement":[{"@type":"ListItem","position":1,"name":"Home","item":"https:\/\/www.downtownworcester.org\/es\/"},{"@type":"ListItem","position":2,"name":"Planifique su visita","item":"https:\/\/www.downtownworcester.org\/es\/planifique-su-visita\/"},{"@type":"ListItem","position":3,"name":"Aficionados a la historia: exploren los lugares de inter\u00e9s"}]},{"@type":"WebSite","@id":"https:\/\/www.downtownworcester.org\/es\/#website","url":"https:\/\/www.downtownworcester.org\/es\/","name":"Downtown Worcester","description":"Downtown Worcester Business Improvement District | It&#039;s all here!","publisher":{"@id":"https:\/\/www.downtownworcester.org\/es\/#organization"},"potentialAction":[{"@type":"SearchAction","target":{"@type":"EntryPoint","urlTemplate":"https:\/\/www.downtownworcester.org\/es\/?s={search_term_string}"},"query-input":"required name=search_term_string"}],"inLanguage":"es"},{"@type":"Organization","@id":"https:\/\/www.downtownworcester.org\/es\/#organization","name":"Downtown Worcester","url":"https:\/\/www.downtownworcester.org\/es\/","logo":{"@type":"ImageObject","inLanguage":"es","@id":"https:\/\/www.downtownworcester.org\/es\/#\/schema\/logo\/image\/","url":"https:\/\/www.downtownworcester.org\/wp-content\/uploads\/2023\/01\/WorcesterLogos-02.png","contentUrl":"https:\/\/www.downtownworcester.org\/wp-content\/uploads\/2023\/01\/WorcesterLogos-02.png","width":3655,"height":877,"caption":"Downtown Worcester"},"image":{"@id":"https:\/\/www.downtownworcester.org\/es\/#\/schema\/logo\/image\/"},"sameAs":["https:\/\/www.facebook.com\/DowntownWorcesterBID","https:\/\/www.instagram.com\/downtownworcesterbid\/","https:\/\/www.linkedin.com\/company\/downtown-worcester-business-improvement-district\/"]}]}},"_links":{"self":[{"href":"https:\/\/www.downtownworcester.org\/es\/wp-json\/wp\/v2\/pages\/4413","targetHints":{"allow":["GET"]}}],"collection":[{"href":"https:\/\/www.downtownworcester.org\/es\/wp-json\/wp\/v2\/pages"}],"about":[{"href":"https:\/\/www.downtownworcester.org\/es\/wp-json\/wp\/v2\/types\/page"}],"author":[{"embeddable":true,"href":"https:\/\/www.downtownworcester.org\/es\/wp-json\/wp\/v2\/users\/1"}],"replies":[{"embeddable":true,"href":"https:\/\/www.downtownworcester.org\/es\/wp-json\/wp\/v2\/comments?post=4413"}],"version-history":[{"count":7,"href":"https:\/\/www.downtownworcester.org\/es\/wp-json\/wp\/v2\/pages\/4413\/revisions"}],"predecessor-version":[{"id":19131,"href":"https:\/\/www.downtownworcester.org\/es\/wp-json\/wp\/v2\/pages\/4413\/revisions\/19131"}],"up":[{"embeddable":true,"href":"https:\/\/www.downtownworcester.org\/es\/wp-json\/wp\/v2\/pages\/4361"}],"wp:attachment":[{"href":"https:\/\/www.downtownworcester.org\/es\/wp-json\/wp\/v2\/media?parent=4413"}],"curies":[{"name":"wp","href":"https:\/\/api.w.org\/{rel}","templated":true}]}}