{"id":4410,"date":"2022-02-09T12:57:15","date_gmt":"2022-02-09T17:57:15","guid":{"rendered":"https:\/\/www.downtownworcester.org\/planifique-su-visita\/compra-hasta-el-cansancio\/"},"modified":"2024-01-22T14:36:08","modified_gmt":"2024-01-22T19:36:08","slug":"compra-hasta-el-cansancio","status":"publish","type":"page","link":"https:\/\/www.downtownworcester.org\/es\/planifique-su-visita\/compra-hasta-el-cansancio\/","title":{"rendered":"Compra hasta el cansancio"},"content":{"rendered":"<div class=\"wpb-content-wrapper\"><p>[vc_row el_class=\u00bbinner-banner-section\u00bb css=\u00bb.vc_custom_1645156530087{background-image: url(https:\/\/www.downtownworcester.org\/wp-content\/uploads\/2022\/02\/couple-and-a-dog-walking.jpg?id=1206) !important;background-position: center !important;background-repeat: no-repeat !important;background-size: cover !important;}\u00bb][vc_column][vc_row_inner type=\u00bbboxed\u00bb el_class=\u00bbinner-banner-row\u00bb][vc_column_inner][vc_column_text el_class=\u00bbbanner-text content-text light-text\u00bb]<\/p>\n<h1 style=\"text-align: center; -webkit-text-stroke: 2px #000;\">Compra hasta el cansancio<\/h1>\n<p>[\/vc_column_text][\/vc_column_inner][\/vc_row_inner][\/vc_column][\/vc_row][vc_row max_width=\u00bb1080px\u00bb el_class=\u00bbbr_top\u00bb css=\u00bb.vc_custom_1628273904931{margin-bottom: 60px !important;}\u00bb][vc_column][vc_row_inner type=\u00bbboxed\u00bb el_class=\u00bbplan_interior\u00bb css=\u00bb.vc_custom_1640636491405{margin-bottom: 30px !important;}\u00bb][vc_column_inner][vc_column_text el_class=\u00bbcontent-text section-title\u00bb]La oferta de tiendas especializadas y minoristas del centro de Worcester es una parte importante del tejido cultural \u00fanico de la zona. Pase una tarde comprando art\u00edculos \u00fanicos mientras apoya la econom\u00eda local para comprobarlo.[\/vc_column_text][\/vc_column_inner][\/vc_row_inner][vc_row_inner type=\u00bbboxed\u00bb el_class=\u00bbplan_interior\u00bb css=\u00bb.vc_custom_1645155023198{margin-bottom: 40px !important;}\u00bb][vc_column_inner width=\u00bb1\/2&#8243; css=\u00bb.vc_custom_1645154466167{margin-top: 40px !important;}\u00bb][vc_single_image image=\u00bb19177&#8243; img_size=\u00bb800&#215;535&#8243;][\/vc_column_inner][vc_column_inner width=\u00bb1\/2&#8243;][vc_column_text el_class=\u00bbcontent-text section-title\u00bb]<\/p>\n<h2 id=\"tw-target-text\" class=\"tw-data-text tw-text-large tw-ta\" dir=\"ltr\" data-placeholder=\"Translation\" data-ved=\"2ahUKEwj_vKXK3JaDAxXGhIkEHV5LBFIQ3ewLegQIDRAQ\"><span class=\"Y2IQFc\" lang=\"es\">Ahorro y vintage<\/span><\/h2>\n<p class=\"tw-data-text tw-text-large tw-ta\" dir=\"ltr\" data-placeholder=\"Translation\" data-ved=\"2ahUKEwj_vKXK3JaDAxXGhIkEHV5LBFIQ3ewLegQIDRAQ\"><span class=\"Y2IQFc\" lang=\"es\">Ya sea que est\u00e9 buscando agregar algo a su guardarropa o comprar un regalo que no encontrar\u00e1 en ning\u00fan otro lugar, querr\u00e1 detenerse en <a href=\"https:\/\/www.instagram.com\/concrete.collection\/?hl=en\" target=\"_blank\" rel=\"noopener\">Concrete Collection<\/a> en el centro comercial Midtown. El punto de acceso local tiene una colecci\u00f3n seleccionada de ropa, accesorios y m\u00e1s de segunda mano y vintage, con un enfoque en ropa para hombres (aunque definitivamente hay algo para todos en la tienda). Puede ingresar al centro comercial desde las entradas de Front Street o Mechanic Street.<\/span><\/p>\n<p>[\/vc_column_text][\/vc_column_inner][\/vc_row_inner][vc_row_inner type=\u00bbboxed\u00bb el_class=\u00bbplan_interior\u00bb css=\u00bb.vc_custom_1645155031881{margin-bottom: 40px !important;}\u00bb][vc_column_inner width=\u00bb1\/2&#8243;][vc_column_text el_class=\u00bbcontent-text section-title\u00bb]<\/p>\n<h2>Gemas ocultas<\/h2>\n<p>Busca algo brillante? El centro de la ciudad cuenta con dos joyer\u00edas conocidas por su excepcional servicio y calidad artesanal. Adem\u00e1s de la gran variedad de joyas, City Jewelry ofrece pr\u00e1cticos servicios como tasaciones, limpiezas y venta de oro. Cerca de all\u00ed, encontrar\u00e1 a <a href=\"https:\/\/www.facebook.com\/MarkosJewelers\/\" target=\"_blank\" rel=\"noopener\">Markos Jewelers<\/a>, que es parte del paisaje de la ciudad desde 1981, cuando la familia Markos trajo sus habilidades de engaste de diamantes y su artesan\u00eda de Turqu\u00eda a Worcester. No se pierda sus originales dise\u00f1os y diamantes finos.[\/vc_column_text][\/vc_column_inner][vc_column_inner width=\u00bb1\/2&#8243; css=\u00bb.vc_custom_1645630639787{margin-top: 40px !important;}\u00bb][vc_single_image image=\u00bb3966&#8243; img_size=\u00bb800&#215;535&#8243; add_caption=\u00bbyes\u00bb][\/vc_column_inner][\/vc_row_inner][vc_row_inner type=\u00bbboxed\u00bb el_class=\u00bbplan_interior\u00bb css=\u00bb.vc_custom_1646081557195{margin-bottom: 40px !important;}\u00bb][vc_column_inner width=\u00bb1\/2&#8243; css=\u00bb.vc_custom_1646081547427{margin-top: 40px !important;}\u00bb][vc_single_image image=\u00bb3957&#8243; img_size=\u00bb800&#215;535&#8243; add_caption=\u00bbyes\u00bb][\/vc_column_inner][vc_column_inner width=\u00bb1\/2&#8243;][vc_column_text el_class=\u00bbcontent-text section-title\u00bb]<\/p>\n<h2>Vinilos nuevos y antiguos<\/h2>\n<p><a href=\"https:\/\/www.joesalbums.com\/\" target=\"_blank\" rel=\"noopener\">Joe\u2019s Albums<\/a> ofrece vinilos nuevos y usados de alta calidad que abarcan todos los g\u00e9neros y d\u00e9cadas. La tienda de Joe est\u00e1 meticulosamente organizada y siempre bien abastecida. El personal est\u00e1 bien equipado para responder a sus preguntas y hacer recomendaciones expertas para ayudarlo a encontrar exactamente lo que est\u00e1 buscando.[\/vc_column_text][\/vc_column_inner][\/vc_row_inner][vc_row_inner type=\u00bbboxed\u00bb el_class=\u00bbplan_interior\u00bb css=\u00bb.vc_custom_1645155048205{margin-bottom: 40px !important;}\u00bb][vc_column_inner width=\u00bb1\/2&#8243;][vc_column_text el_class=\u00bbcontent-text section-title\u00bb]<\/p>\n<h2>Regalos tem\u00e1ticos de Worcester<\/h2>\n<p><a href=\"https:\/\/www.worcesterwares.com\/\" target=\"_blank\" rel=\"noopener\">Worcester Wares<\/a> ofrece una amplia gama de ropa, decoraci\u00f3n y obras de arte con tem\u00e1tica de Worcester para ayudar a los clientes a mostrar con orgullo su lealtad a nuestra ciudad. Las colecciones incluyen un homenaje a Seven Hills, Turtle Boy, el espacio azul, la cara sonriente y m\u00e1s.[\/vc_column_text][\/vc_column_inner][vc_column_inner width=\u00bb1\/2&#8243; css=\u00bb.vc_custom_1645154172158{margin-top: 40px !important;}\u00bb][vc_single_image image=\u00bb1190&#8243; img_size=\u00bb800&#215;535&#8243;][\/vc_column_inner][\/vc_row_inner][vc_row_inner type=\u00bbboxed\u00bb el_class=\u00bbplan_interior\u00bb css=\u00bb.vc_custom_1645155071551{margin-bottom: 40px !important;}\u00bb][vc_column_inner width=\u00bb1\/2&#8243; css=\u00bb.vc_custom_1645154525950{margin-top: 40px !important;}\u00bb][vc_single_image image=\u00bb3956&#8243; img_size=\u00bb800&#215;535&#8243; add_caption=\u00bbyes\u00bb][\/vc_column_inner][vc_column_inner width=\u00bb1\/2&#8243;][vc_column_text el_class=\u00bbcontent-text section-title\u00bb]<\/p>\n<h2>Bolsos y zapatos de dise\u00f1o<\/h2>\n<p>A pocas cuadras al norte del centro de la ciudad, encontrar\u00e1 el principal consignador de dise\u00f1adores de alta gama de la zona, <a href=\"https:\/\/www.instagram.com\/shopsweetjanes\/?hl=en\" target=\"_blank\" rel=\"noopener\">Sweet Jane\u2019s<\/a>. La tienda de Main Street es algo m\u00e1s que un destino de venta al por menor: es un lugar de encuentro popular para los creativos con m\u00e1s estilo de Worcester. Si quiere encontrar Chanel, Louis Vuitton y Prada en Worcester, Sweet Jane&#8217;s deber\u00eda ser su primera parada.[\/vc_column_text][\/vc_column_inner][\/vc_row_inner][\/vc_column][\/vc_row]<\/p>\n<\/div>","protected":false},"excerpt":{"rendered":"<p>[vc_row el_class=\u00bbinner-banner-section\u00bb css=\u00bb.vc_custom_1645156530087{background-image: url(https:\/\/www.downtownworcester.org\/wp-content\/uploads\/2022\/02\/couple-and-a-dog-walking.jpg?id=1206) !important;background-position: center !important;background-repeat: no-repeat !important;background-size: cover !important;}\u00bb][vc_column][vc_row_inner type=\u00bbboxed\u00bb el_class=\u00bbinner-banner-row\u00bb][vc_column_inner][vc_column_text el_class=\u00bbbanner-text content-text light-text\u00bb] Compra hasta el cansancio [\/vc_column_text][\/vc_column_inner][\/vc_row_inner][\/vc_column][\/vc_row][vc_row max_width=\u00bb1080px\u00bb el_class=\u00bbbr_top\u00bb css=\u00bb.vc_custom_1628273904931{margin-bottom: 60px !important;}\u00bb][vc_column][vc_row_inner type=\u00bbboxed\u00bb el_class=\u00bbplan_interior\u00bb css=\u00bb.vc_custom_1640636491405{margin-bottom: 30px !important;}\u00bb][vc_column_inner][vc_column_text el_class=\u00bbcontent-text section-title\u00bb]La oferta de tiendas especializadas y minoristas del centro de Worcester es una parte importante del tejido cultural &hellip;<\/p>\n","protected":false},"author":1,"featured_media":0,"parent":4361,"menu_order":0,"comment_status":"closed","ping_status":"closed","template":"templates\/page-full.php","meta":{"_acf_changed":false,"footnotes":""},"class_list":["post-4410","page","type-page","status-publish","hentry"],"acf":[],"yoast_head":"<!-- This site is optimized with the Yoast SEO plugin v23.1 - https:\/\/yoast.com\/wordpress\/plugins\/seo\/ -->\n<title>Compra hasta el cansancio - Downtown Worcester<\/title>\n<meta name=\"robots\" content=\"index, follow, max-snippet:-1, max-image-preview:large, max-video-preview:-1\" \/>\n<link rel=\"canonical\" href=\"https:\/\/www.downtownworcester.org\/es\/planifique-su-visita\/compra-hasta-el-cansancio\/\" \/>\n<meta property=\"og:locale\" content=\"es_ES\" \/>\n<meta property=\"og:type\" content=\"article\" \/>\n<meta property=\"og:title\" content=\"Compra hasta el cansancio - Downtown Worcester\" \/>\n<meta property=\"og:description\" content=\"[vc_row el_class=\u00bbinner-banner-section\u00bb css=\u00bb.vc_custom_1645156530087{background-image: url(https:\/\/www.downtownworcester.org\/wp-content\/uploads\/2022\/02\/couple-and-a-dog-walking.jpg?id=1206) !important;background-position: center !important;background-repeat: no-repeat !important;background-size: cover !important;}\u00bb][vc_column][vc_row_inner type=\u00bbboxed\u00bb el_class=\u00bbinner-banner-row\u00bb][vc_column_inner][vc_column_text el_class=\u00bbbanner-text content-text light-text\u00bb] Compra hasta el cansancio [\/vc_column_text][\/vc_column_inner][\/vc_row_inner][\/vc_column][\/vc_row][vc_row max_width=\u00bb1080px\u00bb el_class=\u00bbbr_top\u00bb css=\u00bb.vc_custom_1628273904931{margin-bottom: 60px !important;}\u00bb][vc_column][vc_row_inner type=\u00bbboxed\u00bb el_class=\u00bbplan_interior\u00bb css=\u00bb.vc_custom_1640636491405{margin-bottom: 30px !important;}\u00bb][vc_column_inner][vc_column_text el_class=\u00bbcontent-text section-title\u00bb]La oferta de tiendas especializadas y minoristas del centro de Worcester es una parte importante del tejido cultural &hellip;\" \/>\n<meta property=\"og:url\" content=\"https:\/\/www.downtownworcester.org\/es\/planifique-su-visita\/compra-hasta-el-cansancio\/\" \/>\n<meta property=\"og:site_name\" content=\"Downtown Worcester\" \/>\n<meta property=\"article:publisher\" content=\"https:\/\/www.facebook.com\/DowntownWorcesterBID\" \/>\n<meta property=\"article:modified_time\" content=\"2024-01-22T19:36:08+00:00\" \/>\n<meta name=\"twitter:card\" content=\"summary_large_image\" \/>\n<meta name=\"twitter:label1\" content=\"Tiempo de lectura\" \/>\n\t<meta name=\"twitter:data1\" content=\"3 minutos\" \/>\n<script type=\"application\/ld+json\" class=\"yoast-schema-graph\">{\"@context\":\"https:\/\/schema.org\",\"@graph\":[{\"@type\":\"WebPage\",\"@id\":\"https:\/\/www.downtownworcester.org\/es\/planifique-su-visita\/compra-hasta-el-cansancio\/\",\"url\":\"https:\/\/www.downtownworcester.org\/es\/planifique-su-visita\/compra-hasta-el-cansancio\/\",\"name\":\"Compra hasta el cansancio - Downtown Worcester\",\"isPartOf\":{\"@id\":\"https:\/\/www.downtownworcester.org\/es\/#website\"},\"datePublished\":\"2022-02-09T17:57:15+00:00\",\"dateModified\":\"2024-01-22T19:36:08+00:00\",\"breadcrumb\":{\"@id\":\"https:\/\/www.downtownworcester.org\/es\/planifique-su-visita\/compra-hasta-el-cansancio\/#breadcrumb\"},\"inLanguage\":\"es\",\"potentialAction\":[{\"@type\":\"ReadAction\",\"target\":[\"https:\/\/www.downtownworcester.org\/es\/planifique-su-visita\/compra-hasta-el-cansancio\/\"]}]},{\"@type\":\"BreadcrumbList\",\"@id\":\"https:\/\/www.downtownworcester.org\/es\/planifique-su-visita\/compra-hasta-el-cansancio\/#breadcrumb\",\"itemListElement\":[{\"@type\":\"ListItem\",\"position\":1,\"name\":\"Home\",\"item\":\"https:\/\/www.downtownworcester.org\/es\/\"},{\"@type\":\"ListItem\",\"position\":2,\"name\":\"Planifique su visita\",\"item\":\"https:\/\/www.downtownworcester.org\/es\/planifique-su-visita\/\"},{\"@type\":\"ListItem\",\"position\":3,\"name\":\"Compra hasta el cansancio\"}]},{\"@type\":\"WebSite\",\"@id\":\"https:\/\/www.downtownworcester.org\/es\/#website\",\"url\":\"https:\/\/www.downtownworcester.org\/es\/\",\"name\":\"Downtown Worcester\",\"description\":\"Downtown Worcester Business Improvement District | It&#039;s all here!\",\"publisher\":{\"@id\":\"https:\/\/www.downtownworcester.org\/es\/#organization\"},\"potentialAction\":[{\"@type\":\"SearchAction\",\"target\":{\"@type\":\"EntryPoint\",\"urlTemplate\":\"https:\/\/www.downtownworcester.org\/es\/?s={search_term_string}\"},\"query-input\":\"required name=search_term_string\"}],\"inLanguage\":\"es\"},{\"@type\":\"Organization\",\"@id\":\"https:\/\/www.downtownworcester.org\/es\/#organization\",\"name\":\"Downtown Worcester\",\"url\":\"https:\/\/www.downtownworcester.org\/es\/\",\"logo\":{\"@type\":\"ImageObject\",\"inLanguage\":\"es\",\"@id\":\"https:\/\/www.downtownworcester.org\/es\/#\/schema\/logo\/image\/\",\"url\":\"https:\/\/www.downtownworcester.org\/wp-content\/uploads\/2023\/01\/WorcesterLogos-02.png\",\"contentUrl\":\"https:\/\/www.downtownworcester.org\/wp-content\/uploads\/2023\/01\/WorcesterLogos-02.png\",\"width\":3655,\"height\":877,\"caption\":\"Downtown Worcester\"},\"image\":{\"@id\":\"https:\/\/www.downtownworcester.org\/es\/#\/schema\/logo\/image\/\"},\"sameAs\":[\"https:\/\/www.facebook.com\/DowntownWorcesterBID\",\"https:\/\/www.instagram.com\/downtownworcesterbid\/\",\"https:\/\/www.linkedin.com\/company\/downtown-worcester-business-improvement-district\/\"]}]}<\/script>\n<!-- \/ Yoast SEO plugin. -->","yoast_head_json":{"title":"Compra hasta el cansancio - Downtown Worcester","robots":{"index":"index","follow":"follow","max-snippet":"max-snippet:-1","max-image-preview":"max-image-preview:large","max-video-preview":"max-video-preview:-1"},"canonical":"https:\/\/www.downtownworcester.org\/es\/planifique-su-visita\/compra-hasta-el-cansancio\/","og_locale":"es_ES","og_type":"article","og_title":"Compra hasta el cansancio - Downtown Worcester","og_description":"[vc_row el_class=\u00bbinner-banner-section\u00bb css=\u00bb.vc_custom_1645156530087{background-image: url(https:\/\/www.downtownworcester.org\/wp-content\/uploads\/2022\/02\/couple-and-a-dog-walking.jpg?id=1206) !important;background-position: center !important;background-repeat: no-repeat !important;background-size: cover !important;}\u00bb][vc_column][vc_row_inner type=\u00bbboxed\u00bb el_class=\u00bbinner-banner-row\u00bb][vc_column_inner][vc_column_text el_class=\u00bbbanner-text content-text light-text\u00bb] Compra hasta el cansancio [\/vc_column_text][\/vc_column_inner][\/vc_row_inner][\/vc_column][\/vc_row][vc_row max_width=\u00bb1080px\u00bb el_class=\u00bbbr_top\u00bb css=\u00bb.vc_custom_1628273904931{margin-bottom: 60px !important;}\u00bb][vc_column][vc_row_inner type=\u00bbboxed\u00bb el_class=\u00bbplan_interior\u00bb css=\u00bb.vc_custom_1640636491405{margin-bottom: 30px !important;}\u00bb][vc_column_inner][vc_column_text el_class=\u00bbcontent-text section-title\u00bb]La oferta de tiendas especializadas y minoristas del centro de Worcester es una parte importante del tejido cultural &hellip;","og_url":"https:\/\/www.downtownworcester.org\/es\/planifique-su-visita\/compra-hasta-el-cansancio\/","og_site_name":"Downtown Worcester","article_publisher":"https:\/\/www.facebook.com\/DowntownWorcesterBID","article_modified_time":"2024-01-22T19:36:08+00:00","twitter_card":"summary_large_image","twitter_misc":{"Tiempo de lectura":"3 minutos"},"schema":{"@context":"https:\/\/schema.org","@graph":[{"@type":"WebPage","@id":"https:\/\/www.downtownworcester.org\/es\/planifique-su-visita\/compra-hasta-el-cansancio\/","url":"https:\/\/www.downtownworcester.org\/es\/planifique-su-visita\/compra-hasta-el-cansancio\/","name":"Compra hasta el cansancio - Downtown Worcester","isPartOf":{"@id":"https:\/\/www.downtownworcester.org\/es\/#website"},"datePublished":"2022-02-09T17:57:15+00:00","dateModified":"2024-01-22T19:36:08+00:00","breadcrumb":{"@id":"https:\/\/www.downtownworcester.org\/es\/planifique-su-visita\/compra-hasta-el-cansancio\/#breadcrumb"},"inLanguage":"es","potentialAction":[{"@type":"ReadAction","target":["https:\/\/www.downtownworcester.org\/es\/planifique-su-visita\/compra-hasta-el-cansancio\/"]}]},{"@type":"BreadcrumbList","@id":"https:\/\/www.downtownworcester.org\/es\/planifique-su-visita\/compra-hasta-el-cansancio\/#breadcrumb","itemListElement":[{"@type":"ListItem","position":1,"name":"Home","item":"https:\/\/www.downtownworcester.org\/es\/"},{"@type":"ListItem","position":2,"name":"Planifique su visita","item":"https:\/\/www.downtownworcester.org\/es\/planifique-su-visita\/"},{"@type":"ListItem","position":3,"name":"Compra hasta el cansancio"}]},{"@type":"WebSite","@id":"https:\/\/www.downtownworcester.org\/es\/#website","url":"https:\/\/www.downtownworcester.org\/es\/","name":"Downtown Worcester","description":"Downtown Worcester Business Improvement District | It&#039;s all here!","publisher":{"@id":"https:\/\/www.downtownworcester.org\/es\/#organization"},"potentialAction":[{"@type":"SearchAction","target":{"@type":"EntryPoint","urlTemplate":"https:\/\/www.downtownworcester.org\/es\/?s={search_term_string}"},"query-input":"required name=search_term_string"}],"inLanguage":"es"},{"@type":"Organization","@id":"https:\/\/www.downtownworcester.org\/es\/#organization","name":"Downtown Worcester","url":"https:\/\/www.downtownworcester.org\/es\/","logo":{"@type":"ImageObject","inLanguage":"es","@id":"https:\/\/www.downtownworcester.org\/es\/#\/schema\/logo\/image\/","url":"https:\/\/www.downtownworcester.org\/wp-content\/uploads\/2023\/01\/WorcesterLogos-02.png","contentUrl":"https:\/\/www.downtownworcester.org\/wp-content\/uploads\/2023\/01\/WorcesterLogos-02.png","width":3655,"height":877,"caption":"Downtown Worcester"},"image":{"@id":"https:\/\/www.downtownworcester.org\/es\/#\/schema\/logo\/image\/"},"sameAs":["https:\/\/www.facebook.com\/DowntownWorcesterBID","https:\/\/www.instagram.com\/downtownworcesterbid\/","https:\/\/www.linkedin.com\/company\/downtown-worcester-business-improvement-district\/"]}]}},"_links":{"self":[{"href":"https:\/\/www.downtownworcester.org\/es\/wp-json\/wp\/v2\/pages\/4410","targetHints":{"allow":["GET"]}}],"collection":[{"href":"https:\/\/www.downtownworcester.org\/es\/wp-json\/wp\/v2\/pages"}],"about":[{"href":"https:\/\/www.downtownworcester.org\/es\/wp-json\/wp\/v2\/types\/page"}],"author":[{"embeddable":true,"href":"https:\/\/www.downtownworcester.org\/es\/wp-json\/wp\/v2\/users\/1"}],"replies":[{"embeddable":true,"href":"https:\/\/www.downtownworcester.org\/es\/wp-json\/wp\/v2\/comments?post=4410"}],"version-history":[{"count":10,"href":"https:\/\/www.downtownworcester.org\/es\/wp-json\/wp\/v2\/pages\/4410\/revisions"}],"predecessor-version":[{"id":20000,"href":"https:\/\/www.downtownworcester.org\/es\/wp-json\/wp\/v2\/pages\/4410\/revisions\/20000"}],"up":[{"embeddable":true,"href":"https:\/\/www.downtownworcester.org\/es\/wp-json\/wp\/v2\/pages\/4361"}],"wp:attachment":[{"href":"https:\/\/www.downtownworcester.org\/es\/wp-json\/wp\/v2\/media?parent=4410"}],"curies":[{"name":"wp","href":"https:\/\/api.w.org\/{rel}","templated":true}]}}