{"id":4394,"date":"2021-12-27T11:46:32","date_gmt":"2021-12-27T16:46:32","guid":{"rendered":"https:\/\/www.downtownworcester.org\/planifique-su-visita\/descubra-sabores\/"},"modified":"2024-07-30T08:46:31","modified_gmt":"2024-07-30T12:46:31","slug":"descubra-sabores","status":"publish","type":"page","link":"https:\/\/www.downtownworcester.org\/es\/planifique-su-visita\/descubra-sabores\/","title":{"rendered":"Descubra sabores"},"content":{"rendered":"<div class=\"wpb-content-wrapper\"><p>[vc_row el_class=\u00bbinner-banner-section\u00bb css=\u00bb.vc_custom_1702739467776{background-image: url(https:\/\/www.downtownworcester.org\/wp-content\/uploads\/2023\/10\/Chashu_DiscoverFlavor.jpg?id=16743) !important;background-position: center !important;background-repeat: no-repeat !important;background-size: cover !important;}\u00bb][vc_column][vc_row_inner type=\u00bbboxed\u00bb el_class=\u00bbinner-banner-row\u00bb][vc_column_inner][vc_column_text el_class=\u00bbbanner-text content-text light-text\u00bb]<\/p>\n<h1 style=\"text-align: center;\">Descubra sabores<\/h1>\n<p>[\/vc_column_text][\/vc_column_inner][\/vc_row_inner][\/vc_column][\/vc_row][vc_row max_width=\u00bb1080px\u00bb el_class=\u00bbbr_top\u00bb css=\u00bb.vc_custom_1628273904931{margin-bottom: 60px !important;}\u00bb][vc_column][vc_row_inner type=\u00bbboxed\u00bb el_class=\u00bbplan_interior\u00bb css=\u00bb.vc_custom_1640636491405{margin-bottom: 30px !important;}\u00bb][vc_column_inner][vc_column_text el_class=\u00bbcontent-text section-title\u00bb]Las opciones gastron\u00f3micas del centro de Worcester reflejan la diversidad, la creatividad y el orgullo profundo local de la ciudad. Los restaurantes de nuestro barrio pueden convertir una simple noche en la ciudad en un recuerdo preciado. Qu\u00e9 le apetece? Experimente con una amplia gama de opciones: sus pupilas gustativas y seguidores de Instagram se lo agradecer\u00e1n.[\/vc_column_text][\/vc_column_inner][\/vc_row_inner][vc_row_inner type=\u00bbboxed\u00bb el_class=\u00bbplan_interior\u00bb css=\u00bb.vc_custom_1645153428706{margin-bottom: 40px !important;}\u00bb][vc_column_inner width=\u00bb1\/2&#8243;][vc_column_text el_class=\u00bbcontent-text section-title\u00bb]<\/p>\n<h2><a href=\"https:\/\/www.110grill.com\/worcester-ma\">110 Grill<\/a><\/h2>\n<p>110 Grill en Worcester es conocido por su comida estadounidense moderna y un animado bar. Este bar del centro se encuentra justo al lado del AC Hotel, lo que lo convierte en un punto de acceso preferido entre los residentes y los visitantes de fuera de la ciudad. Con platos que incluyen desde un Macarrones con queso y cerdo desmenuzado (Pulled Pork Mac and Cheese) suculento hasta un Bacalao envuelto en prosciutto (Prosciutto Wrapped Cod) delicado, 110 Grill seguramente tendr\u00e1 una opci\u00f3n que satisfar\u00e1 a cada cliente. Disfrute de sus asientos populares en el patio al aire libre y la fogata ardiente si ver a las personas y disfrutar del aire fresco son su idea para una velada perfecta.[\/vc_column_text][vc_column_text el_class=\u00bbhistory_learn_more\u00bb]<a href=\"https:\/\/www.110grill.com\/worcester-ma\">M\u00e1s informaci\u00f3n<\/a>[\/vc_column_text][\/vc_column_inner][vc_column_inner width=\u00bb1\/2&#8243; css=\u00bb.vc_custom_1643798509494{margin-top: 40px !important;}\u00bb][vc_single_image image=\u00bb1460&#8243; img_size=\u00bbfull\u00bb][\/vc_column_inner][\/vc_row_inner][vc_row_inner type=\u00bbboxed\u00bb el_class=\u00bbplan_interior\u00bb css=\u00bb.vc_custom_1645153421139{margin-bottom: 40px !important;}\u00bb][vc_column_inner width=\u00bb1\/2&#8243; css=\u00bb.vc_custom_1645153324739{margin-top: 40px !important;}\u00bb][vc_single_image image=\u00bb1183&#8243; img_size=\u00bb800&#215;535&#8243; add_caption=\u00bbyes\u00bb][\/vc_column_inner][vc_column_inner width=\u00bb1\/2&#8243;][vc_column_text el_class=\u00bbcontent-text section-title\u00bb]<\/p>\n<h2><a href=\"https:\/\/www.facebook.com\/addieleessoulfood\/\">Addie Lee\u2019s<\/a><\/h2>\n<p>Addie Lee\u2019s cuenta con la mejor soul food del centro. Rob Evans, oriundo de Worcester, y su familia abrieron Addie Lee\u2019s en Main Street en honor a su bisabuela que naci\u00f3 en Mississippi en 1909. Todas las recetas del restaurante fueron transmitidas por su hom\u00f3nima, Addie Lee. Evans recuerda a su bisabuela como una mujer de negocios astuta con un enfoque sensato.[\/vc_column_text][vc_column_text el_class=\u00bbhistory_learn_more\u00bb]<a href=\"https:\/\/www.facebook.com\/addieleessoulfood\/\">M\u00e1s informaci\u00f3n<\/a>[\/vc_column_text][\/vc_column_inner][\/vc_row_inner][vc_row_inner type=\u00bbboxed\u00bb el_class=\u00bbplan_interior\u00bb css=\u00bb.vc_custom_1645153545184{margin-bottom: 40px !important;}\u00bb][vc_column_inner width=\u00bb1\/2&#8243;][vc_column_text el_class=\u00bbcontent-text section-title\u00bb]<\/p>\n<h2><a href=\"http:\/\/www.armsbyabbey.com\">Armsby Abbey<\/a><\/h2>\n<p>No se desaliente por la fila de cincuenta personas que esperan fuera de Armsby Abbey todos los fines de semana. Esta cervecer\u00eda local con reputaci\u00f3n nacional atrae grandes multitudes para el brunch, pero las reservas para cenar son m\u00e1s f\u00e1ciles de conseguir si lo planifica con anticipaci\u00f3n. Armsby Abbey tambi\u00e9n es el \u00fanico lugar en el estado donde los fan\u00e1ticos de la cerveza pueden poner sus manos en un vaso de Hill Farmstead, votada como la mejor cervecer\u00eda del mundo. El men\u00fa cambia todas las semanas para reflejar la disponibilidad de ingredientes de granja frescos y los intereses ecl\u00e9cticos del equipo culinario de Armsby. Consejo profesional: los clientes del bar evitan las colas cuando se abren las puertas; por lo tanto, t\u00e9ngalo en cuenta cuando planifique.[\/vc_column_text][vc_column_text el_class=\u00bbhistory_learn_more\u00bb]<a href=\"http:\/\/www.armsbyabbey.com\">M\u00e1s informaci\u00f3n<\/a>[\/vc_column_text][\/vc_column_inner][vc_column_inner width=\u00bb1\/2&#8243; css=\u00bb.vc_custom_1645153294835{margin-top: 40px !important;}\u00bb][vc_single_image image=\u00bb1182&#8243; img_size=\u00bb800&#215;535&#8243; add_caption=\u00bbyes\u00bb][\/vc_column_inner][\/vc_row_inner][vc_row_inner type=\u00bbboxed\u00bb el_class=\u00bbplan_interior\u00bb css=\u00bb.vc_custom_1645153551642{margin-bottom: 40px !important;}\u00bb][vc_column_inner width=\u00bb1\/2&#8243; css=\u00bb.vc_custom_1643797977113{margin-top: 40px !important;}\u00bb][vc_single_image image=\u00bb3888&#8243; img_size=\u00bb800&#215;535&#8243; add_caption=\u00bbyes\u00bb][\/vc_column_inner][vc_column_inner width=\u00bb1\/2&#8243;][vc_column_text el_class=\u00bbcontent-text section-title\u00bb]<\/p>\n<h2><a href=\"https:\/\/www.chashuramen.com\/\">Chashu Ramen<\/a><\/h2>\n<p>No hay nada mejor que un taz\u00f3n nutritivo de ramen vaporoso en una noche tempestuosa en el centro. Chashu Ramen sirve el mejor caldo de la ciudad: ofrece una fusi\u00f3n de sabores y t\u00e9cnicas originarias de cinco regiones orientales. Adem\u00e1s de ramen, Chashu Ramen tambi\u00e9n elabora su propio izakaya famoso junto con peque\u00f1os platos deliciosos, como el tofu togashi con especias caj\u00fan y el bao bao de pollo frito. No se pierda las costillas a la brasa y las gambas salvajes muy calientes. Traiga a sus amigos; Chashu es mejor como una experiencia comunitaria.[\/vc_column_text][vc_column_text el_class=\u00bbhistory_learn_more\u00bb]<a href=\"https:\/\/www.chashuramen.com\/\">M\u00e1s informaci\u00f3n<\/a>[\/vc_column_text][\/vc_column_inner][\/vc_row_inner][vc_row_inner type=\u00bbboxed\u00bb el_class=\u00bbplan_interior\u00bb css=\u00bb.vc_custom_1645153556984{margin-bottom: 40px !important;}\u00bb][vc_column_inner width=\u00bb1\/2&#8243;][vc_column_text el_class=\u00bbcontent-text section-title\u00bb]<\/p>\n<h2><a href=\"http:\/\/www.deadhorsehill.com\">Deadhorse hill<\/a><\/h2>\n<p>Deadhorse hill se encuentra en el antiguo hotel \u201dBay State House\u201d, un lugar emblem\u00e1tico hist\u00f3rico del centro. El chef ejecutivo Jared Forman, oriundo de la ciudad de Nueva York, cambia su men\u00fa estadounidense de temporada todas las noches para reflejar los ingredientes m\u00e1s frescos y las t\u00e9cnicas m\u00e1s innovadoras en su arsenal en constante crecimiento. Los programas de vinos naturales y c\u00f3cteles de deadhorse hill son verdaderamente excepcionales. En el curriculum de Forman se incluyen algunos de los restaurantes m\u00e1s c\u00e9lebres del pa\u00eds, como Per Se, Momofuku y Marea.[\/vc_column_text][vc_column_text el_class=\u00bbhistory_learn_more\u00bb]<a href=\"http:\/\/www.deadhorsehill.com\">M\u00e1s informaci\u00f3n<\/a>[\/vc_column_text][\/vc_column_inner][vc_column_inner width=\u00bb1\/2&#8243; css=\u00bb.vc_custom_1645153206105{margin-top: 40px !important;}\u00bb][vc_single_image image=\u00bb1181&#8243; img_size=\u00bb800&#215;535&#8243; add_caption=\u00bbyes\u00bb][\/vc_column_inner][\/vc_row_inner][vc_row_inner type=\u00bbboxed\u00bb el_class=\u00bbplan_interior\u00bb css=\u00bb.vc_custom_1660853224089{margin-bottom: 40px !important;}\u00bb][vc_column_inner width=\u00bb1\/2&#8243; css=\u00bb.vc_custom_1644002518055{margin-top: 40px !important;}\u00bb][vc_single_image image=\u00bb1093&#8243; img_size=\u00bb800&#215;535&#8243; add_caption=\u00bbyes\u00bb][\/vc_column_inner][vc_column_inner width=\u00bb1\/2&#8243;][vc_column_text el_class=\u00bbcontent-text section-title\u00bb]<\/p>\n<h2><a href=\"http:\/\/www.theatre-cafe.net\">The Theatre Caf\u00e9<\/a><\/h2>\n<p>Antes de ir a un espect\u00e1culo en The Hanover Theatre o despu\u00e9s de ver una actuaci\u00f3n en el BrickBox Theater, cenar en The Theatre Caf\u00e9 es una tradici\u00f3n del centro. Este bistr\u00f3 local lleva \u201cla cena y el espect\u00e1culo\u201d al siguiente nivel con una gran variedad de platos gourmet. El men\u00fa est\u00e1 repleto de juegos de palabras ingeniosos sobre el teatro, como una secci\u00f3n de aperitivos llamada \u201cacto de apertura\u201d y unas guarniciones denominadas el \u201celenco de reparto\u201d. The Caf\u00e9 tambi\u00e9n es el lugar perfecto para celebrar acontecimientos importantes como aniversarios, despedidas de soltera y funciones empresariales. Las reservas se completan con rapidez en las noches de espect\u00e1culos, as\u00ed que aseg\u00farese de reservar su asiento.[\/vc_column_text][vc_column_text el_class=\u00bbhistory_learn_more\u00bb]<a href=\"http:\/\/www.theatre-cafe.net\">M\u00e1s informaci\u00f3n<\/a>[\/vc_column_text][\/vc_column_inner][\/vc_row_inner][vc_row_inner type=\u00bbboxed\u00bb el_class=\u00bbplan_interior\u00bb css=\u00bb.vc_custom_1645153569658{margin-bottom: 40px !important;}\u00bb][vc_column_inner width=\u00bb1\/2&#8243;][vc_column_text el_class=\u00bbcontent-text section-title\u00bb]<\/p>\n<h2><a href=\"http:\/\/theshawarmapalace.com\/\">Shawarma Palace<\/a><\/h2>\n<p>Si el centro es el campus de Worcester, entonces Shawarma Palace es nuestra cafeter\u00eda. Seguramente ver\u00e1 a sus pol\u00edticos, abogados y creativos favoritos comiendo en tazones delicados de hummus rico en tahini y rebanadas calientes de pan de pita fresco. El men\u00fa est\u00e1 repleto de una gran variedad de platos levantinos, mediterr\u00e1neos, libaneses y del Oriente Medio. Shawarma Palace garantiza la preparaci\u00f3n del viejo mundo de ingredientes cultivados de manera responsable y \u00e9tica. Pruebe el falafel, labneh y kibbeh, y luego, termine con baklava.[\/vc_column_text][vc_column_text el_class=\u00bbhistory_learn_more\u00bb]<a href=\"http:\/\/theshawarmapalace.com\/\">M\u00e1s informaci\u00f3n<\/a>[\/vc_column_text][\/vc_column_inner][vc_column_inner width=\u00bb1\/2&#8243; css=\u00bb.vc_custom_1643798208658{margin-top: 40px !important;}\u00bb][vc_single_image image=\u00bb1049&#8243; img_size=\u00bb800&#215;535&#8243; add_caption=\u00bbyes\u00bb][\/vc_column_inner][\/vc_row_inner][\/vc_column][\/vc_row][vc_row type=\u00bbboxed\u00bb el_class=\u00bbitinerary_photos\u00bb][vc_column][vc_empty_space height=\u00bb64px\u00bb][\/vc_column][\/vc_row]<\/p>\n<\/div>","protected":false},"excerpt":{"rendered":"<p>[vc_row el_class=\u00bbinner-banner-section\u00bb css=\u00bb.vc_custom_1702739467776{background-image: url(https:\/\/www.downtownworcester.org\/wp-content\/uploads\/2023\/10\/Chashu_DiscoverFlavor.jpg?id=16743) !important;background-position: center !important;background-repeat: no-repeat !important;background-size: cover !important;}\u00bb][vc_column][vc_row_inner type=\u00bbboxed\u00bb el_class=\u00bbinner-banner-row\u00bb][vc_column_inner][vc_column_text el_class=\u00bbbanner-text content-text light-text\u00bb] Descubra sabores [\/vc_column_text][\/vc_column_inner][\/vc_row_inner][\/vc_column][\/vc_row][vc_row max_width=\u00bb1080px\u00bb el_class=\u00bbbr_top\u00bb css=\u00bb.vc_custom_1628273904931{margin-bottom: 60px !important;}\u00bb][vc_column][vc_row_inner type=\u00bbboxed\u00bb el_class=\u00bbplan_interior\u00bb css=\u00bb.vc_custom_1640636491405{margin-bottom: 30px !important;}\u00bb][vc_column_inner][vc_column_text el_class=\u00bbcontent-text section-title\u00bb]Las opciones gastron\u00f3micas del centro de Worcester reflejan la diversidad, la creatividad y el orgullo profundo local de la ciudad. &hellip;<\/p>\n","protected":false},"author":1,"featured_media":0,"parent":4361,"menu_order":0,"comment_status":"closed","ping_status":"closed","template":"templates\/page-full.php","meta":{"_acf_changed":false,"footnotes":""},"class_list":["post-4394","page","type-page","status-publish","hentry"],"acf":[],"yoast_head":"<!-- This site is optimized with the Yoast SEO plugin v23.1 - https:\/\/yoast.com\/wordpress\/plugins\/seo\/ -->\n<title>Descubra sabores - Downtown Worcester<\/title>\n<meta name=\"robots\" content=\"index, follow, max-snippet:-1, max-image-preview:large, max-video-preview:-1\" \/>\n<link rel=\"canonical\" href=\"https:\/\/www.downtownworcester.org\/es\/planifique-su-visita\/descubra-sabores\/\" \/>\n<meta property=\"og:locale\" content=\"es_ES\" \/>\n<meta property=\"og:type\" content=\"article\" \/>\n<meta property=\"og:title\" content=\"Descubra sabores - Downtown Worcester\" \/>\n<meta property=\"og:description\" content=\"[vc_row el_class=\u00bbinner-banner-section\u00bb css=\u00bb.vc_custom_1702739467776{background-image: url(https:\/\/www.downtownworcester.org\/wp-content\/uploads\/2023\/10\/Chashu_DiscoverFlavor.jpg?id=16743) !important;background-position: center !important;background-repeat: no-repeat !important;background-size: cover !important;}\u00bb][vc_column][vc_row_inner type=\u00bbboxed\u00bb el_class=\u00bbinner-banner-row\u00bb][vc_column_inner][vc_column_text el_class=\u00bbbanner-text content-text light-text\u00bb] Descubra sabores [\/vc_column_text][\/vc_column_inner][\/vc_row_inner][\/vc_column][\/vc_row][vc_row max_width=\u00bb1080px\u00bb el_class=\u00bbbr_top\u00bb css=\u00bb.vc_custom_1628273904931{margin-bottom: 60px !important;}\u00bb][vc_column][vc_row_inner type=\u00bbboxed\u00bb el_class=\u00bbplan_interior\u00bb css=\u00bb.vc_custom_1640636491405{margin-bottom: 30px !important;}\u00bb][vc_column_inner][vc_column_text el_class=\u00bbcontent-text section-title\u00bb]Las opciones gastron\u00f3micas del centro de Worcester reflejan la diversidad, la creatividad y el orgullo profundo local de la ciudad. &hellip;\" \/>\n<meta property=\"og:url\" content=\"https:\/\/www.downtownworcester.org\/es\/planifique-su-visita\/descubra-sabores\/\" \/>\n<meta property=\"og:site_name\" content=\"Downtown Worcester\" \/>\n<meta property=\"article:publisher\" content=\"https:\/\/www.facebook.com\/DowntownWorcesterBID\" \/>\n<meta property=\"article:modified_time\" content=\"2024-07-30T12:46:31+00:00\" \/>\n<meta name=\"twitter:card\" content=\"summary_large_image\" \/>\n<meta name=\"twitter:label1\" content=\"Tiempo de lectura\" \/>\n\t<meta name=\"twitter:data1\" content=\"7 minutos\" \/>\n<script type=\"application\/ld+json\" class=\"yoast-schema-graph\">{\"@context\":\"https:\/\/schema.org\",\"@graph\":[{\"@type\":\"WebPage\",\"@id\":\"https:\/\/www.downtownworcester.org\/es\/planifique-su-visita\/descubra-sabores\/\",\"url\":\"https:\/\/www.downtownworcester.org\/es\/planifique-su-visita\/descubra-sabores\/\",\"name\":\"Descubra sabores - Downtown Worcester\",\"isPartOf\":{\"@id\":\"https:\/\/www.downtownworcester.org\/es\/#website\"},\"datePublished\":\"2021-12-27T16:46:32+00:00\",\"dateModified\":\"2024-07-30T12:46:31+00:00\",\"breadcrumb\":{\"@id\":\"https:\/\/www.downtownworcester.org\/es\/planifique-su-visita\/descubra-sabores\/#breadcrumb\"},\"inLanguage\":\"es\",\"potentialAction\":[{\"@type\":\"ReadAction\",\"target\":[\"https:\/\/www.downtownworcester.org\/es\/planifique-su-visita\/descubra-sabores\/\"]}]},{\"@type\":\"BreadcrumbList\",\"@id\":\"https:\/\/www.downtownworcester.org\/es\/planifique-su-visita\/descubra-sabores\/#breadcrumb\",\"itemListElement\":[{\"@type\":\"ListItem\",\"position\":1,\"name\":\"Home\",\"item\":\"https:\/\/www.downtownworcester.org\/es\/\"},{\"@type\":\"ListItem\",\"position\":2,\"name\":\"Planifique su visita\",\"item\":\"https:\/\/www.downtownworcester.org\/es\/planifique-su-visita\/\"},{\"@type\":\"ListItem\",\"position\":3,\"name\":\"Descubra sabores\"}]},{\"@type\":\"WebSite\",\"@id\":\"https:\/\/www.downtownworcester.org\/es\/#website\",\"url\":\"https:\/\/www.downtownworcester.org\/es\/\",\"name\":\"Downtown Worcester\",\"description\":\"Downtown Worcester Business Improvement District | It&#039;s all here!\",\"publisher\":{\"@id\":\"https:\/\/www.downtownworcester.org\/es\/#organization\"},\"potentialAction\":[{\"@type\":\"SearchAction\",\"target\":{\"@type\":\"EntryPoint\",\"urlTemplate\":\"https:\/\/www.downtownworcester.org\/es\/?s={search_term_string}\"},\"query-input\":\"required name=search_term_string\"}],\"inLanguage\":\"es\"},{\"@type\":\"Organization\",\"@id\":\"https:\/\/www.downtownworcester.org\/es\/#organization\",\"name\":\"Downtown Worcester\",\"url\":\"https:\/\/www.downtownworcester.org\/es\/\",\"logo\":{\"@type\":\"ImageObject\",\"inLanguage\":\"es\",\"@id\":\"https:\/\/www.downtownworcester.org\/es\/#\/schema\/logo\/image\/\",\"url\":\"https:\/\/www.downtownworcester.org\/wp-content\/uploads\/2023\/01\/WorcesterLogos-02.png\",\"contentUrl\":\"https:\/\/www.downtownworcester.org\/wp-content\/uploads\/2023\/01\/WorcesterLogos-02.png\",\"width\":3655,\"height\":877,\"caption\":\"Downtown Worcester\"},\"image\":{\"@id\":\"https:\/\/www.downtownworcester.org\/es\/#\/schema\/logo\/image\/\"},\"sameAs\":[\"https:\/\/www.facebook.com\/DowntownWorcesterBID\",\"https:\/\/www.instagram.com\/downtownworcesterbid\/\",\"https:\/\/www.linkedin.com\/company\/downtown-worcester-business-improvement-district\/\"]}]}<\/script>\n<!-- \/ Yoast SEO plugin. -->","yoast_head_json":{"title":"Descubra sabores - Downtown Worcester","robots":{"index":"index","follow":"follow","max-snippet":"max-snippet:-1","max-image-preview":"max-image-preview:large","max-video-preview":"max-video-preview:-1"},"canonical":"https:\/\/www.downtownworcester.org\/es\/planifique-su-visita\/descubra-sabores\/","og_locale":"es_ES","og_type":"article","og_title":"Descubra sabores - Downtown Worcester","og_description":"[vc_row el_class=\u00bbinner-banner-section\u00bb css=\u00bb.vc_custom_1702739467776{background-image: url(https:\/\/www.downtownworcester.org\/wp-content\/uploads\/2023\/10\/Chashu_DiscoverFlavor.jpg?id=16743) !important;background-position: center !important;background-repeat: no-repeat !important;background-size: cover !important;}\u00bb][vc_column][vc_row_inner type=\u00bbboxed\u00bb el_class=\u00bbinner-banner-row\u00bb][vc_column_inner][vc_column_text el_class=\u00bbbanner-text content-text light-text\u00bb] Descubra sabores [\/vc_column_text][\/vc_column_inner][\/vc_row_inner][\/vc_column][\/vc_row][vc_row max_width=\u00bb1080px\u00bb el_class=\u00bbbr_top\u00bb css=\u00bb.vc_custom_1628273904931{margin-bottom: 60px !important;}\u00bb][vc_column][vc_row_inner type=\u00bbboxed\u00bb el_class=\u00bbplan_interior\u00bb css=\u00bb.vc_custom_1640636491405{margin-bottom: 30px !important;}\u00bb][vc_column_inner][vc_column_text el_class=\u00bbcontent-text section-title\u00bb]Las opciones gastron\u00f3micas del centro de Worcester reflejan la diversidad, la creatividad y el orgullo profundo local de la ciudad. &hellip;","og_url":"https:\/\/www.downtownworcester.org\/es\/planifique-su-visita\/descubra-sabores\/","og_site_name":"Downtown Worcester","article_publisher":"https:\/\/www.facebook.com\/DowntownWorcesterBID","article_modified_time":"2024-07-30T12:46:31+00:00","twitter_card":"summary_large_image","twitter_misc":{"Tiempo de lectura":"7 minutos"},"schema":{"@context":"https:\/\/schema.org","@graph":[{"@type":"WebPage","@id":"https:\/\/www.downtownworcester.org\/es\/planifique-su-visita\/descubra-sabores\/","url":"https:\/\/www.downtownworcester.org\/es\/planifique-su-visita\/descubra-sabores\/","name":"Descubra sabores - Downtown Worcester","isPartOf":{"@id":"https:\/\/www.downtownworcester.org\/es\/#website"},"datePublished":"2021-12-27T16:46:32+00:00","dateModified":"2024-07-30T12:46:31+00:00","breadcrumb":{"@id":"https:\/\/www.downtownworcester.org\/es\/planifique-su-visita\/descubra-sabores\/#breadcrumb"},"inLanguage":"es","potentialAction":[{"@type":"ReadAction","target":["https:\/\/www.downtownworcester.org\/es\/planifique-su-visita\/descubra-sabores\/"]}]},{"@type":"BreadcrumbList","@id":"https:\/\/www.downtownworcester.org\/es\/planifique-su-visita\/descubra-sabores\/#breadcrumb","itemListElement":[{"@type":"ListItem","position":1,"name":"Home","item":"https:\/\/www.downtownworcester.org\/es\/"},{"@type":"ListItem","position":2,"name":"Planifique su visita","item":"https:\/\/www.downtownworcester.org\/es\/planifique-su-visita\/"},{"@type":"ListItem","position":3,"name":"Descubra sabores"}]},{"@type":"WebSite","@id":"https:\/\/www.downtownworcester.org\/es\/#website","url":"https:\/\/www.downtownworcester.org\/es\/","name":"Downtown Worcester","description":"Downtown Worcester Business Improvement District | It&#039;s all here!","publisher":{"@id":"https:\/\/www.downtownworcester.org\/es\/#organization"},"potentialAction":[{"@type":"SearchAction","target":{"@type":"EntryPoint","urlTemplate":"https:\/\/www.downtownworcester.org\/es\/?s={search_term_string}"},"query-input":"required name=search_term_string"}],"inLanguage":"es"},{"@type":"Organization","@id":"https:\/\/www.downtownworcester.org\/es\/#organization","name":"Downtown Worcester","url":"https:\/\/www.downtownworcester.org\/es\/","logo":{"@type":"ImageObject","inLanguage":"es","@id":"https:\/\/www.downtownworcester.org\/es\/#\/schema\/logo\/image\/","url":"https:\/\/www.downtownworcester.org\/wp-content\/uploads\/2023\/01\/WorcesterLogos-02.png","contentUrl":"https:\/\/www.downtownworcester.org\/wp-content\/uploads\/2023\/01\/WorcesterLogos-02.png","width":3655,"height":877,"caption":"Downtown Worcester"},"image":{"@id":"https:\/\/www.downtownworcester.org\/es\/#\/schema\/logo\/image\/"},"sameAs":["https:\/\/www.facebook.com\/DowntownWorcesterBID","https:\/\/www.instagram.com\/downtownworcesterbid\/","https:\/\/www.linkedin.com\/company\/downtown-worcester-business-improvement-district\/"]}]}},"_links":{"self":[{"href":"https:\/\/www.downtownworcester.org\/es\/wp-json\/wp\/v2\/pages\/4394","targetHints":{"allow":["GET"]}}],"collection":[{"href":"https:\/\/www.downtownworcester.org\/es\/wp-json\/wp\/v2\/pages"}],"about":[{"href":"https:\/\/www.downtownworcester.org\/es\/wp-json\/wp\/v2\/types\/page"}],"author":[{"embeddable":true,"href":"https:\/\/www.downtownworcester.org\/es\/wp-json\/wp\/v2\/users\/1"}],"replies":[{"embeddable":true,"href":"https:\/\/www.downtownworcester.org\/es\/wp-json\/wp\/v2\/comments?post=4394"}],"version-history":[{"count":11,"href":"https:\/\/www.downtownworcester.org\/es\/wp-json\/wp\/v2\/pages\/4394\/revisions"}],"predecessor-version":[{"id":23285,"href":"https:\/\/www.downtownworcester.org\/es\/wp-json\/wp\/v2\/pages\/4394\/revisions\/23285"}],"up":[{"embeddable":true,"href":"https:\/\/www.downtownworcester.org\/es\/wp-json\/wp\/v2\/pages\/4361"}],"wp:attachment":[{"href":"https:\/\/www.downtownworcester.org\/es\/wp-json\/wp\/v2\/media?parent=4394"}],"curies":[{"name":"wp","href":"https:\/\/api.w.org\/{rel}","templated":true}]}}