{"id":4392,"date":"2022-02-17T21:50:52","date_gmt":"2022-02-18T02:50:52","guid":{"rendered":"https:\/\/www.downtownworcester.org\/planifique-su-visita\/captura-de-hermosas-vistas-del-centro-de-la-ciudad\/"},"modified":"2023-12-16T10:56:08","modified_gmt":"2023-12-16T15:56:08","slug":"captura-de-hermosas-vistas-del-centro-de-la-ciudad","status":"publish","type":"page","link":"https:\/\/www.downtownworcester.org\/es\/planifique-su-visita\/captura-de-hermosas-vistas-del-centro-de-la-ciudad\/","title":{"rendered":"Captura de hermosas vistas del centro de la ciudad"},"content":{"rendered":"<div class=\"wpb-content-wrapper\"><p>[vc_row el_class=\u00bbinner-banner-section\u00bb css=\u00bb.vc_custom_1645151987361{background-image: url(https:\/\/www.downtownworcester.org\/wp-content\/uploads\/2022\/02\/6570da13649b29ab1e6657c9672e8afa-xxlarge.jpg?id=1166) !important;background-position: center !important;background-repeat: no-repeat !important;background-size: cover !important;}\u00bb][vc_column][vc_row_inner type=\u00bbboxed\u00bb el_class=\u00bbinner-banner-row\u00bb][vc_column_inner][vc_column_text el_class=\u00bbbanner-text content-text light-text\u00bb]<\/p>\n<h1 style=\"text-align: center;\">Captura de hermosas vistas del centro de la ciudad<\/h1>\n<p>[\/vc_column_text][\/vc_column_inner][\/vc_row_inner][\/vc_column][\/vc_row][vc_row el_class=\u00bbtop-description-row\u00bb css=\u00bb.vc_custom_1650379552096{padding-top: 20px !important;}\u00bb][vc_column][vc_column_text]<\/p>\n<h2 class=\"photo_credit\">Foto de Joe Santa Maria<\/h2>\n<p>[\/vc_column_text][\/vc_column][\/vc_row][vc_row max_width=\u00bb1080px\u00bb el_class=\u00bbbr_top\u00bb css=\u00bb.vc_custom_1628273904931{margin-bottom: 60px !important;}\u00bb][vc_column][vc_row_inner type=\u00bbboxed\u00bb el_class=\u00bbplan_interior\u00bb css=\u00bb.vc_custom_1640636491405{margin-bottom: 30px !important;}\u00bb][vc_column_inner][vc_column_text el_class=\u00bbcontent-text section-title\u00bb]El centro de Worcester est\u00e1 repleto de vistas impresionantes y destinos para mostrar en Instagram. Explore las vistas \u00fanicas con un tel\u00e9fono o una c\u00e1mara en la mano y mire usted mismo qu\u00e9 hace que el vecindario sea una comunidad tan pintoresca.[\/vc_column_text][\/vc_column_inner][\/vc_row_inner][vc_row_inner type=\u00bbboxed\u00bb el_class=\u00bbplan_interior\u00bb css=\u00bb.vc_custom_1644004071040{margin-top: 40px !important;border-bottom-width: 40px !important;}\u00bb][vc_column_inner width=\u00bb1\/2&#8243;][vc_column_text el_class=\u00bbcontent-text section-title\u00bb]<\/p>\n<h2>Visite el Common digno de una postal<\/h2>\n<p>El <a href=\"http:\/\/www.worcesterma.gov\/worcester-common-oval\" target=\"_blank\" rel=\"noopener\">Worcester Common Oval<\/a> est\u00e1 repleto de actividades a toda hora del d\u00eda. Rel\u00e1jese en los bancos, disfrute la serie de conciertos \u201cOut to Lunch\u201d y el Farmers Market, o re\u00fanase con amigos para patinar sobre hielo en los meses de invierno. El Oval, con actividades previstas para cada temporada, sigue siendo un escenario vivaz para crear nuevos recuerdos durante todo el a\u00f1o. Durante las fiestas, el Oval se transforma con luces brillantes que cubren los \u00e1rboles y los alrededores del parque. Por la noche, las luces contribuyen a crear una escena de Nueva Inglaterra digna de una postal.[\/vc_column_text][\/vc_column_inner][vc_column_inner width=\u00bb1\/2&#8243; css=\u00bb.vc_custom_1644002919160{margin-top: 40px !important;}\u00bb][vc_single_image image=\u00bb1167&#8243; img_size=\u00bb800&#215;535&#8243; add_caption=\u00bbyes\u00bb][\/vc_column_inner][\/vc_row_inner][vc_row_inner type=\u00bbboxed\u00bb el_class=\u00bbplan_interior\u00bb css=\u00bb.vc_custom_1644004071040{margin-top: 40px !important;border-bottom-width: 40px !important;}\u00bb][vc_column_inner width=\u00bb1\/2&#8243; css=\u00bb.vc_custom_1644002919160{margin-top: 40px !important;}\u00bb][vc_single_image image=\u00bb3941&#8243; img_size=\u00bb800&#215;535&#8243; add_caption=\u00bbyes\u00bb][\/vc_column_inner][vc_column_inner width=\u00bb1\/2&#8243;][vc_column_text el_class=\u00bbcontent-text section-title\u00bb]<\/p>\n<h2>Suba la gran escalinata del Ayuntamiento<\/h2>\n<p><span style=\"font-weight: 400;\">Sobre el Worcester Common Oval se erige el <a href=\"https:\/\/www.discovercentralma.org\/profile\/worcester-city-hall-\/\" target=\"_blank\" rel=\"noopener\">Ayuntamiento de Worcester<\/a>, una joya arquitect\u00f3nica por dentro y por fuera. El Ayuntamiento, que se inaugur\u00f3 en 1898, es un ejemplo de la arquitectura neorrenacentista con sus grandes columnas, cielorrasos altos y dise\u00f1os intrincados. El Ayuntamiento se ha convertido en uno de los hitos cinematogr\u00e1ficos por excelencia de Worcester, ya que aparece cada vez m\u00e1s como escenario para varios largometrajes.<\/span>[\/vc_column_text][\/vc_column_inner][\/vc_row_inner][vc_row_inner type=\u00bbboxed\u00bb el_class=\u00bbplan_interior\u00bb css=\u00bb.vc_custom_1644004071040{margin-top: 40px !important;border-bottom-width: 40px !important;}\u00bb][vc_column_inner width=\u00bb1\/2&#8243;][vc_column_text el_class=\u00bbcontent-text section-title\u00bb]<\/p>\n<h2>Escenarios modernos y vistas impresionantes<\/h2>\n<p><a href=\"https:\/\/www.mercantileworcester.com\/\" target=\"_blank\" rel=\"noopener\">Mercantile Center,<\/a> ubicado en 100 y 120 Front Street, es una propiedad de gran importancia y uso mixto en el centro. La plaza atractiva y elegante es un lugar central de reuni\u00f3n popular para los trabajadores del centro durante el horario de almuerzo. Si bien la arquitectura elegante y moderna es perfecta para una selfi, las verdaderas vistas pueden encontrarse en el 19.\u00ba piso del edificio. En este piso, puede disfrutar las vistas impresionantes del centro de Worcester. Este mirador excelente le permitir\u00e1 explorar el paisaje urbano de una manera \u00fanica.[\/vc_column_text][\/vc_column_inner][vc_column_inner width=\u00bb1\/2&#8243; css=\u00bb.vc_custom_1644002919160{margin-top: 40px !important;}\u00bb][vc_single_image image=\u00bb1169&#8243; img_size=\u00bb800&#215;535&#8243; add_caption=\u00bbyes\u00bb][\/vc_column_inner][\/vc_row_inner][vc_row_inner css=\u00bb.vc_custom_1644006785150{margin-top: 40px !important;}\u00bb][vc_column_inner width=\u00bb1\/2&#8243; css=\u00bb.vc_custom_1644006711468{margin-top: 40px !important;}\u00bb][vc_single_image image=\u00bb1413&#8243; img_size=\u00bb800&#215;535&#8243;][\/vc_column_inner][vc_column_inner width=\u00bb1\/2&#8243;][vc_column_text el_class=\u00bbcontent-text section-title\u00bb]<\/p>\n<h2>Mantener lo cl\u00e1sico<\/h2>\n<p><a href=\"https:\/\/www.worcestermag.com\/story\/lifestyle\/2021\/03\/10\/true-beauty-seeing-union-station-fresh-eyes\/4512100001\/\" target=\"_blank\" rel=\"noopener\">Union Station de Worcester<\/a> representa la clase y el estilo del viejo mundo. Union Station, construida en el estilo Beaux-Arts neocl\u00e1sico, sigue siendo una obra asombrosa de la historia local y la ubicaci\u00f3n perfecta para eventos especiales, reuniones sofisticadas o fotograf\u00edas de compromiso \u00fanicas. Organice su propia sesi\u00f3n de fotos en cualquier momento del d\u00eda y descubra por qu\u00e9 este hito hist\u00f3rico contin\u00faa asombrando a los residentes y visitantes por igual.[\/vc_column_text][\/vc_column_inner][\/vc_row_inner][vc_row_inner type=\u00bbboxed\u00bb el_class=\u00bbplan_interior\u00bb css=\u00bb.vc_custom_1644004071040{margin-top: 40px !important;border-bottom-width: 40px !important;}\u00bb][vc_column_inner width=\u00bb1\/2&#8243;][vc_column_text el_class=\u00bbcontent-text section-title\u00bb]<\/p>\n<h2>Interactuar con el arte p\u00fablico<\/h2>\n<p>El centro de Worcester se est\u00e1 convirtiendo con rapidez en un foco para el arte p\u00fablico tridimensional. Pose con su ser querido en el Esther Howland Bench frente al Ayuntamiento, dise\u00f1ado por Gianna Steward en honor a la madre del D\u00eda de San Valent\u00edn. O acompa\u00f1e a sus hijos hasta el cuarto piso de la <a href=\"https:\/\/www.mywpl.org\/\" target=\"_blank\" rel=\"noopener\">Worcester Public Library<\/a>, donde encontrar\u00e1n una nave espacial grandiosa con rincones de lectura para explorar. La escultura interactiva es un gui\u00f1o a Robert Goddard de Worcester, conocido en todo el mundo como el padre de la coheter\u00eda moderna.[\/vc_column_text][\/vc_column_inner][vc_column_inner width=\u00bb1\/2&#8243; css=\u00bb.vc_custom_1644002919160{margin-top: 40px !important;}\u00bb][vc_single_image image=\u00bb1173&#8243; img_size=\u00bb800&#215;535&#8243; add_caption=\u00bbyes\u00bb][\/vc_column_inner][\/vc_row_inner][vc_row_inner css=\u00bb.vc_custom_1644006785150{margin-top: 40px !important;}\u00bb][vc_column_inner width=\u00bb1\/2&#8243; css=\u00bb.vc_custom_1644006711468{margin-top: 40px !important;}\u00bb][vc_single_image image=\u00bb4020&#8243; img_size=\u00bb800&#215;535&#8243; add_caption=\u00bbyes\u00bb][\/vc_column_inner][vc_column_inner width=\u00bb1\/2&#8243;][vc_column_text el_class=\u00bbcontent-text section-title\u00bb]<\/p>\n<h2>Follaje, fuegos artificiales y m\u00e1s<\/h2>\n<p><span style=\"font-weight: 400;\">Durante los meses de oto\u00f1o, los autos estacionan en la parte superior de los garajes de estacionamiento del centro solo para disfrutar el follaje. En el verano, los fuegos artificiales y atardeceres v\u00edvidos tambi\u00e9n cobran vida desde lo alto de estas estructuras enormes, que brindan nuevas perspectivas del paisaje de la ciudad desde varios \u00e1ngulos despejados. Dese unos diez minutos adicionales en su pr\u00f3ximo viaje al centro y t\u00f3mese el tiempo para sumergirse en la belleza de Worcester. Vea nuestro <\/span><a href=\"https:\/\/www.google.com\/maps\/d\/u\/0\/edit?mid=1r5WX_hJyS2DfvVxkHVrm427P-EzBJ4ht&amp;ll=42.26739803092734%2C-71.80183536943872&amp;z=16\"><span style=\"font-weight: 400;\">mapa de estacionamiento del centro<\/span><\/a> <span style=\"font-weight: 400;\">para obtener m\u00e1s informaci\u00f3n.<\/span>[\/vc_column_text][\/vc_column_inner][\/vc_row_inner][\/vc_column][\/vc_row][vc_row type=\u00bbboxed\u00bb disable_element=\u00bbyes\u00bb el_class=\u00bbitinerary_photos\u00bb][vc_column]<div id=\"ult-carousel-49172297569dccacc2d270\" class=\"ult-carousel-wrapper   ult_horizontal\" data-gutter=\"15\" data-rtl=\"false\" ><div class=\"ult-carousel-100224726969dccacc2d023 \" >[vc_single_image image=\u00bb918&#8243; img_size=\u00bb400&#215;400&#8243; alignment=\u00bbcenter\u00bb onclick=\u00bblink_image\u00bb][vc_single_image image=\u00bb919&#8243; img_size=\u00bb400&#215;400&#8243; add_caption=\u00bbyes\u00bb alignment=\u00bbcenter\u00bb onclick=\u00bblink_image\u00bb][vc_single_image image=\u00bb920&#8243; img_size=\u00bb400&#215;400&#8243; alignment=\u00bbcenter\u00bb onclick=\u00bblink_image\u00bb][vc_single_image image=\u00bb922&#8243; img_size=\u00bb400&#215;400&#8243; alignment=\u00bbcenter\u00bb onclick=\u00bblink_image\u00bb]<\/div><\/div>\t\t\t<script type=\"text\/javascript\">\r\n\t\t\t\tjQuery(document).ready(function ($) {\r\n\t\t\t\t\tif( typeof jQuery('.ult-carousel-100224726969dccacc2d023').slick == \"function\"){\r\n\t\t\t\t\t\t$('.ult-carousel-100224726969dccacc2d023').slick({dots: true,autoplay: true,autoplaySpeed: 5000,speed: 300,infinite: true,arrows: true,nextArrow: '<button type=\"button\" role=\"button\" aria-label=\"Next\" style=\"color:#ffffff; font-size:47px;\" class=\"slick-next default\"><i class=\"ultsl-arrow-right4\"><\/i><\/button>',prevArrow: '<button type=\"button\" role=\"button\" aria-label=\"Previous\" style=\"color:#ffffff; font-size:47px;\" class=\"slick-prev default\"><i class=\"ultsl-arrow-left4\"><\/i><\/button>',slidesToScroll:3,slidesToShow:3,swipe: true,draggable: true,touchMove: true,pauseOnHover: true,pauseOnFocus: false,responsive: [\r\n\t\t\t\t\t\t\t{\r\n\t\t\t\t\t\t\t  breakpoint: 1026,\r\n\t\t\t\t\t\t\t  settings: {\r\n\t\t\t\t\t\t\t\tslidesToShow: 3,\r\n\t\t\t\t\t\t\t\tslidesToScroll: 3,  \r\n\t\t\t\t\t\t\t  }\r\n\t\t\t\t\t\t\t},\r\n\t\t\t\t\t\t\t{\r\n\t\t\t\t\t\t\t  breakpoint: 1025,\r\n\t\t\t\t\t\t\t  settings: {\r\n\t\t\t\t\t\t\t\tslidesToShow: 2,\r\n\t\t\t\t\t\t\t\tslidesToScroll: 2\r\n\t\t\t\t\t\t\t  }\r\n\t\t\t\t\t\t\t},\r\n\t\t\t\t\t\t\t{\r\n\t\t\t\t\t\t\t  breakpoint: 760,\r\n\t\t\t\t\t\t\t  settings: {\r\n\t\t\t\t\t\t\t\tslidesToShow: 1,\r\n\t\t\t\t\t\t\t\tslidesToScroll: 1\r\n\t\t\t\t\t\t\t  }\r\n\t\t\t\t\t\t\t}\r\n\t\t\t\t\t\t],pauseOnDotsHover: true,customPaging: function(slider, i) {\r\n                   return '<i type=\"button\" style= \"color:#333333;\" class=\"ultsl-record\" data-role=\"none\"><\/i>';\r\n                },});\r\n\t\t\t\t\t}\r\n\t\t\t\t});\r\n\t\t\t<\/script>\r\n\t\t\t[\/vc_column][\/vc_row]<\/p>\n<\/div>","protected":false},"excerpt":{"rendered":"<p>[vc_row el_class=\u00bbinner-banner-section\u00bb css=\u00bb.vc_custom_1645151987361{background-image: url(https:\/\/www.downtownworcester.org\/wp-content\/uploads\/2022\/02\/6570da13649b29ab1e6657c9672e8afa-xxlarge.jpg?id=1166) !important;background-position: center !important;background-repeat: no-repeat !important;background-size: cover !important;}\u00bb][vc_column][vc_row_inner type=\u00bbboxed\u00bb el_class=\u00bbinner-banner-row\u00bb][vc_column_inner][vc_column_text el_class=\u00bbbanner-text content-text light-text\u00bb] Captura de hermosas vistas del centro de la ciudad [\/vc_column_text][\/vc_column_inner][\/vc_row_inner][\/vc_column][\/vc_row][vc_row el_class=\u00bbtop-description-row\u00bb css=\u00bb.vc_custom_1650379552096{padding-top: 20px !important;}\u00bb][vc_column][vc_column_text] Foto de Joe Santa Maria [\/vc_column_text][\/vc_column][\/vc_row][vc_row max_width=\u00bb1080px\u00bb el_class=\u00bbbr_top\u00bb css=\u00bb.vc_custom_1628273904931{margin-bottom: 60px !important;}\u00bb][vc_column][vc_row_inner type=\u00bbboxed\u00bb el_class=\u00bbplan_interior\u00bb css=\u00bb.vc_custom_1640636491405{margin-bottom: 30px !important;}\u00bb][vc_column_inner][vc_column_text el_class=\u00bbcontent-text section-title\u00bb]El centro de &hellip;<\/p>\n","protected":false},"author":1,"featured_media":0,"parent":4361,"menu_order":0,"comment_status":"closed","ping_status":"closed","template":"templates\/page-full.php","meta":{"_acf_changed":false,"footnotes":""},"class_list":["post-4392","page","type-page","status-publish","hentry"],"acf":[],"yoast_head":"<!-- This site is optimized with the Yoast SEO plugin v23.1 - https:\/\/yoast.com\/wordpress\/plugins\/seo\/ -->\n<title>Captura de hermosas vistas del centro de la ciudad - Downtown Worcester<\/title>\n<meta name=\"robots\" content=\"index, follow, max-snippet:-1, max-image-preview:large, max-video-preview:-1\" \/>\n<link rel=\"canonical\" href=\"https:\/\/www.downtownworcester.org\/es\/planifique-su-visita\/captura-de-hermosas-vistas-del-centro-de-la-ciudad\/\" \/>\n<meta property=\"og:locale\" content=\"es_ES\" \/>\n<meta property=\"og:type\" content=\"article\" \/>\n<meta property=\"og:title\" content=\"Captura de hermosas vistas del centro de la ciudad - Downtown Worcester\" \/>\n<meta property=\"og:description\" content=\"[vc_row el_class=\u00bbinner-banner-section\u00bb css=\u00bb.vc_custom_1645151987361{background-image: url(https:\/\/www.downtownworcester.org\/wp-content\/uploads\/2022\/02\/6570da13649b29ab1e6657c9672e8afa-xxlarge.jpg?id=1166) !important;background-position: center !important;background-repeat: no-repeat !important;background-size: cover !important;}\u00bb][vc_column][vc_row_inner type=\u00bbboxed\u00bb el_class=\u00bbinner-banner-row\u00bb][vc_column_inner][vc_column_text el_class=\u00bbbanner-text content-text light-text\u00bb] Captura de hermosas vistas del centro de la ciudad [\/vc_column_text][\/vc_column_inner][\/vc_row_inner][\/vc_column][\/vc_row][vc_row el_class=\u00bbtop-description-row\u00bb css=\u00bb.vc_custom_1650379552096{padding-top: 20px !important;}\u00bb][vc_column][vc_column_text] Foto de Joe Santa Maria [\/vc_column_text][\/vc_column][\/vc_row][vc_row max_width=\u00bb1080px\u00bb el_class=\u00bbbr_top\u00bb css=\u00bb.vc_custom_1628273904931{margin-bottom: 60px !important;}\u00bb][vc_column][vc_row_inner type=\u00bbboxed\u00bb el_class=\u00bbplan_interior\u00bb css=\u00bb.vc_custom_1640636491405{margin-bottom: 30px !important;}\u00bb][vc_column_inner][vc_column_text el_class=\u00bbcontent-text section-title\u00bb]El centro de &hellip;\" \/>\n<meta property=\"og:url\" content=\"https:\/\/www.downtownworcester.org\/es\/planifique-su-visita\/captura-de-hermosas-vistas-del-centro-de-la-ciudad\/\" \/>\n<meta property=\"og:site_name\" content=\"Downtown Worcester\" \/>\n<meta property=\"article:publisher\" content=\"https:\/\/www.facebook.com\/DowntownWorcesterBID\" \/>\n<meta property=\"article:modified_time\" content=\"2023-12-16T15:56:08+00:00\" \/>\n<meta name=\"twitter:card\" content=\"summary_large_image\" \/>\n<meta name=\"twitter:label1\" content=\"Tiempo de lectura\" \/>\n\t<meta name=\"twitter:data1\" content=\"4 minutos\" \/>\n<script type=\"application\/ld+json\" class=\"yoast-schema-graph\">{\"@context\":\"https:\/\/schema.org\",\"@graph\":[{\"@type\":\"WebPage\",\"@id\":\"https:\/\/www.downtownworcester.org\/es\/planifique-su-visita\/captura-de-hermosas-vistas-del-centro-de-la-ciudad\/\",\"url\":\"https:\/\/www.downtownworcester.org\/es\/planifique-su-visita\/captura-de-hermosas-vistas-del-centro-de-la-ciudad\/\",\"name\":\"Captura de hermosas vistas del centro de la ciudad - Downtown Worcester\",\"isPartOf\":{\"@id\":\"https:\/\/www.downtownworcester.org\/es\/#website\"},\"datePublished\":\"2022-02-18T02:50:52+00:00\",\"dateModified\":\"2023-12-16T15:56:08+00:00\",\"breadcrumb\":{\"@id\":\"https:\/\/www.downtownworcester.org\/es\/planifique-su-visita\/captura-de-hermosas-vistas-del-centro-de-la-ciudad\/#breadcrumb\"},\"inLanguage\":\"es\",\"potentialAction\":[{\"@type\":\"ReadAction\",\"target\":[\"https:\/\/www.downtownworcester.org\/es\/planifique-su-visita\/captura-de-hermosas-vistas-del-centro-de-la-ciudad\/\"]}]},{\"@type\":\"BreadcrumbList\",\"@id\":\"https:\/\/www.downtownworcester.org\/es\/planifique-su-visita\/captura-de-hermosas-vistas-del-centro-de-la-ciudad\/#breadcrumb\",\"itemListElement\":[{\"@type\":\"ListItem\",\"position\":1,\"name\":\"Home\",\"item\":\"https:\/\/www.downtownworcester.org\/es\/\"},{\"@type\":\"ListItem\",\"position\":2,\"name\":\"Planifique su visita\",\"item\":\"https:\/\/www.downtownworcester.org\/es\/planifique-su-visita\/\"},{\"@type\":\"ListItem\",\"position\":3,\"name\":\"Captura de hermosas vistas del centro de la ciudad\"}]},{\"@type\":\"WebSite\",\"@id\":\"https:\/\/www.downtownworcester.org\/es\/#website\",\"url\":\"https:\/\/www.downtownworcester.org\/es\/\",\"name\":\"Downtown Worcester\",\"description\":\"Downtown Worcester Business Improvement District | It&#039;s all here!\",\"publisher\":{\"@id\":\"https:\/\/www.downtownworcester.org\/es\/#organization\"},\"potentialAction\":[{\"@type\":\"SearchAction\",\"target\":{\"@type\":\"EntryPoint\",\"urlTemplate\":\"https:\/\/www.downtownworcester.org\/es\/?s={search_term_string}\"},\"query-input\":\"required name=search_term_string\"}],\"inLanguage\":\"es\"},{\"@type\":\"Organization\",\"@id\":\"https:\/\/www.downtownworcester.org\/es\/#organization\",\"name\":\"Downtown Worcester\",\"url\":\"https:\/\/www.downtownworcester.org\/es\/\",\"logo\":{\"@type\":\"ImageObject\",\"inLanguage\":\"es\",\"@id\":\"https:\/\/www.downtownworcester.org\/es\/#\/schema\/logo\/image\/\",\"url\":\"https:\/\/www.downtownworcester.org\/wp-content\/uploads\/2023\/01\/WorcesterLogos-02.png\",\"contentUrl\":\"https:\/\/www.downtownworcester.org\/wp-content\/uploads\/2023\/01\/WorcesterLogos-02.png\",\"width\":3655,\"height\":877,\"caption\":\"Downtown Worcester\"},\"image\":{\"@id\":\"https:\/\/www.downtownworcester.org\/es\/#\/schema\/logo\/image\/\"},\"sameAs\":[\"https:\/\/www.facebook.com\/DowntownWorcesterBID\",\"https:\/\/www.instagram.com\/downtownworcesterbid\/\",\"https:\/\/www.linkedin.com\/company\/downtown-worcester-business-improvement-district\/\"]}]}<\/script>\n<!-- \/ Yoast SEO plugin. -->","yoast_head_json":{"title":"Captura de hermosas vistas del centro de la ciudad - Downtown Worcester","robots":{"index":"index","follow":"follow","max-snippet":"max-snippet:-1","max-image-preview":"max-image-preview:large","max-video-preview":"max-video-preview:-1"},"canonical":"https:\/\/www.downtownworcester.org\/es\/planifique-su-visita\/captura-de-hermosas-vistas-del-centro-de-la-ciudad\/","og_locale":"es_ES","og_type":"article","og_title":"Captura de hermosas vistas del centro de la ciudad - Downtown Worcester","og_description":"[vc_row el_class=\u00bbinner-banner-section\u00bb css=\u00bb.vc_custom_1645151987361{background-image: url(https:\/\/www.downtownworcester.org\/wp-content\/uploads\/2022\/02\/6570da13649b29ab1e6657c9672e8afa-xxlarge.jpg?id=1166) !important;background-position: center !important;background-repeat: no-repeat !important;background-size: cover !important;}\u00bb][vc_column][vc_row_inner type=\u00bbboxed\u00bb el_class=\u00bbinner-banner-row\u00bb][vc_column_inner][vc_column_text el_class=\u00bbbanner-text content-text light-text\u00bb] Captura de hermosas vistas del centro de la ciudad [\/vc_column_text][\/vc_column_inner][\/vc_row_inner][\/vc_column][\/vc_row][vc_row el_class=\u00bbtop-description-row\u00bb css=\u00bb.vc_custom_1650379552096{padding-top: 20px !important;}\u00bb][vc_column][vc_column_text] Foto de Joe Santa Maria [\/vc_column_text][\/vc_column][\/vc_row][vc_row max_width=\u00bb1080px\u00bb el_class=\u00bbbr_top\u00bb css=\u00bb.vc_custom_1628273904931{margin-bottom: 60px !important;}\u00bb][vc_column][vc_row_inner type=\u00bbboxed\u00bb el_class=\u00bbplan_interior\u00bb css=\u00bb.vc_custom_1640636491405{margin-bottom: 30px !important;}\u00bb][vc_column_inner][vc_column_text el_class=\u00bbcontent-text section-title\u00bb]El centro de &hellip;","og_url":"https:\/\/www.downtownworcester.org\/es\/planifique-su-visita\/captura-de-hermosas-vistas-del-centro-de-la-ciudad\/","og_site_name":"Downtown Worcester","article_publisher":"https:\/\/www.facebook.com\/DowntownWorcesterBID","article_modified_time":"2023-12-16T15:56:08+00:00","twitter_card":"summary_large_image","twitter_misc":{"Tiempo de lectura":"4 minutos"},"schema":{"@context":"https:\/\/schema.org","@graph":[{"@type":"WebPage","@id":"https:\/\/www.downtownworcester.org\/es\/planifique-su-visita\/captura-de-hermosas-vistas-del-centro-de-la-ciudad\/","url":"https:\/\/www.downtownworcester.org\/es\/planifique-su-visita\/captura-de-hermosas-vistas-del-centro-de-la-ciudad\/","name":"Captura de hermosas vistas del centro de la ciudad - Downtown Worcester","isPartOf":{"@id":"https:\/\/www.downtownworcester.org\/es\/#website"},"datePublished":"2022-02-18T02:50:52+00:00","dateModified":"2023-12-16T15:56:08+00:00","breadcrumb":{"@id":"https:\/\/www.downtownworcester.org\/es\/planifique-su-visita\/captura-de-hermosas-vistas-del-centro-de-la-ciudad\/#breadcrumb"},"inLanguage":"es","potentialAction":[{"@type":"ReadAction","target":["https:\/\/www.downtownworcester.org\/es\/planifique-su-visita\/captura-de-hermosas-vistas-del-centro-de-la-ciudad\/"]}]},{"@type":"BreadcrumbList","@id":"https:\/\/www.downtownworcester.org\/es\/planifique-su-visita\/captura-de-hermosas-vistas-del-centro-de-la-ciudad\/#breadcrumb","itemListElement":[{"@type":"ListItem","position":1,"name":"Home","item":"https:\/\/www.downtownworcester.org\/es\/"},{"@type":"ListItem","position":2,"name":"Planifique su visita","item":"https:\/\/www.downtownworcester.org\/es\/planifique-su-visita\/"},{"@type":"ListItem","position":3,"name":"Captura de hermosas vistas del centro de la ciudad"}]},{"@type":"WebSite","@id":"https:\/\/www.downtownworcester.org\/es\/#website","url":"https:\/\/www.downtownworcester.org\/es\/","name":"Downtown Worcester","description":"Downtown Worcester Business Improvement District | It&#039;s all here!","publisher":{"@id":"https:\/\/www.downtownworcester.org\/es\/#organization"},"potentialAction":[{"@type":"SearchAction","target":{"@type":"EntryPoint","urlTemplate":"https:\/\/www.downtownworcester.org\/es\/?s={search_term_string}"},"query-input":"required name=search_term_string"}],"inLanguage":"es"},{"@type":"Organization","@id":"https:\/\/www.downtownworcester.org\/es\/#organization","name":"Downtown Worcester","url":"https:\/\/www.downtownworcester.org\/es\/","logo":{"@type":"ImageObject","inLanguage":"es","@id":"https:\/\/www.downtownworcester.org\/es\/#\/schema\/logo\/image\/","url":"https:\/\/www.downtownworcester.org\/wp-content\/uploads\/2023\/01\/WorcesterLogos-02.png","contentUrl":"https:\/\/www.downtownworcester.org\/wp-content\/uploads\/2023\/01\/WorcesterLogos-02.png","width":3655,"height":877,"caption":"Downtown Worcester"},"image":{"@id":"https:\/\/www.downtownworcester.org\/es\/#\/schema\/logo\/image\/"},"sameAs":["https:\/\/www.facebook.com\/DowntownWorcesterBID","https:\/\/www.instagram.com\/downtownworcesterbid\/","https:\/\/www.linkedin.com\/company\/downtown-worcester-business-improvement-district\/"]}]}},"_links":{"self":[{"href":"https:\/\/www.downtownworcester.org\/es\/wp-json\/wp\/v2\/pages\/4392","targetHints":{"allow":["GET"]}}],"collection":[{"href":"https:\/\/www.downtownworcester.org\/es\/wp-json\/wp\/v2\/pages"}],"about":[{"href":"https:\/\/www.downtownworcester.org\/es\/wp-json\/wp\/v2\/types\/page"}],"author":[{"embeddable":true,"href":"https:\/\/www.downtownworcester.org\/es\/wp-json\/wp\/v2\/users\/1"}],"replies":[{"embeddable":true,"href":"https:\/\/www.downtownworcester.org\/es\/wp-json\/wp\/v2\/comments?post=4392"}],"version-history":[{"count":6,"href":"https:\/\/www.downtownworcester.org\/es\/wp-json\/wp\/v2\/pages\/4392\/revisions"}],"predecessor-version":[{"id":19120,"href":"https:\/\/www.downtownworcester.org\/es\/wp-json\/wp\/v2\/pages\/4392\/revisions\/19120"}],"up":[{"embeddable":true,"href":"https:\/\/www.downtownworcester.org\/es\/wp-json\/wp\/v2\/pages\/4361"}],"wp:attachment":[{"href":"https:\/\/www.downtownworcester.org\/es\/wp-json\/wp\/v2\/media?parent=4392"}],"curies":[{"name":"wp","href":"https:\/\/api.w.org\/{rel}","templated":true}]}}