{"id":4389,"date":"2021-12-27T16:34:12","date_gmt":"2021-12-27T21:34:12","guid":{"rendered":"https:\/\/www.downtownworcester.org\/planifique-su-visita\/noche-de-cita-en-el-centro\/"},"modified":"2022-08-18T16:45:02","modified_gmt":"2022-08-18T20:45:02","slug":"noche-de-cita-en-el-centro","status":"publish","type":"page","link":"https:\/\/www.downtownworcester.org\/es\/planifique-su-visita\/noche-de-cita-en-el-centro\/","title":{"rendered":"Noche de cita en el centro"},"content":{"rendered":"<div class=\"wpb-content-wrapper\"><p>[vc_row el_class=\u00bbinner-banner-section\u00bb css=\u00bb.vc_custom_1644548694720{background-image: url(https:\/\/www.downtownworcester.org\/wp-content\/uploads\/2022\/02\/blurred-people-at-restaurant.jpg?id=1141) !important;background-position: center !important;background-repeat: no-repeat !important;background-size: cover !important;}\u00bb][vc_column][vc_row_inner type=\u00bbboxed\u00bb el_class=\u00bbinner-banner-row\u00bb][vc_column_inner][vc_column_text el_class=\u00bbbanner-text content-text light-text\u00bb]<\/p>\n<h1 style=\"text-align: center; -webkit-text-stroke: 2px #000;\">Noche de cita en el centro<\/h1>\n<p>[\/vc_column_text][\/vc_column_inner][\/vc_row_inner][\/vc_column][\/vc_row][vc_row max_width=\u00bb1080px\u00bb el_class=\u00bbbr_top\u00bb css=\u00bb.vc_custom_1628273904931{margin-bottom: 60px !important;}\u00bb][vc_column][vc_row_inner type=\u00bbboxed\u00bb el_class=\u00bbplan_interior\u00bb css=\u00bb.vc_custom_1640636491405{margin-bottom: 30px !important;}\u00bb][vc_column_inner][vc_column_text el_class=\u00bbcontent-text section-title\u00bb]<span style=\"font-weight: 400;\">Est\u00e1 buscando el destino perfecto para una noche de cita? No busque nada m\u00e1s que el centro de Worcester. Con opciones como teatro en vivo hasta galer\u00edas de arte y gastronom\u00eda de lujo, tenemos todo lo que necesita para planear una noche inolvidable para esa persona especial.<\/span>[\/vc_column_text][\/vc_column_inner][\/vc_row_inner][vc_row_inner type=\u00bbboxed\u00bb el_class=\u00bbplan_interior\u00bb css=\u00bb.vc_custom_1644004071040{margin-top: 40px !important;border-bottom-width: 40px !important;}\u00bb][vc_column_inner width=\u00bb1\/2&#8243;][vc_column_text el_class=\u00bbcontent-text section-title\u00bb]<\/p>\n<h2>Tome un paseo rom\u00e1ntico<\/h2>\n<p><span style=\"font-weight: 400;\">Empiece su cita con un paseo rom\u00e1ntico por el <a href=\"http:\/\/www.worcesterma.gov\/worcester-common-oval\" target=\"_blank\" rel=\"noopener\">Worcester Common Oval<\/a>. Este hermoso espacio p\u00fablico es perfecto para un picnic en una tarde c\u00e1lida. El Oval se decora con luces durante las fiestas y se transforma en un rom\u00e1ntico pa\u00eds de las maravillas invernales que ha funcionado como escenario de pel\u00edculas navide\u00f1as de Lifetime en a\u00f1os anteriores. Ayude a su pareja a ponerse los patines y a dar una vuelta alrededor de la pista de hielo, cogidos del brazo.<\/span>[\/vc_column_text][\/vc_column_inner][vc_column_inner width=\u00bb1\/2&#8243; css=\u00bb.vc_custom_1644002919160{margin-top: 40px !important;}\u00bb][vc_single_image image=\u00bb3923&#8243; img_size=\u00bb800&#215;535&#8243; add_caption=\u00bbyes\u00bb][\/vc_column_inner][\/vc_row_inner][vc_row_inner type=\u00bbboxed\u00bb el_class=\u00bbplan_interior\u00bb css=\u00bb.vc_custom_1644004071040{margin-top: 40px !important;border-bottom-width: 40px !important;}\u00bb][vc_column_inner width=\u00bb1\/2&#8243; css=\u00bb.vc_custom_1644002919160{margin-top: 40px !important;}\u00bb][vc_single_image image=\u00bb3924&#8243; img_size=\u00bb800&#215;535&#8243; add_caption=\u00bbyes\u00bb][\/vc_column_inner][vc_column_inner width=\u00bb1\/2&#8243;][vc_column_text el_class=\u00bbcontent-text section-title\u00bb]<\/p>\n<h2>Admire los murales y las galer\u00edas<\/h2>\n<p><span style=\"font-weight: 400;\">Pasee por las calles del centro de la ciudad y admire decenas de instalaciones de arte p\u00fablico, entre ellas el \u00abBanco Esther Howland\u00bb frente al Ayuntamiento, dise\u00f1ado por Gianna Steward en honor a Esther Howland, la madre del San Valent\u00edn. Dir\u00edjase al Printers Building, en la esquina de Portland Street y Myrtle Street, y eche un vistazo a las \u00faltimas exposiciones de las galer\u00edas de <a href=\"https:\/\/artsworcester.org\/\" target=\"_blank\" rel=\"noopener\">ArtsWorcester<\/a>. Si est\u00e1 abierta, suba al tercer piso para ver el espacio \u00edntimo de <a href=\"https:\/\/www.davisartgallery.com\/\" target=\"_blank\" rel=\"noopener\">Davis Art Gallery<\/a>. Desde murales hasta galer\u00edas y proyectos art\u00edsticos interactivos, el centro de Worcester seguro que despertar\u00e1 su imaginaci\u00f3n y creatividad.<\/span>[\/vc_column_text][\/vc_column_inner][\/vc_row_inner][vc_row_inner type=\u00bbboxed\u00bb el_class=\u00bbplan_interior\u00bb css=\u00bb.vc_custom_1644004071040{margin-top: 40px !important;border-bottom-width: 40px !important;}\u00bb][vc_column_inner width=\u00bb1\/2&#8243;][vc_column_text el_class=\u00bbcontent-text section-title\u00bb]<\/p>\n<h2>Diversi\u00f3n \u00fanica para una noche de cita<\/h2>\n<p><span style=\"font-weight: 400;\">Tiene ansias por una actividad? El lanzamiento de hachas, cuchillos y el tiro con arco est\u00e1n en marcha en <a href=\"https:\/\/www.farshot.net\/axe-throwing-worcester\/\" target=\"_blank\" rel=\"noopener\">Far Shot Worcester<\/a> en Front Street. Las parejas tambi\u00e9n pueden disfrutar de la variedad de clases divertidas y educativas que se ofrecen en el Worcester PopUp del <a href=\"https:\/\/www.jmacworcester.org\/\" target=\"_blank\" rel=\"noopener\">JMAC<\/a> en Franklin Street. Las clases de arte, las sesiones de yoga y los eventos de cocina del PopUp ser\u00edan perfectos para una pareja aventurera a la que le guste probar cosas nuevas. El teatro BrickBox del JMAC tambi\u00e9n tiene mucho ambiente si su idea de una noche de cita incluye una cena y un espect\u00e1culo. Tanto en el BrickBox como en <a href=\"https:\/\/thehanovertheatre.org\/\" target=\"_blank\" rel=\"noopener\">The Hanover Theatre<\/a> se pueden encontrar ballets, comedias, musicales, bandas musicales y eventos de famosos. <\/span>[\/vc_column_text][\/vc_column_inner][vc_column_inner width=\u00bb1\/2&#8243; css=\u00bb.vc_custom_1644002919160{margin-top: 40px !important;}\u00bb][vc_single_image image=\u00bb3925&#8243; img_size=\u00bb800&#215;535&#8243; add_caption=\u00bbyes\u00bb][\/vc_column_inner][\/vc_row_inner][vc_row_inner css=\u00bb.vc_custom_1644006785150{margin-top: 40px !important;}\u00bb][vc_column_inner width=\u00bb1\/2&#8243; css=\u00bb.vc_custom_1644006711468{margin-top: 40px !important;}\u00bb][vc_single_image image=\u00bb3930&#8243; img_size=\u00bb800&#215;535&#8243; add_caption=\u00bbyes\u00bb][\/vc_column_inner][vc_column_inner width=\u00bb1\/2&#8243;][vc_column_text el_class=\u00bbcontent-text section-title\u00bb]<\/p>\n<h2>Lugares rom\u00e1nticos y deliciosos<\/h2>\n<p><span style=\"font-weight: 400;\">Despu\u00e9s del espect\u00e1culo, reserve su lugar en el <a href=\"http:\/\/www.theatre-cafe.net\/\" target=\"_blank\" rel=\"noopener\">Theatre Cafe<\/a> y disfrute del mejor bistr\u00f3 gourmet del barrio. O bien, pida un nutritivo taz\u00f3n de ramen al vapor en <a href=\"https:\/\/www.chashuramen.com\/\" target=\"_blank\" rel=\"noopener\">Chashu Ramen<\/a> y un suntuoso bao bao de pollo frito. Disfrute del bar y restaurante de la azotea en <a href=\"https:\/\/www.themercantileworcester.com\/\">The Mercantile<\/a>, un restaurante de dos pisos con capacidad para 500 personas. Le gustar\u00eda una bebida despu\u00e9s de la cena? Pasee por Main Street hasta <a href=\"https:\/\/www.deadhorsehill.com\/\" target=\"_blank\" rel=\"noopener\">deadhorse hill<\/a> y conozca su innovador programa de c\u00f3cteles. <\/span><\/p>\n<p><span style=\"font-weight: 400;\">El centro de Worcester tiene todo lo que necesita para que su noche de cita cuente de principio a fin. <\/span>[\/vc_column_text][\/vc_column_inner][\/vc_row_inner][\/vc_column][\/vc_row][vc_row type=\u00bbboxed\u00bb disable_element=\u00bbyes\u00bb el_class=\u00bbitinerary_photos\u00bb][vc_column]<div id=\"ult-carousel-150473290869dcb9b63e21d\" class=\"ult-carousel-wrapper   ult_horizontal\" data-gutter=\"15\" data-rtl=\"false\" ><div class=\"ult-carousel-213764929269dcb9b63e006 \" >[vc_single_image image=\u00bb918&#8243; img_size=\u00bb400&#215;400&#8243; alignment=\u00bbcenter\u00bb onclick=\u00bblink_image\u00bb][vc_single_image image=\u00bb919&#8243; img_size=\u00bb400&#215;400&#8243; add_caption=\u00bbyes\u00bb alignment=\u00bbcenter\u00bb onclick=\u00bblink_image\u00bb][vc_single_image image=\u00bb920&#8243; img_size=\u00bb400&#215;400&#8243; alignment=\u00bbcenter\u00bb onclick=\u00bblink_image\u00bb][vc_single_image image=\u00bb922&#8243; img_size=\u00bb400&#215;400&#8243; alignment=\u00bbcenter\u00bb onclick=\u00bblink_image\u00bb]<\/div><\/div>\t\t\t<script type=\"text\/javascript\">\r\n\t\t\t\tjQuery(document).ready(function ($) {\r\n\t\t\t\t\tif( typeof jQuery('.ult-carousel-213764929269dcb9b63e006').slick == \"function\"){\r\n\t\t\t\t\t\t$('.ult-carousel-213764929269dcb9b63e006').slick({dots: true,autoplay: true,autoplaySpeed: 5000,speed: 300,infinite: true,arrows: true,nextArrow: '<button type=\"button\" role=\"button\" aria-label=\"Next\" style=\"color:#ffffff; font-size:47px;\" class=\"slick-next default\"><i class=\"ultsl-arrow-right4\"><\/i><\/button>',prevArrow: '<button type=\"button\" role=\"button\" aria-label=\"Previous\" style=\"color:#ffffff; font-size:47px;\" class=\"slick-prev default\"><i class=\"ultsl-arrow-left4\"><\/i><\/button>',slidesToScroll:3,slidesToShow:3,swipe: true,draggable: true,touchMove: true,pauseOnHover: true,pauseOnFocus: false,responsive: [\r\n\t\t\t\t\t\t\t{\r\n\t\t\t\t\t\t\t  breakpoint: 1026,\r\n\t\t\t\t\t\t\t  settings: {\r\n\t\t\t\t\t\t\t\tslidesToShow: 3,\r\n\t\t\t\t\t\t\t\tslidesToScroll: 3,  \r\n\t\t\t\t\t\t\t  }\r\n\t\t\t\t\t\t\t},\r\n\t\t\t\t\t\t\t{\r\n\t\t\t\t\t\t\t  breakpoint: 1025,\r\n\t\t\t\t\t\t\t  settings: {\r\n\t\t\t\t\t\t\t\tslidesToShow: 2,\r\n\t\t\t\t\t\t\t\tslidesToScroll: 2\r\n\t\t\t\t\t\t\t  }\r\n\t\t\t\t\t\t\t},\r\n\t\t\t\t\t\t\t{\r\n\t\t\t\t\t\t\t  breakpoint: 760,\r\n\t\t\t\t\t\t\t  settings: {\r\n\t\t\t\t\t\t\t\tslidesToShow: 1,\r\n\t\t\t\t\t\t\t\tslidesToScroll: 1\r\n\t\t\t\t\t\t\t  }\r\n\t\t\t\t\t\t\t}\r\n\t\t\t\t\t\t],pauseOnDotsHover: true,customPaging: function(slider, i) {\r\n                   return '<i type=\"button\" style= \"color:#333333;\" class=\"ultsl-record\" data-role=\"none\"><\/i>';\r\n                },});\r\n\t\t\t\t\t}\r\n\t\t\t\t});\r\n\t\t\t<\/script>\r\n\t\t\t[\/vc_column][\/vc_row]<\/p>\n<\/div>","protected":false},"excerpt":{"rendered":"<p>[vc_row el_class=\u00bbinner-banner-section\u00bb css=\u00bb.vc_custom_1644548694720{background-image: url(https:\/\/www.downtownworcester.org\/wp-content\/uploads\/2022\/02\/blurred-people-at-restaurant.jpg?id=1141) !important;background-position: center !important;background-repeat: no-repeat !important;background-size: cover !important;}\u00bb][vc_column][vc_row_inner type=\u00bbboxed\u00bb el_class=\u00bbinner-banner-row\u00bb][vc_column_inner][vc_column_text el_class=\u00bbbanner-text content-text light-text\u00bb] Noche de cita en el centro [\/vc_column_text][\/vc_column_inner][\/vc_row_inner][\/vc_column][\/vc_row][vc_row max_width=\u00bb1080px\u00bb el_class=\u00bbbr_top\u00bb css=\u00bb.vc_custom_1628273904931{margin-bottom: 60px !important;}\u00bb][vc_column][vc_row_inner type=\u00bbboxed\u00bb el_class=\u00bbplan_interior\u00bb css=\u00bb.vc_custom_1640636491405{margin-bottom: 30px !important;}\u00bb][vc_column_inner][vc_column_text el_class=\u00bbcontent-text section-title\u00bb]Est\u00e1 buscando el destino perfecto para una noche de cita? No busque nada m\u00e1s que el &hellip;<\/p>\n","protected":false},"author":1,"featured_media":0,"parent":4361,"menu_order":0,"comment_status":"closed","ping_status":"closed","template":"templates\/page-full.php","meta":{"_acf_changed":false,"footnotes":""},"class_list":["post-4389","page","type-page","status-publish","hentry"],"acf":[],"yoast_head":"<!-- This site is optimized with the Yoast SEO plugin v23.1 - https:\/\/yoast.com\/wordpress\/plugins\/seo\/ -->\n<title>Noche de cita en el centro - Downtown Worcester<\/title>\n<meta name=\"robots\" content=\"index, follow, max-snippet:-1, max-image-preview:large, max-video-preview:-1\" \/>\n<link rel=\"canonical\" href=\"https:\/\/www.downtownworcester.org\/es\/planifique-su-visita\/noche-de-cita-en-el-centro\/\" \/>\n<meta property=\"og:locale\" content=\"es_ES\" \/>\n<meta property=\"og:type\" content=\"article\" \/>\n<meta property=\"og:title\" content=\"Noche de cita en el centro - Downtown Worcester\" \/>\n<meta property=\"og:description\" content=\"[vc_row el_class=\u00bbinner-banner-section\u00bb css=\u00bb.vc_custom_1644548694720{background-image: url(https:\/\/www.downtownworcester.org\/wp-content\/uploads\/2022\/02\/blurred-people-at-restaurant.jpg?id=1141) !important;background-position: center !important;background-repeat: no-repeat !important;background-size: cover !important;}\u00bb][vc_column][vc_row_inner type=\u00bbboxed\u00bb el_class=\u00bbinner-banner-row\u00bb][vc_column_inner][vc_column_text el_class=\u00bbbanner-text content-text light-text\u00bb] Noche de cita en el centro [\/vc_column_text][\/vc_column_inner][\/vc_row_inner][\/vc_column][\/vc_row][vc_row max_width=\u00bb1080px\u00bb el_class=\u00bbbr_top\u00bb css=\u00bb.vc_custom_1628273904931{margin-bottom: 60px !important;}\u00bb][vc_column][vc_row_inner type=\u00bbboxed\u00bb el_class=\u00bbplan_interior\u00bb css=\u00bb.vc_custom_1640636491405{margin-bottom: 30px !important;}\u00bb][vc_column_inner][vc_column_text el_class=\u00bbcontent-text section-title\u00bb]Est\u00e1 buscando el destino perfecto para una noche de cita? No busque nada m\u00e1s que el &hellip;\" \/>\n<meta property=\"og:url\" content=\"https:\/\/www.downtownworcester.org\/es\/planifique-su-visita\/noche-de-cita-en-el-centro\/\" \/>\n<meta property=\"og:site_name\" content=\"Downtown Worcester\" \/>\n<meta property=\"article:publisher\" content=\"https:\/\/www.facebook.com\/DowntownWorcesterBID\" \/>\n<meta property=\"article:modified_time\" content=\"2022-08-18T20:45:02+00:00\" \/>\n<meta name=\"twitter:card\" content=\"summary_large_image\" \/>\n<meta name=\"twitter:label1\" content=\"Tiempo de lectura\" \/>\n\t<meta name=\"twitter:data1\" content=\"3 minutos\" \/>\n<script type=\"application\/ld+json\" class=\"yoast-schema-graph\">{\"@context\":\"https:\/\/schema.org\",\"@graph\":[{\"@type\":\"WebPage\",\"@id\":\"https:\/\/www.downtownworcester.org\/es\/planifique-su-visita\/noche-de-cita-en-el-centro\/\",\"url\":\"https:\/\/www.downtownworcester.org\/es\/planifique-su-visita\/noche-de-cita-en-el-centro\/\",\"name\":\"Noche de cita en el centro - Downtown Worcester\",\"isPartOf\":{\"@id\":\"https:\/\/www.downtownworcester.org\/es\/#website\"},\"datePublished\":\"2021-12-27T21:34:12+00:00\",\"dateModified\":\"2022-08-18T20:45:02+00:00\",\"breadcrumb\":{\"@id\":\"https:\/\/www.downtownworcester.org\/es\/planifique-su-visita\/noche-de-cita-en-el-centro\/#breadcrumb\"},\"inLanguage\":\"es\",\"potentialAction\":[{\"@type\":\"ReadAction\",\"target\":[\"https:\/\/www.downtownworcester.org\/es\/planifique-su-visita\/noche-de-cita-en-el-centro\/\"]}]},{\"@type\":\"BreadcrumbList\",\"@id\":\"https:\/\/www.downtownworcester.org\/es\/planifique-su-visita\/noche-de-cita-en-el-centro\/#breadcrumb\",\"itemListElement\":[{\"@type\":\"ListItem\",\"position\":1,\"name\":\"Home\",\"item\":\"https:\/\/www.downtownworcester.org\/es\/\"},{\"@type\":\"ListItem\",\"position\":2,\"name\":\"Planifique su visita\",\"item\":\"https:\/\/www.downtownworcester.org\/es\/planifique-su-visita\/\"},{\"@type\":\"ListItem\",\"position\":3,\"name\":\"Noche de cita en el centro\"}]},{\"@type\":\"WebSite\",\"@id\":\"https:\/\/www.downtownworcester.org\/es\/#website\",\"url\":\"https:\/\/www.downtownworcester.org\/es\/\",\"name\":\"Downtown Worcester\",\"description\":\"Downtown Worcester Business Improvement District | It&#039;s all here!\",\"publisher\":{\"@id\":\"https:\/\/www.downtownworcester.org\/es\/#organization\"},\"potentialAction\":[{\"@type\":\"SearchAction\",\"target\":{\"@type\":\"EntryPoint\",\"urlTemplate\":\"https:\/\/www.downtownworcester.org\/es\/?s={search_term_string}\"},\"query-input\":\"required name=search_term_string\"}],\"inLanguage\":\"es\"},{\"@type\":\"Organization\",\"@id\":\"https:\/\/www.downtownworcester.org\/es\/#organization\",\"name\":\"Downtown Worcester\",\"url\":\"https:\/\/www.downtownworcester.org\/es\/\",\"logo\":{\"@type\":\"ImageObject\",\"inLanguage\":\"es\",\"@id\":\"https:\/\/www.downtownworcester.org\/es\/#\/schema\/logo\/image\/\",\"url\":\"https:\/\/www.downtownworcester.org\/wp-content\/uploads\/2023\/01\/WorcesterLogos-02.png\",\"contentUrl\":\"https:\/\/www.downtownworcester.org\/wp-content\/uploads\/2023\/01\/WorcesterLogos-02.png\",\"width\":3655,\"height\":877,\"caption\":\"Downtown Worcester\"},\"image\":{\"@id\":\"https:\/\/www.downtownworcester.org\/es\/#\/schema\/logo\/image\/\"},\"sameAs\":[\"https:\/\/www.facebook.com\/DowntownWorcesterBID\",\"https:\/\/www.instagram.com\/downtownworcesterbid\/\",\"https:\/\/www.linkedin.com\/company\/downtown-worcester-business-improvement-district\/\"]}]}<\/script>\n<!-- \/ Yoast SEO plugin. -->","yoast_head_json":{"title":"Noche de cita en el centro - Downtown Worcester","robots":{"index":"index","follow":"follow","max-snippet":"max-snippet:-1","max-image-preview":"max-image-preview:large","max-video-preview":"max-video-preview:-1"},"canonical":"https:\/\/www.downtownworcester.org\/es\/planifique-su-visita\/noche-de-cita-en-el-centro\/","og_locale":"es_ES","og_type":"article","og_title":"Noche de cita en el centro - Downtown Worcester","og_description":"[vc_row el_class=\u00bbinner-banner-section\u00bb css=\u00bb.vc_custom_1644548694720{background-image: url(https:\/\/www.downtownworcester.org\/wp-content\/uploads\/2022\/02\/blurred-people-at-restaurant.jpg?id=1141) !important;background-position: center !important;background-repeat: no-repeat !important;background-size: cover !important;}\u00bb][vc_column][vc_row_inner type=\u00bbboxed\u00bb el_class=\u00bbinner-banner-row\u00bb][vc_column_inner][vc_column_text el_class=\u00bbbanner-text content-text light-text\u00bb] Noche de cita en el centro [\/vc_column_text][\/vc_column_inner][\/vc_row_inner][\/vc_column][\/vc_row][vc_row max_width=\u00bb1080px\u00bb el_class=\u00bbbr_top\u00bb css=\u00bb.vc_custom_1628273904931{margin-bottom: 60px !important;}\u00bb][vc_column][vc_row_inner type=\u00bbboxed\u00bb el_class=\u00bbplan_interior\u00bb css=\u00bb.vc_custom_1640636491405{margin-bottom: 30px !important;}\u00bb][vc_column_inner][vc_column_text el_class=\u00bbcontent-text section-title\u00bb]Est\u00e1 buscando el destino perfecto para una noche de cita? No busque nada m\u00e1s que el &hellip;","og_url":"https:\/\/www.downtownworcester.org\/es\/planifique-su-visita\/noche-de-cita-en-el-centro\/","og_site_name":"Downtown Worcester","article_publisher":"https:\/\/www.facebook.com\/DowntownWorcesterBID","article_modified_time":"2022-08-18T20:45:02+00:00","twitter_card":"summary_large_image","twitter_misc":{"Tiempo de lectura":"3 minutos"},"schema":{"@context":"https:\/\/schema.org","@graph":[{"@type":"WebPage","@id":"https:\/\/www.downtownworcester.org\/es\/planifique-su-visita\/noche-de-cita-en-el-centro\/","url":"https:\/\/www.downtownworcester.org\/es\/planifique-su-visita\/noche-de-cita-en-el-centro\/","name":"Noche de cita en el centro - Downtown Worcester","isPartOf":{"@id":"https:\/\/www.downtownworcester.org\/es\/#website"},"datePublished":"2021-12-27T21:34:12+00:00","dateModified":"2022-08-18T20:45:02+00:00","breadcrumb":{"@id":"https:\/\/www.downtownworcester.org\/es\/planifique-su-visita\/noche-de-cita-en-el-centro\/#breadcrumb"},"inLanguage":"es","potentialAction":[{"@type":"ReadAction","target":["https:\/\/www.downtownworcester.org\/es\/planifique-su-visita\/noche-de-cita-en-el-centro\/"]}]},{"@type":"BreadcrumbList","@id":"https:\/\/www.downtownworcester.org\/es\/planifique-su-visita\/noche-de-cita-en-el-centro\/#breadcrumb","itemListElement":[{"@type":"ListItem","position":1,"name":"Home","item":"https:\/\/www.downtownworcester.org\/es\/"},{"@type":"ListItem","position":2,"name":"Planifique su visita","item":"https:\/\/www.downtownworcester.org\/es\/planifique-su-visita\/"},{"@type":"ListItem","position":3,"name":"Noche de cita en el centro"}]},{"@type":"WebSite","@id":"https:\/\/www.downtownworcester.org\/es\/#website","url":"https:\/\/www.downtownworcester.org\/es\/","name":"Downtown Worcester","description":"Downtown Worcester Business Improvement District | It&#039;s all here!","publisher":{"@id":"https:\/\/www.downtownworcester.org\/es\/#organization"},"potentialAction":[{"@type":"SearchAction","target":{"@type":"EntryPoint","urlTemplate":"https:\/\/www.downtownworcester.org\/es\/?s={search_term_string}"},"query-input":"required name=search_term_string"}],"inLanguage":"es"},{"@type":"Organization","@id":"https:\/\/www.downtownworcester.org\/es\/#organization","name":"Downtown Worcester","url":"https:\/\/www.downtownworcester.org\/es\/","logo":{"@type":"ImageObject","inLanguage":"es","@id":"https:\/\/www.downtownworcester.org\/es\/#\/schema\/logo\/image\/","url":"https:\/\/www.downtownworcester.org\/wp-content\/uploads\/2023\/01\/WorcesterLogos-02.png","contentUrl":"https:\/\/www.downtownworcester.org\/wp-content\/uploads\/2023\/01\/WorcesterLogos-02.png","width":3655,"height":877,"caption":"Downtown Worcester"},"image":{"@id":"https:\/\/www.downtownworcester.org\/es\/#\/schema\/logo\/image\/"},"sameAs":["https:\/\/www.facebook.com\/DowntownWorcesterBID","https:\/\/www.instagram.com\/downtownworcesterbid\/","https:\/\/www.linkedin.com\/company\/downtown-worcester-business-improvement-district\/"]}]}},"_links":{"self":[{"href":"https:\/\/www.downtownworcester.org\/es\/wp-json\/wp\/v2\/pages\/4389","targetHints":{"allow":["GET"]}}],"collection":[{"href":"https:\/\/www.downtownworcester.org\/es\/wp-json\/wp\/v2\/pages"}],"about":[{"href":"https:\/\/www.downtownworcester.org\/es\/wp-json\/wp\/v2\/types\/page"}],"author":[{"embeddable":true,"href":"https:\/\/www.downtownworcester.org\/es\/wp-json\/wp\/v2\/users\/1"}],"replies":[{"embeddable":true,"href":"https:\/\/www.downtownworcester.org\/es\/wp-json\/wp\/v2\/comments?post=4389"}],"version-history":[{"count":5,"href":"https:\/\/www.downtownworcester.org\/es\/wp-json\/wp\/v2\/pages\/4389\/revisions"}],"predecessor-version":[{"id":6823,"href":"https:\/\/www.downtownworcester.org\/es\/wp-json\/wp\/v2\/pages\/4389\/revisions\/6823"}],"up":[{"embeddable":true,"href":"https:\/\/www.downtownworcester.org\/es\/wp-json\/wp\/v2\/pages\/4361"}],"wp:attachment":[{"href":"https:\/\/www.downtownworcester.org\/es\/wp-json\/wp\/v2\/media?parent=4389"}],"curies":[{"name":"wp","href":"https:\/\/api.w.org\/{rel}","templated":true}]}}