{"id":4383,"date":"2021-07-19T06:22:10","date_gmt":"2021-07-19T10:22:10","guid":{"rendered":"https:\/\/www.downtownworcester.org\/inicio\/"},"modified":"2023-12-17T11:15:51","modified_gmt":"2023-12-17T16:15:51","slug":"inicio","status":"publish","type":"page","link":"https:\/\/www.downtownworcester.org\/es\/","title":{"rendered":"Inicio"},"content":{"rendered":"<div class=\"wpb-content-wrapper\"><p>[vc_row][vc_column][vc_row el_class=\u00bbinner-banner-section home-banner-section\u00bb css=\u00bb.vc_custom_1653419679070{background-image: url(https:\/\/www.downtownworcester.org\/wp-content\/uploads\/2022\/05\/Worcester_home_hero_web_2.jpg?id=1894) !important;background-position: center !important;background-repeat: no-repeat !important;background-size: cover !important;}\u00bb][\/vc_row][vc_column][\/vc_column][vc_row_inner type=\u00bbboxed\u00bb el_class=\u00bbinner-banner-row home-banner-row\u00bb][vc_column_inner][\/vc_column_inner][\/vc_row_inner][vc_row el_class=\u00bbpage-section top-description-row\u00bb css=\u00bb.vc_custom_1640873419319{padding-top: 20px !important;}\u00bb][vc_column][vc_column_text]<\/p>\n<h2 class=\"photo_credit\">Foto de Caio C\u00e9sar Gutierres<\/h2>\n<p>[\/vc_column_text][vc_row_inner type=\u00bbboxed\u00bb el_class=\u00bbpage-row row-margin-40&#8243;][vc_column_inner][vc_column_text el_class=\u00bbcontent-text green-title\u00bb]<\/p>\n<h1 style=\"text-align: center;\">Bienvenido al centro de Worcester<\/h1>\n<p>[\/vc_column_text][\/vc_column_inner][\/vc_row_inner][vc_row_inner type=\u00bbboxed\u00bb el_class=\u00bbpage-row top-des-row\u00bb][vc_column_inner][vc_column_text el_class=\u00bbcontent-text green-title\u00bb]El centro de la ciudad es un bullicioso centro de negocios y cultura para la ciudad de Worcester. El Hanover Theatre &amp; Conservatory for the Performing Arts, DCU Center, Jean McDonough Arts Center (JMAC), el Mercantile Center y el Worcester Common son algunas de las atracciones que atraen a la gente a venir a experimentar todo lo que Worcester tiene que ofrecer.<\/p>\n<p>Explore la diversidad cultural y la creatividad de la zona. En el centro de Worcester le esperan galer\u00edas de arte, tiendas especializadas, monumentos hist\u00f3ricos, una arquitectura incre\u00edble y una gran variedad gastron\u00f3mica. No deje de consultar nuestra <a href=\"\/es\/events\/\">p\u00e1gina de eventos<\/a> para conocer los acontecimientos actuales en el centro de Worcester.[\/vc_column_text][\/vc_column_inner][\/vc_row_inner][\/vc_column][\/vc_row][vc_row el_class=\u00bbpage-section directory-section\u00bb css=\u00bb.vc_custom_1626689909450{background-color: #fbfbfb !important;}\u00bb][vc_column][vc_row_inner type=\u00bbboxed\u00bb el_class=\u00bbpage-row top-des-row row-margin-40&#8243;][vc_column_inner][vc_column_text el_class=\u00bbcontent-text red-title\u00bb]<\/p>\n<h1 style=\"text-align: center;\">Directorio<\/h1>\n<p>[\/vc_column_text][\/vc_column_inner][\/vc_row_inner][vc_row_inner type=\u00bbboxed\u00bb el_class=\u00bbpage-row directory-row row-margin\u00bb][vc_column_inner width=\u00bb1\/2&#8243;][vc_single_image image=\u00bb638&#8243; img_size=\u00bb570&#215;350&#8243; alignment=\u00bbcenter\u00bb onclick=\u00bbcustom_link\u00bb el_class=\u00bbdirectory-post\u00bb link=\u00bb\/es\/plan-your-visit\/\u00bb][vc_column_text el_class=\u00bbpost-text\u00bb]<\/p>\n<h4><a href=\"https:\/\/www.downtownworcester.org\/es\/planifique-su-visita\/\">Planifique su visita<\/a><\/h4>\n<p>Nuestra p\u00e1gina Planifique su visita le dar\u00e1 los mejores consejos de viaje para navegar por el centro de Worcester. Desde direcciones y opciones de transporte hasta recomendaciones de hoteles locales, esta p\u00e1gina le garantizar\u00e1 toda la informaci\u00f3n que necesita para su visita. Consulte la secci\u00f3n Itinerarios y descubra todas las joyas locales y divertidas que ofrece el centro de la ciudad.[\/vc_column_text][\/vc_column_inner][vc_column_inner width=\u00bb1\/2&#8243;][vc_single_image image=\u00bb640&#8243; img_size=\u00bb570&#215;350&#8243; alignment=\u00bbcenter\u00bb onclick=\u00bbcustom_link\u00bb el_class=\u00bbdirectory-post\u00bb link=\u00bb\/es\/things-to-do\/\u00bb][vc_column_text el_class=\u00bbpost-text\u00bb]<\/p>\n<h4><a href=\"https:\/\/www.downtownworcester.org\/es\/cosas-para-hacer\/\">Cosas para hacer<\/a><\/h4>\n<p>Utilice nuestro mapa interactivo para planificar su pr\u00f3xima visita al centro. Tambi\u00e9n encontrar\u00e1 un listado de negocios locales, servicios, tiendas especializadas y restaurantes. Estas \u00fatiles herramientas simplificar\u00e1n su planificaci\u00f3n mientras explora lo mejor que ofrece el centro de Worcester.[\/vc_column_text][\/vc_column_inner][\/vc_row_inner][vc_row_inner type=\u00bbboxed\u00bb el_class=\u00bbpage-row directory-row\u00bb][vc_column_inner width=\u00bb1\/2&#8243;][vc_single_image image=\u00bb1454&#8243; img_size=\u00bb570&#215;350&#8243; alignment=\u00bbcenter\u00bb onclick=\u00bbcustom_link\u00bb el_class=\u00bbdirectory-post\u00bb link=\u00bb\/es\/about\/\u00bb][vc_column_text el_class=\u00bbpost-text\u00bb]<\/p>\n<h4><a href=\"https:\/\/www.downtownworcester.org\/es\/acerca-de\/\">Acerca de<\/a><\/h4>\n<p>Est\u00e1 interesado en saber m\u00e1s sobre el Downtown Worcester BID, la organizaci\u00f3n que trabaja diariamente para mejorar y promover nuestro barrio, o quiere unirse a nuestro dedicado equipo? Consulte nuestra p\u00e1gina \u201dAcerca de\u201d. Vea c\u00f3mo nuestra misi\u00f3n, iniciativas y proyectos actuales benefician a la gente y a los negocios locales del centro de Worcester.[\/vc_column_text][\/vc_column_inner][vc_column_inner width=\u00bb1\/2&#8243;][vc_single_image image=\u00bb642&#8243; img_size=\u00bb570&#215;350&#8243; alignment=\u00bbcenter\u00bb onclick=\u00bbcustom_link\u00bb el_class=\u00bbdirectory-post\u00bb link=\u00bb\/es\/business-resources\/\u00bb][vc_column_text el_class=\u00bbpost-text\u00bb]<\/p>\n<h4><a href=\"https:\/\/www.downtownworcester.org\/es\/business-resources\/\">Recursos empresariales<\/a><\/h4>\n<p>Busca un local para su negocio? Nuestra p\u00e1gina de recursos empresariales ofrece informaci\u00f3n importante para las empresas existentes y futuras que quieran contribuir al \u00e9xito y la prosperidad de nuestro vibrante barrio. A trav\u00e9s de esta p\u00e1gina, las empresas tambi\u00e9n pueden obtener m\u00e1s informaci\u00f3n sobre nuestro Programa de Embajadores, solicitar servicios complementarios y acceder a importantes recursos.[\/vc_column_text][\/vc_column_inner][\/vc_row_inner][\/vc_column][\/vc_row][vc_row el_class=\u00bbpage-section directory-section\u00bb][vc_column][vc_row_inner type=\u00bbboxed\u00bb el_class=\u00bbpage-row top-des-row row-margin-40&#8243;][vc_column_inner][vc_column_text el_class=\u00bbcontent-text red-title\u00bb]<\/p>\n<h1 style=\"text-align: center;\">Blog<\/h1>\n<p>[\/vc_column_text][\/vc_column_inner][\/vc_row_inner][vc_row_inner type=\u00bbboxed\u00bb el_class=\u00bbpage-row blog-post-row\u00bb][vc_column_inner][vc_column_text]        <div class=\"nm-posts nm-blog-grid\">\r\n            <ul class=\"xsmall-block-grid-1 small-block-grid-1 medium-block-grid-2 large-block-grid-3\">\r\n                            <li class=\"post-233 post type-post status-publish format-standard has-post-thumbnail hentry category-artist\">\r\n                                        <div class=\"nm-post-thumbnail\">\r\n                        <a href=\"https:\/\/www.downtownworcester.org\/es\/meet-the-artist-victor-marka27-quinonez\/\">\r\n                            <div class=\"nm-post-image\" style=\"background-image:url(https:\/\/www.downtownworcester.org\/wp-content\/uploads\/2021\/07\/blog-feature-image-1.jpg);\"><\/div>                            <div class=\"nm-image-overlay\"><\/div>\r\n                        <\/a>\r\n                    <\/div>\r\n                                        \r\n                    <div class=\"nm-post-meta\">\r\n                        <span>julio 9, 2021<\/span>\r\n                    <\/div>\r\n                    \r\n                    <h2 class=\"nm-post-title\"><a href=\"https:\/\/www.downtownworcester.org\/es\/meet-the-artist-victor-marka27-quinonez\/\">Meet the Artist: Victor \u00abMarka27\u00bb Qui\u00f1onez<\/a><\/h2>\r\n                    \r\n                                        <div class=\"nm-post-content\">\r\n                        <div class=\"nm-post-excerpt\">\r\n                            <p>Victor \u00abMarka27\u00bb Qui\u00f1onez is an international street artist whose colorful works blend the worlds of street and pop culture with Mexican and indigenous influences. The artist has coined his signature style \u201cNeo Indigenous.\u201d Marka27 honed his skills and developed his trademark style long before \u201cstreet art\u201d was a term.\u00a0Marka27 partners with major brands and downtown districts to create paintings, murals, drawings, mixed-media pieces, and more.\u00a0\u00a0Read our latest blog to learn more about how Marka27 has contributed to Downtown Worcester\u2019s art scene.<\/p>\n                            <a href=\"https:\/\/www.downtownworcester.org\/es\/meet-the-artist-victor-marka27-quinonez\/\" class=\"nm-post-read-more\">\r\n                                <span>More<\/span><i class=\"nm-font nm-font-angle-thin-right\"><\/i>\r\n                            <\/a>\r\n                        <\/div>\r\n                    <\/div>\r\n                                    <\/li>\r\n                            <li class=\"post-232 post type-post status-publish format-standard has-post-thumbnail hentry category-artist\">\r\n                                        <div class=\"nm-post-thumbnail\">\r\n                        <a href=\"https:\/\/www.downtownworcester.org\/es\/meet-the-artist-sharinna-travieso\/\">\r\n                            <div class=\"nm-post-image\" style=\"background-image:url(https:\/\/www.downtownworcester.org\/wp-content\/uploads\/2021\/06\/Sharinna-Travieso.jpg);\"><\/div>                            <div class=\"nm-image-overlay\"><\/div>\r\n                        <\/a>\r\n                    <\/div>\r\n                                        \r\n                    <div class=\"nm-post-meta\">\r\n                        <span>junio 11, 2021<\/span>\r\n                    <\/div>\r\n                    \r\n                    <h2 class=\"nm-post-title\"><a href=\"https:\/\/www.downtownworcester.org\/es\/meet-the-artist-sharinna-travieso\/\">Take a Behind-the-Scenes Look at the Worcester BLM Mural and One of the Artists Behind It<\/a><\/h2>\r\n                    \r\n                                        <div class=\"nm-post-content\">\r\n                        <div class=\"nm-post-excerpt\">\r\n                            <p>Within the past year, murals started to appear throughout the country, in a sign of solidarity for the Black Lives Matter (BLM) movement. As a community committed to social justice and human rights, a group of over 500 volunteers helped to create a street mural along Worcester\u2019s Major Taylor Boulevard. This all-inclusive street mural, completed by 18 local artists with the support of the City administration and other local organizations, is reflective of the great work that happens when a community comes together for a common cause. Read our latest blog to learn more. <\/p>\n                            <a href=\"https:\/\/www.downtownworcester.org\/es\/meet-the-artist-sharinna-travieso\/\" class=\"nm-post-read-more\">\r\n                                <span>More<\/span><i class=\"nm-font nm-font-angle-thin-right\"><\/i>\r\n                            <\/a>\r\n                        <\/div>\r\n                    <\/div>\r\n                                    <\/li>\r\n                            <li class=\"post-231 post type-post status-publish format-standard has-post-thumbnail hentry category-artist\">\r\n                                        <div class=\"nm-post-thumbnail\">\r\n                        <a href=\"https:\/\/www.downtownworcester.org\/es\/meet-the-artist-caleb-neelon\/\">\r\n                            <div class=\"nm-post-image\" style=\"background-image:url(https:\/\/www.downtownworcester.org\/wp-content\/uploads\/2021\/06\/caleb-featured.jpg);\"><\/div>                            <div class=\"nm-image-overlay\"><\/div>\r\n                        <\/a>\r\n                    <\/div>\r\n                                        \r\n                    <div class=\"nm-post-meta\">\r\n                        <span>junio 6, 2021<\/span>\r\n                    <\/div>\r\n                    \r\n                    <h2 class=\"nm-post-title\"><a href=\"https:\/\/www.downtownworcester.org\/es\/meet-the-artist-caleb-neelon\/\">Meet the Artist: Caleb Neelon<\/a><\/h2>\r\n                    \r\n                                        <div class=\"nm-post-content\">\r\n                        <div class=\"nm-post-excerpt\">\r\n                            <p>Caleb Neelon\u2019s Massachusetts roots have spread to the Worcester street art scene and helped blossom a new enclave of creativity in the community. In 2014, Caleb\u2019s 4-story mural on Worcester\u2019s Denholm building was the city\u2019s first step in embracing public art, paving the way for the artists and works that would come after. Due, in part, to skilled muralists such as Neelon, Worcester\u2019s walls have become a rich canvas, welcoming artists from around the world to experience Worcester. Read our latest blog to learn more. <\/p>\n                            <a href=\"https:\/\/www.downtownworcester.org\/es\/meet-the-artist-caleb-neelon\/\" class=\"nm-post-read-more\">\r\n                                <span>More<\/span><i class=\"nm-font nm-font-angle-thin-right\"><\/i>\r\n                            <\/a>\r\n                        <\/div>\r\n                    <\/div>\r\n                                    <\/li>\r\n                        <\/ul>\r\n        <\/div>\r\n        [\/vc_column_text][\/vc_column_inner][\/vc_row_inner][\/vc_column][\/vc_row][vc_row el_class=\u00bbpage-section directory-section\u00bb css=\u00bb.vc_custom_1626689909450{background-color: #fbfbfb !important;}\u00bb][vc_column][vc_row_inner type=\u00bbboxed\u00bb el_class=\u00bbpage-row row-margin-40&#8243;][vc_column_inner][vc_column_text el_class=\u00bbcontent-text section-title green-title\u00bb]<\/p>\n<h5 style=\"text-align: center;\">Con\u00e9ctese con nosotros<\/h5>\n<h1 style=\"text-align: center;\">Medios de comunicaci\u00f3n social<\/h1>\n<p>[\/vc_column_text][\/vc_column_inner][\/vc_row_inner][vc_row_inner][vc_column_inner][vc_raw_js]JTNDc2NyaXB0JTIwc3JjJTNEJTIyaHR0cHMlM0ElMkYlMkZhc3NldHMuanVpY2VyLmlvJTJGZW1iZWQuanMlMjIlMjB0eXBlJTNEJTIydGV4dCUyRmphdmFzY3JpcHQlMjIlM0UlM0MlMkZzY3JpcHQlM0UlMEElM0NsaW5rJTIwaHJlZiUzRCUyMmh0dHBzJTNBJTJGJTJGYXNzZXRzLmp1aWNlci5pbyUyRmVtYmVkLmNzcyUyMiUyMG1lZGlhJTNEJTIyYWxsJTIyJTIwcmVsJTNEJTIyc3R5bGVzaGVldCUyMiUyMHR5cGUlM0QlMjJ0ZXh0JTJGY3NzJTIyJTIwJTJGJTNFJTBBJTNDdWwlMjBjbGFzcyUzRCUyMmp1aWNlci1mZWVkJTIyJTIwZGF0YS1mZWVkLWlkJTNEJTIyZG93bnRvd24td29yY2VzdGVyLWJ1c2luZXNzLWltcHJvdmVtZW50LWRpc3RyaWN0JTIyJTIwZGF0YS1wZXIlM0QlMjI4JTIyJTIwZGF0YS10cnVuY2F0ZSUzRCUyMjc1JTIyJTNFJTNDJTJGdWwlM0U=[\/vc_raw_js][\/vc_column_inner][\/vc_row_inner][vc_row_inner type=\u00bbboxed\u00bb el_class=\u00bbmore-btn-row where-to-stay-btn-row\u00bb][vc_column_inner][vc_column_text el_class=\u00bbmore-btn-wrap\u00bb]<\/p>\n<div class=\"site-btn red-btn large-btn center-align\" style=\"text-align: center;\"><a href=\"mailto:info@downtownworcester.org\">Contacto<\/a><\/div>\n<p>[\/vc_column_text][\/vc_column_inner][\/vc_row_inner][\/vc_column][\/vc_row]<\/p>\n<\/div>","protected":false},"excerpt":{"rendered":"<p>[vc_row][vc_column][vc_row el_class=\u00bbinner-banner-section home-banner-section\u00bb css=\u00bb.vc_custom_1653419679070{background-image: url(https:\/\/www.downtownworcester.org\/wp-content\/uploads\/2022\/05\/Worcester_home_hero_web_2.jpg?id=1894) !important;background-position: center !important;background-repeat: no-repeat !important;background-size: cover !important;}\u00bb][\/vc_row][vc_column][\/vc_column][vc_row_inner type=\u00bbboxed\u00bb el_class=\u00bbinner-banner-row home-banner-row\u00bb][vc_column_inner][\/vc_column_inner][\/vc_row_inner][vc_row el_class=\u00bbpage-section top-description-row\u00bb css=\u00bb.vc_custom_1640873419319{padding-top: 20px !important;}\u00bb][vc_column][vc_column_text] Foto de Caio C\u00e9sar Gutierres [\/vc_column_text][vc_row_inner type=\u00bbboxed\u00bb el_class=\u00bbpage-row row-margin-40&#8243;][vc_column_inner][vc_column_text el_class=\u00bbcontent-text green-title\u00bb] Bienvenido al centro de Worcester [\/vc_column_text][\/vc_column_inner][\/vc_row_inner][vc_row_inner type=\u00bbboxed\u00bb el_class=\u00bbpage-row top-des-row\u00bb][vc_column_inner][vc_column_text el_class=\u00bbcontent-text green-title\u00bb]El centro de la ciudad es un bullicioso centro &hellip;<\/p>\n","protected":false},"author":1,"featured_media":0,"parent":0,"menu_order":0,"comment_status":"closed","ping_status":"closed","template":"templates\/page-full.php","meta":{"_acf_changed":false,"footnotes":""},"class_list":["post-4383","page","type-page","status-publish","hentry"],"acf":[],"yoast_head":"<!-- This site is optimized with the Yoast SEO plugin v23.1 - https:\/\/yoast.com\/wordpress\/plugins\/seo\/ -->\n<title>Inicio - Downtown Worcester<\/title>\n<meta name=\"robots\" content=\"index, follow, max-snippet:-1, max-image-preview:large, max-video-preview:-1\" \/>\n<link rel=\"canonical\" href=\"https:\/\/www.downtownworcester.org\/es\/\" \/>\n<meta property=\"og:locale\" content=\"es_ES\" \/>\n<meta property=\"og:type\" content=\"article\" \/>\n<meta property=\"og:title\" content=\"Inicio - Downtown Worcester\" \/>\n<meta property=\"og:description\" content=\"[vc_row][vc_column][vc_row el_class=\u00bbinner-banner-section home-banner-section\u00bb css=\u00bb.vc_custom_1653419679070{background-image: url(https:\/\/www.downtownworcester.org\/wp-content\/uploads\/2022\/05\/Worcester_home_hero_web_2.jpg?id=1894) !important;background-position: center !important;background-repeat: no-repeat !important;background-size: cover !important;}\u00bb][\/vc_row][vc_column][\/vc_column][vc_row_inner type=\u00bbboxed\u00bb el_class=\u00bbinner-banner-row home-banner-row\u00bb][vc_column_inner][\/vc_column_inner][\/vc_row_inner][vc_row el_class=\u00bbpage-section top-description-row\u00bb css=\u00bb.vc_custom_1640873419319{padding-top: 20px !important;}\u00bb][vc_column][vc_column_text] Foto de Caio C\u00e9sar Gutierres [\/vc_column_text][vc_row_inner type=\u00bbboxed\u00bb el_class=\u00bbpage-row row-margin-40&#8243;][vc_column_inner][vc_column_text el_class=\u00bbcontent-text green-title\u00bb] Bienvenido al centro de Worcester [\/vc_column_text][\/vc_column_inner][\/vc_row_inner][vc_row_inner type=\u00bbboxed\u00bb el_class=\u00bbpage-row top-des-row\u00bb][vc_column_inner][vc_column_text el_class=\u00bbcontent-text green-title\u00bb]El centro de la ciudad es un bullicioso centro &hellip;\" \/>\n<meta property=\"og:url\" content=\"https:\/\/www.downtownworcester.org\/es\/\" \/>\n<meta property=\"og:site_name\" content=\"Downtown Worcester\" \/>\n<meta property=\"article:publisher\" content=\"https:\/\/www.facebook.com\/DowntownWorcesterBID\" \/>\n<meta property=\"article:modified_time\" content=\"2023-12-17T16:15:51+00:00\" \/>\n<meta name=\"twitter:card\" content=\"summary_large_image\" \/>\n<meta name=\"twitter:label1\" content=\"Tiempo de lectura\" \/>\n\t<meta name=\"twitter:data1\" content=\"3 minutos\" \/>\n<script type=\"application\/ld+json\" class=\"yoast-schema-graph\">{\"@context\":\"https:\/\/schema.org\",\"@graph\":[{\"@type\":\"WebPage\",\"@id\":\"https:\/\/www.downtownworcester.org\/es\/\",\"url\":\"https:\/\/www.downtownworcester.org\/es\/\",\"name\":\"Inicio - Downtown Worcester\",\"isPartOf\":{\"@id\":\"https:\/\/www.downtownworcester.org\/es\/#website\"},\"datePublished\":\"2021-07-19T10:22:10+00:00\",\"dateModified\":\"2023-12-17T16:15:51+00:00\",\"breadcrumb\":{\"@id\":\"https:\/\/www.downtownworcester.org\/es\/#breadcrumb\"},\"inLanguage\":\"es\",\"potentialAction\":[{\"@type\":\"ReadAction\",\"target\":[\"https:\/\/www.downtownworcester.org\/es\/\"]}]},{\"@type\":\"BreadcrumbList\",\"@id\":\"https:\/\/www.downtownworcester.org\/es\/#breadcrumb\",\"itemListElement\":[{\"@type\":\"ListItem\",\"position\":1,\"name\":\"Home\",\"item\":\"https:\/\/www.downtownworcester.org\/es\/\"},{\"@type\":\"ListItem\",\"position\":2,\"name\":\"Inicio\"}]},{\"@type\":\"WebSite\",\"@id\":\"https:\/\/www.downtownworcester.org\/es\/#website\",\"url\":\"https:\/\/www.downtownworcester.org\/es\/\",\"name\":\"Downtown Worcester\",\"description\":\"Downtown Worcester Business Improvement District | It&#039;s all here!\",\"publisher\":{\"@id\":\"https:\/\/www.downtownworcester.org\/es\/#organization\"},\"potentialAction\":[{\"@type\":\"SearchAction\",\"target\":{\"@type\":\"EntryPoint\",\"urlTemplate\":\"https:\/\/www.downtownworcester.org\/es\/?s={search_term_string}\"},\"query-input\":\"required name=search_term_string\"}],\"inLanguage\":\"es\"},{\"@type\":\"Organization\",\"@id\":\"https:\/\/www.downtownworcester.org\/es\/#organization\",\"name\":\"Downtown Worcester\",\"url\":\"https:\/\/www.downtownworcester.org\/es\/\",\"logo\":{\"@type\":\"ImageObject\",\"inLanguage\":\"es\",\"@id\":\"https:\/\/www.downtownworcester.org\/es\/#\/schema\/logo\/image\/\",\"url\":\"https:\/\/www.downtownworcester.org\/wp-content\/uploads\/2023\/01\/WorcesterLogos-02.png\",\"contentUrl\":\"https:\/\/www.downtownworcester.org\/wp-content\/uploads\/2023\/01\/WorcesterLogos-02.png\",\"width\":3655,\"height\":877,\"caption\":\"Downtown Worcester\"},\"image\":{\"@id\":\"https:\/\/www.downtownworcester.org\/es\/#\/schema\/logo\/image\/\"},\"sameAs\":[\"https:\/\/www.facebook.com\/DowntownWorcesterBID\",\"https:\/\/www.instagram.com\/downtownworcesterbid\/\",\"https:\/\/www.linkedin.com\/company\/downtown-worcester-business-improvement-district\/\"]}]}<\/script>\n<!-- \/ Yoast SEO plugin. -->","yoast_head_json":{"title":"Inicio - Downtown Worcester","robots":{"index":"index","follow":"follow","max-snippet":"max-snippet:-1","max-image-preview":"max-image-preview:large","max-video-preview":"max-video-preview:-1"},"canonical":"https:\/\/www.downtownworcester.org\/es\/","og_locale":"es_ES","og_type":"article","og_title":"Inicio - Downtown Worcester","og_description":"[vc_row][vc_column][vc_row el_class=\u00bbinner-banner-section home-banner-section\u00bb css=\u00bb.vc_custom_1653419679070{background-image: url(https:\/\/www.downtownworcester.org\/wp-content\/uploads\/2022\/05\/Worcester_home_hero_web_2.jpg?id=1894) !important;background-position: center !important;background-repeat: no-repeat !important;background-size: cover !important;}\u00bb][\/vc_row][vc_column][\/vc_column][vc_row_inner type=\u00bbboxed\u00bb el_class=\u00bbinner-banner-row home-banner-row\u00bb][vc_column_inner][\/vc_column_inner][\/vc_row_inner][vc_row el_class=\u00bbpage-section top-description-row\u00bb css=\u00bb.vc_custom_1640873419319{padding-top: 20px !important;}\u00bb][vc_column][vc_column_text] Foto de Caio C\u00e9sar Gutierres [\/vc_column_text][vc_row_inner type=\u00bbboxed\u00bb el_class=\u00bbpage-row row-margin-40&#8243;][vc_column_inner][vc_column_text el_class=\u00bbcontent-text green-title\u00bb] Bienvenido al centro de Worcester [\/vc_column_text][\/vc_column_inner][\/vc_row_inner][vc_row_inner type=\u00bbboxed\u00bb el_class=\u00bbpage-row top-des-row\u00bb][vc_column_inner][vc_column_text el_class=\u00bbcontent-text green-title\u00bb]El centro de la ciudad es un bullicioso centro &hellip;","og_url":"https:\/\/www.downtownworcester.org\/es\/","og_site_name":"Downtown Worcester","article_publisher":"https:\/\/www.facebook.com\/DowntownWorcesterBID","article_modified_time":"2023-12-17T16:15:51+00:00","twitter_card":"summary_large_image","twitter_misc":{"Tiempo de lectura":"3 minutos"},"schema":{"@context":"https:\/\/schema.org","@graph":[{"@type":"WebPage","@id":"https:\/\/www.downtownworcester.org\/es\/","url":"https:\/\/www.downtownworcester.org\/es\/","name":"Inicio - Downtown Worcester","isPartOf":{"@id":"https:\/\/www.downtownworcester.org\/es\/#website"},"datePublished":"2021-07-19T10:22:10+00:00","dateModified":"2023-12-17T16:15:51+00:00","breadcrumb":{"@id":"https:\/\/www.downtownworcester.org\/es\/#breadcrumb"},"inLanguage":"es","potentialAction":[{"@type":"ReadAction","target":["https:\/\/www.downtownworcester.org\/es\/"]}]},{"@type":"BreadcrumbList","@id":"https:\/\/www.downtownworcester.org\/es\/#breadcrumb","itemListElement":[{"@type":"ListItem","position":1,"name":"Home","item":"https:\/\/www.downtownworcester.org\/es\/"},{"@type":"ListItem","position":2,"name":"Inicio"}]},{"@type":"WebSite","@id":"https:\/\/www.downtownworcester.org\/es\/#website","url":"https:\/\/www.downtownworcester.org\/es\/","name":"Downtown Worcester","description":"Downtown Worcester Business Improvement District | It&#039;s all here!","publisher":{"@id":"https:\/\/www.downtownworcester.org\/es\/#organization"},"potentialAction":[{"@type":"SearchAction","target":{"@type":"EntryPoint","urlTemplate":"https:\/\/www.downtownworcester.org\/es\/?s={search_term_string}"},"query-input":"required name=search_term_string"}],"inLanguage":"es"},{"@type":"Organization","@id":"https:\/\/www.downtownworcester.org\/es\/#organization","name":"Downtown Worcester","url":"https:\/\/www.downtownworcester.org\/es\/","logo":{"@type":"ImageObject","inLanguage":"es","@id":"https:\/\/www.downtownworcester.org\/es\/#\/schema\/logo\/image\/","url":"https:\/\/www.downtownworcester.org\/wp-content\/uploads\/2023\/01\/WorcesterLogos-02.png","contentUrl":"https:\/\/www.downtownworcester.org\/wp-content\/uploads\/2023\/01\/WorcesterLogos-02.png","width":3655,"height":877,"caption":"Downtown Worcester"},"image":{"@id":"https:\/\/www.downtownworcester.org\/es\/#\/schema\/logo\/image\/"},"sameAs":["https:\/\/www.facebook.com\/DowntownWorcesterBID","https:\/\/www.instagram.com\/downtownworcesterbid\/","https:\/\/www.linkedin.com\/company\/downtown-worcester-business-improvement-district\/"]}]}},"_links":{"self":[{"href":"https:\/\/www.downtownworcester.org\/es\/wp-json\/wp\/v2\/pages\/4383","targetHints":{"allow":["GET"]}}],"collection":[{"href":"https:\/\/www.downtownworcester.org\/es\/wp-json\/wp\/v2\/pages"}],"about":[{"href":"https:\/\/www.downtownworcester.org\/es\/wp-json\/wp\/v2\/types\/page"}],"author":[{"embeddable":true,"href":"https:\/\/www.downtownworcester.org\/es\/wp-json\/wp\/v2\/users\/1"}],"replies":[{"embeddable":true,"href":"https:\/\/www.downtownworcester.org\/es\/wp-json\/wp\/v2\/comments?post=4383"}],"version-history":[{"count":15,"href":"https:\/\/www.downtownworcester.org\/es\/wp-json\/wp\/v2\/pages\/4383\/revisions"}],"predecessor-version":[{"id":19201,"href":"https:\/\/www.downtownworcester.org\/es\/wp-json\/wp\/v2\/pages\/4383\/revisions\/19201"}],"wp:attachment":[{"href":"https:\/\/www.downtownworcester.org\/es\/wp-json\/wp\/v2\/media?parent=4383"}],"curies":[{"name":"wp","href":"https:\/\/api.w.org\/{rel}","templated":true}]}}