{"id":4377,"date":"2021-08-10T19:56:56","date_gmt":"2021-08-10T23:56:56","guid":{"rendered":"https:\/\/www.downtownworcester.org\/experimente\/"},"modified":"2022-08-10T08:56:43","modified_gmt":"2022-08-10T12:56:43","slug":"experimente","status":"publish","type":"page","link":"https:\/\/www.downtownworcester.org\/es\/cosas-para-hacer\/experimente\/","title":{"rendered":"Experimente"},"content":{"rendered":"<div class=\"wpb-content-wrapper\"><p>[vc_row el_class=\u00bbinner-banner-section\u00bb css=\u00bb.vc_custom_1645155977915{background-image: url(https:\/\/www.downtownworcester.org\/wp-content\/uploads\/2022\/02\/2-men.jpg?id=1203) !important;background-position: center !important;background-repeat: no-repeat !important;background-size: cover !important;}\u00bb][vc_column][vc_row_inner type=\u00bbboxed\u00bb el_class=\u00bbinner-banner-row\u00bb][vc_column_inner][vc_column_text el_class=\u00bbbanner-text content-text light-text\u00bb]<\/p>\n<h1 style=\"text-align: center;\">Experimente<\/h1>\n<p>[\/vc_column_text][\/vc_column_inner][\/vc_row_inner][\/vc_column][\/vc_row][vc_row max_width=\u00bb1080px\u00bb el_class=\u00bbbr_top things_intro\u00bb css=\u00bb.vc_custom_1628625466766{margin-bottom: 60px !important;}\u00bb][vc_column][vc_row_inner type=\u00bbboxed\u00bb el_class=\u00bbplan_interior\u00bb][vc_column_inner][vc_column_text el_class=\u00bbcontent-text section-title\u00bb]<\/p>\n<h2 style=\"text-align: center;\">Experimente la rica y diversa oferta cultural y de entretenimiento en el centro de Worcester. D\u00e9jese cautivar por un espect\u00e1culo de Broadway, vea a una leyenda del rock o asista a la inauguraci\u00f3n de una exposici\u00f3n en una galer\u00eda local. Nuestro barrio tiene algo que ofrecer a cada persona.<\/h2>\n<p>[\/vc_column_text][\/vc_column_inner][\/vc_row_inner][\/vc_column][\/vc_row][vc_row el_class=\u00bbthings_map\u00bb css=\u00bb.vc_custom_1643856389206{padding-bottom: 30px !important;}\u00bb][vc_column][vc_raw_html]PGlmcmFtZSBzcmM9Imh0dHBzOi8vd3d3Lmdvb2dsZS5jb20vbWFwcy9kL2VtYmVkP21pZD0xbUk4N0tVcElQcEJTUWcyMUNwMmlzTjlTOVE3UkpoNzUmYW1wO2VoYmM9MkUzMTJGIiB3aWR0aD0iNjQwIiBoZWlnaHQ9IjQ4MCI+PC9pZnJhbWU+[\/vc_raw_html][vc_column_text el_class=\u00bbthings_links\u00bb]ArtsWorcester, 44 Portland Street<\/p>\n<p><a href=\"https:\/\/artsworcester.org\/\" target=\"_blank\" rel=\"noopener\">Learn More<\/a><\/p>\n<p>Beer Garden, 64 Franklin Street &#8211; Temporarily Closed Due to COVID**<\/p>\n<p><a href=\"https:\/\/beergardenma.com\/\" target=\"_blank\" rel=\"noopener\">Learn More<\/a><\/p>\n<p>BrickBox Worcester, 20b Franklin Street<\/p>\n<p><a href=\"https:\/\/www.jmacworcester.org\/brickbox.html\" target=\"_blank\" rel=\"noopener\">Learn More<\/a><\/p>\n<p>Conservatory and Event Center at The Hanover, 551 Main Street<\/p>\n<p><a href=\"https:\/\/thehanovertheatre.org\/551mainstreet.php\" target=\"_blank\" rel=\"noopener\">Learn More<\/a><\/p>\n<p>Davis Art Gallery, 44 Portland Street &#8211; Temporarily Closed Due to COVID**<\/p>\n<p><a href=\"https:\/\/www.davisartgallery.com\/\" target=\"_blank\" rel=\"noopener\">Learn More<\/a><\/p>\n<p>DCU Center, 50 Foster Street &#8211; Temporarily Closed Due to COVID**<\/p>\n<p><a href=\"https:\/\/www.dcucenter.com\/\" target=\"_blank\" rel=\"noopener\">Learn More<\/a><\/p>\n<p>Hanover Theatre, 2 Southbridge Street &#8211; Temporarily Closed Due to COVID**<\/p>\n<p><a href=\"https:\/\/thehanovertheatre.org\/\" target=\"_blank\" rel=\"noopener\">Learn More<\/a><\/p>\n<p>Live Action Escapes, 1 Exchange Street<\/p>\n<p><a href=\"https:\/\/liveactionescapes.com\/\" target=\"_blank\" rel=\"noopener\">Learn More<\/a><\/p>\n<p>Mechanics Hall, 321 Main Street \u2013 Temporarily Closed Due to Covid ***<\/p>\n<p><a href=\"https:\/\/www.mechanicshall.org\/\" target=\"_blank\" rel=\"noopener\">Learn More<\/a><\/p>\n<p>The Palladium, 261 Main Street &#8211; Temporarily Closed Due to COVID**<\/p>\n<p><a href=\"https:\/\/thepalladium.net\/\" target=\"_blank\" rel=\"noopener\">Learn More<\/a><\/p>\n<p>Smokah Lounge &amp; Bar, 250 Commercial Street<\/p>\n<p><a href=\"http:\/\/www.facebook.com\/SmokahLoungeBar\/\" target=\"_blank\" rel=\"noopener\">Learn More<\/a><\/p>\n<p>Worcester Historical Museum, 30 Elm Street<\/p>\n<p><a href=\"http:\/\/www.worcesterhistory.org\/\" target=\"_blank\" rel=\"noopener\">Learn More<\/a><\/p>\n<p>Worcester PopUp at the JMAC, 20 Franklin Street<\/p>\n<p><a href=\"https:\/\/www.jmacworcester.org\/\" target=\"_blank\" rel=\"noopener\">Learn More<\/a>[\/vc_column_text][\/vc_column][\/vc_row][vc_row type=\u00bbboxed\u00bb max_width=\u00bb1010&#8243; disable_element=\u00bbyes\u00bb css=\u00bb.vc_custom_1643856381864{margin-bottom: 70px !important;}\u00bb][vc_column][vc_single_image image=\u00bb186&#8243; img_size=\u00bbfull\u00bb alignment=\u00bbcenter\u00bb][\/vc_column][\/vc_row]<\/p>\n<\/div>","protected":false},"excerpt":{"rendered":"<p>[vc_row el_class=\u00bbinner-banner-section\u00bb css=\u00bb.vc_custom_1645155977915{background-image: url(https:\/\/www.downtownworcester.org\/wp-content\/uploads\/2022\/02\/2-men.jpg?id=1203) !important;background-position: center !important;background-repeat: no-repeat !important;background-size: cover !important;}\u00bb][vc_column][vc_row_inner type=\u00bbboxed\u00bb el_class=\u00bbinner-banner-row\u00bb][vc_column_inner][vc_column_text el_class=\u00bbbanner-text content-text light-text\u00bb] Experimente [\/vc_column_text][\/vc_column_inner][\/vc_row_inner][\/vc_column][\/vc_row][vc_row max_width=\u00bb1080px\u00bb el_class=\u00bbbr_top things_intro\u00bb css=\u00bb.vc_custom_1628625466766{margin-bottom: 60px !important;}\u00bb][vc_column][vc_row_inner type=\u00bbboxed\u00bb el_class=\u00bbplan_interior\u00bb][vc_column_inner][vc_column_text el_class=\u00bbcontent-text section-title\u00bb] Experimente la rica y diversa oferta cultural y de entretenimiento en el centro de Worcester. D\u00e9jese cautivar por un espect\u00e1culo de Broadway, &hellip;<\/p>\n","protected":false},"author":1,"featured_media":0,"parent":4480,"menu_order":0,"comment_status":"closed","ping_status":"closed","template":"templates\/page-full.php","meta":{"_acf_changed":false,"footnotes":""},"class_list":["post-4377","page","type-page","status-publish","hentry"],"acf":[],"yoast_head":"<!-- This site is optimized with the Yoast SEO plugin v23.1 - https:\/\/yoast.com\/wordpress\/plugins\/seo\/ -->\n<title>Experimente - Downtown Worcester<\/title>\n<meta name=\"robots\" content=\"index, follow, max-snippet:-1, max-image-preview:large, max-video-preview:-1\" \/>\n<link rel=\"canonical\" href=\"https:\/\/www.downtownworcester.org\/es\/cosas-para-hacer\/experimente\/\" \/>\n<meta property=\"og:locale\" content=\"es_ES\" \/>\n<meta property=\"og:type\" content=\"article\" \/>\n<meta property=\"og:title\" content=\"Experimente - Downtown Worcester\" \/>\n<meta property=\"og:description\" content=\"[vc_row el_class=\u00bbinner-banner-section\u00bb css=\u00bb.vc_custom_1645155977915{background-image: url(https:\/\/www.downtownworcester.org\/wp-content\/uploads\/2022\/02\/2-men.jpg?id=1203) !important;background-position: center !important;background-repeat: no-repeat !important;background-size: cover !important;}\u00bb][vc_column][vc_row_inner type=\u00bbboxed\u00bb el_class=\u00bbinner-banner-row\u00bb][vc_column_inner][vc_column_text el_class=\u00bbbanner-text content-text light-text\u00bb] Experimente [\/vc_column_text][\/vc_column_inner][\/vc_row_inner][\/vc_column][\/vc_row][vc_row max_width=\u00bb1080px\u00bb el_class=\u00bbbr_top things_intro\u00bb css=\u00bb.vc_custom_1628625466766{margin-bottom: 60px !important;}\u00bb][vc_column][vc_row_inner type=\u00bbboxed\u00bb el_class=\u00bbplan_interior\u00bb][vc_column_inner][vc_column_text el_class=\u00bbcontent-text section-title\u00bb] Experimente la rica y diversa oferta cultural y de entretenimiento en el centro de Worcester. D\u00e9jese cautivar por un espect\u00e1culo de Broadway, &hellip;\" \/>\n<meta property=\"og:url\" content=\"https:\/\/www.downtownworcester.org\/es\/cosas-para-hacer\/experimente\/\" \/>\n<meta property=\"og:site_name\" content=\"Downtown Worcester\" \/>\n<meta property=\"article:publisher\" content=\"https:\/\/www.facebook.com\/DowntownWorcesterBID\" \/>\n<meta property=\"article:modified_time\" content=\"2022-08-10T12:56:43+00:00\" \/>\n<meta name=\"twitter:card\" content=\"summary_large_image\" \/>\n<meta name=\"twitter:label1\" content=\"Tiempo de lectura\" \/>\n\t<meta name=\"twitter:data1\" content=\"2 minutos\" \/>\n<script type=\"application\/ld+json\" class=\"yoast-schema-graph\">{\"@context\":\"https:\/\/schema.org\",\"@graph\":[{\"@type\":\"WebPage\",\"@id\":\"https:\/\/www.downtownworcester.org\/es\/cosas-para-hacer\/experimente\/\",\"url\":\"https:\/\/www.downtownworcester.org\/es\/cosas-para-hacer\/experimente\/\",\"name\":\"Experimente - Downtown Worcester\",\"isPartOf\":{\"@id\":\"https:\/\/www.downtownworcester.org\/es\/#website\"},\"datePublished\":\"2021-08-10T23:56:56+00:00\",\"dateModified\":\"2022-08-10T12:56:43+00:00\",\"breadcrumb\":{\"@id\":\"https:\/\/www.downtownworcester.org\/es\/cosas-para-hacer\/experimente\/#breadcrumb\"},\"inLanguage\":\"es\",\"potentialAction\":[{\"@type\":\"ReadAction\",\"target\":[\"https:\/\/www.downtownworcester.org\/es\/cosas-para-hacer\/experimente\/\"]}]},{\"@type\":\"BreadcrumbList\",\"@id\":\"https:\/\/www.downtownworcester.org\/es\/cosas-para-hacer\/experimente\/#breadcrumb\",\"itemListElement\":[{\"@type\":\"ListItem\",\"position\":1,\"name\":\"Home\",\"item\":\"https:\/\/www.downtownworcester.org\/es\/\"},{\"@type\":\"ListItem\",\"position\":2,\"name\":\"Cosas para hacer\",\"item\":\"https:\/\/www.downtownworcester.org\/es\/things-to-do\/\"},{\"@type\":\"ListItem\",\"position\":3,\"name\":\"Experimente\"}]},{\"@type\":\"WebSite\",\"@id\":\"https:\/\/www.downtownworcester.org\/es\/#website\",\"url\":\"https:\/\/www.downtownworcester.org\/es\/\",\"name\":\"Downtown Worcester\",\"description\":\"Downtown Worcester Business Improvement District | It&#039;s all here!\",\"publisher\":{\"@id\":\"https:\/\/www.downtownworcester.org\/es\/#organization\"},\"potentialAction\":[{\"@type\":\"SearchAction\",\"target\":{\"@type\":\"EntryPoint\",\"urlTemplate\":\"https:\/\/www.downtownworcester.org\/es\/?s={search_term_string}\"},\"query-input\":\"required name=search_term_string\"}],\"inLanguage\":\"es\"},{\"@type\":\"Organization\",\"@id\":\"https:\/\/www.downtownworcester.org\/es\/#organization\",\"name\":\"Downtown Worcester\",\"url\":\"https:\/\/www.downtownworcester.org\/es\/\",\"logo\":{\"@type\":\"ImageObject\",\"inLanguage\":\"es\",\"@id\":\"https:\/\/www.downtownworcester.org\/es\/#\/schema\/logo\/image\/\",\"url\":\"https:\/\/www.downtownworcester.org\/wp-content\/uploads\/2023\/01\/WorcesterLogos-02.png\",\"contentUrl\":\"https:\/\/www.downtownworcester.org\/wp-content\/uploads\/2023\/01\/WorcesterLogos-02.png\",\"width\":3655,\"height\":877,\"caption\":\"Downtown Worcester\"},\"image\":{\"@id\":\"https:\/\/www.downtownworcester.org\/es\/#\/schema\/logo\/image\/\"},\"sameAs\":[\"https:\/\/www.facebook.com\/DowntownWorcesterBID\",\"https:\/\/www.instagram.com\/downtownworcesterbid\/\",\"https:\/\/www.linkedin.com\/company\/downtown-worcester-business-improvement-district\/\"]}]}<\/script>\n<!-- \/ Yoast SEO plugin. -->","yoast_head_json":{"title":"Experimente - Downtown Worcester","robots":{"index":"index","follow":"follow","max-snippet":"max-snippet:-1","max-image-preview":"max-image-preview:large","max-video-preview":"max-video-preview:-1"},"canonical":"https:\/\/www.downtownworcester.org\/es\/cosas-para-hacer\/experimente\/","og_locale":"es_ES","og_type":"article","og_title":"Experimente - Downtown Worcester","og_description":"[vc_row el_class=\u00bbinner-banner-section\u00bb css=\u00bb.vc_custom_1645155977915{background-image: url(https:\/\/www.downtownworcester.org\/wp-content\/uploads\/2022\/02\/2-men.jpg?id=1203) !important;background-position: center !important;background-repeat: no-repeat !important;background-size: cover !important;}\u00bb][vc_column][vc_row_inner type=\u00bbboxed\u00bb el_class=\u00bbinner-banner-row\u00bb][vc_column_inner][vc_column_text el_class=\u00bbbanner-text content-text light-text\u00bb] Experimente [\/vc_column_text][\/vc_column_inner][\/vc_row_inner][\/vc_column][\/vc_row][vc_row max_width=\u00bb1080px\u00bb el_class=\u00bbbr_top things_intro\u00bb css=\u00bb.vc_custom_1628625466766{margin-bottom: 60px !important;}\u00bb][vc_column][vc_row_inner type=\u00bbboxed\u00bb el_class=\u00bbplan_interior\u00bb][vc_column_inner][vc_column_text el_class=\u00bbcontent-text section-title\u00bb] Experimente la rica y diversa oferta cultural y de entretenimiento en el centro de Worcester. D\u00e9jese cautivar por un espect\u00e1culo de Broadway, &hellip;","og_url":"https:\/\/www.downtownworcester.org\/es\/cosas-para-hacer\/experimente\/","og_site_name":"Downtown Worcester","article_publisher":"https:\/\/www.facebook.com\/DowntownWorcesterBID","article_modified_time":"2022-08-10T12:56:43+00:00","twitter_card":"summary_large_image","twitter_misc":{"Tiempo de lectura":"2 minutos"},"schema":{"@context":"https:\/\/schema.org","@graph":[{"@type":"WebPage","@id":"https:\/\/www.downtownworcester.org\/es\/cosas-para-hacer\/experimente\/","url":"https:\/\/www.downtownworcester.org\/es\/cosas-para-hacer\/experimente\/","name":"Experimente - Downtown Worcester","isPartOf":{"@id":"https:\/\/www.downtownworcester.org\/es\/#website"},"datePublished":"2021-08-10T23:56:56+00:00","dateModified":"2022-08-10T12:56:43+00:00","breadcrumb":{"@id":"https:\/\/www.downtownworcester.org\/es\/cosas-para-hacer\/experimente\/#breadcrumb"},"inLanguage":"es","potentialAction":[{"@type":"ReadAction","target":["https:\/\/www.downtownworcester.org\/es\/cosas-para-hacer\/experimente\/"]}]},{"@type":"BreadcrumbList","@id":"https:\/\/www.downtownworcester.org\/es\/cosas-para-hacer\/experimente\/#breadcrumb","itemListElement":[{"@type":"ListItem","position":1,"name":"Home","item":"https:\/\/www.downtownworcester.org\/es\/"},{"@type":"ListItem","position":2,"name":"Cosas para hacer","item":"https:\/\/www.downtownworcester.org\/es\/things-to-do\/"},{"@type":"ListItem","position":3,"name":"Experimente"}]},{"@type":"WebSite","@id":"https:\/\/www.downtownworcester.org\/es\/#website","url":"https:\/\/www.downtownworcester.org\/es\/","name":"Downtown Worcester","description":"Downtown Worcester Business Improvement District | It&#039;s all here!","publisher":{"@id":"https:\/\/www.downtownworcester.org\/es\/#organization"},"potentialAction":[{"@type":"SearchAction","target":{"@type":"EntryPoint","urlTemplate":"https:\/\/www.downtownworcester.org\/es\/?s={search_term_string}"},"query-input":"required name=search_term_string"}],"inLanguage":"es"},{"@type":"Organization","@id":"https:\/\/www.downtownworcester.org\/es\/#organization","name":"Downtown Worcester","url":"https:\/\/www.downtownworcester.org\/es\/","logo":{"@type":"ImageObject","inLanguage":"es","@id":"https:\/\/www.downtownworcester.org\/es\/#\/schema\/logo\/image\/","url":"https:\/\/www.downtownworcester.org\/wp-content\/uploads\/2023\/01\/WorcesterLogos-02.png","contentUrl":"https:\/\/www.downtownworcester.org\/wp-content\/uploads\/2023\/01\/WorcesterLogos-02.png","width":3655,"height":877,"caption":"Downtown Worcester"},"image":{"@id":"https:\/\/www.downtownworcester.org\/es\/#\/schema\/logo\/image\/"},"sameAs":["https:\/\/www.facebook.com\/DowntownWorcesterBID","https:\/\/www.instagram.com\/downtownworcesterbid\/","https:\/\/www.linkedin.com\/company\/downtown-worcester-business-improvement-district\/"]}]}},"_links":{"self":[{"href":"https:\/\/www.downtownworcester.org\/es\/wp-json\/wp\/v2\/pages\/4377","targetHints":{"allow":["GET"]}}],"collection":[{"href":"https:\/\/www.downtownworcester.org\/es\/wp-json\/wp\/v2\/pages"}],"about":[{"href":"https:\/\/www.downtownworcester.org\/es\/wp-json\/wp\/v2\/types\/page"}],"author":[{"embeddable":true,"href":"https:\/\/www.downtownworcester.org\/es\/wp-json\/wp\/v2\/users\/1"}],"replies":[{"embeddable":true,"href":"https:\/\/www.downtownworcester.org\/es\/wp-json\/wp\/v2\/comments?post=4377"}],"version-history":[{"count":2,"href":"https:\/\/www.downtownworcester.org\/es\/wp-json\/wp\/v2\/pages\/4377\/revisions"}],"predecessor-version":[{"id":4379,"href":"https:\/\/www.downtownworcester.org\/es\/wp-json\/wp\/v2\/pages\/4377\/revisions\/4379"}],"up":[{"embeddable":true,"href":"https:\/\/www.downtownworcester.org\/es\/wp-json\/wp\/v2\/pages\/4480"}],"wp:attachment":[{"href":"https:\/\/www.downtownworcester.org\/es\/wp-json\/wp\/v2\/media?parent=4377"}],"curies":[{"name":"wp","href":"https:\/\/api.w.org\/{rel}","templated":true}]}}