{"id":4375,"date":"2021-08-10T19:47:57","date_gmt":"2021-08-10T23:47:57","guid":{"rendered":"https:\/\/www.downtownworcester.org\/explore\/"},"modified":"2022-08-10T08:56:34","modified_gmt":"2022-08-10T12:56:34","slug":"explore","status":"publish","type":"page","link":"https:\/\/www.downtownworcester.org\/es\/cosas-para-hacer\/explore\/","title":{"rendered":"Explore"},"content":{"rendered":"<div class=\"wpb-content-wrapper\"><p>[vc_row el_class=\u00bbinner-banner-section\u00bb css=\u00bb.vc_custom_1645472502341{background-image: url(https:\/\/www.downtownworcester.org\/wp-content\/uploads\/2022\/02\/mural.jpg?id=1211) !important;background-position: center !important;background-repeat: no-repeat !important;background-size: cover !important;}\u00bb][vc_column][vc_row_inner type=\u00bbboxed\u00bb el_class=\u00bbinner-banner-row\u00bb][vc_column_inner][vc_column_text el_class=\u00bbbanner-text content-text light-text\u00bb]<\/p>\n<h1 style=\"text-align: center;\">Explore<\/h1>\n<p>[\/vc_column_text][\/vc_column_inner][\/vc_row_inner][\/vc_column][\/vc_row][vc_row max_width=\u00bb1080px\u00bb el_class=\u00bbbr_top things_intro top-explore-section\u00bb css=\u00bb.vc_custom_1628658293430{margin-bottom: 60px !important;}\u00bb][vc_column][vc_row_inner type=\u00bbboxed\u00bb el_class=\u00bbplan_interior\u00bb][vc_column_inner][vc_column_text el_class=\u00bbcontent-text section-title\u00bb]<\/p>\n<h2 style=\"text-align: center;\">D\u00e9 un paseo y explore los lugares hist\u00f3ricos, el arte p\u00fablico y los monumentos \u00fanicos del centro de Worcester.<\/h2>\n<p>[\/vc_column_text][\/vc_column_inner][\/vc_row_inner][\/vc_column][\/vc_row][vc_row max_width=\u00bb1020&#8243; el_class=\u00bbthings_map\u00bb css=\u00bb.vc_custom_1646316144161{padding-bottom: 30px !important;}\u00bb][vc_column][vc_column_text el_class=\u00bbmap_note\u00bb]<span style=\"color: #000000;\">Haga clic en el \u00edcono para ampliar el mapa y obtener m\u00e1s informaci\u00f3n.<\/span>[\/vc_column_text][vc_raw_html]PGlmcmFtZSBzcmM9Imh0dHBzOi8vd3d3Lmdvb2dsZS5jb20vbWFwcy9kL2VtYmVkP21pZD0xLWpvQjVRLVVZRHJOaGtPRlpDaFhvcGZSZ1hVJmFtcDtlaGJjPTJFMzEyRiZhbXA7ej0xNCIgd2lkdGg9IjY0MCIgaGVpZ2h0PSI0ODAiPjwvaWZyYW1lPg==[\/vc_raw_html][vc_column_text el_class=\u00bbthings_links\u00bb]Boy with a Dolphin<\/p>\n<p><a href=\"https:\/\/gargoylesandgrotesques.wordpress.com\/tag\/boy-with-a-dolphin\/\" target=\"_blank\" rel=\"noopener\">Learn More<\/a><\/p>\n<p>Burnside Fountain<\/p>\n<p><a href=\"https:\/\/www.worcesterturtleboy.com\/\" target=\"_blank\" rel=\"noopener\">Learn More<\/a><\/p>\n<p>Southwest Asia War Memorial<\/p>\n<p><a href=\"https:\/\/www.tripadvisor.com\/Attraction_Review-g41952-d8420977-Reviews-Southwest_Asia_War_Memorial-Worcester_Massachusetts.html\" target=\"_blank\" rel=\"noopener\">Learn More<\/a><\/p>\n<p>The Central Massachusetts Korean War Memorial<\/p>\n<p><a href=\"http:\/\/www.worcesterma.gov\/city-parks\/korean-war-memorial\" target=\"_blank\" rel=\"noopener\">Learn More<\/a><\/p>\n<p>The Soldiers&#8217; Memorial (Civil War)<\/p>\n<p><a href=\"http:\/\/www.worcesterma.gov\/city-parks\/city-hall-common\" target=\"_blank\" rel=\"noopener\">Learn More<\/a><\/p>\n<p>Union Station, 2 Washington Square<\/p>\n<p><a href=\"http:\/\/www.worcesterma.gov\/union-station\" target=\"_blank\" rel=\"noopener\">Learn More<\/a><\/p>\n<p>Worcester Common<\/p>\n<p><a href=\"http:\/\/www.worcesterma.gov\/worcester-common-oval\" target=\"_blank\" rel=\"noopener\">Learn More<\/a><\/p>\n<p>Worcester Market Building<\/p>\n<p><a href=\"https:\/\/en.wikipedia.org\/wiki\/Worcester_Market_Building\" target=\"_blank\" rel=\"noopener\">Learn More<\/a><\/p>\n<p>World War II Memorial<\/p>\n<p><a href=\"http:\/\/www.worcesterma.gov\/parks\/memorials-landmarks\/war-memorials\" target=\"_blank\" rel=\"noopener\">Learn More<\/a>[\/vc_column_text][vc_column_text el_class=\u00bbcontent-text post-text\u00bb css=\u00bb.vc_custom_1646316151595{margin-top: 40px !important;}\u00bb]Este Mapa de arte p\u00fablico es un recurso creado por la Divisi\u00f3n de Desarrollo Cultural de la ciudad de Worcester y utilizado con su permiso. Para ver el mapa completo y otros recursos de arte p\u00fablico, visite <a href=\"http:\/\/www.worcesterma.gov\/cultural-development\/cultural-projects\/public-art\" target=\"_blank\" rel=\"noopener\" data-link-card=\"true\">WorcesterMA.gov\/PublicArt<\/a>.[\/vc_column_text][\/vc_column][\/vc_row][vc_row type=\u00bbboxed\u00bb max_width=\u00bb1300&#8243; disable_element=\u00bbyes\u00bb css=\u00bb.vc_custom_1643856290105{margin-bottom: 70px !important;}\u00bb][vc_column width=\u00bb1\/4&#8243;][vc_single_image image=\u00bb677&#8243; img_size=\u00bbfull\u00bb alignment=\u00bbcenter\u00bb][\/vc_column][vc_column width=\u00bb1\/4&#8243;][vc_single_image image=\u00bb186&#8243; img_size=\u00bbfull\u00bb alignment=\u00bbcenter\u00bb][\/vc_column][vc_column width=\u00bb1\/4&#8243;][vc_single_image image=\u00bb186&#8243; img_size=\u00bbfull\u00bb alignment=\u00bbcenter\u00bb][\/vc_column][vc_column width=\u00bb1\/4&#8243;][vc_single_image image=\u00bb186&#8243; img_size=\u00bbfull\u00bb alignment=\u00bbcenter\u00bb][\/vc_column][\/vc_row]<\/p>\n<\/div>","protected":false},"excerpt":{"rendered":"<p>[vc_row el_class=\u00bbinner-banner-section\u00bb css=\u00bb.vc_custom_1645472502341{background-image: url(https:\/\/www.downtownworcester.org\/wp-content\/uploads\/2022\/02\/mural.jpg?id=1211) !important;background-position: center !important;background-repeat: no-repeat !important;background-size: cover !important;}\u00bb][vc_column][vc_row_inner type=\u00bbboxed\u00bb el_class=\u00bbinner-banner-row\u00bb][vc_column_inner][vc_column_text el_class=\u00bbbanner-text content-text light-text\u00bb] Explore [\/vc_column_text][\/vc_column_inner][\/vc_row_inner][\/vc_column][\/vc_row][vc_row max_width=\u00bb1080px\u00bb el_class=\u00bbbr_top things_intro top-explore-section\u00bb css=\u00bb.vc_custom_1628658293430{margin-bottom: 60px !important;}\u00bb][vc_column][vc_row_inner type=\u00bbboxed\u00bb el_class=\u00bbplan_interior\u00bb][vc_column_inner][vc_column_text el_class=\u00bbcontent-text section-title\u00bb] D\u00e9 un paseo y explore los lugares hist\u00f3ricos, el arte p\u00fablico y los monumentos \u00fanicos del centro de Worcester. [\/vc_column_text][\/vc_column_inner][\/vc_row_inner][\/vc_column][\/vc_row][vc_row max_width=\u00bb1020&#8243; &hellip;<\/p>\n","protected":false},"author":1,"featured_media":0,"parent":4480,"menu_order":0,"comment_status":"closed","ping_status":"closed","template":"templates\/page-full.php","meta":{"_acf_changed":false,"footnotes":""},"class_list":["post-4375","page","type-page","status-publish","hentry"],"acf":[],"yoast_head":"<!-- This site is optimized with the Yoast SEO plugin v23.1 - https:\/\/yoast.com\/wordpress\/plugins\/seo\/ -->\n<title>Explore - Downtown Worcester<\/title>\n<meta name=\"robots\" content=\"index, follow, max-snippet:-1, max-image-preview:large, max-video-preview:-1\" \/>\n<link rel=\"canonical\" href=\"https:\/\/www.downtownworcester.org\/es\/cosas-para-hacer\/explore\/\" \/>\n<meta property=\"og:locale\" content=\"es_ES\" \/>\n<meta property=\"og:type\" content=\"article\" \/>\n<meta property=\"og:title\" content=\"Explore - Downtown Worcester\" \/>\n<meta property=\"og:description\" content=\"[vc_row el_class=\u00bbinner-banner-section\u00bb css=\u00bb.vc_custom_1645472502341{background-image: url(https:\/\/www.downtownworcester.org\/wp-content\/uploads\/2022\/02\/mural.jpg?id=1211) !important;background-position: center !important;background-repeat: no-repeat !important;background-size: cover !important;}\u00bb][vc_column][vc_row_inner type=\u00bbboxed\u00bb el_class=\u00bbinner-banner-row\u00bb][vc_column_inner][vc_column_text el_class=\u00bbbanner-text content-text light-text\u00bb] Explore [\/vc_column_text][\/vc_column_inner][\/vc_row_inner][\/vc_column][\/vc_row][vc_row max_width=\u00bb1080px\u00bb el_class=\u00bbbr_top things_intro top-explore-section\u00bb css=\u00bb.vc_custom_1628658293430{margin-bottom: 60px !important;}\u00bb][vc_column][vc_row_inner type=\u00bbboxed\u00bb el_class=\u00bbplan_interior\u00bb][vc_column_inner][vc_column_text el_class=\u00bbcontent-text section-title\u00bb] D\u00e9 un paseo y explore los lugares hist\u00f3ricos, el arte p\u00fablico y los monumentos \u00fanicos del centro de Worcester. [\/vc_column_text][\/vc_column_inner][\/vc_row_inner][\/vc_column][\/vc_row][vc_row max_width=\u00bb1020&#8243; &hellip;\" \/>\n<meta property=\"og:url\" content=\"https:\/\/www.downtownworcester.org\/es\/cosas-para-hacer\/explore\/\" \/>\n<meta property=\"og:site_name\" content=\"Downtown Worcester\" \/>\n<meta property=\"article:publisher\" content=\"https:\/\/www.facebook.com\/DowntownWorcesterBID\" \/>\n<meta property=\"article:modified_time\" content=\"2022-08-10T12:56:34+00:00\" \/>\n<meta name=\"twitter:card\" content=\"summary_large_image\" \/>\n<meta name=\"twitter:label1\" content=\"Tiempo de lectura\" \/>\n\t<meta name=\"twitter:data1\" content=\"2 minutos\" \/>\n<script type=\"application\/ld+json\" class=\"yoast-schema-graph\">{\"@context\":\"https:\/\/schema.org\",\"@graph\":[{\"@type\":\"WebPage\",\"@id\":\"https:\/\/www.downtownworcester.org\/es\/cosas-para-hacer\/explore\/\",\"url\":\"https:\/\/www.downtownworcester.org\/es\/cosas-para-hacer\/explore\/\",\"name\":\"Explore - Downtown Worcester\",\"isPartOf\":{\"@id\":\"https:\/\/www.downtownworcester.org\/es\/#website\"},\"datePublished\":\"2021-08-10T23:47:57+00:00\",\"dateModified\":\"2022-08-10T12:56:34+00:00\",\"breadcrumb\":{\"@id\":\"https:\/\/www.downtownworcester.org\/es\/cosas-para-hacer\/explore\/#breadcrumb\"},\"inLanguage\":\"es\",\"potentialAction\":[{\"@type\":\"ReadAction\",\"target\":[\"https:\/\/www.downtownworcester.org\/es\/cosas-para-hacer\/explore\/\"]}]},{\"@type\":\"BreadcrumbList\",\"@id\":\"https:\/\/www.downtownworcester.org\/es\/cosas-para-hacer\/explore\/#breadcrumb\",\"itemListElement\":[{\"@type\":\"ListItem\",\"position\":1,\"name\":\"Home\",\"item\":\"https:\/\/www.downtownworcester.org\/es\/\"},{\"@type\":\"ListItem\",\"position\":2,\"name\":\"Cosas para hacer\",\"item\":\"https:\/\/www.downtownworcester.org\/es\/things-to-do\/\"},{\"@type\":\"ListItem\",\"position\":3,\"name\":\"Explore\"}]},{\"@type\":\"WebSite\",\"@id\":\"https:\/\/www.downtownworcester.org\/es\/#website\",\"url\":\"https:\/\/www.downtownworcester.org\/es\/\",\"name\":\"Downtown Worcester\",\"description\":\"Downtown Worcester Business Improvement District | It&#039;s all here!\",\"publisher\":{\"@id\":\"https:\/\/www.downtownworcester.org\/es\/#organization\"},\"potentialAction\":[{\"@type\":\"SearchAction\",\"target\":{\"@type\":\"EntryPoint\",\"urlTemplate\":\"https:\/\/www.downtownworcester.org\/es\/?s={search_term_string}\"},\"query-input\":\"required name=search_term_string\"}],\"inLanguage\":\"es\"},{\"@type\":\"Organization\",\"@id\":\"https:\/\/www.downtownworcester.org\/es\/#organization\",\"name\":\"Downtown Worcester\",\"url\":\"https:\/\/www.downtownworcester.org\/es\/\",\"logo\":{\"@type\":\"ImageObject\",\"inLanguage\":\"es\",\"@id\":\"https:\/\/www.downtownworcester.org\/es\/#\/schema\/logo\/image\/\",\"url\":\"https:\/\/www.downtownworcester.org\/wp-content\/uploads\/2023\/01\/WorcesterLogos-02.png\",\"contentUrl\":\"https:\/\/www.downtownworcester.org\/wp-content\/uploads\/2023\/01\/WorcesterLogos-02.png\",\"width\":3655,\"height\":877,\"caption\":\"Downtown Worcester\"},\"image\":{\"@id\":\"https:\/\/www.downtownworcester.org\/es\/#\/schema\/logo\/image\/\"},\"sameAs\":[\"https:\/\/www.facebook.com\/DowntownWorcesterBID\",\"https:\/\/www.instagram.com\/downtownworcesterbid\/\",\"https:\/\/www.linkedin.com\/company\/downtown-worcester-business-improvement-district\/\"]}]}<\/script>\n<!-- \/ Yoast SEO plugin. -->","yoast_head_json":{"title":"Explore - Downtown Worcester","robots":{"index":"index","follow":"follow","max-snippet":"max-snippet:-1","max-image-preview":"max-image-preview:large","max-video-preview":"max-video-preview:-1"},"canonical":"https:\/\/www.downtownworcester.org\/es\/cosas-para-hacer\/explore\/","og_locale":"es_ES","og_type":"article","og_title":"Explore - Downtown Worcester","og_description":"[vc_row el_class=\u00bbinner-banner-section\u00bb css=\u00bb.vc_custom_1645472502341{background-image: url(https:\/\/www.downtownworcester.org\/wp-content\/uploads\/2022\/02\/mural.jpg?id=1211) !important;background-position: center !important;background-repeat: no-repeat !important;background-size: cover !important;}\u00bb][vc_column][vc_row_inner type=\u00bbboxed\u00bb el_class=\u00bbinner-banner-row\u00bb][vc_column_inner][vc_column_text el_class=\u00bbbanner-text content-text light-text\u00bb] Explore [\/vc_column_text][\/vc_column_inner][\/vc_row_inner][\/vc_column][\/vc_row][vc_row max_width=\u00bb1080px\u00bb el_class=\u00bbbr_top things_intro top-explore-section\u00bb css=\u00bb.vc_custom_1628658293430{margin-bottom: 60px !important;}\u00bb][vc_column][vc_row_inner type=\u00bbboxed\u00bb el_class=\u00bbplan_interior\u00bb][vc_column_inner][vc_column_text el_class=\u00bbcontent-text section-title\u00bb] D\u00e9 un paseo y explore los lugares hist\u00f3ricos, el arte p\u00fablico y los monumentos \u00fanicos del centro de Worcester. [\/vc_column_text][\/vc_column_inner][\/vc_row_inner][\/vc_column][\/vc_row][vc_row max_width=\u00bb1020&#8243; &hellip;","og_url":"https:\/\/www.downtownworcester.org\/es\/cosas-para-hacer\/explore\/","og_site_name":"Downtown Worcester","article_publisher":"https:\/\/www.facebook.com\/DowntownWorcesterBID","article_modified_time":"2022-08-10T12:56:34+00:00","twitter_card":"summary_large_image","twitter_misc":{"Tiempo de lectura":"2 minutos"},"schema":{"@context":"https:\/\/schema.org","@graph":[{"@type":"WebPage","@id":"https:\/\/www.downtownworcester.org\/es\/cosas-para-hacer\/explore\/","url":"https:\/\/www.downtownworcester.org\/es\/cosas-para-hacer\/explore\/","name":"Explore - Downtown Worcester","isPartOf":{"@id":"https:\/\/www.downtownworcester.org\/es\/#website"},"datePublished":"2021-08-10T23:47:57+00:00","dateModified":"2022-08-10T12:56:34+00:00","breadcrumb":{"@id":"https:\/\/www.downtownworcester.org\/es\/cosas-para-hacer\/explore\/#breadcrumb"},"inLanguage":"es","potentialAction":[{"@type":"ReadAction","target":["https:\/\/www.downtownworcester.org\/es\/cosas-para-hacer\/explore\/"]}]},{"@type":"BreadcrumbList","@id":"https:\/\/www.downtownworcester.org\/es\/cosas-para-hacer\/explore\/#breadcrumb","itemListElement":[{"@type":"ListItem","position":1,"name":"Home","item":"https:\/\/www.downtownworcester.org\/es\/"},{"@type":"ListItem","position":2,"name":"Cosas para hacer","item":"https:\/\/www.downtownworcester.org\/es\/things-to-do\/"},{"@type":"ListItem","position":3,"name":"Explore"}]},{"@type":"WebSite","@id":"https:\/\/www.downtownworcester.org\/es\/#website","url":"https:\/\/www.downtownworcester.org\/es\/","name":"Downtown Worcester","description":"Downtown Worcester Business Improvement District | It&#039;s all here!","publisher":{"@id":"https:\/\/www.downtownworcester.org\/es\/#organization"},"potentialAction":[{"@type":"SearchAction","target":{"@type":"EntryPoint","urlTemplate":"https:\/\/www.downtownworcester.org\/es\/?s={search_term_string}"},"query-input":"required name=search_term_string"}],"inLanguage":"es"},{"@type":"Organization","@id":"https:\/\/www.downtownworcester.org\/es\/#organization","name":"Downtown Worcester","url":"https:\/\/www.downtownworcester.org\/es\/","logo":{"@type":"ImageObject","inLanguage":"es","@id":"https:\/\/www.downtownworcester.org\/es\/#\/schema\/logo\/image\/","url":"https:\/\/www.downtownworcester.org\/wp-content\/uploads\/2023\/01\/WorcesterLogos-02.png","contentUrl":"https:\/\/www.downtownworcester.org\/wp-content\/uploads\/2023\/01\/WorcesterLogos-02.png","width":3655,"height":877,"caption":"Downtown Worcester"},"image":{"@id":"https:\/\/www.downtownworcester.org\/es\/#\/schema\/logo\/image\/"},"sameAs":["https:\/\/www.facebook.com\/DowntownWorcesterBID","https:\/\/www.instagram.com\/downtownworcesterbid\/","https:\/\/www.linkedin.com\/company\/downtown-worcester-business-improvement-district\/"]}]}},"_links":{"self":[{"href":"https:\/\/www.downtownworcester.org\/es\/wp-json\/wp\/v2\/pages\/4375","targetHints":{"allow":["GET"]}}],"collection":[{"href":"https:\/\/www.downtownworcester.org\/es\/wp-json\/wp\/v2\/pages"}],"about":[{"href":"https:\/\/www.downtownworcester.org\/es\/wp-json\/wp\/v2\/types\/page"}],"author":[{"embeddable":true,"href":"https:\/\/www.downtownworcester.org\/es\/wp-json\/wp\/v2\/users\/1"}],"replies":[{"embeddable":true,"href":"https:\/\/www.downtownworcester.org\/es\/wp-json\/wp\/v2\/comments?post=4375"}],"version-history":[{"count":6,"href":"https:\/\/www.downtownworcester.org\/es\/wp-json\/wp\/v2\/pages\/4375\/revisions"}],"predecessor-version":[{"id":5960,"href":"https:\/\/www.downtownworcester.org\/es\/wp-json\/wp\/v2\/pages\/4375\/revisions\/5960"}],"up":[{"embeddable":true,"href":"https:\/\/www.downtownworcester.org\/es\/wp-json\/wp\/v2\/pages\/4480"}],"wp:attachment":[{"href":"https:\/\/www.downtownworcester.org\/es\/wp-json\/wp\/v2\/media?parent=4375"}],"curies":[{"name":"wp","href":"https:\/\/api.w.org\/{rel}","templated":true}]}}